{"id":10635,"date":"2025-11-17T09:57:19","date_gmt":"2025-11-17T08:57:19","guid":{"rendered":"https:\/\/surfschool-srilanka.com\/kitesurfen\/drachenausfluege-zur-vella-island\/"},"modified":"2025-11-17T09:57:20","modified_gmt":"2025-11-17T08:57:20","slug":"drachenausfluege-zur-vella-island","status":"publish","type":"page","link":"https:\/\/surfschool-srilanka.com\/de\/kitesurfen\/drachenausfluege-zur-vella-island\/","title":{"rendered":"Drachenausfl\u00fcge zur Vella Island"},"content":{"rendered":"<p>[et_pb_section fb_built=&#8220;1&#8243; theme_builder_area=&#8220;post_content&#8220; _builder_version=&#8220;4.27.4&#8243; _module_preset=&#8220;default&#8220; custom_padding=&#8220;||9px|||&#8220;][et_pb_row _builder_version=&#8220;4.27.4&#8243; _module_preset=&#8220;default&#8220; theme_builder_area=&#8220;post_content&#8220;][et_pb_column _builder_version=&#8220;4.27.4&#8243; _module_preset=&#8220;default&#8220; type=&#8220;4_4&#8243; theme_builder_area=&#8220;post_content&#8220;][et_pb_text _builder_version=&#8220;4.27.4&#8243; _module_preset=&#8220;default&#8220; theme_builder_area=&#8220;post_content&#8220; hover_enabled=&#8220;0&#8243; sticky_enabled=&#8220;0&#8243;]<\/p>\n<h2 class=\"p1\"><b>Drachenfahrten zur Vella Island \u2013 Das ultimative Downwinder-Abenteuer<\/b><\/h2>\n<p class=\"p1\">Entdecken Sie <span class=\"s1\"><b>Vella Island Sri Lanka<\/b><\/span>, eines der weltweit einzigartigsten Kitesurf-Ziele. Flachwasserlagunen, stetiger Wind und epische Downwinder von Kalpitiya machen diesen Ort zu einem wahren Paradies f\u00fcr Kiteboarder. Nach spannenden Sessions entspannen Sie sich auf der Insel, genie\u00dfen Sie frische lokale Speisen und verbinden Sie sich mit der Natur.  <\/p>\n<p>[\/et_pb_text][\/et_pb_column][\/et_pb_row][\/et_pb_section][et_pb_section fb_built=&#8220;1&#8243; theme_builder_area=&#8220;post_content&#8220; _builder_version=&#8220;4.27.4&#8243; _module_preset=&#8220;default&#8220; custom_padding=&#8220;15px|||||&#8220;][et_pb_row _builder_version=&#8220;4.27.4&#8243; _module_preset=&#8220;default&#8220; column_structure=&#8220;1_2,1_2&#8243; theme_builder_area=&#8220;post_content&#8220;][et_pb_column _builder_version=&#8220;4.27.4&#8243; _module_preset=&#8220;default&#8220; type=&#8220;1_2&#8243; theme_builder_area=&#8220;post_content&#8220;][et_pb_image src=&#8220;https:\/\/surfschool-srilanka.com\/wp-content\/uploads\/2025\/09\/Vella-Island-Rescue-team.jpg&#8220; _builder_version=&#8220;4.27.4&#8243; _module_preset=&#8220;default&#8220; theme_builder_area=&#8220;post_content&#8220; alt=&#8220;Vella Island Kitesurfing Tagesausflug Sri Lanka&#8220; title_text=&#8220;Vella Island Rettungsteam&#8220; hover_enabled=&#8220;0&#8243; sticky_enabled=&#8220;0&#8243; align=&#8220;center&#8220; custom_padding=&#8220;|0px||||&#8220;][\/et_pb_image][\/et_pb_column][et_pb_column _builder_version=&#8220;4.27.4&#8243; _module_preset=&#8220;default&#8220; type=&#8220;1_2&#8243; theme_builder_area=&#8220;post_content&#8220;][et_pb_image src=&#8220;https:\/\/surfschool-srilanka.com\/wp-content\/uploads\/2025\/09\/Vella-Island-adventure-kite-downwinder.jpg&#8220; _builder_version=&#8220;4.27.4&#8243; _module_preset=&#8220;default&#8220; theme_builder_area=&#8220;post_content&#8220; alt=&#8220;Kitesurf-Abenteuerreisen Kalpitiya, Sri Lanka&#8220; title_text=&#8220;Vella Island Abenteuerdrachen Downwinder&#8220; hover_enabled=&#8220;0&#8243; sticky_enabled=&#8220;0&#8243; align=&#8220;center&#8220;][\/et_pb_image][\/et_pb_column][\/et_pb_row][et_pb_row _builder_version=&#8220;4.27.4&#8243; _module_preset=&#8220;default&#8220; theme_builder_area=&#8220;post_content&#8220;][et_pb_column _builder_version=&#8220;4.27.4&#8243; _module_preset=&#8220;default&#8220; type=&#8220;4_4&#8243; theme_builder_area=&#8220;post_content&#8220;][et_pb_text _builder_version=&#8220;4.27.4&#8243; _module_preset=&#8220;default&#8220; theme_builder_area=&#8220;post_content&#8220; hover_enabled=&#8220;0&#8243; sticky_enabled=&#8220;0&#8243; custom_padding=&#8220;39px|||||&#8220;]<\/p>\n<h3 class=\"p3\"><b>Wie die Drachenfahrten zur Vella Island funktionieren<\/b><\/h3>\n<p class=\"p1\">Ihr Abenteuer beginnt mit einem <span class=\"s1\"><b>Treffpunkt in De Silva Resorts<\/b><\/span> um 8:45 Uhr. Von dort bringt uns unser Boot zu einer nahegelegenen Insel, wo der Downwinder startet. W\u00e4hrend der Fahrt passiert man das historische <span class=\"s1\"><b>niederl\u00e4ndische Fort mit seiner beeindruckenden katholischen Kirche<\/b><\/span>, unz\u00e4hligen Mangroveninseln und W\u00e4ldern, beobachtet eine Vielzahl von Wasserv\u00f6geln, sieht traditionelle Fischer ihre Netze auslegen und trifft sogar auf gro\u00dfe <span class=\"s1\"><b>Boote der sri-lankischen Marine,<\/b><\/span> die in der Lagune Sicherheit gew\u00e4hrleisten.  <\/p>\n<p class=\"p1\">Ein spezielles <span class=\"s1\"><b>Rettungsboot<\/b><\/span> steht Ihnen stets zur Verf\u00fcgung, um die Sicherheit w\u00e4hrend der gesamten Reise zu gew\u00e4hrleisten, mit maximal 6 Fahrern pro Boot.<\/p>\n<p class=\"p1\">Gegen Mittag serviert unser Team <span class=\"s1\"><b>k\u00f6stliche lokale Spezialit\u00e4ten und frisches Obst<\/b><\/span> direkt auf der Insel. Wasser und ein Erfrischungsgetr\u00e4nk sind enthalten, um dich frisch zu halten. Zwischen den Drachenstunden k\u00f6nnen Sie sich im Schatten traditioneller <span class=\"s1\"><b>Fischerh\u00fctten<\/b><\/span> entspannen \u2013 der perfekte Ort, um neue Energie zu tanken.  <\/p>\n<p>[\/et_pb_text][\/et_pb_column][\/et_pb_row][\/et_pb_section][et_pb_section fb_built=&#8220;1&#8243; theme_builder_area=&#8220;post_content&#8220; _builder_version=&#8220;4.27.4&#8243; _module_preset=&#8220;default&#8220; custom_padding=&#8220;3px|||||&#8220; custom_margin=&#8220;-32px|||||&#8220;][et_pb_row _builder_version=&#8220;4.27.4&#8243; _module_preset=&#8220;default&#8220; theme_builder_area=&#8220;post_content&#8220;][et_pb_column _builder_version=&#8220;4.27.4&#8243; _module_preset=&#8220;default&#8220; type=&#8220;4_4&#8243; theme_builder_area=&#8220;post_content&#8220;][et_pb_text _builder_version=&#8220;4.27.4&#8243; _module_preset=&#8220;default&#8220; theme_builder_area=&#8220;post_content&#8220; hover_enabled=&#8220;0&#8243; sticky_enabled=&#8220;0&#8243; custom_padding=&#8220;2px|||||&#8220; custom_margin=&#8220;||19px|||&#8220;]<\/p>\n<p>Die Fahrt selbst ist grenzenlos: <span class=\"s1\"><b>Erkunden Sie flache Lagunen<\/b><\/span>, entdecken <span class=\"s1\"><b>Sie geheime Drachenpl\u00e4tze<\/b><\/span> rund um Vella Island oder wagen Sie sich aufs offene Meer hinaus, wo kleine <span class=\"s1\"><b>Ausbr\u00fcche<\/b><\/span> Spa\u00df beim Wellenreiten f\u00fcr fortgeschrittene Fahrer bieten.<\/p>\n<p>Um <span class=\"s1\"><b>16:00 Uhr<\/b><\/span> f\u00e4hrt das Boot zur\u00fcck nach Kalpitiya, und um <span class=\"s1\"><b>17:30\u201318:00 Uhr<\/b><\/span> kehren Sie zu De Silva Resorts zur\u00fcck \u2013 voller Erinnerungen an einen unglaublichen Kitesurf-Tag. Diese Reise ist besonders in den <span class=\"s1\"><b>Sommermonaten<\/b><\/span> beliebt, wenn die Bedingungen sie zu einem unvergesslichen Abenteuer machen. <\/p>\n<p>[\/et_pb_text][\/et_pb_column][\/et_pb_row][et_pb_row _builder_version=&#8220;4.27.4&#8243; _module_preset=&#8220;default&#8220; theme_builder_area=&#8220;post_content&#8220;][et_pb_column _builder_version=&#8220;4.27.4&#8243; _module_preset=&#8220;default&#8220; type=&#8220;4_4&#8243; theme_builder_area=&#8220;post_content&#8220;][et_pb_image src=&#8220;https:\/\/surfschool-srilanka.com\/wp-content\/uploads\/2025\/09\/Vella-Island-Kite-Trips-Sri-Lanka.jpg&#8220; _builder_version=&#8220;4.27.4&#8243; _module_preset=&#8220;default&#8220; theme_builder_area=&#8220;post_content&#8220; alt=&#8220;Vella Island Kitesurfing downwinder Sri Lanka&#8220; title_text=&#8220;Vella Island Drachenreisen Sri Lanka&#8220; align=&#8220;center&#8220; hover_enabled=&#8220;0&#8243; sticky_enabled=&#8220;0&#8243;][\/et_pb_image][et_pb_text _builder_version=&#8220;4.27.4&#8243; _module_preset=&#8220;default&#8220; theme_builder_area=&#8220;post_content&#8220; hover_enabled=&#8220;0&#8243; sticky_enabled=&#8220;0&#8243; custom_padding=&#8220;20px|||||&#8220;]<\/p>\n<h3 class=\"p1\"><span class=\"s1\"><b>Kosten der Vella Island-Reise<\/b><\/span>:<\/h3>\n<p class=\"p1\">Eine ganzt\u00e4gige Vella Island-Tour kostet in der Regel <span class=\"s1\"><b>35\u201345 \u20ac pro Person und 45\u201360 \u20ac pro Boot<\/b><\/span>, abh\u00e4ngig von der Anzahl der Teilnehmer und Anbieter. Der Preis beinhaltet Hin- und R\u00fcckfahrt, Kiting, Mittagessen und Getr\u00e4nke. F\u00fcr diejenigen, die l\u00e4nger bleiben m\u00f6chten, steht eine \u00dcbernachtungsoption mit Unterkunft f\u00fcr etwa <g id=\"gid_2\"><g id=\"gid_3\">80 \u20ac pro Person<\/g><\/g> zur Verf\u00fcgung. Die Preise k\u00f6nnen je nach Anbieter variieren, daher ist es am besten, direkt bei Drachenresorts in Kalpitiya nachzufragen.   <\/p>\n<p class=\"p1\">De Silva bietet die Vella Island Trip f\u00fcr 45 \u20ac bis 55 \u20ac pro Person (mindestens 4\u20136 Personen) an, die Bootstransfer, Rettungsdienst, Mittagessen mit lokalen Spezialit\u00e4ten, Obst, Wasser und 1 Erfrischungsgetr\u00e4nk beinhaltet.<\/p>\n<h3 class=\"p3\"><b>Weitere Drachenfahrten und Downwinder<\/b><\/h3>\n<p class=\"p1\">Neben Vella Island sind auch andere Reisen erlebenswert:<\/p>\n<p class=\"p4\">\u2022 <span class=\"s1\"><b>Downwinder von Donkey Point<\/b><\/span> \u2013 Wellen und unruhige Seebedingungen entlang der K\u00fcste reiten, endend in der Kalpitiya-Lagune (ca. 2 Stunden).<\/p>\n<p class=\"p4\">\u2022 <span class=\"s1\"><b>Tagesausflug zum Dreamspot<\/b><\/span> \u2013 eine 30-min\u00fctige Bootsfahrt zu einem wundersch\u00f6nen Flachwasserplatz oberhalb der Kalpitiya-Lagune, perfekt f\u00fcr Freeride- und Freestyle-Sessions.<\/p>\n<p class=\"p1\">Begleiten Sie uns zu unvergesslichen Drachenabenteuern auf <span class=\"s1\"><b>Vella Island, Sri Lanka<\/b><\/span> \u2013 die perfekte Kombination aus Wind, Abenteuer und Inselstimmung!<\/p>\n<p>[\/et_pb_text][\/et_pb_column][\/et_pb_row][\/et_pb_section]<\/p>\n","protected":false},"excerpt":{"rendered":"<p>Drachenfahrten zur Vella Island \u2013 Das ultimative Downwinder-Abenteuer Entdecken Sie Vella Island Sri Lanka, eines der weltweit einzigartigsten Kitesurf-Ziele. Flachwasserlagunen, stetiger Wind und epische Downwinder von Kalpitiya machen diesen Ort zu einem wahren Paradies f\u00fcr Kiteboarder. Nach spannenden Sessions entspannen Sie sich auf der Insel, genie\u00dfen Sie frische lokale Speisen und verbinden Sie sich mit [&hellip;]<\/p>\n","protected":false},"author":3,"featured_media":10545,"parent":5124,"menu_order":0,"comment_status":"closed","ping_status":"closed","template":"","meta":{"_et_pb_use_builder":"on","_et_pb_old_content":"","_et_gb_content_width":"","footnotes":""},"class_list":["post-10635","page","type-page","status-publish","has-post-thumbnail","hentry"],"yoast_head":"<!-- This site is optimized with the Yoast SEO Premium plugin v27.0 (Yoast SEO v27.0) - https:\/\/yoast.com\/product\/yoast-seo-premium-wordpress\/ -->\n<title>Drachenausfl\u00fcge zur Vella Island | De Silva Windresort Kalpitiya<\/title>\n<meta name=\"description\" content=\"Entdecken Sie Vella Island Sri Lanka, eines der weltweit einzigartigsten Kitesurf-Ziele. Flachwasser-Lagunen, stetige Winde und epischer Downwinder\" \/>\n<meta name=\"robots\" content=\"index, follow, max-snippet:-1, max-image-preview:large, max-video-preview:-1\" \/>\n<link rel=\"canonical\" href=\"https:\/\/surfschool-srilanka.com\/de\/kitesurfen\/drachenausfluege-zur-vella-island\/\" \/>\n<meta property=\"og:locale\" content=\"de_DE\" \/>\n<meta property=\"og:type\" content=\"article\" \/>\n<meta property=\"og:title\" content=\"Drachenausfl\u00fcge zur Vella Island\" \/>\n<meta property=\"og:description\" content=\"Entdecken Sie Vella Island Sri Lanka, eines der weltweit einzigartigsten Kitesurf-Ziele. Flachwasser-Lagunen, stetige Winde und epischer Downwinder\" \/>\n<meta property=\"og:url\" content=\"https:\/\/surfschool-srilanka.com\/de\/kitesurfen\/drachenausfluege-zur-vella-island\/\" \/>\n<meta property=\"og:site_name\" content=\"De Silva Windresort Kalpitiya\" \/>\n<meta property=\"article:publisher\" content=\"https:\/\/www.facebook.com\/windresort.kalpitiya\/\" \/>\n<meta property=\"article:modified_time\" content=\"2025-11-17T08:57:20+00:00\" \/>\n<meta property=\"og:image\" content=\"https:\/\/surfschool-srilanka.com\/wp-content\/uploads\/2025\/09\/Vella-Island-Kitesurf-downwinder-Sri-Lanka.jpg\" \/>\n\t<meta property=\"og:image:width\" content=\"500\" \/>\n\t<meta property=\"og:image:height\" content=\"375\" \/>\n\t<meta property=\"og:image:type\" content=\"image\/jpeg\" \/>\n<meta name=\"twitter:card\" content=\"summary_large_image\" \/>\n<meta name=\"twitter:label1\" content=\"Gesch\u00e4tzte Lesezeit\" \/>\n\t<meta name=\"twitter:data1\" content=\"5\u00a0Minuten\" \/>\n<script type=\"application\/ld+json\" class=\"yoast-schema-graph\">{\"@context\":\"https:\/\/schema.org\",\"@graph\":[{\"@type\":\"WebPage\",\"@id\":\"https:\/\/surfschool-srilanka.com\/de\/kitesurfen\/drachenausfluege-zur-vella-island\/\",\"url\":\"https:\/\/surfschool-srilanka.com\/de\/kitesurfen\/drachenausfluege-zur-vella-island\/\",\"name\":\"Drachenausfl\u00fcge zur Vella Island | De Silva Windresort Kalpitiya\",\"isPartOf\":{\"@id\":\"https:\/\/surfschool-srilanka.com\/de\/#website\"},\"primaryImageOfPage\":{\"@id\":\"https:\/\/surfschool-srilanka.com\/de\/kitesurfen\/drachenausfluege-zur-vella-island\/#primaryimage\"},\"image\":{\"@id\":\"https:\/\/surfschool-srilanka.com\/de\/kitesurfen\/drachenausfluege-zur-vella-island\/#primaryimage\"},\"thumbnailUrl\":\"https:\/\/surfschool-srilanka.com\/wp-content\/uploads\/2025\/09\/Vella-Island-Kitesurf-downwinder-Sri-Lanka.jpg\",\"datePublished\":\"2025-11-17T08:57:19+00:00\",\"dateModified\":\"2025-11-17T08:57:20+00:00\",\"description\":\"Entdecken Sie Vella Island Sri Lanka, eines der weltweit einzigartigsten Kitesurf-Ziele. Flachwasser-Lagunen, stetige Winde und epischer Downwinder\",\"breadcrumb\":{\"@id\":\"https:\/\/surfschool-srilanka.com\/de\/kitesurfen\/drachenausfluege-zur-vella-island\/#breadcrumb\"},\"inLanguage\":\"de\",\"potentialAction\":[{\"@type\":\"ReadAction\",\"target\":[\"https:\/\/surfschool-srilanka.com\/de\/kitesurfen\/drachenausfluege-zur-vella-island\/\"]}]},{\"@type\":\"ImageObject\",\"inLanguage\":\"de\",\"@id\":\"https:\/\/surfschool-srilanka.com\/de\/kitesurfen\/drachenausfluege-zur-vella-island\/#primaryimage\",\"url\":\"https:\/\/surfschool-srilanka.com\/wp-content\/uploads\/2025\/09\/Vella-Island-Kitesurf-downwinder-Sri-Lanka.jpg\",\"contentUrl\":\"https:\/\/surfschool-srilanka.com\/wp-content\/uploads\/2025\/09\/Vella-Island-Kitesurf-downwinder-Sri-Lanka.jpg\",\"width\":500,\"height\":375,\"caption\":\"Vella Island Kite Downwinder Trip\"},{\"@type\":\"BreadcrumbList\",\"@id\":\"https:\/\/surfschool-srilanka.com\/de\/kitesurfen\/drachenausfluege-zur-vella-island\/#breadcrumb\",\"itemListElement\":[{\"@type\":\"ListItem\",\"position\":1,\"name\":\"Startseite\",\"item\":\"https:\/\/surfschool-srilanka.com\/de\/homepage\/\"},{\"@type\":\"ListItem\",\"position\":2,\"name\":\"Kitesurfen in Sri Lanka\",\"item\":\"https:\/\/surfschool-srilanka.com\/de\/kitesurfen\/\"},{\"@type\":\"ListItem\",\"position\":3,\"name\":\"Drachenausfl\u00fcge zur Vella Island\"}]},{\"@type\":\"WebSite\",\"@id\":\"https:\/\/surfschool-srilanka.com\/de\/#website\",\"url\":\"https:\/\/surfschool-srilanka.com\/de\/\",\"name\":\"De Silva Windresort Kalpitiya\",\"description\":\"Kitesurfing, we\u00b4ll make you ride!\",\"publisher\":{\"@id\":\"https:\/\/surfschool-srilanka.com\/de\/#organization\"},\"alternateName\":\"https:\/\/surfschool-srilanka.com\",\"potentialAction\":[{\"@type\":\"SearchAction\",\"target\":{\"@type\":\"EntryPoint\",\"urlTemplate\":\"https:\/\/surfschool-srilanka.com\/de\/?s={search_term_string}\"},\"query-input\":{\"@type\":\"PropertyValueSpecification\",\"valueRequired\":true,\"valueName\":\"search_term_string\"}}],\"inLanguage\":\"de\"},{\"@type\":\"Organization\",\"@id\":\"https:\/\/surfschool-srilanka.com\/de\/#organization\",\"name\":\"De Silva Wind Resort Kalpitiya (Pvt.) Ltd\",\"url\":\"https:\/\/surfschool-srilanka.com\/de\/\",\"logo\":{\"@type\":\"ImageObject\",\"inLanguage\":\"de\",\"@id\":\"https:\/\/surfschool-srilanka.com\/de\/#\/schema\/logo\/image\/\",\"url\":\"https:\/\/surfschool-srilanka.com\/wp-content\/uploads\/2020\/03\/logo-rechnungen.png\",\"contentUrl\":\"https:\/\/surfschool-srilanka.com\/wp-content\/uploads\/2020\/03\/logo-rechnungen.png\",\"width\":3216,\"height\":912,\"caption\":\"De Silva Wind Resort Kalpitiya (Pvt.) Ltd\"},\"image\":{\"@id\":\"https:\/\/surfschool-srilanka.com\/de\/#\/schema\/logo\/image\/\"},\"sameAs\":[\"https:\/\/www.facebook.com\/windresort.kalpitiya\/\",\"https:\/\/www.instagram.com\/desilva.windresort\/\",\"https:\/\/www.youtube.com\/c\/KitesurfingSrilankaDESILVAWindresortKalpitiya\/videos\",\"https:\/\/www.tiktok.com\/@desilvawindresort\"]}]}<\/script>\n<!-- \/ Yoast SEO Premium plugin. -->","yoast_head_json":{"title":"Drachenausfl\u00fcge zur Vella Island | De Silva Windresort Kalpitiya","description":"Entdecken Sie Vella Island Sri Lanka, eines der weltweit einzigartigsten Kitesurf-Ziele. Flachwasser-Lagunen, stetige Winde und epischer Downwinder","robots":{"index":"index","follow":"follow","max-snippet":"max-snippet:-1","max-image-preview":"max-image-preview:large","max-video-preview":"max-video-preview:-1"},"canonical":"https:\/\/surfschool-srilanka.com\/de\/kitesurfen\/drachenausfluege-zur-vella-island\/","og_locale":"de_DE","og_type":"article","og_title":"Drachenausfl\u00fcge zur Vella Island","og_description":"Entdecken Sie Vella Island Sri Lanka, eines der weltweit einzigartigsten Kitesurf-Ziele. Flachwasser-Lagunen, stetige Winde und epischer Downwinder","og_url":"https:\/\/surfschool-srilanka.com\/de\/kitesurfen\/drachenausfluege-zur-vella-island\/","og_site_name":"De Silva Windresort Kalpitiya","article_publisher":"https:\/\/www.facebook.com\/windresort.kalpitiya\/","article_modified_time":"2025-11-17T08:57:20+00:00","og_image":[{"width":500,"height":375,"url":"https:\/\/surfschool-srilanka.com\/wp-content\/uploads\/2025\/09\/Vella-Island-Kitesurf-downwinder-Sri-Lanka.jpg","type":"image\/jpeg"}],"twitter_card":"summary_large_image","twitter_misc":{"Gesch\u00e4tzte Lesezeit":"5\u00a0Minuten"},"schema":{"@context":"https:\/\/schema.org","@graph":[{"@type":"WebPage","@id":"https:\/\/surfschool-srilanka.com\/de\/kitesurfen\/drachenausfluege-zur-vella-island\/","url":"https:\/\/surfschool-srilanka.com\/de\/kitesurfen\/drachenausfluege-zur-vella-island\/","name":"Drachenausfl\u00fcge zur Vella Island | De Silva Windresort Kalpitiya","isPartOf":{"@id":"https:\/\/surfschool-srilanka.com\/de\/#website"},"primaryImageOfPage":{"@id":"https:\/\/surfschool-srilanka.com\/de\/kitesurfen\/drachenausfluege-zur-vella-island\/#primaryimage"},"image":{"@id":"https:\/\/surfschool-srilanka.com\/de\/kitesurfen\/drachenausfluege-zur-vella-island\/#primaryimage"},"thumbnailUrl":"https:\/\/surfschool-srilanka.com\/wp-content\/uploads\/2025\/09\/Vella-Island-Kitesurf-downwinder-Sri-Lanka.jpg","datePublished":"2025-11-17T08:57:19+00:00","dateModified":"2025-11-17T08:57:20+00:00","description":"Entdecken Sie Vella Island Sri Lanka, eines der weltweit einzigartigsten Kitesurf-Ziele. Flachwasser-Lagunen, stetige Winde und epischer Downwinder","breadcrumb":{"@id":"https:\/\/surfschool-srilanka.com\/de\/kitesurfen\/drachenausfluege-zur-vella-island\/#breadcrumb"},"inLanguage":"de","potentialAction":[{"@type":"ReadAction","target":["https:\/\/surfschool-srilanka.com\/de\/kitesurfen\/drachenausfluege-zur-vella-island\/"]}]},{"@type":"ImageObject","inLanguage":"de","@id":"https:\/\/surfschool-srilanka.com\/de\/kitesurfen\/drachenausfluege-zur-vella-island\/#primaryimage","url":"https:\/\/surfschool-srilanka.com\/wp-content\/uploads\/2025\/09\/Vella-Island-Kitesurf-downwinder-Sri-Lanka.jpg","contentUrl":"https:\/\/surfschool-srilanka.com\/wp-content\/uploads\/2025\/09\/Vella-Island-Kitesurf-downwinder-Sri-Lanka.jpg","width":500,"height":375,"caption":"Vella Island Kite Downwinder Trip"},{"@type":"BreadcrumbList","@id":"https:\/\/surfschool-srilanka.com\/de\/kitesurfen\/drachenausfluege-zur-vella-island\/#breadcrumb","itemListElement":[{"@type":"ListItem","position":1,"name":"Startseite","item":"https:\/\/surfschool-srilanka.com\/de\/homepage\/"},{"@type":"ListItem","position":2,"name":"Kitesurfen in Sri Lanka","item":"https:\/\/surfschool-srilanka.com\/de\/kitesurfen\/"},{"@type":"ListItem","position":3,"name":"Drachenausfl\u00fcge zur Vella Island"}]},{"@type":"WebSite","@id":"https:\/\/surfschool-srilanka.com\/de\/#website","url":"https:\/\/surfschool-srilanka.com\/de\/","name":"De Silva Windresort Kalpitiya","description":"Kitesurfing, we\u00b4ll make you ride!","publisher":{"@id":"https:\/\/surfschool-srilanka.com\/de\/#organization"},"alternateName":"https:\/\/surfschool-srilanka.com","potentialAction":[{"@type":"SearchAction","target":{"@type":"EntryPoint","urlTemplate":"https:\/\/surfschool-srilanka.com\/de\/?s={search_term_string}"},"query-input":{"@type":"PropertyValueSpecification","valueRequired":true,"valueName":"search_term_string"}}],"inLanguage":"de"},{"@type":"Organization","@id":"https:\/\/surfschool-srilanka.com\/de\/#organization","name":"De Silva Wind Resort Kalpitiya (Pvt.) Ltd","url":"https:\/\/surfschool-srilanka.com\/de\/","logo":{"@type":"ImageObject","inLanguage":"de","@id":"https:\/\/surfschool-srilanka.com\/de\/#\/schema\/logo\/image\/","url":"https:\/\/surfschool-srilanka.com\/wp-content\/uploads\/2020\/03\/logo-rechnungen.png","contentUrl":"https:\/\/surfschool-srilanka.com\/wp-content\/uploads\/2020\/03\/logo-rechnungen.png","width":3216,"height":912,"caption":"De Silva Wind Resort Kalpitiya (Pvt.) Ltd"},"image":{"@id":"https:\/\/surfschool-srilanka.com\/de\/#\/schema\/logo\/image\/"},"sameAs":["https:\/\/www.facebook.com\/windresort.kalpitiya\/","https:\/\/www.instagram.com\/desilva.windresort\/","https:\/\/www.youtube.com\/c\/KitesurfingSrilankaDESILVAWindresortKalpitiya\/videos","https:\/\/www.tiktok.com\/@desilvawindresort"]}]}},"_links":{"self":[{"href":"https:\/\/surfschool-srilanka.com\/de\/wp-json\/wp\/v2\/pages\/10635","targetHints":{"allow":["GET"]}}],"collection":[{"href":"https:\/\/surfschool-srilanka.com\/de\/wp-json\/wp\/v2\/pages"}],"about":[{"href":"https:\/\/surfschool-srilanka.com\/de\/wp-json\/wp\/v2\/types\/page"}],"author":[{"embeddable":true,"href":"https:\/\/surfschool-srilanka.com\/de\/wp-json\/wp\/v2\/users\/3"}],"replies":[{"embeddable":true,"href":"https:\/\/surfschool-srilanka.com\/de\/wp-json\/wp\/v2\/comments?post=10635"}],"version-history":[{"count":2,"href":"https:\/\/surfschool-srilanka.com\/de\/wp-json\/wp\/v2\/pages\/10635\/revisions"}],"predecessor-version":[{"id":10637,"href":"https:\/\/surfschool-srilanka.com\/de\/wp-json\/wp\/v2\/pages\/10635\/revisions\/10637"}],"up":[{"embeddable":true,"href":"https:\/\/surfschool-srilanka.com\/de\/wp-json\/wp\/v2\/pages\/5124"}],"wp:featuredmedia":[{"embeddable":true,"href":"https:\/\/surfschool-srilanka.com\/de\/wp-json\/wp\/v2\/media\/10545"}],"wp:attachment":[{"href":"https:\/\/surfschool-srilanka.com\/de\/wp-json\/wp\/v2\/media?parent=10635"}],"curies":[{"name":"wp","href":"https:\/\/api.w.org\/{rel}","templated":true}]}}