{"id":5343,"date":"2020-06-06T19:41:48","date_gmt":"2020-06-06T18:41:48","guid":{"rendered":"https:\/\/surfschool-srilanka.com\/zimmer-in-kalpitiya\/zimmerbeschreibung-doppel-relax-zimmer\/"},"modified":"2024-05-08T14:39:21","modified_gmt":"2024-05-08T13:39:21","slug":"zimmerbeschreibung-doppel-relax-zimmer","status":"publish","type":"page","link":"https:\/\/surfschool-srilanka.com\/de\/zimmer-in-kalpitiya\/zimmerbeschreibung-doppel-relax-zimmer\/","title":{"rendered":"Zimmerbeschreibung Doppel Relax Zimmer"},"content":{"rendered":"<p>[et_pb_section fb_built=&#8220;1&#8243; _builder_version=&#8220;4.16&#8243; custom_padding=&#8220;||||false|false&#8220; global_colors_info=&#8220;{}&#8220;][et_pb_row column_structure=&#8220;1_2,1_4,1_4&#8243; _builder_version=&#8220;4.16&#8243; global_colors_info=&#8220;{}&#8220;][et_pb_column type=&#8220;1_2&#8243; _builder_version=&#8220;4.16&#8243; global_colors_info=&#8220;{}&#8220;][et_pb_slider show_image_video_mobile=&#8220;on&#8220; _builder_version=&#8220;4.24.2&#8243; body_text_align=&#8220;left&#8220; body_text_color=&#8220;#ffffff&#8220; body_font_size=&#8220;16px&#8220; body_line_height=&#8220;1em&#8220; background_color=&#8220;#93adcf&#8220; min_height=&#8220;328px&#8220; custom_margin=&#8220;0px||||false|false&#8220; custom_padding=&#8220;16px||50px||false|false&#8220; auto=&#8220;on&#8220; auto_ignore_hover=&#8220;on&#8220; hover_enabled=&#8220;0&#8243; border_radii=&#8220;off||||&#8220; border_style_all_image=&#8220;groove&#8220; global_colors_info=&#8220;{}&#8220; sticky_enabled=&#8220;0&#8243;][et_pb_slide heading=&#8220;Palmresort Doppel Relax ZImmer&#8220; image=&#8220;https:\/\/surfschool-srilanka.com\/wp-content\/uploads\/2020\/01\/palmresort-doublerelaxroom1.jpg&#8220; _builder_version=&#8220;4.16&#8243; global_colors_info=&#8220;{}&#8220; sticky_transition=&#8220;on&#8220;]<\/p>\n<p style=\"text-align: center;\">\u00dcbernachte in einem unserer komfortablen Doppel Relax Zimmer im DE SILVA Palmresort!<\/p>\n<p>[\/et_pb_slide][et_pb_slide heading=&#8220;Palmresort Doppel Relax ZImmer&#8220; image=&#8220;https:\/\/surfschool-srilanka.com\/wp-content\/uploads\/2020\/01\/palmresort-doublerelaxroom12.jpg&#8220; _builder_version=&#8220;4.24.2&#8243; hover_enabled=&#8220;0&#8243; global_colors_info=&#8220;{}&#8220; sticky_transition=&#8220;on&#8220; sticky_enabled=&#8220;0&#8243;]<\/p>\n<p style=\"text-align: center;\">Du findest ein bequemes Doppelbett mit Moskitonetz, einen Schrank und einen Tisch.<\/p>\n<p>[\/et_pb_slide][et_pb_slide heading=&#8220;Palmresort Doppel Relax ZImmer&#8220; image=&#8220;https:\/\/surfschool-srilanka.com\/wp-content\/uploads\/2020\/01\/palmresort-doublerelaxroom6.jpg&#8220; _builder_version=&#8220;4.24.2&#8243; hover_enabled=&#8220;0&#8243; global_colors_info=&#8220;{}&#8220; sticky_transition=&#8220;on&#8220; sticky_enabled=&#8220;0&#8243;]<\/p>\n<p style=\"text-align: center;\">Das Badezimmer bietet dir eine Dusche mit hei\u00dfem Wasser und einer Europ\u00e4ischen Toilette.<\/p>\n<p>[\/et_pb_slide][et_pb_slide heading=&#8220;Palmresort Doppel Relax ZImmer&#8220; image=&#8220;https:\/\/surfschool-srilanka.com\/wp-content\/uploads\/2020\/01\/palmresort-doublerelax2.jpg&#8220; _builder_version=&#8220;4.24.2&#8243; hover_enabled=&#8220;0&#8243; global_colors_info=&#8220;{}&#8220; sticky_transition=&#8220;on&#8220; sticky_enabled=&#8220;0&#8243;]<\/p>\n<p style=\"text-align: center;\">Die Terrasse bietet die M\u00f6glichkeit, sich vor deinem Zimmer zu entspannen.<\/p>\n<p>[\/et_pb_slide][et_pb_slide heading=&#8220;Palmresort Doppel Relax ZImmer&#8220; image=&#8220;https:\/\/surfschool-srilanka.com\/wp-content\/uploads\/2024\/04\/Kalpitiya-Kitesurfer-poolbar.jpg&#8220; _builder_version=&#8220;4.24.2&#8243; hover_enabled=&#8220;0&#8243; global_colors_info=&#8220;{}&#8220; sticky_transition=&#8220;on&#8220; alt=&#8220;Kalpitiya poolbar for kitesurf holidays&#8220; title_text=&#8220;Kalpitiya Kitesurfer poolbar&#8220; sticky_enabled=&#8220;0&#8243;]<\/p>\n<p style=\"text-align: center;\">Jederzeit hast du die M\u00f6glichkeit dich nicht weit von deinem Zimmer im Pool zu erfrischen.<\/p>\n<p>[\/et_pb_slide][et_pb_slide heading=&#8220;Palmresort Doppel Relax ZImmer&#8220; image=&#8220;https:\/\/surfschool-srilanka.com\/wp-content\/uploads\/2020\/01\/palmresort-doublerelaxroom5.jpg&#8220; _builder_version=&#8220;4.24.2&#8243; hover_enabled=&#8220;0&#8243; global_colors_info=&#8220;{}&#8220; sticky_transition=&#8220;on&#8220; sticky_enabled=&#8220;0&#8243;]<\/p>\n<p style=\"text-align: center;\">Vielleicht m\u00f6chtest du auch unsere Angebote und Aktivit\u00e4ten mit Freunden und Familie nutzen!<\/p>\n<p>[\/et_pb_slide][et_pb_slide heading=&#8220;Palmresort Doppel Relax ZImmer&#8220; image=&#8220;https:\/\/surfschool-srilanka.com\/wp-content\/uploads\/2020\/01\/palmresort-doublerelaxroom3.jpg&#8220; _builder_version=&#8220;4.16&#8243; hover_enabled=&#8220;0&#8243; global_colors_info=&#8220;{}&#8220; sticky_transition=&#8220;on&#8220; sticky_enabled=&#8220;0&#8243;]<\/p>\n<p style=\"text-align: center;\">Entspanne dich einfach in einer H\u00e4ngematte im Schatten der King-Coconut Palmen<\/p>\n<p>[\/et_pb_slide][et_pb_slide heading=&#8220;Palmresort Doppel Relax ZImmer&#8220; image=&#8220;https:\/\/surfschool-srilanka.com\/wp-content\/uploads\/2020\/01\/palmresort-doublerelaxroom9.jpg&#8220; _builder_version=&#8220;4.16&#8243; global_colors_info=&#8220;{}&#8220; sticky_transition=&#8220;on&#8220;]<\/p>\n<p style=\"text-align: center;\">Du kannst entweder dein Zimmer direkt auf der Webseite buchen oder du schickst uns einfach eine Mail \ud83d\ude42<\/p>\n<p>[\/et_pb_slide][\/et_pb_slider][et_pb_button button_url=&#8220;@ET-DC@eyJkeW5hbWljIjp0cnVlLCJjb250ZW50IjoicG9zdF9saW5rX3VybF9wYWdlIiwic2V0dGluZ3MiOnsicG9zdF9pZCI6IjY1NSIsImVuYWJsZV9odG1sIjoib2ZmIn19@&#8220; button_text=&#8220;Noch Fragen? E-Mail uns &#8220; button_alignment=&#8220;center&#8220; _builder_version=&#8220;4.16&#8243; _dynamic_attributes=&#8220;button_url&#8220; button_text_color=&#8220;#ffffff&#8220; custom_margin=&#8220;1px|||||&#8220; global_colors_info=&#8220;{}&#8220;][\/et_pb_button][\/et_pb_column][et_pb_column type=&#8220;1_4&#8243; _builder_version=&#8220;4.16&#8243; global_colors_info=&#8220;{}&#8220;][et_pb_pricing_tables featured_table_bullet_color=&#8220;#93adcf&#8220; bullet_color=&#8220;#93adcf&#8220; featured_table_price_background_color=&#8220;#ffffff&#8220; featured_table_price_color=&#8220;#ffffff&#8220; _builder_version=&#8220;4.16&#8243; price_text_color=&#8220;#93adcf&#8220; width=&#8220;100%&#8220; custom_margin=&#8220;||||false|false&#8220; custom_padding=&#8220;||||false|false&#8220; global_colors_info=&#8220;{}&#8220;][et_pb_pricing_table title=&#8220;Doppel Relax Zimmer&#8220; subtitle=&#8220;Single Nutzung&#8220; currency=&#8220;\u20ac&#8220; sum=&#8220;70&#8243; _builder_version=&#8220;4.24.2&#8243; global_colors_info=&#8220;{}&#8220; sticky_transition=&#8220;on&#8220;]<\/p>\n<p><span>Fr\u00fchst\u00fcck und Abendessen im Restaurant De Silva f\u00fcr 1 Person<\/span><\/p>\n<p><span>Zimmer mit Klimaanlage<\/span><\/p>\n<p><span>Terrasse mit Sitzm\u00f6glichkeit<\/span><\/p>\n<p><span>Kostenloses WLAN an \u00f6ffentlichen Orten<\/span><\/p>\n<p><span>Zugang zum Swimmingpool<\/span><\/p>\n<p>[\/et_pb_pricing_table][\/et_pb_pricing_tables][et_pb_button button_url=&#8220;https:\/\/ibe.sabeeapp.com\/properties\/DE-SILVA-Windresort-&amp;-Palmresort-booking\/?p=bSpe76a205e5f2fd871&amp;checkin=24-03-2020&amp;checkout=25-03-2020&#8243; url_new_window=&#8220;on&#8220; button_text=&#8220;Buche jetzt!&#8220; button_alignment=&#8220;center&#8220; _builder_version=&#8220;4.14.4&#8243; button_text_color=&#8220;#000000&#8243; button_bg_color=&#8220;#FFFFFF&#8220; button_border_width=&#8220;16px&#8220; button_border_color=&#8220;#93ADCF&#8220; custom_margin=&#8220;40px|||||&#8220; global_module=&#8220;3584&#8243; saved_tabs=&#8220;all&#8220; global_colors_info=&#8220;{}&#8220;][\/et_pb_button][\/et_pb_column][et_pb_column type=&#8220;1_4&#8243; _builder_version=&#8220;4.16&#8243; global_colors_info=&#8220;{}&#8220;][et_pb_pricing_tables featured_table_bullet_color=&#8220;#93adcf&#8220; bullet_color=&#8220;#93adcf&#8220; featured_table_price_background_color=&#8220;#ffffff&#8220; _builder_version=&#8220;4.24.2&#8243; price_text_color=&#8220;#93adcf&#8220; width=&#8220;100%&#8220; custom_margin=&#8220;||||false|false&#8220; custom_padding=&#8220;||25px||false|false&#8220; global_colors_info=&#8220;{}&#8220;][et_pb_pricing_table featured=&#8220;on&#8220; title=&#8220;Doppel Relax Zimmer&#8220; subtitle=&#8220;Doppel Nutzung&#8220; currency=&#8220;\u20ac&#8220; sum=&#8220;120&#8243; _builder_version=&#8220;4.24.2&#8243; background_enable_color=&#8220;off&#8220; global_colors_info=&#8220;{}&#8220; sticky_transition=&#8220;on&#8220;]<\/p>\n<p><span>Fr\u00fchst\u00fcck und Abendessen im Restaurant De Silva f\u00fcr 2 Personen<\/span><\/p>\n<p><span>Zimmer mit Klimaanlage<\/span><\/p>\n<p><span>Terrasse mit Sitzm\u00f6glichkeit<\/span><\/p>\n<p><span>Kostenloses WLAN f\u00fcr 2 Personen an \u00f6ffentlichen Orten<\/span><\/p>\n<p><span>Zugang zum Swimmingpool<\/span><\/p>\n<p>[\/et_pb_pricing_table][\/et_pb_pricing_tables][et_pb_button button_url=&#8220;https:\/\/ibe.sabeeapp.com\/properties\/DE-SILVA-Windresort-&amp;-Palmresort-booking\/?p=bSpe76a205e5f2fd871&amp;checkin=24-03-2020&amp;checkout=25-03-2020&#8243; url_new_window=&#8220;on&#8220; button_text=&#8220;Buche jetzt!&#8220; button_alignment=&#8220;center&#8220; _builder_version=&#8220;4.14.4&#8243; button_text_color=&#8220;#000000&#8243; button_bg_color=&#8220;#FFFFFF&#8220; button_border_width=&#8220;16px&#8220; button_border_color=&#8220;#93ADCF&#8220; custom_margin=&#8220;40px|||||&#8220; global_module=&#8220;3584&#8243; saved_tabs=&#8220;all&#8220; global_colors_info=&#8220;{}&#8220;][\/et_pb_button][\/et_pb_column][\/et_pb_row][\/et_pb_section]<\/p>\n","protected":false},"excerpt":{"rendered":"<p>\u00dcbernachte in einem unserer komfortablen Doppel Relax Zimmer im DE SILVA Palmresort!Du findest ein bequemes Doppelbett mit Moskitonetz, einen Schrank und einen Tisch.Das Badezimmer bietet dir eine Dusche mit hei\u00dfem Wasser und einer Europ\u00e4ischen Toilette.Die Terrasse bietet die M\u00f6glichkeit, sich vor deinem Zimmer zu entspannen.Jederzeit hast du die M\u00f6glichkeit dich nicht weit von deinem Zimmer [&hellip;]<\/p>\n","protected":false},"author":3,"featured_media":0,"parent":5127,"menu_order":0,"comment_status":"closed","ping_status":"closed","template":"","meta":{"_et_pb_use_builder":"on","_et_pb_old_content":"","_et_gb_content_width":"","footnotes":""},"class_list":["post-5343","page","type-page","status-publish","hentry"],"yoast_head":"<!-- This site is optimized with the Yoast SEO Premium plugin v27.0 (Yoast SEO v27.0) - https:\/\/yoast.com\/product\/yoast-seo-premium-wordpress\/ -->\n<title>Zimmerbeschreibung Doppel Relax Zimmer | De Silva Windresort Kalpitiya<\/title>\n<meta name=\"robots\" content=\"index, follow, max-snippet:-1, max-image-preview:large, max-video-preview:-1\" \/>\n<link rel=\"canonical\" href=\"https:\/\/surfschool-srilanka.com\/de\/zimmer-in-kalpitiya\/zimmerbeschreibung-doppel-relax-zimmer\/\" \/>\n<meta property=\"og:locale\" content=\"de_DE\" \/>\n<meta property=\"og:type\" content=\"article\" \/>\n<meta property=\"og:title\" content=\"Zimmerbeschreibung Doppel Relax Zimmer\" \/>\n<meta property=\"og:description\" content=\"\u00dcbernachte in einem unserer komfortablen Doppel Relax Zimmer im DE SILVA Palmresort!Du findest ein bequemes Doppelbett mit Moskitonetz, einen Schrank und einen Tisch.Das Badezimmer bietet dir eine Dusche mit hei\u00dfem Wasser und einer Europ\u00e4ischen Toilette.Die Terrasse bietet die M\u00f6glichkeit, sich vor deinem Zimmer zu entspannen.Jederzeit hast du die M\u00f6glichkeit dich nicht weit von deinem Zimmer [&hellip;]\" \/>\n<meta property=\"og:url\" content=\"https:\/\/surfschool-srilanka.com\/de\/zimmer-in-kalpitiya\/zimmerbeschreibung-doppel-relax-zimmer\/\" \/>\n<meta property=\"og:site_name\" content=\"De Silva Windresort Kalpitiya\" \/>\n<meta property=\"article:publisher\" content=\"https:\/\/www.facebook.com\/windresort.kalpitiya\/\" \/>\n<meta property=\"article:modified_time\" content=\"2024-05-08T13:39:21+00:00\" \/>\n<meta property=\"og:image\" content=\"https:\/\/surfschool-srilanka.com\/wp-content\/uploads\/2024\/11\/DeSilva_LogoNeu_Black.png\" \/>\n\t<meta property=\"og:image:width\" content=\"1072\" \/>\n\t<meta property=\"og:image:height\" content=\"992\" \/>\n\t<meta property=\"og:image:type\" content=\"image\/png\" \/>\n<meta name=\"twitter:card\" content=\"summary_large_image\" \/>\n<meta name=\"twitter:label1\" content=\"Gesch\u00e4tzte Lesezeit\" \/>\n\t<meta name=\"twitter:data1\" content=\"4\u00a0Minuten\" \/>\n<script type=\"application\/ld+json\" class=\"yoast-schema-graph\">{\"@context\":\"https:\/\/schema.org\",\"@graph\":[{\"@type\":\"WebPage\",\"@id\":\"https:\/\/surfschool-srilanka.com\/de\/zimmer-in-kalpitiya\/zimmerbeschreibung-doppel-relax-zimmer\/\",\"url\":\"https:\/\/surfschool-srilanka.com\/de\/zimmer-in-kalpitiya\/zimmerbeschreibung-doppel-relax-zimmer\/\",\"name\":\"Zimmerbeschreibung Doppel Relax Zimmer | De Silva Windresort Kalpitiya\",\"isPartOf\":{\"@id\":\"https:\/\/surfschool-srilanka.com\/de\/#website\"},\"datePublished\":\"2020-06-06T18:41:48+00:00\",\"dateModified\":\"2024-05-08T13:39:21+00:00\",\"breadcrumb\":{\"@id\":\"https:\/\/surfschool-srilanka.com\/de\/zimmer-in-kalpitiya\/zimmerbeschreibung-doppel-relax-zimmer\/#breadcrumb\"},\"inLanguage\":\"de\",\"potentialAction\":[{\"@type\":\"ReadAction\",\"target\":[\"https:\/\/surfschool-srilanka.com\/de\/zimmer-in-kalpitiya\/zimmerbeschreibung-doppel-relax-zimmer\/\"]}]},{\"@type\":\"BreadcrumbList\",\"@id\":\"https:\/\/surfschool-srilanka.com\/de\/zimmer-in-kalpitiya\/zimmerbeschreibung-doppel-relax-zimmer\/#breadcrumb\",\"itemListElement\":[{\"@type\":\"ListItem\",\"position\":1,\"name\":\"Startseite\",\"item\":\"https:\/\/surfschool-srilanka.com\/de\/homepage\/\"},{\"@type\":\"ListItem\",\"position\":2,\"name\":\"Zimmer in Kalpitiya\",\"item\":\"https:\/\/surfschool-srilanka.com\/de\/zimmer-in-kalpitiya\/\"},{\"@type\":\"ListItem\",\"position\":3,\"name\":\"Zimmerbeschreibung Doppel Relax Zimmer\"}]},{\"@type\":\"WebSite\",\"@id\":\"https:\/\/surfschool-srilanka.com\/de\/#website\",\"url\":\"https:\/\/surfschool-srilanka.com\/de\/\",\"name\":\"De Silva Windresort Kalpitiya\",\"description\":\"Kitesurfing, we\u00b4ll make you ride!\",\"publisher\":{\"@id\":\"https:\/\/surfschool-srilanka.com\/de\/#organization\"},\"alternateName\":\"https:\/\/surfschool-srilanka.com\",\"potentialAction\":[{\"@type\":\"SearchAction\",\"target\":{\"@type\":\"EntryPoint\",\"urlTemplate\":\"https:\/\/surfschool-srilanka.com\/de\/?s={search_term_string}\"},\"query-input\":{\"@type\":\"PropertyValueSpecification\",\"valueRequired\":true,\"valueName\":\"search_term_string\"}}],\"inLanguage\":\"de\"},{\"@type\":\"Organization\",\"@id\":\"https:\/\/surfschool-srilanka.com\/de\/#organization\",\"name\":\"De Silva Wind Resort Kalpitiya (Pvt.) Ltd\",\"url\":\"https:\/\/surfschool-srilanka.com\/de\/\",\"logo\":{\"@type\":\"ImageObject\",\"inLanguage\":\"de\",\"@id\":\"https:\/\/surfschool-srilanka.com\/de\/#\/schema\/logo\/image\/\",\"url\":\"https:\/\/surfschool-srilanka.com\/wp-content\/uploads\/2020\/03\/logo-rechnungen.png\",\"contentUrl\":\"https:\/\/surfschool-srilanka.com\/wp-content\/uploads\/2020\/03\/logo-rechnungen.png\",\"width\":3216,\"height\":912,\"caption\":\"De Silva Wind Resort Kalpitiya (Pvt.) Ltd\"},\"image\":{\"@id\":\"https:\/\/surfschool-srilanka.com\/de\/#\/schema\/logo\/image\/\"},\"sameAs\":[\"https:\/\/www.facebook.com\/windresort.kalpitiya\/\",\"https:\/\/www.instagram.com\/desilva.windresort\/\",\"https:\/\/www.youtube.com\/c\/KitesurfingSrilankaDESILVAWindresortKalpitiya\/videos\",\"https:\/\/www.tiktok.com\/@desilvawindresort\"]}]}<\/script>\n<!-- \/ Yoast SEO Premium plugin. -->","yoast_head_json":{"title":"Zimmerbeschreibung Doppel Relax Zimmer | De Silva Windresort Kalpitiya","robots":{"index":"index","follow":"follow","max-snippet":"max-snippet:-1","max-image-preview":"max-image-preview:large","max-video-preview":"max-video-preview:-1"},"canonical":"https:\/\/surfschool-srilanka.com\/de\/zimmer-in-kalpitiya\/zimmerbeschreibung-doppel-relax-zimmer\/","og_locale":"de_DE","og_type":"article","og_title":"Zimmerbeschreibung Doppel Relax Zimmer","og_description":"\u00dcbernachte in einem unserer komfortablen Doppel Relax Zimmer im DE SILVA Palmresort!Du findest ein bequemes Doppelbett mit Moskitonetz, einen Schrank und einen Tisch.Das Badezimmer bietet dir eine Dusche mit hei\u00dfem Wasser und einer Europ\u00e4ischen Toilette.Die Terrasse bietet die M\u00f6glichkeit, sich vor deinem Zimmer zu entspannen.Jederzeit hast du die M\u00f6glichkeit dich nicht weit von deinem Zimmer [&hellip;]","og_url":"https:\/\/surfschool-srilanka.com\/de\/zimmer-in-kalpitiya\/zimmerbeschreibung-doppel-relax-zimmer\/","og_site_name":"De Silva Windresort Kalpitiya","article_publisher":"https:\/\/www.facebook.com\/windresort.kalpitiya\/","article_modified_time":"2024-05-08T13:39:21+00:00","og_image":[{"width":1072,"height":992,"url":"https:\/\/surfschool-srilanka.com\/wp-content\/uploads\/2024\/11\/DeSilva_LogoNeu_Black.png","type":"image\/png"}],"twitter_card":"summary_large_image","twitter_misc":{"Gesch\u00e4tzte Lesezeit":"4\u00a0Minuten"},"schema":{"@context":"https:\/\/schema.org","@graph":[{"@type":"WebPage","@id":"https:\/\/surfschool-srilanka.com\/de\/zimmer-in-kalpitiya\/zimmerbeschreibung-doppel-relax-zimmer\/","url":"https:\/\/surfschool-srilanka.com\/de\/zimmer-in-kalpitiya\/zimmerbeschreibung-doppel-relax-zimmer\/","name":"Zimmerbeschreibung Doppel Relax Zimmer | De Silva Windresort Kalpitiya","isPartOf":{"@id":"https:\/\/surfschool-srilanka.com\/de\/#website"},"datePublished":"2020-06-06T18:41:48+00:00","dateModified":"2024-05-08T13:39:21+00:00","breadcrumb":{"@id":"https:\/\/surfschool-srilanka.com\/de\/zimmer-in-kalpitiya\/zimmerbeschreibung-doppel-relax-zimmer\/#breadcrumb"},"inLanguage":"de","potentialAction":[{"@type":"ReadAction","target":["https:\/\/surfschool-srilanka.com\/de\/zimmer-in-kalpitiya\/zimmerbeschreibung-doppel-relax-zimmer\/"]}]},{"@type":"BreadcrumbList","@id":"https:\/\/surfschool-srilanka.com\/de\/zimmer-in-kalpitiya\/zimmerbeschreibung-doppel-relax-zimmer\/#breadcrumb","itemListElement":[{"@type":"ListItem","position":1,"name":"Startseite","item":"https:\/\/surfschool-srilanka.com\/de\/homepage\/"},{"@type":"ListItem","position":2,"name":"Zimmer in Kalpitiya","item":"https:\/\/surfschool-srilanka.com\/de\/zimmer-in-kalpitiya\/"},{"@type":"ListItem","position":3,"name":"Zimmerbeschreibung Doppel Relax Zimmer"}]},{"@type":"WebSite","@id":"https:\/\/surfschool-srilanka.com\/de\/#website","url":"https:\/\/surfschool-srilanka.com\/de\/","name":"De Silva Windresort Kalpitiya","description":"Kitesurfing, we\u00b4ll make you ride!","publisher":{"@id":"https:\/\/surfschool-srilanka.com\/de\/#organization"},"alternateName":"https:\/\/surfschool-srilanka.com","potentialAction":[{"@type":"SearchAction","target":{"@type":"EntryPoint","urlTemplate":"https:\/\/surfschool-srilanka.com\/de\/?s={search_term_string}"},"query-input":{"@type":"PropertyValueSpecification","valueRequired":true,"valueName":"search_term_string"}}],"inLanguage":"de"},{"@type":"Organization","@id":"https:\/\/surfschool-srilanka.com\/de\/#organization","name":"De Silva Wind Resort Kalpitiya (Pvt.) Ltd","url":"https:\/\/surfschool-srilanka.com\/de\/","logo":{"@type":"ImageObject","inLanguage":"de","@id":"https:\/\/surfschool-srilanka.com\/de\/#\/schema\/logo\/image\/","url":"https:\/\/surfschool-srilanka.com\/wp-content\/uploads\/2020\/03\/logo-rechnungen.png","contentUrl":"https:\/\/surfschool-srilanka.com\/wp-content\/uploads\/2020\/03\/logo-rechnungen.png","width":3216,"height":912,"caption":"De Silva Wind Resort Kalpitiya (Pvt.) Ltd"},"image":{"@id":"https:\/\/surfschool-srilanka.com\/de\/#\/schema\/logo\/image\/"},"sameAs":["https:\/\/www.facebook.com\/windresort.kalpitiya\/","https:\/\/www.instagram.com\/desilva.windresort\/","https:\/\/www.youtube.com\/c\/KitesurfingSrilankaDESILVAWindresortKalpitiya\/videos","https:\/\/www.tiktok.com\/@desilvawindresort"]}]}},"_links":{"self":[{"href":"https:\/\/surfschool-srilanka.com\/de\/wp-json\/wp\/v2\/pages\/5343","targetHints":{"allow":["GET"]}}],"collection":[{"href":"https:\/\/surfschool-srilanka.com\/de\/wp-json\/wp\/v2\/pages"}],"about":[{"href":"https:\/\/surfschool-srilanka.com\/de\/wp-json\/wp\/v2\/types\/page"}],"author":[{"embeddable":true,"href":"https:\/\/surfschool-srilanka.com\/de\/wp-json\/wp\/v2\/users\/3"}],"replies":[{"embeddable":true,"href":"https:\/\/surfschool-srilanka.com\/de\/wp-json\/wp\/v2\/comments?post=5343"}],"version-history":[{"count":3,"href":"https:\/\/surfschool-srilanka.com\/de\/wp-json\/wp\/v2\/pages\/5343\/revisions"}],"predecessor-version":[{"id":9638,"href":"https:\/\/surfschool-srilanka.com\/de\/wp-json\/wp\/v2\/pages\/5343\/revisions\/9638"}],"up":[{"embeddable":true,"href":"https:\/\/surfschool-srilanka.com\/de\/wp-json\/wp\/v2\/pages\/5127"}],"wp:attachment":[{"href":"https:\/\/surfschool-srilanka.com\/de\/wp-json\/wp\/v2\/media?parent=5343"}],"curies":[{"name":"wp","href":"https:\/\/api.w.org\/{rel}","templated":true}]}}