{"id":5387,"date":"2020-06-09T13:07:15","date_gmt":"2020-06-09T12:07:15","guid":{"rendered":"https:\/\/surfschool-srilanka.com\/zimmer-in-kalpitiya\/beschreibung-fuer-den-standard-room\/"},"modified":"2024-05-08T14:43:37","modified_gmt":"2024-05-08T13:43:37","slug":"beschreibung-fuer-den-standard-room","status":"publish","type":"page","link":"https:\/\/surfschool-srilanka.com\/de\/zimmer-in-kalpitiya\/beschreibung-fuer-den-standard-room\/","title":{"rendered":"Beschreibung f\u00fcr den Standard Room"},"content":{"rendered":"<p>[et_pb_section fb_built=&#8220;1&#8243; _builder_version=&#8220;4.16&#8243; custom_padding=&#8220;||||false|false&#8220; global_colors_info=&#8220;{}&#8220;][et_pb_row column_structure=&#8220;1_2,1_4,1_4&#8243; _builder_version=&#8220;4.16&#8243; custom_margin=&#8220;||||false|false&#8220; global_colors_info=&#8220;{}&#8220;][et_pb_column type=&#8220;1_2&#8243; _builder_version=&#8220;4.16&#8243; global_colors_info=&#8220;{}&#8220;][et_pb_slider show_image_video_mobile=&#8220;on&#8220; _builder_version=&#8220;4.16&#8243; body_text_align=&#8220;left&#8220; body_text_color=&#8220;#ffffff&#8220; body_font_size=&#8220;16px&#8220; body_line_height=&#8220;1em&#8220; background_color=&#8220;#e6c302&#8243; min_height=&#8220;328px&#8220; custom_margin=&#8220;||||false|false&#8220; custom_padding=&#8220;||||false|false&#8220; auto=&#8220;on&#8220; auto_ignore_hover=&#8220;on&#8220; border_radii=&#8220;off||||&#8220; border_style_all_image=&#8220;groove&#8220; global_colors_info=&#8220;{}&#8220;][et_pb_slide heading=&#8220;Windresort Standard Zimmer&#8220; image=&#8220;https:\/\/surfschool-srilanka.com\/wp-content\/uploads\/2020\/03\/standardrooms-kalpitiya7.png&#8220; _builder_version=&#8220;4.16&#8243; global_colors_info=&#8220;{}&#8220; sticky_transition=&#8220;on&#8220;]<\/p>\n<p style=\"text-align: center;\">Stay in one of our comfortable Standard rooms at DE SILVA Windresort!<\/p>\n<p>[\/et_pb_slide][et_pb_slide heading=&#8220;Windresort Standard Zimmer&#8220; image=&#8220;https:\/\/surfschool-srilanka.com\/wp-content\/uploads\/2020\/03\/standardrooms-kalpitiya2.png&#8220; _builder_version=&#8220;4.16&#8243; global_colors_info=&#8220;{}&#8220; sticky_transition=&#8220;on&#8220;]<\/p>\n<p style=\"text-align: center;\">Du findest ein bequemes Doppelbett mit Mosquitonetz, einen Kasten und einen Tisch zur Ablage vor. <\/p>\n<p>[\/et_pb_slide][et_pb_slide heading=&#8220;Windresort Standard Zimmer&#8220; image=&#8220;https:\/\/surfschool-srilanka.com\/wp-content\/uploads\/2020\/03\/standardrooms-bathroom.png&#8220; _builder_version=&#8220;4.16&#8243; global_colors_info=&#8220;{}&#8220; sticky_transition=&#8220;on&#8220;]<\/p>\n<p style=\"text-align: center;\">Das private Badezimmer bietet eine Dusche und eine europ\u00e4ische Toilette.<\/p>\n<p>[\/et_pb_slide][et_pb_slide heading=&#8220;Windresort Standard Zimmer&#8220; image=&#8220;https:\/\/surfschool-srilanka.com\/wp-content\/uploads\/2020\/03\/standardrooms-kalpitiya6.png&#8220; _builder_version=&#8220;4.16&#8243; global_colors_info=&#8220;{}&#8220; sticky_transition=&#8220;on&#8220;]<\/p>\n<p style=\"text-align: center;\">Auf Deiner Terrasse vor dem Zimmer kannst Du entspannen.<\/p>\n<p>[\/et_pb_slide][et_pb_slide heading=&#8220;Windresort Standard Zimmer&#8220; image=&#8220;https:\/\/surfschool-srilanka.com\/wp-content\/uploads\/2020\/03\/standardrooms-kalpitiya5.png&#8220; _builder_version=&#8220;4.16&#8243; global_colors_info=&#8220;{}&#8220; sticky_transition=&#8220;on&#8220;]<\/p>\n<p style=\"text-align: center;\">Du kannst jederzeit im De Silva Palmresort ins Pool springen und dich abk\u00fchlen oder eine Runde schwimmen!<\/p>\n<p>[\/et_pb_slide][et_pb_slide heading=&#8220;Windresort Standard Zimmer&#8220; image=&#8220;https:\/\/surfschool-srilanka.com\/wp-content\/uploads\/2020\/03\/chilloutarea-windresort.png&#8220; _builder_version=&#8220;4.16&#8243; global_colors_info=&#8220;{}&#8220; sticky_transition=&#8220;on&#8220;]<\/p>\n<p style=\"text-align: center;\">Oder Du m\u00f6chtest den Chillout-Bereich nutzen, um mit Freunden und Familie Spa\u00df zu haben! Mit Blick auf die Lagune!<\/p>\n<p>[\/et_pb_slide][et_pb_slide heading=&#8220;Windresort Standard Zimmer&#8220; image=&#8220;https:\/\/surfschool-srilanka.com\/wp-content\/uploads\/2020\/03\/desilvasurfbar.png&#8220; _builder_version=&#8220;4.16&#8243; global_colors_info=&#8220;{}&#8220; sticky_transition=&#8220;on&#8220;]<\/p>\n<p style=\"text-align: center;\">Genie\u00dfen Sie einfach ein k\u00fchles Getr\u00e4nk in der De Silva Surfbar und entspannen Sie vor Ihrem Zimmer!<\/p>\n<p>[\/et_pb_slide][et_pb_slide heading=&#8220;Windresort Standard Zimmer&#8220; image=&#8220;https:\/\/surfschool-srilanka.com\/wp-content\/uploads\/2020\/03\/standardrooms-view.png&#8220; _builder_version=&#8220;4.16&#8243; global_colors_info=&#8220;{}&#8220; sticky_transition=&#8220;on&#8220;]<\/p>\n<p style=\"text-align: center;\">Du kannst entweder dein Zimmer direkt auf der Webseite buchen oder du schickst uns einfach eine Mail \ud83d\ude42<\/p>\n<p>[\/et_pb_slide][\/et_pb_slider][et_pb_button button_url=&#8220;@ET-DC@eyJkeW5hbWljIjp0cnVlLCJjb250ZW50IjoicG9zdF9saW5rX3VybF9wYWdlIiwic2V0dGluZ3MiOnsicG9zdF9pZCI6IjY1NSIsImVuYWJsZV9odG1sIjoib2ZmIn19@&#8220; button_text=&#8220;Noch Fragen? E-Mail uns &#8220; button_alignment=&#8220;center&#8220; _builder_version=&#8220;4.16&#8243; _dynamic_attributes=&#8220;button_url&#8220; button_text_color=&#8220;#ffffff&#8220; custom_margin=&#8220;||||false|false&#8220; global_colors_info=&#8220;{}&#8220;][\/et_pb_button][\/et_pb_column][et_pb_column type=&#8220;1_4&#8243; _builder_version=&#8220;4.16&#8243; global_colors_info=&#8220;{}&#8220;][et_pb_pricing_tables featured_table_bullet_color=&#8220;#e6c302&#8243; bullet_color=&#8220;#e6c302&#8243; _builder_version=&#8220;4.16&#8243; custom_margin=&#8220;||||false|false&#8220; custom_padding=&#8220;||||false|false&#8220; hover_enabled=&#8220;0&#8243; global_colors_info=&#8220;{}&#8220; sticky_enabled=&#8220;0&#8243;][et_pb_pricing_table title=&#8220;Standard Zimmer&#8220; subtitle=&#8220;Single Nutzung&#8220; currency=&#8220;\u20ac&#8220; sum=&#8220;60&#8243; _builder_version=&#8220;4.24.2&#8243; hover_enabled=&#8220;0&#8243; global_colors_info=&#8220;{}&#8220; sticky_transition=&#8220;on&#8220; sticky_enabled=&#8220;0&#8243;]<\/p>\n<p>Fr\u00fchst\u00fcck und Abendessen im Restaurant De Silva f\u00fcr 1p<\/p>\n<p>Terrasse mit Sitzm\u00f6glichkeit<\/p>\n<p>Kostenloses WLAN an \u00f6ffentlichen Orten<\/p>\n<p>Zugang zum Swimmingpool im De Silva Palmresort<\/p>\n<p>Oberdeck &#8211; Chillout-Zone &#8211; mit Blick auf die Kitesurf-Lagune<\/p>\n<p>[\/et_pb_pricing_table][\/et_pb_pricing_tables][et_pb_button button_url=&#8220;https:\/\/ibe.sabeeapp.com\/properties\/DE-SILVA-Windresort-&amp;-Palmresort-booking\/?p=bSpe76a205e5f2fd871&amp;checkin=24-03-2020&amp;checkout=25-03-2020&#8243; url_new_window=&#8220;on&#8220; button_text=&#8220;Buche jetzt!&#8220; button_alignment=&#8220;center&#8220; _builder_version=&#8220;4.14.4&#8243; button_text_color=&#8220;#000000&#8243; button_bg_color=&#8220;#FFFFFF&#8220; button_border_width=&#8220;16px&#8220; button_border_color=&#8220;#93ADCF&#8220; custom_margin=&#8220;40px|||||&#8220; global_module=&#8220;3584&#8243; saved_tabs=&#8220;all&#8220; global_colors_info=&#8220;{}&#8220;][\/et_pb_button][\/et_pb_column][et_pb_column type=&#8220;1_4&#8243; _builder_version=&#8220;4.16&#8243; global_colors_info=&#8220;{}&#8220;][et_pb_pricing_tables featured_table_bullet_color=&#8220;#e6c302&#8243; bullet_color=&#8220;#e6c302&#8243; _builder_version=&#8220;4.24.2&#8243; min_height=&#8220;548px&#8220; custom_margin=&#8220;||||false|false&#8220; custom_padding=&#8220;||26px||false|false&#8220; hover_enabled=&#8220;0&#8243; global_colors_info=&#8220;{}&#8220; sticky_enabled=&#8220;0&#8243;][et_pb_pricing_table featured=&#8220;on&#8220; title=&#8220;Standard Zimmer&#8220; subtitle=&#8220;Doppel Nutzung&#8220; currency=&#8220;\u20ac&#8220; sum=&#8220;90&#8243; _builder_version=&#8220;4.24.2&#8243; background_enable_color=&#8220;off&#8220; hover_enabled=&#8220;0&#8243; global_colors_info=&#8220;{}&#8220; sticky_transition=&#8220;on&#8220; sticky_enabled=&#8220;0&#8243;]<\/p>\n<p>Fr\u00fchst\u00fcck und Abendessen im Restaurant De Silva f\u00fcr 2p<\/p>\n<p>Terrasse mit Sitzm\u00f6glichkeit<\/p>\n<p>Kostenloses WLAN an \u00f6ffentlichen Orten<\/p>\n<p>Zugang zum Swimmingpool im De Silva Palmresort<\/p>\n<p>Oberdeck &#8211; Chillout-Zone &#8211; mit Blick auf die Kitesurf-Lagune<\/p>\n<p>[\/et_pb_pricing_table][\/et_pb_pricing_tables][et_pb_button button_url=&#8220;https:\/\/ibe.sabeeapp.com\/properties\/DE-SILVA-Windresort-&amp;-Palmresort-booking\/?p=bSpe76a205e5f2fd871&amp;checkin=24-03-2020&amp;checkout=25-03-2020&#8243; url_new_window=&#8220;on&#8220; button_text=&#8220;Buche jetzt!&#8220; button_alignment=&#8220;center&#8220; _builder_version=&#8220;4.14.4&#8243; button_text_color=&#8220;#000000&#8243; button_bg_color=&#8220;#FFFFFF&#8220; button_border_width=&#8220;16px&#8220; button_border_color=&#8220;#93ADCF&#8220; custom_margin=&#8220;40px|||||&#8220; global_module=&#8220;3584&#8243; saved_tabs=&#8220;all&#8220; global_colors_info=&#8220;{}&#8220;][\/et_pb_button][\/et_pb_column][\/et_pb_row][\/et_pb_section]<\/p>\n","protected":false},"excerpt":{"rendered":"<p>Stay in one of our comfortable Standard rooms at DE SILVA Windresort!Du findest ein bequemes Doppelbett mit Mosquitonetz, einen Kasten und einen Tisch zur Ablage vor. Das private Badezimmer bietet eine Dusche und eine europ\u00e4ische Toilette.Auf Deiner Terrasse vor dem Zimmer kannst Du entspannen.Du kannst jederzeit im De Silva Palmresort ins Pool springen und dich [&hellip;]<\/p>\n","protected":false},"author":3,"featured_media":0,"parent":5127,"menu_order":0,"comment_status":"closed","ping_status":"closed","template":"","meta":{"_et_pb_use_builder":"on","_et_pb_old_content":"","_et_gb_content_width":"","footnotes":""},"class_list":["post-5387","page","type-page","status-publish","hentry"],"yoast_head":"<!-- This site is optimized with the Yoast SEO Premium plugin v27.0 (Yoast SEO v27.0) - https:\/\/yoast.com\/product\/yoast-seo-premium-wordpress\/ -->\n<title>Beschreibung f\u00fcr den Standard Room | De Silva Windresort Kalpitiya<\/title>\n<meta name=\"robots\" content=\"index, follow, max-snippet:-1, max-image-preview:large, max-video-preview:-1\" \/>\n<link rel=\"canonical\" href=\"https:\/\/surfschool-srilanka.com\/de\/zimmer-in-kalpitiya\/beschreibung-fuer-den-standard-room\/\" \/>\n<meta property=\"og:locale\" content=\"de_DE\" \/>\n<meta property=\"og:type\" content=\"article\" \/>\n<meta property=\"og:title\" content=\"Beschreibung f\u00fcr den Standard Room\" \/>\n<meta property=\"og:description\" content=\"Stay in one of our comfortable Standard rooms at DE SILVA Windresort!Du findest ein bequemes Doppelbett mit Mosquitonetz, einen Kasten und einen Tisch zur Ablage vor. Das private Badezimmer bietet eine Dusche und eine europ\u00e4ische Toilette.Auf Deiner Terrasse vor dem Zimmer kannst Du entspannen.Du kannst jederzeit im De Silva Palmresort ins Pool springen und dich [&hellip;]\" \/>\n<meta property=\"og:url\" content=\"https:\/\/surfschool-srilanka.com\/de\/zimmer-in-kalpitiya\/beschreibung-fuer-den-standard-room\/\" \/>\n<meta property=\"og:site_name\" content=\"De Silva Windresort Kalpitiya\" \/>\n<meta property=\"article:publisher\" content=\"https:\/\/www.facebook.com\/windresort.kalpitiya\/\" \/>\n<meta property=\"article:modified_time\" content=\"2024-05-08T13:43:37+00:00\" \/>\n<meta property=\"og:image\" content=\"https:\/\/surfschool-srilanka.com\/wp-content\/uploads\/2024\/11\/DeSilva_LogoNeu_Black.png\" \/>\n\t<meta property=\"og:image:width\" content=\"1072\" \/>\n\t<meta property=\"og:image:height\" content=\"992\" \/>\n\t<meta property=\"og:image:type\" content=\"image\/png\" \/>\n<meta name=\"twitter:card\" content=\"summary_large_image\" \/>\n<meta name=\"twitter:label1\" content=\"Gesch\u00e4tzte Lesezeit\" \/>\n\t<meta name=\"twitter:data1\" content=\"4\u00a0Minuten\" \/>\n<script type=\"application\/ld+json\" class=\"yoast-schema-graph\">{\"@context\":\"https:\/\/schema.org\",\"@graph\":[{\"@type\":\"WebPage\",\"@id\":\"https:\/\/surfschool-srilanka.com\/de\/zimmer-in-kalpitiya\/beschreibung-fuer-den-standard-room\/\",\"url\":\"https:\/\/surfschool-srilanka.com\/de\/zimmer-in-kalpitiya\/beschreibung-fuer-den-standard-room\/\",\"name\":\"Beschreibung f\u00fcr den Standard Room | De Silva Windresort Kalpitiya\",\"isPartOf\":{\"@id\":\"https:\/\/surfschool-srilanka.com\/de\/#website\"},\"datePublished\":\"2020-06-09T12:07:15+00:00\",\"dateModified\":\"2024-05-08T13:43:37+00:00\",\"breadcrumb\":{\"@id\":\"https:\/\/surfschool-srilanka.com\/de\/zimmer-in-kalpitiya\/beschreibung-fuer-den-standard-room\/#breadcrumb\"},\"inLanguage\":\"de\",\"potentialAction\":[{\"@type\":\"ReadAction\",\"target\":[\"https:\/\/surfschool-srilanka.com\/de\/zimmer-in-kalpitiya\/beschreibung-fuer-den-standard-room\/\"]}]},{\"@type\":\"BreadcrumbList\",\"@id\":\"https:\/\/surfschool-srilanka.com\/de\/zimmer-in-kalpitiya\/beschreibung-fuer-den-standard-room\/#breadcrumb\",\"itemListElement\":[{\"@type\":\"ListItem\",\"position\":1,\"name\":\"Startseite\",\"item\":\"https:\/\/surfschool-srilanka.com\/de\/homepage\/\"},{\"@type\":\"ListItem\",\"position\":2,\"name\":\"Zimmer in Kalpitiya\",\"item\":\"https:\/\/surfschool-srilanka.com\/de\/zimmer-in-kalpitiya\/\"},{\"@type\":\"ListItem\",\"position\":3,\"name\":\"Beschreibung f\u00fcr den Standard Room\"}]},{\"@type\":\"WebSite\",\"@id\":\"https:\/\/surfschool-srilanka.com\/de\/#website\",\"url\":\"https:\/\/surfschool-srilanka.com\/de\/\",\"name\":\"De Silva Windresort Kalpitiya\",\"description\":\"Kitesurfing, we\u00b4ll make you ride!\",\"publisher\":{\"@id\":\"https:\/\/surfschool-srilanka.com\/de\/#organization\"},\"alternateName\":\"https:\/\/surfschool-srilanka.com\",\"potentialAction\":[{\"@type\":\"SearchAction\",\"target\":{\"@type\":\"EntryPoint\",\"urlTemplate\":\"https:\/\/surfschool-srilanka.com\/de\/?s={search_term_string}\"},\"query-input\":{\"@type\":\"PropertyValueSpecification\",\"valueRequired\":true,\"valueName\":\"search_term_string\"}}],\"inLanguage\":\"de\"},{\"@type\":\"Organization\",\"@id\":\"https:\/\/surfschool-srilanka.com\/de\/#organization\",\"name\":\"De Silva Wind Resort Kalpitiya (Pvt.) Ltd\",\"url\":\"https:\/\/surfschool-srilanka.com\/de\/\",\"logo\":{\"@type\":\"ImageObject\",\"inLanguage\":\"de\",\"@id\":\"https:\/\/surfschool-srilanka.com\/de\/#\/schema\/logo\/image\/\",\"url\":\"https:\/\/surfschool-srilanka.com\/wp-content\/uploads\/2020\/03\/logo-rechnungen.png\",\"contentUrl\":\"https:\/\/surfschool-srilanka.com\/wp-content\/uploads\/2020\/03\/logo-rechnungen.png\",\"width\":3216,\"height\":912,\"caption\":\"De Silva Wind Resort Kalpitiya (Pvt.) Ltd\"},\"image\":{\"@id\":\"https:\/\/surfschool-srilanka.com\/de\/#\/schema\/logo\/image\/\"},\"sameAs\":[\"https:\/\/www.facebook.com\/windresort.kalpitiya\/\",\"https:\/\/www.instagram.com\/desilva.windresort\/\",\"https:\/\/www.youtube.com\/c\/KitesurfingSrilankaDESILVAWindresortKalpitiya\/videos\",\"https:\/\/www.tiktok.com\/@desilvawindresort\"]}]}<\/script>\n<!-- \/ Yoast SEO Premium plugin. -->","yoast_head_json":{"title":"Beschreibung f\u00fcr den Standard Room | De Silva Windresort Kalpitiya","robots":{"index":"index","follow":"follow","max-snippet":"max-snippet:-1","max-image-preview":"max-image-preview:large","max-video-preview":"max-video-preview:-1"},"canonical":"https:\/\/surfschool-srilanka.com\/de\/zimmer-in-kalpitiya\/beschreibung-fuer-den-standard-room\/","og_locale":"de_DE","og_type":"article","og_title":"Beschreibung f\u00fcr den Standard Room","og_description":"Stay in one of our comfortable Standard rooms at DE SILVA Windresort!Du findest ein bequemes Doppelbett mit Mosquitonetz, einen Kasten und einen Tisch zur Ablage vor. Das private Badezimmer bietet eine Dusche und eine europ\u00e4ische Toilette.Auf Deiner Terrasse vor dem Zimmer kannst Du entspannen.Du kannst jederzeit im De Silva Palmresort ins Pool springen und dich [&hellip;]","og_url":"https:\/\/surfschool-srilanka.com\/de\/zimmer-in-kalpitiya\/beschreibung-fuer-den-standard-room\/","og_site_name":"De Silva Windresort Kalpitiya","article_publisher":"https:\/\/www.facebook.com\/windresort.kalpitiya\/","article_modified_time":"2024-05-08T13:43:37+00:00","og_image":[{"width":1072,"height":992,"url":"https:\/\/surfschool-srilanka.com\/wp-content\/uploads\/2024\/11\/DeSilva_LogoNeu_Black.png","type":"image\/png"}],"twitter_card":"summary_large_image","twitter_misc":{"Gesch\u00e4tzte Lesezeit":"4\u00a0Minuten"},"schema":{"@context":"https:\/\/schema.org","@graph":[{"@type":"WebPage","@id":"https:\/\/surfschool-srilanka.com\/de\/zimmer-in-kalpitiya\/beschreibung-fuer-den-standard-room\/","url":"https:\/\/surfschool-srilanka.com\/de\/zimmer-in-kalpitiya\/beschreibung-fuer-den-standard-room\/","name":"Beschreibung f\u00fcr den Standard Room | De Silva Windresort Kalpitiya","isPartOf":{"@id":"https:\/\/surfschool-srilanka.com\/de\/#website"},"datePublished":"2020-06-09T12:07:15+00:00","dateModified":"2024-05-08T13:43:37+00:00","breadcrumb":{"@id":"https:\/\/surfschool-srilanka.com\/de\/zimmer-in-kalpitiya\/beschreibung-fuer-den-standard-room\/#breadcrumb"},"inLanguage":"de","potentialAction":[{"@type":"ReadAction","target":["https:\/\/surfschool-srilanka.com\/de\/zimmer-in-kalpitiya\/beschreibung-fuer-den-standard-room\/"]}]},{"@type":"BreadcrumbList","@id":"https:\/\/surfschool-srilanka.com\/de\/zimmer-in-kalpitiya\/beschreibung-fuer-den-standard-room\/#breadcrumb","itemListElement":[{"@type":"ListItem","position":1,"name":"Startseite","item":"https:\/\/surfschool-srilanka.com\/de\/homepage\/"},{"@type":"ListItem","position":2,"name":"Zimmer in Kalpitiya","item":"https:\/\/surfschool-srilanka.com\/de\/zimmer-in-kalpitiya\/"},{"@type":"ListItem","position":3,"name":"Beschreibung f\u00fcr den Standard Room"}]},{"@type":"WebSite","@id":"https:\/\/surfschool-srilanka.com\/de\/#website","url":"https:\/\/surfschool-srilanka.com\/de\/","name":"De Silva Windresort Kalpitiya","description":"Kitesurfing, we\u00b4ll make you ride!","publisher":{"@id":"https:\/\/surfschool-srilanka.com\/de\/#organization"},"alternateName":"https:\/\/surfschool-srilanka.com","potentialAction":[{"@type":"SearchAction","target":{"@type":"EntryPoint","urlTemplate":"https:\/\/surfschool-srilanka.com\/de\/?s={search_term_string}"},"query-input":{"@type":"PropertyValueSpecification","valueRequired":true,"valueName":"search_term_string"}}],"inLanguage":"de"},{"@type":"Organization","@id":"https:\/\/surfschool-srilanka.com\/de\/#organization","name":"De Silva Wind Resort Kalpitiya (Pvt.) Ltd","url":"https:\/\/surfschool-srilanka.com\/de\/","logo":{"@type":"ImageObject","inLanguage":"de","@id":"https:\/\/surfschool-srilanka.com\/de\/#\/schema\/logo\/image\/","url":"https:\/\/surfschool-srilanka.com\/wp-content\/uploads\/2020\/03\/logo-rechnungen.png","contentUrl":"https:\/\/surfschool-srilanka.com\/wp-content\/uploads\/2020\/03\/logo-rechnungen.png","width":3216,"height":912,"caption":"De Silva Wind Resort Kalpitiya (Pvt.) Ltd"},"image":{"@id":"https:\/\/surfschool-srilanka.com\/de\/#\/schema\/logo\/image\/"},"sameAs":["https:\/\/www.facebook.com\/windresort.kalpitiya\/","https:\/\/www.instagram.com\/desilva.windresort\/","https:\/\/www.youtube.com\/c\/KitesurfingSrilankaDESILVAWindresortKalpitiya\/videos","https:\/\/www.tiktok.com\/@desilvawindresort"]}]}},"_links":{"self":[{"href":"https:\/\/surfschool-srilanka.com\/de\/wp-json\/wp\/v2\/pages\/5387","targetHints":{"allow":["GET"]}}],"collection":[{"href":"https:\/\/surfschool-srilanka.com\/de\/wp-json\/wp\/v2\/pages"}],"about":[{"href":"https:\/\/surfschool-srilanka.com\/de\/wp-json\/wp\/v2\/types\/page"}],"author":[{"embeddable":true,"href":"https:\/\/surfschool-srilanka.com\/de\/wp-json\/wp\/v2\/users\/3"}],"replies":[{"embeddable":true,"href":"https:\/\/surfschool-srilanka.com\/de\/wp-json\/wp\/v2\/comments?post=5387"}],"version-history":[{"count":12,"href":"https:\/\/surfschool-srilanka.com\/de\/wp-json\/wp\/v2\/pages\/5387\/revisions"}],"predecessor-version":[{"id":9677,"href":"https:\/\/surfschool-srilanka.com\/de\/wp-json\/wp\/v2\/pages\/5387\/revisions\/9677"}],"up":[{"embeddable":true,"href":"https:\/\/surfschool-srilanka.com\/de\/wp-json\/wp\/v2\/pages\/5127"}],"wp:attachment":[{"href":"https:\/\/surfschool-srilanka.com\/de\/wp-json\/wp\/v2\/media?parent=5387"}],"curies":[{"name":"wp","href":"https:\/\/api.w.org\/{rel}","templated":true}]}}