{"id":5506,"date":"2020-07-09T10:36:01","date_gmt":"2020-07-09T09:36:01","guid":{"rendered":"https:\/\/surfschool-srilanka.com\/de-silva-charity\/"},"modified":"2020-07-09T10:36:01","modified_gmt":"2020-07-09T09:36:01","slug":"de-silva-charity","status":"publish","type":"page","link":"https:\/\/surfschool-srilanka.com\/de\/de-silva-charity\/","title":{"rendered":"De Silva Charity"},"content":{"rendered":"<p>[et_pb_section fb_built=&#8220;1&#8243; admin_label=&#8220;Header&#8220; _builder_version=&#8220;4.0.9&#8243; use_background_color_gradient=&#8220;on&#8220; background_color_gradient_start=&#8220;#242e42&#8243; background_color_gradient_end=&#8220;rgba(36,46,66,0.09)&#8220; background_color_gradient_direction=&#8220;90deg&#8220; background_color_gradient_end_position=&#8220;61%&#8220; background_color_gradient_overlays_image=&#8220;on&#8220; background_image=&#8220;https:\/\/surfschool-srilanka.com\/wp-content\/uploads\/2020\/03\/1015463_1496054270618416_3467797472831272793_o.png&#8220; custom_padding=&#8220;||0px|||&#8220; locked=&#8220;off&#8220;][et_pb_row column_structure=&#8220;3_5,2_5&#8243; _builder_version=&#8220;3.25&#8243; custom_margin=&#8220;-6px|auto||auto||&#8220;][et_pb_column type=&#8220;3_5&#8243; _builder_version=&#8220;3.25&#8243; custom_padding=&#8220;|||&#8220; custom_padding__hover=&#8220;|||&#8220;][et_pb_text _builder_version=&#8220;4.4.3&#8243; text_font=&#8220;Lato||||||||&#8220; text_font_size=&#8220;22px&#8220; text_line_height=&#8220;1.8em&#8220; header_font=&#8220;PT Serif|700|||||||&#8220; header_font_size=&#8220;50px&#8220; header_line_height=&#8220;1.2em&#8220; background_layout=&#8220;dark&#8220; min_height=&#8220;550px&#8220; min_height_tablet=&#8220;&#8220; min_height_phone=&#8220;&#8220; min_height_last_edited=&#8220;on|desktop&#8220; custom_margin=&#8220;|||||false&#8220; custom_padding=&#8220;40px|40px|40px|40px|true|true&#8220; text_font_size_tablet=&#8220;&#8220; text_font_size_phone=&#8220;18px&#8220; text_font_size_last_edited=&#8220;on|phone&#8220; header_font_size_tablet=&#8220;60px&#8220; header_font_size_phone=&#8220;36px&#8220; header_font_size_last_edited=&#8220;on|phone&#8220; border_width_all=&#8220;40px&#8220; border_color_all=&#8220;#ffd400&#8243; border_width_all_tablet=&#8220;&#8220; border_width_all_phone=&#8220;10px&#8220; border_width_all_last_edited=&#8220;on|desktop&#8220;]<\/p>\n<h1>DE SILVA Charity<\/h1>\n<p>Warum sollten wir f\u00fcr die armen Menschen in Kalpitiya spenden?<\/p>\n<p>Warum sollten wir soziale Verantwortung \u00fcbernehmen?<\/p>\n<p>Warum sollten wir auf unsere Umwelt acht geben?<\/p>\n<p>WEIL WIR ES K\u00d6NNEN!!! \ud83d\ude42<\/p>\n<p>[\/et_pb_text][\/et_pb_column][et_pb_column type=&#8220;2_5&#8243; _builder_version=&#8220;3.25&#8243; custom_padding=&#8220;160px|||&#8220; custom_padding_tablet=&#8220;0px||&#8220; custom_padding_phone=&#8220;&#8220; custom_padding_last_edited=&#8220;on|desktop&#8220; custom_padding__hover=&#8220;|||&#8220;][et_pb_image src=&#8220;https:\/\/surfschool-srilanka.com\/wp-content\/uploads\/2020\/03\/desilvacharity-button-1.png&#8220; align=&#8220;center&#8220; _builder_version=&#8220;4.4.3&#8243; custom_margin=&#8220;200px||||false|false&#8220; custom_margin_tablet=&#8220;0px||||false|false&#8220; custom_margin_phone=&#8220;&#8220; custom_margin_last_edited=&#8220;on|desktop&#8220;][\/et_pb_image][\/et_pb_column][\/et_pb_row][et_pb_row _builder_version=&#8220;3.25&#8243; width=&#8220;100%&#8220; max_width=&#8220;none&#8220; custom_padding=&#8220;0px||1px|||&#8220;][et_pb_column type=&#8220;4_4&#8243; _builder_version=&#8220;3.25&#8243; custom_padding=&#8220;|||&#8220; custom_padding__hover=&#8220;|||&#8220;][et_pb_image src=&#8220;https:\/\/surfschool-srilanka.com\/wp-content\/uploads\/2019\/12\/sight-seeing-52.png&#8220; force_fullwidth=&#8220;on&#8220; _builder_version=&#8220;3.24&#8243; custom_margin=&#8220;-9vw||-1px||false|&#8220; custom_margin_tablet=&#8220;0vw|||&#8220; custom_margin_phone=&#8220;&#8220; custom_margin_last_edited=&#8220;on|desktop&#8220;][\/et_pb_image][\/et_pb_column][\/et_pb_row][\/et_pb_section][et_pb_section fb_built=&#8220;1&#8243; _builder_version=&#8220;4.4.3&#8243; min_height=&#8220;1034px&#8220; custom_margin_tablet=&#8220;&#8220; custom_margin_phone=&#8220;&#8220; custom_margin_last_edited=&#8220;on|desktop&#8220; custom_padding=&#8220;||||false|false&#8220;][et_pb_row column_structure=&#8220;1_3,1_3,1_3&#8243; _builder_version=&#8220;4.0.9&#8243; custom_margin=&#8220;-54px|auto||auto||&#8220;][et_pb_column type=&#8220;1_3&#8243; _builder_version=&#8220;4.0.9&#8243;][et_pb_gallery gallery_ids=&#8220;2265,2392,2394,2396,2398,2400,2402,2404,2409,2411,2413&#8243; fullwidth=&#8220;on&#8220; _builder_version=&#8220;4.0.9&#8243;][\/et_pb_gallery][et_pb_text _builder_version=&#8220;4.0.9&#8243;]<\/p>\n<p style=\"text-align: center;\">Was wir f\u00fcr unsere Umwelt tun!<\/p>\n<p>[\/et_pb_text][\/et_pb_column][et_pb_column type=&#8220;1_3&#8243; _builder_version=&#8220;4.0.9&#8243;][et_pb_gallery gallery_ids=&#8220;1929,2415,2417,2419,2421,2423,2425,2427,2429,2431,2433,2435,2437,2439&#8243; fullwidth=&#8220;on&#8220; _builder_version=&#8220;4.0.9&#8243;][\/et_pb_gallery][et_pb_text _builder_version=&#8220;4.0.9&#8243;]<\/p>\n<p style=\"text-align: center;\">De Silva Spendenatkionen<\/p>\n<p>[\/et_pb_text][\/et_pb_column][et_pb_column type=&#8220;1_3&#8243; _builder_version=&#8220;4.0.9&#8243;][et_pb_gallery gallery_ids=&#8220;1931,2443,2445,2447,2449,2451,2453,2455,2457,2459,2461,2463,2465,2467,2469,2471,2473,2475,2477,2479,2481&#8243; fullwidth=&#8220;on&#8220; _builder_version=&#8220;4.0.9&#8243;][\/et_pb_gallery][et_pb_text _builder_version=&#8220;4.0.9&#8243;]<\/p>\n<p style=\"text-align: center;\">De Silva j\u00e4hrlicher Ausflug f\u00fcr Mitarbeiter<\/p>\n<p>[\/et_pb_text][\/et_pb_column][\/et_pb_row][et_pb_row _builder_version=&#8220;4.0.9&#8243; custom_padding=&#8220;||0px|||&#8220;][et_pb_column type=&#8220;4_4&#8243; _builder_version=&#8220;4.0.9&#8243;][et_pb_text _builder_version=&#8220;4.0.9&#8243; header_4_text_color=&#8220;#93adcf&#8220; background_color=&#8220;rgba(0,0,0,0)&#8220; custom_margin=&#8220;||-1px|||&#8220;]<\/p>\n<h4><span>De Silva \u00fcbernimmt Verantwortung f\u00fcr die Umwelt! <\/span><\/h4>\n<p><span><\/span><\/p>\n<p>[\/et_pb_text][et_pb_text _builder_version=&#8220;4.0.9&#8243; custom_margin=&#8220;||13px|||&#8220;]<\/p>\n<h4><span style=\"font-size: 14px; color: #666666; font-family: Lato, Helvetica, Arial, Lucida, sans-serif; font-weight: 500;\">Als Hotelunternehmen zieht sich De Silva nicht von diesem Thema zur\u00fcck und versucht, eine f\u00fchrende Rolle zu \u00fcbernehmen! <\/span><span style=\"font-size: 14px; color: #666666; font-family: Lato, Helvetica, Arial, Lucida, sans-serif; font-weight: 500;\">Wir bieten keine Getr\u00e4nke in Plastikflaschen mehr zum Verkauf an! <\/span><span style=\"font-size: 14px; color: #666666; font-family: Lato, Helvetica, Arial, Lucida, sans-serif; font-weight: 500;\">Wir bitten auch um deine Unterst\u00fctzung: wir bieten Trinkwasserspender zum Nachf\u00fcllen deiner Flaschen an (2\u20ac\/Tag)!<\/span><\/h4>\n<p><span>Wir haben unser Hotelgesch\u00e4ft auf plastikfrei umgestellt. <\/span><span>Wir versuchen, so viel Abfall wie m\u00f6glich zu vermeiden und bevorzugen lokale Lebensmittelanbieter! <\/span><\/p>\n<p><span>Wir hoffen, durch die Reinigung von Kalpitiyas Strand &amp; Stra\u00dfen Bewusstsein zu schaffen!<\/span><\/p>\n<p>Au\u00dferdem unterst\u00fctzt De Silva die Anpflanzung von Mangroven, die speziell an K\u00fcstenregionen zu den produktivsten \u00d6kosysteme unseres Planeten z\u00e4hlen:<\/p>\n<ul>\n<li>Mangroven sch\u00fctzen die K\u00fcsten (Erosion)<\/li>\n<li>Mangroven sch\u00fctzen vor dem Klimawandel durch CO2<\/li>\n<li>Mangroven bieten Lebensraum f\u00fcr viele Arten (V\u00f6gel, Reptilien und kleine Meereslebewesen)<\/li>\n<\/ul>\n<p><span>De Silva k\u00fcmmert sich auch um die Stra\u00dfenhunde &amp; Katzen in Kalpitiya und kooperiert mit medizinisches Fachpersonal zur medizinischen Versorgung und Sterilisation der Tiere.<\/span><\/p>\n<p><span><\/span><\/p>\n<p><span><\/span><\/p>\n<p>[\/et_pb_text][et_pb_text _builder_version=&#8220;4.0.9&#8243; header_4_text_color=&#8220;#ff3314&#8243; background_color=&#8220;rgba(0,0,0,0)&#8220; custom_margin=&#8220;||3px|||&#8220;]<\/p>\n<h4><span>De Silva tr\u00e4gt zur Gesellschaft Kalpitiya&#8217;s bei!<\/span><\/h4>\n<p><span><\/span><\/p>\n<p>[\/et_pb_text][et_pb_text _builder_version=&#8220;4.4.7&#8243; custom_margin=&#8220;-2px|||||&#8220; hover_enabled=&#8220;0&#8243;]<\/p>\n<p><span>Unter anderem unterst\u00fctzen wir Schulkinder in Kalpitiya mit Schulb\u00fcchern und Kleidung. <\/span><span>Im Jahr 2017 unterst\u00fctzte De Silva die Dengue betroffenen Regionen in Puttalam und Kalpitiya mit Moskito Netzen. <\/span><span>De Silva unterst\u00fctzt viele verschiedene lokale Institutionen in Kalpitiya, wie den buddhistischen Tempel, die katholische Kirche, den Fischerverband, sowie Familien in Not&#8230;<\/span><\/p>\n<p>[\/et_pb_text][et_pb_text _builder_version=&#8220;4.0.9&#8243; header_4_text_color=&#8220;#e6c302&#8243; background_color=&#8220;rgba(0,0,0,0)&#8220; custom_margin=&#8220;||-1px|||&#8220;]<\/p>\n<h4><span>De Silva Team soll auch einen Vorteil genie\u00dfen!<\/span><\/h4>\n<p><span><\/span><\/p>\n<p>[\/et_pb_text][et_pb_text _builder_version=&#8220;4.0.9&#8243;]<\/p>\n<p><span style=\"font-size: 14px;\">De Silva versucht, seine Teammitglieder so gut wie m\u00f6glich zu unterst\u00fctzen und zus\u00e4tzlich zum Gehalt Sonderpr\u00e4mien auszuzahlen oder bei Hochzeiten mitzuwirken. Wir versuchen, haupts\u00e4chlich Einheimische zu besch\u00e4ftigen und machen keinen Unterschied nach Geschlecht, Herkunft, Religion oder \u00e4hnlichen Aspekten. <\/span><span style=\"font-size: 14px;\">Das De Silva Team leistet jeden Tag gro\u00dfartiges! Als kleines Dankesch\u00f6n macht De Silva jedes Jahr im Oktober einen Mitarbeiter Ausflug. Gemeinsam bereisen wir verschiedene Pl\u00e4tze in Sri Lanka und genie\u00dfen die Tage als Team. <\/span><span style=\"font-size: 14px;\">Dies gibt unseren Mitarbeitern nicht nur die M\u00f6glichkeit sich als Team auf einer anderen Ebene kennen zu lernen, sondern bietet jedem einzelnen auch die M\u00f6glichkeit sein eigenes Land besser kennen zu lernen.<\/span><\/p>\n<p>&nbsp;<\/p>\n<p>[\/et_pb_text][\/et_pb_column][\/et_pb_row][\/et_pb_section][et_pb_section fb_built=&#8220;1&#8243; _builder_version=&#8220;4.4.3&#8243; background_color=&#8220;#ff3314&#8243;][et_pb_row column_structure=&#8220;1_2,1_2&#8243; make_equal=&#8220;on&#8220; _builder_version=&#8220;4.4.3&#8243; module_alignment=&#8220;center&#8220; module_alignment_tablet=&#8220;&#8220; module_alignment_phone=&#8220;&#8220; module_alignment_last_edited=&#8220;on|desktop&#8220;][et_pb_column type=&#8220;1_2&#8243; _builder_version=&#8220;4.4.3&#8243;][et_pb_video src=&#8220;https:\/\/www.youtube.com\/watch?v=8khJ6_iF3ts&#8220; _builder_version=&#8220;4.4.3&#8243; db_limit_youtube_related_videos_to_same_channel=&#8220;on&#8220; src__hover_enabled=&#8220;on|desktop&#8220;][\/et_pb_video][\/et_pb_column][et_pb_column type=&#8220;1_2&#8243; _builder_version=&#8220;4.4.3&#8243; custom_padding=&#8220;40px||||false|false&#8220; custom_padding_tablet=&#8220;0px||||false|false&#8220; custom_padding_phone=&#8220;&#8220; custom_padding_last_edited=&#8220;on|desktop&#8220;][et_pb_text _builder_version=&#8220;4.4.3&#8243; text_font=&#8220;PT Serif Caption|700|||||||&#8220; text_orientation=&#8220;center&#8220; background_layout=&#8220;dark&#8220;]Es ist niemals zu sp\u00e4t etwas zu tun!<\/p>\n<p>Wenn du ein Mitgef\u00fchl f\u00fcr Armut hast und auch etwas dagegen tun m\u00f6chtest dann unterst\u00fctze eines unserer n\u00e4chsten Projekte:<\/p>\n<p>Wir wollen In Kalpitiyas Schule ein neues Klassenzimmer bauen lassen und sammeln daf\u00fcr das notwendige Kleingeld. Der Zustand der derzeitigen R\u00e4umlichkeiten ist sehr prek\u00e4r, und wir werden uns darum k\u00fcmmern. Trage dazu bei und spende direkt in unserem B\u00fcro im Resort![\/et_pb_text][\/et_pb_column][\/et_pb_row][\/et_pb_section]<\/p>\n","protected":false},"excerpt":{"rendered":"<p>DE SILVA Charity Warum sollten wir f\u00fcr die armen Menschen in Kalpitiya spenden? Warum sollten wir soziale Verantwortung \u00fcbernehmen? Warum sollten wir auf unsere Umwelt acht geben? WEIL WIR ES K\u00d6NNEN!!! :-)Was wir f\u00fcr unsere Umwelt tun!De Silva SpendenatkionenDe Silva j\u00e4hrlicher Ausflug f\u00fcr MitarbeiterDe Silva \u00fcbernimmt Verantwortung f\u00fcr die Umwelt! Als Hotelunternehmen zieht sich De [&hellip;]<\/p>\n","protected":false},"author":3,"featured_media":0,"parent":0,"menu_order":0,"comment_status":"closed","ping_status":"closed","template":"","meta":{"_et_pb_use_builder":"on","_et_pb_old_content":"","_et_gb_content_width":"","footnotes":""},"class_list":["post-5506","page","type-page","status-publish","hentry"],"yoast_head":"<!-- This site is optimized with the Yoast SEO Premium plugin v27.0 (Yoast SEO v27.0) - https:\/\/yoast.com\/product\/yoast-seo-premium-wordpress\/ -->\n<title>De Silva Charity | De Silva Windresort Kalpitiya<\/title>\n<meta name=\"robots\" content=\"index, follow, max-snippet:-1, max-image-preview:large, max-video-preview:-1\" \/>\n<link rel=\"canonical\" href=\"https:\/\/surfschool-srilanka.com\/de\/de-silva-charity\/\" \/>\n<meta property=\"og:locale\" content=\"de_DE\" \/>\n<meta property=\"og:type\" content=\"article\" \/>\n<meta property=\"og:title\" content=\"De Silva Charity\" \/>\n<meta property=\"og:description\" content=\"DE SILVA Charity Warum sollten wir f\u00fcr die armen Menschen in Kalpitiya spenden? Warum sollten wir soziale Verantwortung \u00fcbernehmen? Warum sollten wir auf unsere Umwelt acht geben? WEIL WIR ES K\u00d6NNEN!!! :-)Was wir f\u00fcr unsere Umwelt tun!De Silva SpendenatkionenDe Silva j\u00e4hrlicher Ausflug f\u00fcr MitarbeiterDe Silva \u00fcbernimmt Verantwortung f\u00fcr die Umwelt! Als Hotelunternehmen zieht sich De [&hellip;]\" \/>\n<meta property=\"og:url\" content=\"https:\/\/surfschool-srilanka.com\/de\/de-silva-charity\/\" \/>\n<meta property=\"og:site_name\" content=\"De Silva Windresort Kalpitiya\" \/>\n<meta property=\"article:publisher\" content=\"https:\/\/www.facebook.com\/windresort.kalpitiya\/\" \/>\n<meta property=\"og:image\" content=\"https:\/\/surfschool-srilanka.com\/wp-content\/uploads\/2024\/11\/DeSilva_LogoNeu_Black.png\" \/>\n\t<meta property=\"og:image:width\" content=\"1072\" \/>\n\t<meta property=\"og:image:height\" content=\"992\" \/>\n\t<meta property=\"og:image:type\" content=\"image\/png\" \/>\n<meta name=\"twitter:card\" content=\"summary_large_image\" \/>\n<meta name=\"twitter:label1\" content=\"Gesch\u00e4tzte Lesezeit\" \/>\n\t<meta name=\"twitter:data1\" content=\"6\u00a0Minuten\" \/>\n<script type=\"application\/ld+json\" class=\"yoast-schema-graph\">{\"@context\":\"https:\/\/schema.org\",\"@graph\":[{\"@type\":\"WebPage\",\"@id\":\"https:\/\/surfschool-srilanka.com\/de\/de-silva-charity\/\",\"url\":\"https:\/\/surfschool-srilanka.com\/de\/de-silva-charity\/\",\"name\":\"De Silva Charity | De Silva Windresort Kalpitiya\",\"isPartOf\":{\"@id\":\"https:\/\/surfschool-srilanka.com\/de\/#website\"},\"datePublished\":\"2020-07-09T09:36:01+00:00\",\"breadcrumb\":{\"@id\":\"https:\/\/surfschool-srilanka.com\/de\/de-silva-charity\/#breadcrumb\"},\"inLanguage\":\"de\",\"potentialAction\":[{\"@type\":\"ReadAction\",\"target\":[\"https:\/\/surfschool-srilanka.com\/de\/de-silva-charity\/\"]}]},{\"@type\":\"BreadcrumbList\",\"@id\":\"https:\/\/surfschool-srilanka.com\/de\/de-silva-charity\/#breadcrumb\",\"itemListElement\":[{\"@type\":\"ListItem\",\"position\":1,\"name\":\"Startseite\",\"item\":\"https:\/\/surfschool-srilanka.com\/de\/homepage\/\"},{\"@type\":\"ListItem\",\"position\":2,\"name\":\"De Silva Charity\"}]},{\"@type\":\"WebSite\",\"@id\":\"https:\/\/surfschool-srilanka.com\/de\/#website\",\"url\":\"https:\/\/surfschool-srilanka.com\/de\/\",\"name\":\"De Silva Windresort Kalpitiya\",\"description\":\"Kitesurfing, we\u00b4ll make you ride!\",\"publisher\":{\"@id\":\"https:\/\/surfschool-srilanka.com\/de\/#organization\"},\"alternateName\":\"https:\/\/surfschool-srilanka.com\",\"potentialAction\":[{\"@type\":\"SearchAction\",\"target\":{\"@type\":\"EntryPoint\",\"urlTemplate\":\"https:\/\/surfschool-srilanka.com\/de\/?s={search_term_string}\"},\"query-input\":{\"@type\":\"PropertyValueSpecification\",\"valueRequired\":true,\"valueName\":\"search_term_string\"}}],\"inLanguage\":\"de\"},{\"@type\":\"Organization\",\"@id\":\"https:\/\/surfschool-srilanka.com\/de\/#organization\",\"name\":\"De Silva Wind Resort Kalpitiya (Pvt.) Ltd\",\"url\":\"https:\/\/surfschool-srilanka.com\/de\/\",\"logo\":{\"@type\":\"ImageObject\",\"inLanguage\":\"de\",\"@id\":\"https:\/\/surfschool-srilanka.com\/de\/#\/schema\/logo\/image\/\",\"url\":\"https:\/\/surfschool-srilanka.com\/wp-content\/uploads\/2020\/03\/logo-rechnungen.png\",\"contentUrl\":\"https:\/\/surfschool-srilanka.com\/wp-content\/uploads\/2020\/03\/logo-rechnungen.png\",\"width\":3216,\"height\":912,\"caption\":\"De Silva Wind Resort Kalpitiya (Pvt.) Ltd\"},\"image\":{\"@id\":\"https:\/\/surfschool-srilanka.com\/de\/#\/schema\/logo\/image\/\"},\"sameAs\":[\"https:\/\/www.facebook.com\/windresort.kalpitiya\/\",\"https:\/\/www.instagram.com\/desilva.windresort\/\",\"https:\/\/www.youtube.com\/c\/KitesurfingSrilankaDESILVAWindresortKalpitiya\/videos\",\"https:\/\/www.tiktok.com\/@desilvawindresort\"]}]}<\/script>\n<!-- \/ Yoast SEO Premium plugin. -->","yoast_head_json":{"title":"De Silva Charity | De Silva Windresort Kalpitiya","robots":{"index":"index","follow":"follow","max-snippet":"max-snippet:-1","max-image-preview":"max-image-preview:large","max-video-preview":"max-video-preview:-1"},"canonical":"https:\/\/surfschool-srilanka.com\/de\/de-silva-charity\/","og_locale":"de_DE","og_type":"article","og_title":"De Silva Charity","og_description":"DE SILVA Charity Warum sollten wir f\u00fcr die armen Menschen in Kalpitiya spenden? Warum sollten wir soziale Verantwortung \u00fcbernehmen? Warum sollten wir auf unsere Umwelt acht geben? WEIL WIR ES K\u00d6NNEN!!! :-)Was wir f\u00fcr unsere Umwelt tun!De Silva SpendenatkionenDe Silva j\u00e4hrlicher Ausflug f\u00fcr MitarbeiterDe Silva \u00fcbernimmt Verantwortung f\u00fcr die Umwelt! Als Hotelunternehmen zieht sich De [&hellip;]","og_url":"https:\/\/surfschool-srilanka.com\/de\/de-silva-charity\/","og_site_name":"De Silva Windresort Kalpitiya","article_publisher":"https:\/\/www.facebook.com\/windresort.kalpitiya\/","og_image":[{"width":1072,"height":992,"url":"https:\/\/surfschool-srilanka.com\/wp-content\/uploads\/2024\/11\/DeSilva_LogoNeu_Black.png","type":"image\/png"}],"twitter_card":"summary_large_image","twitter_misc":{"Gesch\u00e4tzte Lesezeit":"6\u00a0Minuten"},"schema":{"@context":"https:\/\/schema.org","@graph":[{"@type":"WebPage","@id":"https:\/\/surfschool-srilanka.com\/de\/de-silva-charity\/","url":"https:\/\/surfschool-srilanka.com\/de\/de-silva-charity\/","name":"De Silva Charity | De Silva Windresort Kalpitiya","isPartOf":{"@id":"https:\/\/surfschool-srilanka.com\/de\/#website"},"datePublished":"2020-07-09T09:36:01+00:00","breadcrumb":{"@id":"https:\/\/surfschool-srilanka.com\/de\/de-silva-charity\/#breadcrumb"},"inLanguage":"de","potentialAction":[{"@type":"ReadAction","target":["https:\/\/surfschool-srilanka.com\/de\/de-silva-charity\/"]}]},{"@type":"BreadcrumbList","@id":"https:\/\/surfschool-srilanka.com\/de\/de-silva-charity\/#breadcrumb","itemListElement":[{"@type":"ListItem","position":1,"name":"Startseite","item":"https:\/\/surfschool-srilanka.com\/de\/homepage\/"},{"@type":"ListItem","position":2,"name":"De Silva Charity"}]},{"@type":"WebSite","@id":"https:\/\/surfschool-srilanka.com\/de\/#website","url":"https:\/\/surfschool-srilanka.com\/de\/","name":"De Silva Windresort Kalpitiya","description":"Kitesurfing, we\u00b4ll make you ride!","publisher":{"@id":"https:\/\/surfschool-srilanka.com\/de\/#organization"},"alternateName":"https:\/\/surfschool-srilanka.com","potentialAction":[{"@type":"SearchAction","target":{"@type":"EntryPoint","urlTemplate":"https:\/\/surfschool-srilanka.com\/de\/?s={search_term_string}"},"query-input":{"@type":"PropertyValueSpecification","valueRequired":true,"valueName":"search_term_string"}}],"inLanguage":"de"},{"@type":"Organization","@id":"https:\/\/surfschool-srilanka.com\/de\/#organization","name":"De Silva Wind Resort Kalpitiya (Pvt.) Ltd","url":"https:\/\/surfschool-srilanka.com\/de\/","logo":{"@type":"ImageObject","inLanguage":"de","@id":"https:\/\/surfschool-srilanka.com\/de\/#\/schema\/logo\/image\/","url":"https:\/\/surfschool-srilanka.com\/wp-content\/uploads\/2020\/03\/logo-rechnungen.png","contentUrl":"https:\/\/surfschool-srilanka.com\/wp-content\/uploads\/2020\/03\/logo-rechnungen.png","width":3216,"height":912,"caption":"De Silva Wind Resort Kalpitiya (Pvt.) Ltd"},"image":{"@id":"https:\/\/surfschool-srilanka.com\/de\/#\/schema\/logo\/image\/"},"sameAs":["https:\/\/www.facebook.com\/windresort.kalpitiya\/","https:\/\/www.instagram.com\/desilva.windresort\/","https:\/\/www.youtube.com\/c\/KitesurfingSrilankaDESILVAWindresortKalpitiya\/videos","https:\/\/www.tiktok.com\/@desilvawindresort"]}]}},"_links":{"self":[{"href":"https:\/\/surfschool-srilanka.com\/de\/wp-json\/wp\/v2\/pages\/5506","targetHints":{"allow":["GET"]}}],"collection":[{"href":"https:\/\/surfschool-srilanka.com\/de\/wp-json\/wp\/v2\/pages"}],"about":[{"href":"https:\/\/surfschool-srilanka.com\/de\/wp-json\/wp\/v2\/types\/page"}],"author":[{"embeddable":true,"href":"https:\/\/surfschool-srilanka.com\/de\/wp-json\/wp\/v2\/users\/3"}],"replies":[{"embeddable":true,"href":"https:\/\/surfschool-srilanka.com\/de\/wp-json\/wp\/v2\/comments?post=5506"}],"version-history":[{"count":0,"href":"https:\/\/surfschool-srilanka.com\/de\/wp-json\/wp\/v2\/pages\/5506\/revisions"}],"wp:attachment":[{"href":"https:\/\/surfschool-srilanka.com\/de\/wp-json\/wp\/v2\/media?parent=5506"}],"curies":[{"name":"wp","href":"https:\/\/api.w.org\/{rel}","templated":true}]}}