{"id":5522,"date":"2020-07-09T12:20:03","date_gmt":"2020-07-09T11:20:03","guid":{"rendered":"https:\/\/surfschool-srilanka.com\/north-kiteboarding\/north-kiteboarding-orbit-kite-beschreibung\/"},"modified":"2023-03-16T21:29:14","modified_gmt":"2023-03-16T20:29:14","slug":"north-kiteboarding-orbit-kite-beschreibung","status":"publish","type":"page","link":"https:\/\/surfschool-srilanka.com\/de\/north-kiteboarding\/north-kiteboarding-orbit-kite-beschreibung\/","title":{"rendered":"North Kiteboarding Orbit Kite Beschreibung"},"content":{"rendered":"<p>[et_pb_section fb_built=&#8220;1&#8243; _builder_version=&#8220;4.4.3&#8243; background_color=&#8220;#e8e6de&#8220;][et_pb_row column_structure=&#8220;1_2,1_2&#8243; _builder_version=&#8220;4.4.3&#8243;][et_pb_column type=&#8220;1_2&#8243; _builder_version=&#8220;4.4.3&#8243; background_color=&#8220;#d6c7c2&#8243;][et_pb_text _builder_version=&#8220;4.4.3&#8243; text_text_color=&#8220;#000000&#8243; header_text_color=&#8220;#000000&#8243; text_orientation=&#8220;center&#8220; min_height=&#8220;50px&#8220; custom_margin=&#8220;30px||20px||false|false&#8220; hover_enabled=&#8220;0&#8243;]<\/p>\n<h1 style=\"text-align: center;\"><span style=\"color: #000000;\">Orbit Kite<\/span><\/h1>\n<p style=\"text-align: center;\"><span>FREERIDE \/ BIG AIR<\/span><\/p>\n<p>[\/et_pb_text][et_pb_text _builder_version=&#8220;4.4.3&#8243; text_text_color=&#8220;#333333&#8243; custom_margin=&#8220;|30px||30px|false|false&#8220; hover_enabled=&#8220;0&#8243;]Big jumps. Big hang time. Big wind range. Big Air und Hangtime das ist das Revier des North Orbit, dem 5 Strut Hochleister Kite von North Kiteboarding. Ausgestattet mit einer breiten Windrange und von Grund auf neu entwickelt um Dich wie eine Rakete hochzuschie\u00dfen! H\u00f6helaufen war noch nie einfacher. Der North Orbit ist ein Freeride Kite, der in allen Bedingungen zuhause ist &#8211; \u00e4u\u00dferst berechenbar unterst\u00fctzt Dich der Kite in allen Situationen maximal. Der leichte Bardruck und der gro\u00dfe Sweetspot helfen Dir den North Orbit pr\u00e4zise zu steuern und Tricks zu landen, die Du zuvor f\u00fcr unm\u00f6glich gehalten hast. Die steife Rahmenkonstruktion l\u00e4sst Dich auch in \u00fcberpowerten Sessions, bei Megaloops und b\u00f6igen Bedingungen nicht im Stich. Von der Natur erprobt und von unseren Athleten bew\u00e4hrt. Der massive Lift und die unglaubliche Hangtime konnte man bereits beim Red Bull King of the Air in Kapstadt bewundern, wo Nick Jacobsen und Jesse Richman Big Air Jumps, Megaloops und sogar unhooked Action zum Besten gaben.[\/et_pb_text][et_pb_button button_url=&#8220;https:\/\/www.northkb.com\/en\/180-warranty&#8220; url_new_window=&#8220;on&#8220; button_text=&#8220;+365 Tage Garantie&#8220; button_alignment=&#8220;center&#8220; _builder_version=&#8220;4.4.3&#8243; button_text_color=&#8220;#ffffff&#8220; button_bg_color=&#8220;#e6c302&#8243; custom_margin=&#8220;||||false|false&#8220;][\/et_pb_button][et_pb_text _builder_version=&#8220;4.4.3&#8243; background_color=&#8220;#e6c302&#8243; custom_margin=&#8220;-4px||-16px|||&#8220; custom_padding=&#8220;|0px||||&#8220; hover_enabled=&#8220;0&#8243;]<\/p>\n<table cellspacing=\"0\" cellpadding=\"0\">\n<tbody>\n<tr>\n<td valign=\"top\">\n<h1 style=\"padding-bottom: 0px;\"><span style=\"color: #ffffff;\"> Style Guide Orbit<\/span><\/h1>\n<\/td>\n<\/tr>\n<tr>\n<td valign=\"top\"><span face=\"Helvetica\" size=\"2\" color=\"#000000\" style=\"color: #000000; font-family: Helvetica; font-size: small;\">FREERIDE &#8211; BIG AIR \/ WINDRANGE \/ HANGTIME<\/span><\/td>\n<td valign=\"top\">\n<p align=\"right\"><span color=\"#000000\" face=\"Helvetica\" size=\"2\" style=\"color: #000000; font-family: Helvetica; font-size: small;\">10<\/span><\/p>\n<\/td>\n<\/tr>\n<tr>\n<td valign=\"top\"><span face=\"Helvetica\" size=\"2\" color=\"#000000\" style=\"color: #000000; font-family: Helvetica; font-size: small;\">FREESTYLE\/WAKESTYLE &#8211; SLACK \/ POP<\/span><\/td>\n<td valign=\"top\">\n<p align=\"right\"><span color=\"#000000\" face=\"Helvetica\" style=\"color: #000000; font-family: Helvetica;\">8<\/span><\/p>\n<\/td>\n<\/tr>\n<tr>\n<td valign=\"top\"><span face=\"Helvetica\" size=\"2\" color=\"#000000\" style=\"color: #000000; font-family: Helvetica; font-size: small;\">SURF &#8211; DRIFT \/ TURNING \/ ON-OFF POWER<\/span><\/td>\n<td valign=\"top\">\n<p align=\"right\"><span color=\"#000000\" face=\"Helvetica\" size=\"2\" style=\"color: #000000; font-family: Helvetica; font-size: small;\">8<\/span><\/p>\n<\/td>\n<\/tr>\n<tr>\n<td valign=\"top\"><span face=\"Helvetica\" size=\"2\" color=\"#000000\" style=\"color: #000000; font-family: Helvetica; font-size: small;\">TURNING SPEED &#8211; LOOP \/ FAST TURNING<\/span><\/td>\n<td valign=\"top\">\n<p align=\"right\"><span face=\"Helvetica\" size=\"2\" color=\"#000000\" style=\"color: #000000; font-family: Helvetica; font-size: small;\">9<\/span><\/p>\n<\/td>\n<\/tr>\n<tr>\n<td valign=\"top\"><span face=\"Helvetica\" size=\"2\" color=\"#000000\" style=\"color: #000000; font-family: Helvetica; font-size: small;\">PROGRESSION &#8211; EASY RELAUNCH \/ STABILITY<\/span><\/td>\n<td valign=\"top\">\n<p align=\"right\"><span face=\"Helvetica\" size=\"2\" color=\"#000000\" style=\"color: #000000; font-family: Helvetica; font-size: small;\">10<\/span><\/p>\n<\/td>\n<\/tr>\n<tr>\n<td valign=\"top\"><span face=\"Helvetica\" size=\"2\" color=\"#000000\" style=\"color: #000000; font-family: Helvetica; font-size: small;\">FOIL &#8211; FLYING ABILITY LIGHTWIND<\/span><\/td>\n<td valign=\"top\">\n<p align=\"right\"><span face=\"Helvetica\" size=\"2\" color=\"#000000\" style=\"color: #000000; font-family: Helvetica; font-size: small;\">7<\/span><\/p>\n<\/td>\n<\/tr>\n<\/tbody>\n<\/table>\n<p>[\/et_pb_text][\/et_pb_column][et_pb_column type=&#8220;1_2&#8243; _builder_version=&#8220;4.4.3&#8243;][et_pb_video src=&#8220;https:\/\/www.youtube.com\/watch?v=lbjoBz8RiDg&#8220; _builder_version=&#8220;4.4.3&#8243; hover_enabled=&#8220;0&#8243;][\/et_pb_video][et_pb_blurb title=&#8220;Ph\u00e4nomenaler Auftrieb und Hangtime&#8220; use_icon=&#8220;on&#8220; font_icon=&#8220;%%202%%&#8220; icon_color=&#8220;#00ad99&#8243; icon_placement=&#8220;left&#8220; use_icon_font_size=&#8220;on&#8220; icon_font_size=&#8220;26px&#8220; _builder_version=&#8220;4.4.1&#8243; header_font=&#8220;Lato||||||||&#8220; header_font_size=&#8220;14px&#8220; header_line_height=&#8220;1.4em&#8220; custom_margin=&#8220;7px||8px|||&#8220; animation=&#8220;off&#8220;]<\/p>\n<p>Effizientes Design im Zentrum f\u00fcr mehr Auftrieb und mega Big Airs<\/p>\n<p>[\/et_pb_blurb][et_pb_blurb title=&#8220;Leistungsstarke 5-Strut Performance&#8220; use_icon=&#8220;on&#8220; font_icon=&#8220;%%202%%&#8220; icon_color=&#8220;#00ad99&#8243; icon_placement=&#8220;left&#8220; use_icon_font_size=&#8220;on&#8220; icon_font_size=&#8220;26px&#8220; _builder_version=&#8220;4.4.1&#8243; header_font=&#8220;Lato||||||||&#8220; header_font_size=&#8220;14px&#8220; header_line_height=&#8220;1.4em&#8220; custom_margin=&#8220;7px||8px|||&#8220; animation=&#8220;off&#8220;]<\/p>\n<p>Leistungsstarkes 5-Strut-Design f\u00fcr mehr Stabilit\u00e4t f\u00fcr allen Bedingungen<\/p>\n<p>[\/et_pb_blurb][et_pb_blurb title=&#8220;Unglaubliche upwind Performance&#8220; use_icon=&#8220;on&#8220; font_icon=&#8220;%%202%%&#8220; icon_color=&#8220;#00ad99&#8243; icon_placement=&#8220;left&#8220; use_icon_font_size=&#8220;on&#8220; icon_font_size=&#8220;26px&#8220; _builder_version=&#8220;4.4.1&#8243; header_font=&#8220;Lato||||||||&#8220; header_font_size=&#8220;14px&#8220; header_line_height=&#8220;1.4em&#8220; custom_margin=&#8220;7px||8px|||&#8220; animation=&#8220;off&#8220;]<\/p>\n<p>Das &#8222;low drag Design&#8220; beh\u00e4lt den Kite weiter vorne im Windfenster<\/p>\n<p>[\/et_pb_blurb][et_pb_blurb title=&#8220;Hochaspekt-Sweep-Design&#8220; use_icon=&#8220;on&#8220; font_icon=&#8220;%%202%%&#8220; icon_color=&#8220;#00ad99&#8243; icon_placement=&#8220;left&#8220; use_icon_font_size=&#8220;on&#8220; icon_font_size=&#8220;26px&#8220; _builder_version=&#8220;4.4.1&#8243; header_font=&#8220;Lato||||||||&#8220; header_font_size=&#8220;14px&#8220; header_line_height=&#8220;1.4em&#8220; custom_margin=&#8220;7px||8px|||&#8220; animation=&#8220;off&#8220;]<\/p>\n<p>Einfacherer Relaunch durch einen gro\u00dfen Mittelbereich<\/p>\n<p>[\/et_pb_blurb][et_pb_blurb title=&#8220;Kontrolliertes Fahrgef\u00fchl&#8220; use_icon=&#8220;on&#8220; font_icon=&#8220;%%202%%&#8220; icon_color=&#8220;#00ad99&#8243; icon_placement=&#8220;left&#8220; use_icon_font_size=&#8220;on&#8220; icon_font_size=&#8220;26px&#8220; _builder_version=&#8220;4.4.1&#8243; header_font=&#8220;Lato||||||||&#8220; header_font_size=&#8220;14px&#8220; header_line_height=&#8220;1.4em&#8220; custom_margin=&#8220;7px||8px|||&#8220; animation=&#8220;off&#8220;]<\/p>\n<p>Geringer Bardruck zur leichteren Steuerung des Kites<\/p>\n<p>[\/et_pb_blurb][\/et_pb_column][\/et_pb_row][\/et_pb_section][et_pb_section fb_built=&#8220;1&#8243; _builder_version=&#8220;4.4.3&#8243; background_image=&#8220;https:\/\/surfschool-srilanka.com\/wp-content\/uploads\/2020\/03\/24_Surfboards_Comp_Jalou_3000x1500.png&#8220; parallax=&#8220;on&#8220; custom_padding=&#8220;||||false|false&#8220; global_module=&#8220;3229&#8243; saved_tabs=&#8220;all&#8220;][et_pb_row _builder_version=&#8220;4.4.1&#8243;][et_pb_column type=&#8220;4_4&#8243; _builder_version=&#8220;4.4.1&#8243;][et_pb_text _builder_version=&#8220;4.4.3&#8243; custom_padding=&#8220;||||false|false&#8220; header_text_shadow_style=&#8220;preset3&#8243;]<\/p>\n<h1 style=\"text-align: right;\"><span style=\"color: #ffffff;\">Bist du bereit dein neues North Kitematerial zu kaufen?<br \/><\/span><span style=\"color: #ffffff;\">Warum nicht hier in Sri Lanka?<\/span><\/h1>\n<p>[\/et_pb_text][\/et_pb_column][\/et_pb_row][et_pb_row column_structure=&#8220;1_3,1_3,1_3&#8243; _builder_version=&#8220;4.4.1&#8243; custom_padding=&#8220;23px|||||&#8220;][et_pb_column type=&#8220;1_3&#8243; _builder_version=&#8220;4.4.1&#8243;][\/et_pb_column][et_pb_column type=&#8220;1_3&#8243; _builder_version=&#8220;4.4.1&#8243;][et_pb_button button_text=&#8220;erhalte einen 15% Gutschein f\u00fcr ein Produkt deiner Wahl aus unserem Surfshop&#8220; _builder_version=&#8220;4.4.3&#8243; button_text_color=&#8220;#000000&#8243; button_bg_color=&#8220;#e8e6de&#8220; background_layout=&#8220;light&#8220; custom_margin=&#8220;||||false|false&#8220;][\/et_pb_button][et_pb_text _builder_version=&#8220;4.4.3&#8243; text_font_size=&#8220;16px&#8220; text_orientation=&#8220;justified&#8220; background_layout=&#8220;dark&#8220; custom_margin=&#8220;||||false|false&#8220; text_text_shadow_style=&#8220;preset3&#8243;]<\/p>\n<p>Nutze den zus\u00e4tzlichen 15% Gutschein f\u00fcr ein Produkt deiner Wahl aus unserem Surfshop, indem du dein Zimmer direkt online bei uns buchst und erhalten Sie weitere -5% vom Zimmergrundpreis.<\/p>\n<p>[\/et_pb_text][et_pb_button button_text=&#8220;Buche dein Zimmer online und erhalte -5% auf den Zimmergrundpreis&#8220; _builder_version=&#8220;4.4.3&#8243; button_text_color=&#8220;#ffffff&#8220; button_bg_color=&#8220;#666666&#8243; custom_margin=&#8220;||||false|false&#8220;][\/et_pb_button][\/et_pb_column][et_pb_column type=&#8220;1_3&#8243; _builder_version=&#8220;4.4.1&#8243;][et_pb_button button_text=&#8220;Kaufe deinen neuen Kite bei uns und erhalten die Mietgeb\u00fchr zur\u00fcck&#8220; _builder_version=&#8220;4.4.3&#8243; button_text_color=&#8220;#ffffff&#8220; custom_margin=&#8220;||||false|false&#8220;][\/et_pb_button][et_pb_text _builder_version=&#8220;4.4.3&#8243; text_font_size=&#8220;16px&#8220; text_orientation=&#8220;justified&#8220; background_layout=&#8220;dark&#8220; custom_margin=&#8220;||||false|false&#8220; text_text_shadow_style=&#8220;preset3&#8243;]<\/p>\n<h3 style=\"text-align: left;\"><strong>Die Qual der Wahl &#8211; um deine Entscheidung einfacher zu machen, bieten wir dir Folgendes:<\/strong><\/h3>\n<p>W\u00e4hrend deines Aufenthaltes buchst du ganz normalen Kiteverleih. Hier hast du die M\u00f6glichkeit, alle North Kites auszuprobieren. Wenn du deinen neuen Liebglings Kite gefunden hast, kannst du gleich den Orbit, Pulse, Reach oder Carve mit Bar mit nach Hause nehmen. Und f\u00fcr dich das Beste daran ist, dass wir dir die bereits berechneten Verleihkosten (max. 10 Tage Kite &amp; Bar im Wert von 245\u20ac) von deinem neuen Kitekauf abziehen!<\/p>\n<p>[\/et_pb_text][et_pb_button button_url=&#8220;https:\/\/www.northkb.com\/en\/180-warranty&#8220; url_new_window=&#8220;on&#8220; button_text=&#8220;+365 Tage Garantie&#8220; button_alignment=&#8220;left&#8220; _builder_version=&#8220;4.4.3&#8243; button_text_color=&#8220;#ffffff&#8220; button_bg_color=&#8220;#e6c302&#8243; custom_margin=&#8220;||||false|false&#8220;][\/et_pb_button][et_pb_text _builder_version=&#8220;4.4.3&#8243; text_font_size=&#8220;16px&#8220; text_orientation=&#8220;justified&#8220; background_layout=&#8220;dark&#8220; custom_margin=&#8220;||||false|false&#8220; custom_padding=&#8220;||||false|false&#8220; text_text_shadow_style=&#8220;preset3&#8243;]<\/p>\n<p><span>Diese Garantie gilt f\u00fcr neue North-Produkte, die NUR bei einem autorisierten North Kiteboarding-Center, Einzelh\u00e4ndler oder Distributor oder \u00fcber die North Kiteboard-Website erworben wurden. <\/span><\/p>\n<p>[\/et_pb_text][\/et_pb_column][\/et_pb_row][\/et_pb_section]<\/p>\n","protected":false},"excerpt":{"rendered":"<p>Orbit Kite FREERIDE \/ BIG AIRBig jumps. Big hang time. Big wind range. Big Air und Hangtime das ist das Revier des North Orbit, dem 5 Strut Hochleister Kite von North Kiteboarding. Ausgestattet mit einer breiten Windrange und von Grund auf neu entwickelt um Dich wie eine Rakete hochzuschie\u00dfen! H\u00f6helaufen war noch nie einfacher. Der [&hellip;]<\/p>\n","protected":false},"author":3,"featured_media":0,"parent":5514,"menu_order":0,"comment_status":"closed","ping_status":"closed","template":"","meta":{"_et_pb_use_builder":"on","_et_pb_old_content":"","_et_gb_content_width":"","footnotes":""},"class_list":["post-5522","page","type-page","status-publish","hentry"],"yoast_head":"<!-- This site is optimized with the Yoast SEO Premium plugin v27.5 (Yoast SEO v27.5) - https:\/\/yoast.com\/product\/yoast-seo-premium-wordpress\/ -->\n<title>North Kiteboarding Orbit Kite Beschreibung | De Silva Windresort Kalpitiya<\/title>\n<meta name=\"robots\" content=\"index, follow, max-snippet:-1, max-image-preview:large, max-video-preview:-1\" \/>\n<link rel=\"canonical\" href=\"https:\/\/surfschool-srilanka.com\/de\/north-kiteboarding\/north-kiteboarding-orbit-kite-beschreibung\/\" \/>\n<meta property=\"og:locale\" content=\"de_DE\" \/>\n<meta property=\"og:type\" content=\"article\" \/>\n<meta property=\"og:title\" content=\"North Kiteboarding Orbit Kite Beschreibung\" \/>\n<meta property=\"og:description\" content=\"Orbit Kite FREERIDE \/ BIG AIRBig jumps. Big hang time. Big wind range. Big Air und Hangtime das ist das Revier des North Orbit, dem 5 Strut Hochleister Kite von North Kiteboarding. Ausgestattet mit einer breiten Windrange und von Grund auf neu entwickelt um Dich wie eine Rakete hochzuschie\u00dfen! H\u00f6helaufen war noch nie einfacher. Der [&hellip;]\" \/>\n<meta property=\"og:url\" content=\"https:\/\/surfschool-srilanka.com\/de\/north-kiteboarding\/north-kiteboarding-orbit-kite-beschreibung\/\" \/>\n<meta property=\"og:site_name\" content=\"De Silva Windresort Kalpitiya\" \/>\n<meta property=\"article:publisher\" content=\"https:\/\/www.facebook.com\/windresort.kalpitiya\/\" \/>\n<meta property=\"article:modified_time\" content=\"2023-03-16T20:29:14+00:00\" \/>\n<meta property=\"og:image\" content=\"https:\/\/surfschool-srilanka.com\/wp-content\/uploads\/2024\/11\/DeSilva_LogoNeu_Black.png\" \/>\n\t<meta property=\"og:image:width\" content=\"1072\" \/>\n\t<meta property=\"og:image:height\" content=\"992\" \/>\n\t<meta property=\"og:image:type\" content=\"image\/png\" \/>\n<meta name=\"twitter:card\" content=\"summary_large_image\" \/>\n<meta name=\"twitter:label1\" content=\"Gesch\u00e4tzte Lesezeit\" \/>\n\t<meta name=\"twitter:data1\" content=\"6\u00a0Minuten\" \/>\n<script type=\"application\/ld+json\" class=\"yoast-schema-graph\">{\"@context\":\"https:\\\/\\\/schema.org\",\"@graph\":[{\"@type\":\"WebPage\",\"@id\":\"https:\\\/\\\/surfschool-srilanka.com\\\/de\\\/north-kiteboarding\\\/north-kiteboarding-orbit-kite-beschreibung\\\/\",\"url\":\"https:\\\/\\\/surfschool-srilanka.com\\\/de\\\/north-kiteboarding\\\/north-kiteboarding-orbit-kite-beschreibung\\\/\",\"name\":\"North Kiteboarding Orbit Kite Beschreibung | De Silva Windresort Kalpitiya\",\"isPartOf\":{\"@id\":\"https:\\\/\\\/surfschool-srilanka.com\\\/de\\\/#website\"},\"datePublished\":\"2020-07-09T11:20:03+00:00\",\"dateModified\":\"2023-03-16T20:29:14+00:00\",\"breadcrumb\":{\"@id\":\"https:\\\/\\\/surfschool-srilanka.com\\\/de\\\/north-kiteboarding\\\/north-kiteboarding-orbit-kite-beschreibung\\\/#breadcrumb\"},\"inLanguage\":\"de\",\"potentialAction\":[{\"@type\":\"ReadAction\",\"target\":[\"https:\\\/\\\/surfschool-srilanka.com\\\/de\\\/north-kiteboarding\\\/north-kiteboarding-orbit-kite-beschreibung\\\/\"]}]},{\"@type\":\"BreadcrumbList\",\"@id\":\"https:\\\/\\\/surfschool-srilanka.com\\\/de\\\/north-kiteboarding\\\/north-kiteboarding-orbit-kite-beschreibung\\\/#breadcrumb\",\"itemListElement\":[{\"@type\":\"ListItem\",\"position\":1,\"name\":\"Startseite\",\"item\":\"https:\\\/\\\/surfschool-srilanka.com\\\/de\\\/homepage\\\/\"},{\"@type\":\"ListItem\",\"position\":2,\"name\":\"North Kiteboarding\",\"item\":\"https:\\\/\\\/surfschool-srilanka.com\\\/de\\\/north-kiteboarding\\\/\"},{\"@type\":\"ListItem\",\"position\":3,\"name\":\"North Kiteboarding Orbit Kite Beschreibung\"}]},{\"@type\":\"WebSite\",\"@id\":\"https:\\\/\\\/surfschool-srilanka.com\\\/de\\\/#website\",\"url\":\"https:\\\/\\\/surfschool-srilanka.com\\\/de\\\/\",\"name\":\"De Silva Windresort Kalpitiya\",\"description\":\"Kitesurfing, we\u00b4ll make you ride!\",\"publisher\":{\"@id\":\"https:\\\/\\\/surfschool-srilanka.com\\\/de\\\/#organization\"},\"alternateName\":\"https:\\\/\\\/surfschool-srilanka.com\",\"potentialAction\":[{\"@type\":\"SearchAction\",\"target\":{\"@type\":\"EntryPoint\",\"urlTemplate\":\"https:\\\/\\\/surfschool-srilanka.com\\\/de\\\/?s={search_term_string}\"},\"query-input\":{\"@type\":\"PropertyValueSpecification\",\"valueRequired\":true,\"valueName\":\"search_term_string\"}}],\"inLanguage\":\"de\"},{\"@type\":\"Organization\",\"@id\":\"https:\\\/\\\/surfschool-srilanka.com\\\/de\\\/#organization\",\"name\":\"De Silva Wind Resort Kalpitiya (Pvt.) Ltd\",\"url\":\"https:\\\/\\\/surfschool-srilanka.com\\\/de\\\/\",\"logo\":{\"@type\":\"ImageObject\",\"inLanguage\":\"de\",\"@id\":\"https:\\\/\\\/surfschool-srilanka.com\\\/de\\\/#\\\/schema\\\/logo\\\/image\\\/\",\"url\":\"https:\\\/\\\/surfschool-srilanka.com\\\/wp-content\\\/uploads\\\/2020\\\/03\\\/logo-rechnungen.png\",\"contentUrl\":\"https:\\\/\\\/surfschool-srilanka.com\\\/wp-content\\\/uploads\\\/2020\\\/03\\\/logo-rechnungen.png\",\"width\":3216,\"height\":912,\"caption\":\"De Silva Wind Resort Kalpitiya (Pvt.) Ltd\"},\"image\":{\"@id\":\"https:\\\/\\\/surfschool-srilanka.com\\\/de\\\/#\\\/schema\\\/logo\\\/image\\\/\"},\"sameAs\":[\"https:\\\/\\\/www.facebook.com\\\/windresort.kalpitiya\\\/\",\"https:\\\/\\\/www.instagram.com\\\/desilva.windresort\\\/\",\"https:\\\/\\\/www.youtube.com\\\/c\\\/KitesurfingSrilankaDESILVAWindresortKalpitiya\\\/videos\",\"https:\\\/\\\/www.tiktok.com\\\/@desilvawindresort\"]}]}<\/script>\n<!-- \/ Yoast SEO Premium plugin. -->","yoast_head_json":{"title":"North Kiteboarding Orbit Kite Beschreibung | De Silva Windresort Kalpitiya","robots":{"index":"index","follow":"follow","max-snippet":"max-snippet:-1","max-image-preview":"max-image-preview:large","max-video-preview":"max-video-preview:-1"},"canonical":"https:\/\/surfschool-srilanka.com\/de\/north-kiteboarding\/north-kiteboarding-orbit-kite-beschreibung\/","og_locale":"de_DE","og_type":"article","og_title":"North Kiteboarding Orbit Kite Beschreibung","og_description":"Orbit Kite FREERIDE \/ BIG AIRBig jumps. Big hang time. Big wind range. Big Air und Hangtime das ist das Revier des North Orbit, dem 5 Strut Hochleister Kite von North Kiteboarding. Ausgestattet mit einer breiten Windrange und von Grund auf neu entwickelt um Dich wie eine Rakete hochzuschie\u00dfen! H\u00f6helaufen war noch nie einfacher. Der [&hellip;]","og_url":"https:\/\/surfschool-srilanka.com\/de\/north-kiteboarding\/north-kiteboarding-orbit-kite-beschreibung\/","og_site_name":"De Silva Windresort Kalpitiya","article_publisher":"https:\/\/www.facebook.com\/windresort.kalpitiya\/","article_modified_time":"2023-03-16T20:29:14+00:00","og_image":[{"width":1072,"height":992,"url":"https:\/\/surfschool-srilanka.com\/wp-content\/uploads\/2024\/11\/DeSilva_LogoNeu_Black.png","type":"image\/png"}],"twitter_card":"summary_large_image","twitter_misc":{"Gesch\u00e4tzte Lesezeit":"6\u00a0Minuten"},"schema":{"@context":"https:\/\/schema.org","@graph":[{"@type":"WebPage","@id":"https:\/\/surfschool-srilanka.com\/de\/north-kiteboarding\/north-kiteboarding-orbit-kite-beschreibung\/","url":"https:\/\/surfschool-srilanka.com\/de\/north-kiteboarding\/north-kiteboarding-orbit-kite-beschreibung\/","name":"North Kiteboarding Orbit Kite Beschreibung | De Silva Windresort Kalpitiya","isPartOf":{"@id":"https:\/\/surfschool-srilanka.com\/de\/#website"},"datePublished":"2020-07-09T11:20:03+00:00","dateModified":"2023-03-16T20:29:14+00:00","breadcrumb":{"@id":"https:\/\/surfschool-srilanka.com\/de\/north-kiteboarding\/north-kiteboarding-orbit-kite-beschreibung\/#breadcrumb"},"inLanguage":"de","potentialAction":[{"@type":"ReadAction","target":["https:\/\/surfschool-srilanka.com\/de\/north-kiteboarding\/north-kiteboarding-orbit-kite-beschreibung\/"]}]},{"@type":"BreadcrumbList","@id":"https:\/\/surfschool-srilanka.com\/de\/north-kiteboarding\/north-kiteboarding-orbit-kite-beschreibung\/#breadcrumb","itemListElement":[{"@type":"ListItem","position":1,"name":"Startseite","item":"https:\/\/surfschool-srilanka.com\/de\/homepage\/"},{"@type":"ListItem","position":2,"name":"North Kiteboarding","item":"https:\/\/surfschool-srilanka.com\/de\/north-kiteboarding\/"},{"@type":"ListItem","position":3,"name":"North Kiteboarding Orbit Kite Beschreibung"}]},{"@type":"WebSite","@id":"https:\/\/surfschool-srilanka.com\/de\/#website","url":"https:\/\/surfschool-srilanka.com\/de\/","name":"De Silva Windresort Kalpitiya","description":"Kitesurfing, we\u00b4ll make you ride!","publisher":{"@id":"https:\/\/surfschool-srilanka.com\/de\/#organization"},"alternateName":"https:\/\/surfschool-srilanka.com","potentialAction":[{"@type":"SearchAction","target":{"@type":"EntryPoint","urlTemplate":"https:\/\/surfschool-srilanka.com\/de\/?s={search_term_string}"},"query-input":{"@type":"PropertyValueSpecification","valueRequired":true,"valueName":"search_term_string"}}],"inLanguage":"de"},{"@type":"Organization","@id":"https:\/\/surfschool-srilanka.com\/de\/#organization","name":"De Silva Wind Resort Kalpitiya (Pvt.) Ltd","url":"https:\/\/surfschool-srilanka.com\/de\/","logo":{"@type":"ImageObject","inLanguage":"de","@id":"https:\/\/surfschool-srilanka.com\/de\/#\/schema\/logo\/image\/","url":"https:\/\/surfschool-srilanka.com\/wp-content\/uploads\/2020\/03\/logo-rechnungen.png","contentUrl":"https:\/\/surfschool-srilanka.com\/wp-content\/uploads\/2020\/03\/logo-rechnungen.png","width":3216,"height":912,"caption":"De Silva Wind Resort Kalpitiya (Pvt.) Ltd"},"image":{"@id":"https:\/\/surfschool-srilanka.com\/de\/#\/schema\/logo\/image\/"},"sameAs":["https:\/\/www.facebook.com\/windresort.kalpitiya\/","https:\/\/www.instagram.com\/desilva.windresort\/","https:\/\/www.youtube.com\/c\/KitesurfingSrilankaDESILVAWindresortKalpitiya\/videos","https:\/\/www.tiktok.com\/@desilvawindresort"]}]}},"_links":{"self":[{"href":"https:\/\/surfschool-srilanka.com\/de\/wp-json\/wp\/v2\/pages\/5522","targetHints":{"allow":["GET"]}}],"collection":[{"href":"https:\/\/surfschool-srilanka.com\/de\/wp-json\/wp\/v2\/pages"}],"about":[{"href":"https:\/\/surfschool-srilanka.com\/de\/wp-json\/wp\/v2\/types\/page"}],"author":[{"embeddable":true,"href":"https:\/\/surfschool-srilanka.com\/de\/wp-json\/wp\/v2\/users\/3"}],"replies":[{"embeddable":true,"href":"https:\/\/surfschool-srilanka.com\/de\/wp-json\/wp\/v2\/comments?post=5522"}],"version-history":[{"count":3,"href":"https:\/\/surfschool-srilanka.com\/de\/wp-json\/wp\/v2\/pages\/5522\/revisions"}],"predecessor-version":[{"id":8336,"href":"https:\/\/surfschool-srilanka.com\/de\/wp-json\/wp\/v2\/pages\/5522\/revisions\/8336"}],"up":[{"embeddable":true,"href":"https:\/\/surfschool-srilanka.com\/de\/wp-json\/wp\/v2\/pages\/5514"}],"wp:attachment":[{"href":"https:\/\/surfschool-srilanka.com\/de\/wp-json\/wp\/v2\/media?parent=5522"}],"curies":[{"name":"wp","href":"https:\/\/api.w.org\/{rel}","templated":true}]}}