{"id":5923,"date":"2021-03-21T18:54:24","date_gmt":"2021-03-21T17:54:24","guid":{"rendered":"https:\/\/surfschool-srilanka.com\/de-silva-windresort-kalpitiya-ist-das-beste-kitesurf-camp-fuer-singles\/"},"modified":"2023-04-06T20:35:48","modified_gmt":"2023-04-06T19:35:48","slug":"de-silva-windresort-kalpitiya-ist-das-beste-kitesurf-camp-fuer-singles","status":"publish","type":"page","link":"https:\/\/surfschool-srilanka.com\/de\/de-silva-windresort-kalpitiya-ist-das-beste-kitesurf-camp-fuer-singles\/","title":{"rendered":"De Silva Windresort Kalpitiya ist das beste Kitesurf-Camp f\u00fcr Singles"},"content":{"rendered":"<p><img decoding=\"async\" class=\"wp-image-5798 size-full aligncenter\" src=\"https:\/\/surfschool-srilanka.com\/wp-content\/uploads\/2021\/01\/kitesurf-camp-for-singles.jpg\" alt=\"Kitecamp f\u00fcr Singles\" width=\"1024\" height=\"683\" srcset=\"https:\/\/surfschool-srilanka.com\/wp-content\/uploads\/2021\/01\/kitesurf-camp-for-singles.jpg 1024w, https:\/\/surfschool-srilanka.com\/wp-content\/uploads\/2021\/01\/kitesurf-camp-for-singles-980x654.jpg 980w, https:\/\/surfschool-srilanka.com\/wp-content\/uploads\/2021\/01\/kitesurf-camp-for-singles-480x320.jpg 480w\" sizes=\"(min-width: 0px) and (max-width: 480px) 480px, (min-width: 481px) and (max-width: 980px) 980px, (min-width: 981px) 1024px, 100vw\" \/><\/p>\n<p>Sri Lanka, der tropfenf\u00f6rmige Inselstaat an der unteren Spitze des indischen Subkontinents, ist ein Land f\u00fcr alle Jahreszeiten. Von goldenen Str\u00e4nden bis hin zu heilsamen Gebirgsketten in malerischer Umgebung und einem Ort, an dem der erste Mensch Adam seinen Fu\u00df setzte, wie die lokale Folklore glaubt. Die pr\u00e4chtige Insel bietet nicht nur eine malerische Kulisse, sondern auch einen der weltweit beliebtesten Orte zum Kitesurfen und <strong>windsurfen in sri lanka.<\/strong> Wenn du ein Outdoor-Enthusiast sind und das Meer dein Lieblingselement ist, dann <strong>Kitesurfing Sri Lanka<\/strong> ist der Sport, dem Sie fr\u00f6nen sollten.<\/p>\n<p>Um dir den Kick f\u00fcr einen action geladenen Urlaub zu geben, hat das De Silva Windresort an der K\u00fcstenstadt Kalpitiya im Nordwesten des Inselstaates die beste Kite-Schule Sri Lankas. Du k\u00f6nntest deine m\u00fcden Glieder nach einem anstrengenden, aber unterhaltsamen und aufregenden Tag am Meer ausruhen, wenn du im besten Kite-Resort Sri Lankas buchst. Ein paar Stunden Autofahrt w\u00fcrden dich in das beste Kitesurfcamp f\u00fcr Singles bringen. Wenn ihr eine Gruppe von Kumpels seid, die auf der Suche nach einem echten Spa\u00df-Erlebnis sind, dann sollte das De Silva Windresort in Kalpitiya euer n\u00e4chstes Ziel sein. Jeder Hobby- und Profi-Kitesurfer und Windsurfer, der unsere Gastfreundschaft genossen hat, best\u00e4tigt die Tatsache, dass wir der beste Ort zum <strong>Kitesurfen f\u00fcr Anf\u00e4nger<\/strong> sind.<\/p>\n<p>W\u00e4hrend wir Singles bedienen, sind wir auch ein familienorientiertes Kite Resort Sri Lanka mit komfortablen, gem\u00fctlichen und sauberen Unterk\u00fcnften f\u00fcr alle. Wir gelten als das <strong>beste Kitesurf-Familienhotel Sri Lankas<\/strong>und sind stolz auf unsere jederzeit eingehaltenen Sicherheitsstandards. Unser Team von engagierten Trainern, angef\u00fchrt von keinem Geringeren als dem vierfachen nationalen Windsurfing-Champion von Sri Lanka, Upul De Silva, steht euch zur Seite, um euch einen aufregenden und angenehmen Aufenthalt zu garantieren.<\/p>\n<p>Im De Silva Windresort verwenden wir die beste in der Branche verf\u00fcgbare Ausr\u00fcstung, die du gegen eine geringe Geb\u00fchr mieten oder in unserem nahegelegenen Gesch\u00e4ft zu g\u00fcnstigen Preisen kaufen kannst. Zudem kannst du auch deine eigene Ausr\u00fcstung mitbringen, die wir gerne kostenlos einlagern. F\u00fcr deinen n\u00e4chsten spannenden Urlaub klickst du auf <a href=\"https:\/\/surfschool-srilanka.com\/\">https:\/\/surfschool-srilanka.com\/<\/a>und fliegst hierher.<\/p>\n","protected":false},"excerpt":{"rendered":"<p>Sri Lanka, der tropfenf\u00f6rmige Inselstaat an der unteren Spitze des indischen Subkontinents, ist ein Land f\u00fcr alle Jahreszeiten. Von goldenen Str\u00e4nden bis hin zu heilsamen Gebirgsketten in malerischer Umgebung und einem Ort, an dem der erste Mensch Adam seinen Fu\u00df setzte, wie die lokale Folklore glaubt. Die pr\u00e4chtige Insel bietet nicht nur eine malerische Kulisse, [&hellip;]<\/p>\n","protected":false},"author":6,"featured_media":5799,"parent":0,"menu_order":0,"comment_status":"closed","ping_status":"closed","template":"","meta":{"_et_pb_use_builder":"","_et_pb_old_content":"","_et_gb_content_width":"","footnotes":""},"class_list":["post-5923","page","type-page","status-publish","has-post-thumbnail","hentry"],"yoast_head":"<!-- This site is optimized with the Yoast SEO Premium plugin v27.0 (Yoast SEO v27.0) - https:\/\/yoast.com\/product\/yoast-seo-premium-wordpress\/ -->\n<title>Kitesurf-Camp f\u00fcr Singles in Sri Lanka | De Silva Windresort Kalpitiya<\/title>\n<meta name=\"robots\" content=\"index, follow, max-snippet:-1, max-image-preview:large, max-video-preview:-1\" \/>\n<link rel=\"canonical\" href=\"https:\/\/surfschool-srilanka.com\/de\/de-silva-windresort-kalpitiya-ist-das-beste-kitesurf-camp-fuer-singles\/\" \/>\n<meta property=\"og:locale\" content=\"de_DE\" \/>\n<meta property=\"og:type\" content=\"article\" \/>\n<meta property=\"og:title\" content=\"De Silva Windresort Kalpitiya ist das beste Kitesurf-Camp f\u00fcr Singles\" \/>\n<meta property=\"og:description\" content=\"Sri Lanka, der tropfenf\u00f6rmige Inselstaat an der unteren Spitze des indischen Subkontinents, ist ein Land f\u00fcr alle Jahreszeiten. Von goldenen Str\u00e4nden bis hin zu heilsamen Gebirgsketten in malerischer Umgebung und einem Ort, an dem der erste Mensch Adam seinen Fu\u00df setzte, wie die lokale Folklore glaubt. Die pr\u00e4chtige Insel bietet nicht nur eine malerische Kulisse, [&hellip;]\" \/>\n<meta property=\"og:url\" content=\"https:\/\/surfschool-srilanka.com\/de\/de-silva-windresort-kalpitiya-ist-das-beste-kitesurf-camp-fuer-singles\/\" \/>\n<meta property=\"og:site_name\" content=\"De Silva Windresort Kalpitiya\" \/>\n<meta property=\"article:publisher\" content=\"https:\/\/www.facebook.com\/windresort.kalpitiya\/\" \/>\n<meta property=\"article:modified_time\" content=\"2023-04-06T19:35:48+00:00\" \/>\n<meta property=\"og:image\" content=\"https:\/\/surfschool-srilanka.com\/wp-content\/uploads\/2021\/01\/kitesurf-camp-for-singles.jpg\" \/>\n\t<meta property=\"og:image:width\" content=\"1024\" \/>\n\t<meta property=\"og:image:height\" content=\"683\" \/>\n\t<meta property=\"og:image:type\" content=\"image\/jpeg\" \/>\n<meta name=\"twitter:card\" content=\"summary_large_image\" \/>\n<meta name=\"twitter:label1\" content=\"Gesch\u00e4tzte Lesezeit\" \/>\n\t<meta name=\"twitter:data1\" content=\"2\u00a0Minuten\" \/>\n<script type=\"application\/ld+json\" class=\"yoast-schema-graph\">{\"@context\":\"https:\/\/schema.org\",\"@graph\":[{\"@type\":\"WebPage\",\"@id\":\"https:\/\/surfschool-srilanka.com\/de\/de-silva-windresort-kalpitiya-ist-das-beste-kitesurf-camp-fuer-singles\/\",\"url\":\"https:\/\/surfschool-srilanka.com\/de\/de-silva-windresort-kalpitiya-ist-das-beste-kitesurf-camp-fuer-singles\/\",\"name\":\"Kitesurf-Camp f\u00fcr Singles in Sri Lanka | De Silva Windresort Kalpitiya\",\"isPartOf\":{\"@id\":\"https:\/\/surfschool-srilanka.com\/de\/#website\"},\"primaryImageOfPage\":{\"@id\":\"https:\/\/surfschool-srilanka.com\/de\/de-silva-windresort-kalpitiya-ist-das-beste-kitesurf-camp-fuer-singles\/#primaryimage\"},\"image\":{\"@id\":\"https:\/\/surfschool-srilanka.com\/de\/de-silva-windresort-kalpitiya-ist-das-beste-kitesurf-camp-fuer-singles\/#primaryimage\"},\"thumbnailUrl\":\"https:\/\/surfschool-srilanka.com\/wp-content\/uploads\/2021\/01\/kitesurf-camp-for-singles.jpg\",\"datePublished\":\"2021-03-21T17:54:24+00:00\",\"dateModified\":\"2023-04-06T19:35:48+00:00\",\"breadcrumb\":{\"@id\":\"https:\/\/surfschool-srilanka.com\/de\/de-silva-windresort-kalpitiya-ist-das-beste-kitesurf-camp-fuer-singles\/#breadcrumb\"},\"inLanguage\":\"de\",\"potentialAction\":[{\"@type\":\"ReadAction\",\"target\":[\"https:\/\/surfschool-srilanka.com\/de\/de-silva-windresort-kalpitiya-ist-das-beste-kitesurf-camp-fuer-singles\/\"]}]},{\"@type\":\"ImageObject\",\"inLanguage\":\"de\",\"@id\":\"https:\/\/surfschool-srilanka.com\/de\/de-silva-windresort-kalpitiya-ist-das-beste-kitesurf-camp-fuer-singles\/#primaryimage\",\"url\":\"https:\/\/surfschool-srilanka.com\/wp-content\/uploads\/2021\/01\/kitesurf-camp-for-singles.jpg\",\"contentUrl\":\"https:\/\/surfschool-srilanka.com\/wp-content\/uploads\/2021\/01\/kitesurf-camp-for-singles.jpg\",\"width\":1024,\"height\":683,\"caption\":\"kitesurf camp for singles\"},{\"@type\":\"BreadcrumbList\",\"@id\":\"https:\/\/surfschool-srilanka.com\/de\/de-silva-windresort-kalpitiya-ist-das-beste-kitesurf-camp-fuer-singles\/#breadcrumb\",\"itemListElement\":[{\"@type\":\"ListItem\",\"position\":1,\"name\":\"Startseite\",\"item\":\"https:\/\/surfschool-srilanka.com\/de\/homepage\/\"},{\"@type\":\"ListItem\",\"position\":2,\"name\":\"De Silva Windresort Kalpitiya ist das beste Kitesurf-Camp f\u00fcr Singles\"}]},{\"@type\":\"WebSite\",\"@id\":\"https:\/\/surfschool-srilanka.com\/de\/#website\",\"url\":\"https:\/\/surfschool-srilanka.com\/de\/\",\"name\":\"De Silva Windresort Kalpitiya\",\"description\":\"Kitesurfing, we\u00b4ll make you ride!\",\"publisher\":{\"@id\":\"https:\/\/surfschool-srilanka.com\/de\/#organization\"},\"alternateName\":\"https:\/\/surfschool-srilanka.com\",\"potentialAction\":[{\"@type\":\"SearchAction\",\"target\":{\"@type\":\"EntryPoint\",\"urlTemplate\":\"https:\/\/surfschool-srilanka.com\/de\/?s={search_term_string}\"},\"query-input\":{\"@type\":\"PropertyValueSpecification\",\"valueRequired\":true,\"valueName\":\"search_term_string\"}}],\"inLanguage\":\"de\"},{\"@type\":\"Organization\",\"@id\":\"https:\/\/surfschool-srilanka.com\/de\/#organization\",\"name\":\"De Silva Wind Resort Kalpitiya (Pvt.) Ltd\",\"url\":\"https:\/\/surfschool-srilanka.com\/de\/\",\"logo\":{\"@type\":\"ImageObject\",\"inLanguage\":\"de\",\"@id\":\"https:\/\/surfschool-srilanka.com\/de\/#\/schema\/logo\/image\/\",\"url\":\"https:\/\/surfschool-srilanka.com\/wp-content\/uploads\/2020\/03\/logo-rechnungen.png\",\"contentUrl\":\"https:\/\/surfschool-srilanka.com\/wp-content\/uploads\/2020\/03\/logo-rechnungen.png\",\"width\":3216,\"height\":912,\"caption\":\"De Silva Wind Resort Kalpitiya (Pvt.) Ltd\"},\"image\":{\"@id\":\"https:\/\/surfschool-srilanka.com\/de\/#\/schema\/logo\/image\/\"},\"sameAs\":[\"https:\/\/www.facebook.com\/windresort.kalpitiya\/\",\"https:\/\/www.instagram.com\/desilva.windresort\/\",\"https:\/\/www.youtube.com\/c\/KitesurfingSrilankaDESILVAWindresortKalpitiya\/videos\",\"https:\/\/www.tiktok.com\/@desilvawindresort\"]}]}<\/script>\n<!-- \/ Yoast SEO Premium plugin. -->","yoast_head_json":{"title":"Kitesurf-Camp f\u00fcr Singles in Sri Lanka | De Silva Windresort Kalpitiya","robots":{"index":"index","follow":"follow","max-snippet":"max-snippet:-1","max-image-preview":"max-image-preview:large","max-video-preview":"max-video-preview:-1"},"canonical":"https:\/\/surfschool-srilanka.com\/de\/de-silva-windresort-kalpitiya-ist-das-beste-kitesurf-camp-fuer-singles\/","og_locale":"de_DE","og_type":"article","og_title":"De Silva Windresort Kalpitiya ist das beste Kitesurf-Camp f\u00fcr Singles","og_description":"Sri Lanka, der tropfenf\u00f6rmige Inselstaat an der unteren Spitze des indischen Subkontinents, ist ein Land f\u00fcr alle Jahreszeiten. Von goldenen Str\u00e4nden bis hin zu heilsamen Gebirgsketten in malerischer Umgebung und einem Ort, an dem der erste Mensch Adam seinen Fu\u00df setzte, wie die lokale Folklore glaubt. Die pr\u00e4chtige Insel bietet nicht nur eine malerische Kulisse, [&hellip;]","og_url":"https:\/\/surfschool-srilanka.com\/de\/de-silva-windresort-kalpitiya-ist-das-beste-kitesurf-camp-fuer-singles\/","og_site_name":"De Silva Windresort Kalpitiya","article_publisher":"https:\/\/www.facebook.com\/windresort.kalpitiya\/","article_modified_time":"2023-04-06T19:35:48+00:00","og_image":[{"width":1024,"height":683,"url":"https:\/\/surfschool-srilanka.com\/wp-content\/uploads\/2021\/01\/kitesurf-camp-for-singles.jpg","type":"image\/jpeg"}],"twitter_card":"summary_large_image","twitter_misc":{"Gesch\u00e4tzte Lesezeit":"2\u00a0Minuten"},"schema":{"@context":"https:\/\/schema.org","@graph":[{"@type":"WebPage","@id":"https:\/\/surfschool-srilanka.com\/de\/de-silva-windresort-kalpitiya-ist-das-beste-kitesurf-camp-fuer-singles\/","url":"https:\/\/surfschool-srilanka.com\/de\/de-silva-windresort-kalpitiya-ist-das-beste-kitesurf-camp-fuer-singles\/","name":"Kitesurf-Camp f\u00fcr Singles in Sri Lanka | De Silva Windresort Kalpitiya","isPartOf":{"@id":"https:\/\/surfschool-srilanka.com\/de\/#website"},"primaryImageOfPage":{"@id":"https:\/\/surfschool-srilanka.com\/de\/de-silva-windresort-kalpitiya-ist-das-beste-kitesurf-camp-fuer-singles\/#primaryimage"},"image":{"@id":"https:\/\/surfschool-srilanka.com\/de\/de-silva-windresort-kalpitiya-ist-das-beste-kitesurf-camp-fuer-singles\/#primaryimage"},"thumbnailUrl":"https:\/\/surfschool-srilanka.com\/wp-content\/uploads\/2021\/01\/kitesurf-camp-for-singles.jpg","datePublished":"2021-03-21T17:54:24+00:00","dateModified":"2023-04-06T19:35:48+00:00","breadcrumb":{"@id":"https:\/\/surfschool-srilanka.com\/de\/de-silva-windresort-kalpitiya-ist-das-beste-kitesurf-camp-fuer-singles\/#breadcrumb"},"inLanguage":"de","potentialAction":[{"@type":"ReadAction","target":["https:\/\/surfschool-srilanka.com\/de\/de-silva-windresort-kalpitiya-ist-das-beste-kitesurf-camp-fuer-singles\/"]}]},{"@type":"ImageObject","inLanguage":"de","@id":"https:\/\/surfschool-srilanka.com\/de\/de-silva-windresort-kalpitiya-ist-das-beste-kitesurf-camp-fuer-singles\/#primaryimage","url":"https:\/\/surfschool-srilanka.com\/wp-content\/uploads\/2021\/01\/kitesurf-camp-for-singles.jpg","contentUrl":"https:\/\/surfschool-srilanka.com\/wp-content\/uploads\/2021\/01\/kitesurf-camp-for-singles.jpg","width":1024,"height":683,"caption":"kitesurf camp for singles"},{"@type":"BreadcrumbList","@id":"https:\/\/surfschool-srilanka.com\/de\/de-silva-windresort-kalpitiya-ist-das-beste-kitesurf-camp-fuer-singles\/#breadcrumb","itemListElement":[{"@type":"ListItem","position":1,"name":"Startseite","item":"https:\/\/surfschool-srilanka.com\/de\/homepage\/"},{"@type":"ListItem","position":2,"name":"De Silva Windresort Kalpitiya ist das beste Kitesurf-Camp f\u00fcr Singles"}]},{"@type":"WebSite","@id":"https:\/\/surfschool-srilanka.com\/de\/#website","url":"https:\/\/surfschool-srilanka.com\/de\/","name":"De Silva Windresort Kalpitiya","description":"Kitesurfing, we\u00b4ll make you ride!","publisher":{"@id":"https:\/\/surfschool-srilanka.com\/de\/#organization"},"alternateName":"https:\/\/surfschool-srilanka.com","potentialAction":[{"@type":"SearchAction","target":{"@type":"EntryPoint","urlTemplate":"https:\/\/surfschool-srilanka.com\/de\/?s={search_term_string}"},"query-input":{"@type":"PropertyValueSpecification","valueRequired":true,"valueName":"search_term_string"}}],"inLanguage":"de"},{"@type":"Organization","@id":"https:\/\/surfschool-srilanka.com\/de\/#organization","name":"De Silva Wind Resort Kalpitiya (Pvt.) Ltd","url":"https:\/\/surfschool-srilanka.com\/de\/","logo":{"@type":"ImageObject","inLanguage":"de","@id":"https:\/\/surfschool-srilanka.com\/de\/#\/schema\/logo\/image\/","url":"https:\/\/surfschool-srilanka.com\/wp-content\/uploads\/2020\/03\/logo-rechnungen.png","contentUrl":"https:\/\/surfschool-srilanka.com\/wp-content\/uploads\/2020\/03\/logo-rechnungen.png","width":3216,"height":912,"caption":"De Silva Wind Resort Kalpitiya (Pvt.) Ltd"},"image":{"@id":"https:\/\/surfschool-srilanka.com\/de\/#\/schema\/logo\/image\/"},"sameAs":["https:\/\/www.facebook.com\/windresort.kalpitiya\/","https:\/\/www.instagram.com\/desilva.windresort\/","https:\/\/www.youtube.com\/c\/KitesurfingSrilankaDESILVAWindresortKalpitiya\/videos","https:\/\/www.tiktok.com\/@desilvawindresort"]}]}},"_links":{"self":[{"href":"https:\/\/surfschool-srilanka.com\/de\/wp-json\/wp\/v2\/pages\/5923","targetHints":{"allow":["GET"]}}],"collection":[{"href":"https:\/\/surfschool-srilanka.com\/de\/wp-json\/wp\/v2\/pages"}],"about":[{"href":"https:\/\/surfschool-srilanka.com\/de\/wp-json\/wp\/v2\/types\/page"}],"author":[{"embeddable":true,"href":"https:\/\/surfschool-srilanka.com\/de\/wp-json\/wp\/v2\/users\/6"}],"replies":[{"embeddable":true,"href":"https:\/\/surfschool-srilanka.com\/de\/wp-json\/wp\/v2\/comments?post=5923"}],"version-history":[{"count":1,"href":"https:\/\/surfschool-srilanka.com\/de\/wp-json\/wp\/v2\/pages\/5923\/revisions"}],"predecessor-version":[{"id":8905,"href":"https:\/\/surfschool-srilanka.com\/de\/wp-json\/wp\/v2\/pages\/5923\/revisions\/8905"}],"wp:featuredmedia":[{"embeddable":true,"href":"https:\/\/surfschool-srilanka.com\/de\/wp-json\/wp\/v2\/media\/5799"}],"wp:attachment":[{"href":"https:\/\/surfschool-srilanka.com\/de\/wp-json\/wp\/v2\/media?parent=5923"}],"curies":[{"name":"wp","href":"https:\/\/api.w.org\/{rel}","templated":true}]}}