{"id":7161,"date":"2022-10-19T21:35:44","date_gmt":"2022-10-19T20:35:44","guid":{"rendered":"https:\/\/surfschool-srilanka.com\/de-silva-windresort-in-kalpitiya-ist-der-beste-ort-zum-kitesurfen-fuer-anfaenger\/"},"modified":"2023-03-16T21:29:25","modified_gmt":"2023-03-16T20:29:25","slug":"de-silva-windresort-in-kalpitiya-ist-der-beste-ort-zum-kitesurfen-fuer-anfaenger","status":"publish","type":"page","link":"https:\/\/surfschool-srilanka.com\/de\/de-silva-windresort-in-kalpitiya-ist-der-beste-ort-zum-kitesurfen-fuer-anfaenger\/","title":{"rendered":"De Silva Windresort in Kalpitiya ist der beste Ort zum Kitesurfen f\u00fcr Anf\u00e4nger"},"content":{"rendered":"<p><img decoding=\"async\" class=\"alignnone wp-image-5802 size-full\" src=\"https:\/\/surfschool-srilanka.com\/wp-content\/uploads\/2021\/01\/best-kitesurfing-place-for-beginners.jpg\" alt=\"bester Kitesurf Platz f\u00fcr Anf\u00e4nger\" width=\"1600\" height=\"1200\" srcset=\"https:\/\/surfschool-srilanka.com\/wp-content\/uploads\/2021\/01\/best-kitesurfing-place-for-beginners.jpg 1600w, https:\/\/surfschool-srilanka.com\/wp-content\/uploads\/2021\/01\/best-kitesurfing-place-for-beginners-1280x960.jpg 1280w, https:\/\/surfschool-srilanka.com\/wp-content\/uploads\/2021\/01\/best-kitesurfing-place-for-beginners-980x735.jpg 980w, https:\/\/surfschool-srilanka.com\/wp-content\/uploads\/2021\/01\/best-kitesurfing-place-for-beginners-480x360.jpg 480w\" sizes=\"(min-width: 0px) and (max-width: 480px) 480px, (min-width: 481px) and (max-width: 980px) 980px, (min-width: 981px) and (max-width: 1280px) 1280px, (min-width: 1281px) 1600px, 100vw\" \/><\/p>\n<p>Wenn du auf der Suche nach dem<strong>besten Kitesurf-Ort f\u00fcr Anf\u00e4nger<\/strong> bist, dann bist du bei uns richtig &#8211; es ist nicht wie die Suche nach einer Nadel im Heuhaufen. Die spannende Aufregung, die du ausleben w\u00fcrdest, ist nur einen Sprung entfernt und mit einer <strong>Kitesurf Anf\u00e4ngerkurs in der Kite-Schule Sri Lanka<\/strong>k\u00f6nntest du die T\u00fcren zu einer sehr adrenalinreichen Erfahrung \u00f6ffnen. Das Angebot eines aufregenden Urlaubs steht dir zur Verf\u00fcgung und du w\u00fcrdest etwas erleben, was nur die sch\u00f6nen K\u00fcsten Sri Lankas bieten k\u00f6nnen.<\/p>\n<p>Klick einfach auf die Webseite <a href=\"https:\/\/surfschool-srilanka.com\/\">https:\/\/surfschool-srilanka.com\/<\/a>und sofort wirst du verbunden mit der besten Kitesurf und <strong>Windsurfschule Sri Lankas! <\/strong>Geleitet von qualifizierten Fachleuten und angef\u00fchrt von Upul De Silva, der viermalige Windsurf Nationalmeister Sri Lankas &#8211; hier bist du definitiv in guten und sicheren H\u00e4nden.<\/p>\n<p>Wir laden dich herzlich ein, den aufregendsten und erholsamsten Urlaub aller Zeiten mit uns am Indischen Ozean zu verbringen. Unser <strong>Kitesurf-Familienhotel Srilanka<\/strong> bietet Gastfreundschaft auf einem Silbertablett, f\u00fcr die unser Land seit Jahrhunderten bekannt ist. Die vielen Reisenden, die unsere Gestade beehrt haben, sprechen B\u00e4nde \u00fcber unser sch\u00f6nes Land und vor allem die ausgedehnte Gastfreundschaft. Wenn du zus\u00e4tzlich auf der Suche nach einem Outdoor-Erlebnis par excellence bist, dann ist Kitesurfen in Sri Lanka definitiv der richtige Ort f\u00fcr dich.<\/p>\n<p>Es mag viele Kite-Resorts in Sri Lanka geben, aber der Ort, an dem sich alles abspielt, ist kein anderer als vor der K\u00fcste von Kalpitiya, im Nordwesten dieses pr\u00e4chtigen Inselstaates. Der genaue Standort w\u00e4re ohne jeden Zweifel das De Silva Windresort. Sicherheit ist das oberste Gebot und es wird nichts unversucht gelassen, um sicherzustellen, dass alle internationalen Sicherheitsvorschriften eingehalten werden und zu jeder Zeit eine f\u00fcr alle f\u00f6rderliche Umgebung aufrechterhalten wird.<\/p>\n<p>Wenn du dich deinen Kumpels anschlie\u00dft und den Nervenkitzel von <strong>Kitesurfen in Sri Lanka<\/strong>erleben willst, dann packe deine Ausr\u00fcstung ein oder wir k\u00f6nnen sie dir ausleihen und komm und genie\u00dfe die Sonne und den Spa\u00df. Diejenigen, die unsere Einrichtungen besucht und erlebt haben, nehmen unverf\u00e4lschte Erinnerungen mit, denn wir sind das beste <strong>Kitesurf-Camp f\u00fcr Singles<\/strong>. Du w\u00fcrdest einige sch\u00f6ne Erinnerungen mit nach Hause nehmen, die in dir bleiben, bis die K\u00fcste von Kalpitiya dich wieder anlockt. De Silva Windresort w\u00fcrde sich freuen, dich immer mit offenen Armen zu empfangen.<\/p>\n","protected":false},"excerpt":{"rendered":"<p>Wenn du auf der Suche nach dembesten Kitesurf-Ort f\u00fcr Anf\u00e4nger bist, dann bist du bei uns richtig &#8211; es ist nicht wie die Suche nach einer Nadel im Heuhaufen. Die spannende Aufregung, die du ausleben w\u00fcrdest, ist nur einen Sprung entfernt und mit einer Kitesurf Anf\u00e4ngerkurs in der Kite-Schule Sri Lankak\u00f6nntest du die T\u00fcren zu [&hellip;]<\/p>\n","protected":false},"author":6,"featured_media":5803,"parent":0,"menu_order":0,"comment_status":"closed","ping_status":"closed","template":"","meta":{"_et_pb_use_builder":"","_et_pb_old_content":"","_et_gb_content_width":"","footnotes":""},"class_list":["post-7161","page","type-page","status-publish","has-post-thumbnail","hentry"],"yoast_head":"<!-- This site is optimized with the Yoast SEO Premium plugin v27.0 (Yoast SEO v27.0) - https:\/\/yoast.com\/product\/yoast-seo-premium-wordpress\/ -->\n<title>Bester Ort zum Kitesurfen f\u00fcr Anf\u00e4nger in Sri Lanka | De Silva Windresort Kalpitiya<\/title>\n<meta name=\"robots\" content=\"index, follow, max-snippet:-1, max-image-preview:large, max-video-preview:-1\" \/>\n<link rel=\"canonical\" href=\"https:\/\/surfschool-srilanka.com\/de\/de-silva-windresort-in-kalpitiya-ist-der-beste-ort-zum-kitesurfen-fuer-anfaenger\/\" \/>\n<meta property=\"og:locale\" content=\"de_DE\" \/>\n<meta property=\"og:type\" content=\"article\" \/>\n<meta property=\"og:title\" content=\"De Silva Windresort in Kalpitiya ist der beste Ort zum Kitesurfen f\u00fcr Anf\u00e4nger\" \/>\n<meta property=\"og:description\" content=\"Wenn du auf der Suche nach dembesten Kitesurf-Ort f\u00fcr Anf\u00e4nger bist, dann bist du bei uns richtig &#8211; es ist nicht wie die Suche nach einer Nadel im Heuhaufen. Die spannende Aufregung, die du ausleben w\u00fcrdest, ist nur einen Sprung entfernt und mit einer Kitesurf Anf\u00e4ngerkurs in der Kite-Schule Sri Lankak\u00f6nntest du die T\u00fcren zu [&hellip;]\" \/>\n<meta property=\"og:url\" content=\"https:\/\/surfschool-srilanka.com\/de\/de-silva-windresort-in-kalpitiya-ist-der-beste-ort-zum-kitesurfen-fuer-anfaenger\/\" \/>\n<meta property=\"og:site_name\" content=\"De Silva Windresort Kalpitiya\" \/>\n<meta property=\"article:publisher\" content=\"https:\/\/www.facebook.com\/windresort.kalpitiya\/\" \/>\n<meta property=\"article:modified_time\" content=\"2023-03-16T20:29:25+00:00\" \/>\n<meta property=\"og:image\" content=\"https:\/\/surfschool-srilanka.com\/wp-content\/uploads\/2021\/01\/best-kitesurfing-place-for-beginners.jpg\" \/>\n\t<meta property=\"og:image:width\" content=\"1600\" \/>\n\t<meta property=\"og:image:height\" content=\"1200\" \/>\n\t<meta property=\"og:image:type\" content=\"image\/jpeg\" \/>\n<meta name=\"twitter:card\" content=\"summary_large_image\" \/>\n<meta name=\"twitter:label1\" content=\"Gesch\u00e4tzte Lesezeit\" \/>\n\t<meta name=\"twitter:data1\" content=\"2\u00a0Minuten\" \/>\n<script type=\"application\/ld+json\" class=\"yoast-schema-graph\">{\"@context\":\"https:\/\/schema.org\",\"@graph\":[{\"@type\":\"WebPage\",\"@id\":\"https:\/\/surfschool-srilanka.com\/de\/de-silva-windresort-in-kalpitiya-ist-der-beste-ort-zum-kitesurfen-fuer-anfaenger\/\",\"url\":\"https:\/\/surfschool-srilanka.com\/de\/de-silva-windresort-in-kalpitiya-ist-der-beste-ort-zum-kitesurfen-fuer-anfaenger\/\",\"name\":\"Bester Ort zum Kitesurfen f\u00fcr Anf\u00e4nger in Sri Lanka | De Silva Windresort Kalpitiya\",\"isPartOf\":{\"@id\":\"https:\/\/surfschool-srilanka.com\/de\/#website\"},\"primaryImageOfPage\":{\"@id\":\"https:\/\/surfschool-srilanka.com\/de\/de-silva-windresort-in-kalpitiya-ist-der-beste-ort-zum-kitesurfen-fuer-anfaenger\/#primaryimage\"},\"image\":{\"@id\":\"https:\/\/surfschool-srilanka.com\/de\/de-silva-windresort-in-kalpitiya-ist-der-beste-ort-zum-kitesurfen-fuer-anfaenger\/#primaryimage\"},\"thumbnailUrl\":\"https:\/\/surfschool-srilanka.com\/wp-content\/uploads\/2021\/01\/best-kitesurfing-place-for-beginners.jpg\",\"datePublished\":\"2022-10-19T20:35:44+00:00\",\"dateModified\":\"2023-03-16T20:29:25+00:00\",\"breadcrumb\":{\"@id\":\"https:\/\/surfschool-srilanka.com\/de\/de-silva-windresort-in-kalpitiya-ist-der-beste-ort-zum-kitesurfen-fuer-anfaenger\/#breadcrumb\"},\"inLanguage\":\"de\",\"potentialAction\":[{\"@type\":\"ReadAction\",\"target\":[\"https:\/\/surfschool-srilanka.com\/de\/de-silva-windresort-in-kalpitiya-ist-der-beste-ort-zum-kitesurfen-fuer-anfaenger\/\"]}]},{\"@type\":\"ImageObject\",\"inLanguage\":\"de\",\"@id\":\"https:\/\/surfschool-srilanka.com\/de\/de-silva-windresort-in-kalpitiya-ist-der-beste-ort-zum-kitesurfen-fuer-anfaenger\/#primaryimage\",\"url\":\"https:\/\/surfschool-srilanka.com\/wp-content\/uploads\/2021\/01\/best-kitesurfing-place-for-beginners.jpg\",\"contentUrl\":\"https:\/\/surfschool-srilanka.com\/wp-content\/uploads\/2021\/01\/best-kitesurfing-place-for-beginners.jpg\",\"width\":1600,\"height\":1200,\"caption\":\"best kitesurfing place for beginners\"},{\"@type\":\"BreadcrumbList\",\"@id\":\"https:\/\/surfschool-srilanka.com\/de\/de-silva-windresort-in-kalpitiya-ist-der-beste-ort-zum-kitesurfen-fuer-anfaenger\/#breadcrumb\",\"itemListElement\":[{\"@type\":\"ListItem\",\"position\":1,\"name\":\"Startseite\",\"item\":\"https:\/\/surfschool-srilanka.com\/de\/homepage\/\"},{\"@type\":\"ListItem\",\"position\":2,\"name\":\"De Silva Windresort in Kalpitiya ist der beste Ort zum Kitesurfen f\u00fcr Anf\u00e4nger\"}]},{\"@type\":\"WebSite\",\"@id\":\"https:\/\/surfschool-srilanka.com\/de\/#website\",\"url\":\"https:\/\/surfschool-srilanka.com\/de\/\",\"name\":\"De Silva Windresort Kalpitiya\",\"description\":\"Kitesurfing, we\u00b4ll make you ride!\",\"publisher\":{\"@id\":\"https:\/\/surfschool-srilanka.com\/de\/#organization\"},\"alternateName\":\"https:\/\/surfschool-srilanka.com\",\"potentialAction\":[{\"@type\":\"SearchAction\",\"target\":{\"@type\":\"EntryPoint\",\"urlTemplate\":\"https:\/\/surfschool-srilanka.com\/de\/?s={search_term_string}\"},\"query-input\":{\"@type\":\"PropertyValueSpecification\",\"valueRequired\":true,\"valueName\":\"search_term_string\"}}],\"inLanguage\":\"de\"},{\"@type\":\"Organization\",\"@id\":\"https:\/\/surfschool-srilanka.com\/de\/#organization\",\"name\":\"De Silva Wind Resort Kalpitiya (Pvt.) Ltd\",\"url\":\"https:\/\/surfschool-srilanka.com\/de\/\",\"logo\":{\"@type\":\"ImageObject\",\"inLanguage\":\"de\",\"@id\":\"https:\/\/surfschool-srilanka.com\/de\/#\/schema\/logo\/image\/\",\"url\":\"https:\/\/surfschool-srilanka.com\/wp-content\/uploads\/2020\/03\/logo-rechnungen.png\",\"contentUrl\":\"https:\/\/surfschool-srilanka.com\/wp-content\/uploads\/2020\/03\/logo-rechnungen.png\",\"width\":3216,\"height\":912,\"caption\":\"De Silva Wind Resort Kalpitiya (Pvt.) Ltd\"},\"image\":{\"@id\":\"https:\/\/surfschool-srilanka.com\/de\/#\/schema\/logo\/image\/\"},\"sameAs\":[\"https:\/\/www.facebook.com\/windresort.kalpitiya\/\",\"https:\/\/www.instagram.com\/desilva.windresort\/\",\"https:\/\/www.youtube.com\/c\/KitesurfingSrilankaDESILVAWindresortKalpitiya\/videos\",\"https:\/\/www.tiktok.com\/@desilvawindresort\"]}]}<\/script>\n<!-- \/ Yoast SEO Premium plugin. -->","yoast_head_json":{"title":"Bester Ort zum Kitesurfen f\u00fcr Anf\u00e4nger in Sri Lanka | De Silva Windresort Kalpitiya","robots":{"index":"index","follow":"follow","max-snippet":"max-snippet:-1","max-image-preview":"max-image-preview:large","max-video-preview":"max-video-preview:-1"},"canonical":"https:\/\/surfschool-srilanka.com\/de\/de-silva-windresort-in-kalpitiya-ist-der-beste-ort-zum-kitesurfen-fuer-anfaenger\/","og_locale":"de_DE","og_type":"article","og_title":"De Silva Windresort in Kalpitiya ist der beste Ort zum Kitesurfen f\u00fcr Anf\u00e4nger","og_description":"Wenn du auf der Suche nach dembesten Kitesurf-Ort f\u00fcr Anf\u00e4nger bist, dann bist du bei uns richtig &#8211; es ist nicht wie die Suche nach einer Nadel im Heuhaufen. Die spannende Aufregung, die du ausleben w\u00fcrdest, ist nur einen Sprung entfernt und mit einer Kitesurf Anf\u00e4ngerkurs in der Kite-Schule Sri Lankak\u00f6nntest du die T\u00fcren zu [&hellip;]","og_url":"https:\/\/surfschool-srilanka.com\/de\/de-silva-windresort-in-kalpitiya-ist-der-beste-ort-zum-kitesurfen-fuer-anfaenger\/","og_site_name":"De Silva Windresort Kalpitiya","article_publisher":"https:\/\/www.facebook.com\/windresort.kalpitiya\/","article_modified_time":"2023-03-16T20:29:25+00:00","og_image":[{"width":1600,"height":1200,"url":"https:\/\/surfschool-srilanka.com\/wp-content\/uploads\/2021\/01\/best-kitesurfing-place-for-beginners.jpg","type":"image\/jpeg"}],"twitter_card":"summary_large_image","twitter_misc":{"Gesch\u00e4tzte Lesezeit":"2\u00a0Minuten"},"schema":{"@context":"https:\/\/schema.org","@graph":[{"@type":"WebPage","@id":"https:\/\/surfschool-srilanka.com\/de\/de-silva-windresort-in-kalpitiya-ist-der-beste-ort-zum-kitesurfen-fuer-anfaenger\/","url":"https:\/\/surfschool-srilanka.com\/de\/de-silva-windresort-in-kalpitiya-ist-der-beste-ort-zum-kitesurfen-fuer-anfaenger\/","name":"Bester Ort zum Kitesurfen f\u00fcr Anf\u00e4nger in Sri Lanka | De Silva Windresort Kalpitiya","isPartOf":{"@id":"https:\/\/surfschool-srilanka.com\/de\/#website"},"primaryImageOfPage":{"@id":"https:\/\/surfschool-srilanka.com\/de\/de-silva-windresort-in-kalpitiya-ist-der-beste-ort-zum-kitesurfen-fuer-anfaenger\/#primaryimage"},"image":{"@id":"https:\/\/surfschool-srilanka.com\/de\/de-silva-windresort-in-kalpitiya-ist-der-beste-ort-zum-kitesurfen-fuer-anfaenger\/#primaryimage"},"thumbnailUrl":"https:\/\/surfschool-srilanka.com\/wp-content\/uploads\/2021\/01\/best-kitesurfing-place-for-beginners.jpg","datePublished":"2022-10-19T20:35:44+00:00","dateModified":"2023-03-16T20:29:25+00:00","breadcrumb":{"@id":"https:\/\/surfschool-srilanka.com\/de\/de-silva-windresort-in-kalpitiya-ist-der-beste-ort-zum-kitesurfen-fuer-anfaenger\/#breadcrumb"},"inLanguage":"de","potentialAction":[{"@type":"ReadAction","target":["https:\/\/surfschool-srilanka.com\/de\/de-silva-windresort-in-kalpitiya-ist-der-beste-ort-zum-kitesurfen-fuer-anfaenger\/"]}]},{"@type":"ImageObject","inLanguage":"de","@id":"https:\/\/surfschool-srilanka.com\/de\/de-silva-windresort-in-kalpitiya-ist-der-beste-ort-zum-kitesurfen-fuer-anfaenger\/#primaryimage","url":"https:\/\/surfschool-srilanka.com\/wp-content\/uploads\/2021\/01\/best-kitesurfing-place-for-beginners.jpg","contentUrl":"https:\/\/surfschool-srilanka.com\/wp-content\/uploads\/2021\/01\/best-kitesurfing-place-for-beginners.jpg","width":1600,"height":1200,"caption":"best kitesurfing place for beginners"},{"@type":"BreadcrumbList","@id":"https:\/\/surfschool-srilanka.com\/de\/de-silva-windresort-in-kalpitiya-ist-der-beste-ort-zum-kitesurfen-fuer-anfaenger\/#breadcrumb","itemListElement":[{"@type":"ListItem","position":1,"name":"Startseite","item":"https:\/\/surfschool-srilanka.com\/de\/homepage\/"},{"@type":"ListItem","position":2,"name":"De Silva Windresort in Kalpitiya ist der beste Ort zum Kitesurfen f\u00fcr Anf\u00e4nger"}]},{"@type":"WebSite","@id":"https:\/\/surfschool-srilanka.com\/de\/#website","url":"https:\/\/surfschool-srilanka.com\/de\/","name":"De Silva Windresort Kalpitiya","description":"Kitesurfing, we\u00b4ll make you ride!","publisher":{"@id":"https:\/\/surfschool-srilanka.com\/de\/#organization"},"alternateName":"https:\/\/surfschool-srilanka.com","potentialAction":[{"@type":"SearchAction","target":{"@type":"EntryPoint","urlTemplate":"https:\/\/surfschool-srilanka.com\/de\/?s={search_term_string}"},"query-input":{"@type":"PropertyValueSpecification","valueRequired":true,"valueName":"search_term_string"}}],"inLanguage":"de"},{"@type":"Organization","@id":"https:\/\/surfschool-srilanka.com\/de\/#organization","name":"De Silva Wind Resort Kalpitiya (Pvt.) Ltd","url":"https:\/\/surfschool-srilanka.com\/de\/","logo":{"@type":"ImageObject","inLanguage":"de","@id":"https:\/\/surfschool-srilanka.com\/de\/#\/schema\/logo\/image\/","url":"https:\/\/surfschool-srilanka.com\/wp-content\/uploads\/2020\/03\/logo-rechnungen.png","contentUrl":"https:\/\/surfschool-srilanka.com\/wp-content\/uploads\/2020\/03\/logo-rechnungen.png","width":3216,"height":912,"caption":"De Silva Wind Resort Kalpitiya (Pvt.) Ltd"},"image":{"@id":"https:\/\/surfschool-srilanka.com\/de\/#\/schema\/logo\/image\/"},"sameAs":["https:\/\/www.facebook.com\/windresort.kalpitiya\/","https:\/\/www.instagram.com\/desilva.windresort\/","https:\/\/www.youtube.com\/c\/KitesurfingSrilankaDESILVAWindresortKalpitiya\/videos","https:\/\/www.tiktok.com\/@desilvawindresort"]}]}},"_links":{"self":[{"href":"https:\/\/surfschool-srilanka.com\/de\/wp-json\/wp\/v2\/pages\/7161","targetHints":{"allow":["GET"]}}],"collection":[{"href":"https:\/\/surfschool-srilanka.com\/de\/wp-json\/wp\/v2\/pages"}],"about":[{"href":"https:\/\/surfschool-srilanka.com\/de\/wp-json\/wp\/v2\/types\/page"}],"author":[{"embeddable":true,"href":"https:\/\/surfschool-srilanka.com\/de\/wp-json\/wp\/v2\/users\/6"}],"replies":[{"embeddable":true,"href":"https:\/\/surfschool-srilanka.com\/de\/wp-json\/wp\/v2\/comments?post=7161"}],"version-history":[{"count":1,"href":"https:\/\/surfschool-srilanka.com\/de\/wp-json\/wp\/v2\/pages\/7161\/revisions"}],"predecessor-version":[{"id":8359,"href":"https:\/\/surfschool-srilanka.com\/de\/wp-json\/wp\/v2\/pages\/7161\/revisions\/8359"}],"wp:featuredmedia":[{"embeddable":true,"href":"https:\/\/surfschool-srilanka.com\/de\/wp-json\/wp\/v2\/media\/5803"}],"wp:attachment":[{"href":"https:\/\/surfschool-srilanka.com\/de\/wp-json\/wp\/v2\/media?parent=7161"}],"curies":[{"name":"wp","href":"https:\/\/api.w.org\/{rel}","templated":true}]}}