{"id":7162,"date":"2022-10-19T21:44:02","date_gmt":"2022-10-19T20:44:02","guid":{"rendered":"https:\/\/surfschool-srilanka.com\/geniesse-die-aufregung-des-kitesurfens-in-sri-lanka\/"},"modified":"2023-03-16T21:29:19","modified_gmt":"2023-03-16T20:29:19","slug":"geniesse-die-aufregung-des-kitesurfens-in-sri-lanka","status":"publish","type":"page","link":"https:\/\/surfschool-srilanka.com\/de\/geniesse-die-aufregung-des-kitesurfens-in-sri-lanka\/","title":{"rendered":"Genie\u00dfe die Aufregung des Kitesurfens in Sri Lanka"},"content":{"rendered":"<p><img decoding=\"async\" class=\"alignnone wp-image-5791 size-full\" src=\"https:\/\/surfschool-srilanka.com\/wp-content\/uploads\/2021\/01\/kitesurfing-sri-lanka.jpg\" alt=\"Kitesurfing Sri Lanka\" width=\"2232\" height=\"1454\" srcset=\"https:\/\/surfschool-srilanka.com\/wp-content\/uploads\/2021\/01\/kitesurfing-sri-lanka.jpg 2232w, https:\/\/surfschool-srilanka.com\/wp-content\/uploads\/2021\/01\/kitesurfing-sri-lanka-1280x834.jpg 1280w, https:\/\/surfschool-srilanka.com\/wp-content\/uploads\/2021\/01\/kitesurfing-sri-lanka-980x638.jpg 980w, https:\/\/surfschool-srilanka.com\/wp-content\/uploads\/2021\/01\/kitesurfing-sri-lanka-480x313.jpg 480w\" sizes=\"(min-width: 0px) and (max-width: 480px) 480px, (min-width: 481px) and (max-width: 980px) 980px, (min-width: 981px) and (max-width: 1280px) 1280px, (min-width: 1281px) 2232px, 100vw\" \/><\/p>\n<p>Viele Seefahrer bezeichnen den Inselstaat Sri Lanka, der fr\u00fcher als Ceylon bekannt war, seit jeher als das Paradies schlechthin. Genie\u00dfe auch du, was diese herrliche Insel zu bieten hat, wenn du dich f\u00fcr das <strong>Kite Resort Sri Lanka<\/strong> entscheidest, um dem Sport zu fr\u00f6nen, der dir am meisten am Herzen liegt. Das mit den renommiertesten Marken der Branche ausgestattete und professionell gef\u00fchrte De Silva Wind Resort ist ein einzigartiges Resort an der Nordwestk\u00fcste der Insel. Die K\u00fcste vor der abgelegenen, aber malerischen Kalpitiya-Lagune ist in der Tat ein unvergleichliches Erlebnis f\u00fcr begeisterte <strong>Windsurfing-Liebhaber in Sri Lanka.<\/strong><\/p>\n<p>Die Aufregung ist ungebrochen, und du wirst im wahrsten Sinne des Wortes von den F\u00fc\u00dfen gerissen, vom Indischen Ozean und mit einem optimalen Adrenalinspiegel zur\u00fcckgebracht. Wenn du deine Verwandten in die Aufregung mit einbeziehen m\u00f6chtest, dann ist der beste Ort, um die Erfahrung zu teilen, das beste Kitesurf-Familienhotel in Sri Lanka zu buchen. Es ist so einfach wie das Klicken auf der Website <a href=\"https:\/\/surfschool-srilanka.com\/\">https:\/\/surfschool-srilanka.com\/<\/a> und buche deinen Flug zm Genie\u00dfen und Begeisternmit dem besten Kitesurf-Camp f\u00fcr Singles.<\/p>\n<p>Viele, die hierher gekommen sind, um dem Sport zu fr\u00f6nen, halten die Gew\u00e4sser vor der K\u00fcste von Kalpitiya f\u00fcr den <strong>besten Ort zum Kitesurfen f\u00fcr Einsteiger.<\/strong> Unter fachkundiger Anleitung und unter Einhaltung aller Sicherheitsparameter ist Sri Lanka der ideale Ort, um diesen aufregenden Sport zu erlernen. Champion Upul De Silva hat den nationalen Windsurfing-Titel Sri Lankas vier Jahre in Folge gewonnen. Du kannst von einem Experten lernen und eines Tages selbst ein Experte sein.<\/p>\n<p>Die M\u00f6glichkeiten sind breit gef\u00e4chert und vielf\u00e4ltig. Du kannst unsere erstklassige Ausr\u00fcstung entweder mieten, kaufen oder selbst mitbringen, denn unser Hauptziel ist es, dass du Spa\u00df hast und dich und andere begeistern kannst.<\/p>\n<p>Eine der am schnellsten wachsenden Sportarten auf der ganzen Welt, aber mit nur einer Handvoll Superk\u00fcsten, an denen es richtig spannend wird, ist Sri Lanka mit den Winden in Kalpitiya gesegnet. Die unber\u00fchrte K\u00fcste vor diesem malerischen Ort bietet so viele M\u00f6glichkeiten, dass Sie sich selbst besch\u00e4ftigen und begeistern k\u00f6nnen. Wenn du mit optimaler Aufregung \u00fcber Bord gehen willst, dann ist <strong>Kitesurfen in Sri Lanka<\/strong> dein ideales Ziel, wenn du an Bord deines Flugzeugs gehst.<\/p>\n","protected":false},"excerpt":{"rendered":"<p>Viele Seefahrer bezeichnen den Inselstaat Sri Lanka, der fr\u00fcher als Ceylon bekannt war, seit jeher als das Paradies schlechthin. Genie\u00dfe auch du, was diese herrliche Insel zu bieten hat, wenn du dich f\u00fcr das Kite Resort Sri Lanka entscheidest, um dem Sport zu fr\u00f6nen, der dir am meisten am Herzen liegt. Das mit den renommiertesten [&hellip;]<\/p>\n","protected":false},"author":6,"featured_media":5787,"parent":0,"menu_order":0,"comment_status":"closed","ping_status":"closed","template":"","meta":{"_et_pb_use_builder":"","_et_pb_old_content":"","_et_gb_content_width":"","footnotes":""},"class_list":["post-7162","page","type-page","status-publish","has-post-thumbnail","hentry"],"yoast_head":"<!-- This site is optimized with the Yoast SEO Premium plugin v27.5 (Yoast SEO v27.5) - https:\/\/yoast.com\/product\/yoast-seo-premium-wordpress\/ -->\n<title>Kitesurfing Sri Lanka | De Silva Windresort Kalpitiya<\/title>\n<meta name=\"robots\" content=\"index, follow, max-snippet:-1, max-image-preview:large, max-video-preview:-1\" \/>\n<link rel=\"canonical\" href=\"https:\/\/surfschool-srilanka.com\/de\/geniesse-die-aufregung-des-kitesurfens-in-sri-lanka\/\" \/>\n<meta property=\"og:locale\" content=\"de_DE\" \/>\n<meta property=\"og:type\" content=\"article\" \/>\n<meta property=\"og:title\" content=\"Genie\u00dfe die Aufregung des Kitesurfens in Sri Lanka\" \/>\n<meta property=\"og:description\" content=\"Viele Seefahrer bezeichnen den Inselstaat Sri Lanka, der fr\u00fcher als Ceylon bekannt war, seit jeher als das Paradies schlechthin. Genie\u00dfe auch du, was diese herrliche Insel zu bieten hat, wenn du dich f\u00fcr das Kite Resort Sri Lanka entscheidest, um dem Sport zu fr\u00f6nen, der dir am meisten am Herzen liegt. Das mit den renommiertesten [&hellip;]\" \/>\n<meta property=\"og:url\" content=\"https:\/\/surfschool-srilanka.com\/de\/geniesse-die-aufregung-des-kitesurfens-in-sri-lanka\/\" \/>\n<meta property=\"og:site_name\" content=\"De Silva Windresort Kalpitiya\" \/>\n<meta property=\"article:publisher\" content=\"https:\/\/www.facebook.com\/windresort.kalpitiya\/\" \/>\n<meta property=\"article:modified_time\" content=\"2023-03-16T20:29:19+00:00\" \/>\n<meta property=\"og:image\" content=\"https:\/\/surfschool-srilanka.com\/wp-content\/uploads\/2021\/01\/kite-school-sri-lanka.jpg\" \/>\n\t<meta property=\"og:image:width\" content=\"1280\" \/>\n\t<meta property=\"og:image:height\" content=\"854\" \/>\n\t<meta property=\"og:image:type\" content=\"image\/jpeg\" \/>\n<meta name=\"twitter:card\" content=\"summary_large_image\" \/>\n<meta name=\"twitter:label1\" content=\"Gesch\u00e4tzte Lesezeit\" \/>\n\t<meta name=\"twitter:data1\" content=\"2\u00a0Minuten\" \/>\n<script type=\"application\/ld+json\" class=\"yoast-schema-graph\">{\"@context\":\"https:\\\/\\\/schema.org\",\"@graph\":[{\"@type\":\"WebPage\",\"@id\":\"https:\\\/\\\/surfschool-srilanka.com\\\/de\\\/geniesse-die-aufregung-des-kitesurfens-in-sri-lanka\\\/\",\"url\":\"https:\\\/\\\/surfschool-srilanka.com\\\/de\\\/geniesse-die-aufregung-des-kitesurfens-in-sri-lanka\\\/\",\"name\":\"Kitesurfing Sri Lanka | De Silva Windresort Kalpitiya\",\"isPartOf\":{\"@id\":\"https:\\\/\\\/surfschool-srilanka.com\\\/de\\\/#website\"},\"primaryImageOfPage\":{\"@id\":\"https:\\\/\\\/surfschool-srilanka.com\\\/de\\\/geniesse-die-aufregung-des-kitesurfens-in-sri-lanka\\\/#primaryimage\"},\"image\":{\"@id\":\"https:\\\/\\\/surfschool-srilanka.com\\\/de\\\/geniesse-die-aufregung-des-kitesurfens-in-sri-lanka\\\/#primaryimage\"},\"thumbnailUrl\":\"https:\\\/\\\/surfschool-srilanka.com\\\/wp-content\\\/uploads\\\/2021\\\/01\\\/kite-school-sri-lanka.jpg\",\"datePublished\":\"2022-10-19T20:44:02+00:00\",\"dateModified\":\"2023-03-16T20:29:19+00:00\",\"breadcrumb\":{\"@id\":\"https:\\\/\\\/surfschool-srilanka.com\\\/de\\\/geniesse-die-aufregung-des-kitesurfens-in-sri-lanka\\\/#breadcrumb\"},\"inLanguage\":\"de\",\"potentialAction\":[{\"@type\":\"ReadAction\",\"target\":[\"https:\\\/\\\/surfschool-srilanka.com\\\/de\\\/geniesse-die-aufregung-des-kitesurfens-in-sri-lanka\\\/\"]}]},{\"@type\":\"ImageObject\",\"inLanguage\":\"de\",\"@id\":\"https:\\\/\\\/surfschool-srilanka.com\\\/de\\\/geniesse-die-aufregung-des-kitesurfens-in-sri-lanka\\\/#primaryimage\",\"url\":\"https:\\\/\\\/surfschool-srilanka.com\\\/wp-content\\\/uploads\\\/2021\\\/01\\\/kite-school-sri-lanka.jpg\",\"contentUrl\":\"https:\\\/\\\/surfschool-srilanka.com\\\/wp-content\\\/uploads\\\/2021\\\/01\\\/kite-school-sri-lanka.jpg\",\"width\":1280,\"height\":854,\"caption\":\"kite school sri lanka\"},{\"@type\":\"BreadcrumbList\",\"@id\":\"https:\\\/\\\/surfschool-srilanka.com\\\/de\\\/geniesse-die-aufregung-des-kitesurfens-in-sri-lanka\\\/#breadcrumb\",\"itemListElement\":[{\"@type\":\"ListItem\",\"position\":1,\"name\":\"Startseite\",\"item\":\"https:\\\/\\\/surfschool-srilanka.com\\\/de\\\/homepage\\\/\"},{\"@type\":\"ListItem\",\"position\":2,\"name\":\"Genie\u00dfe die Aufregung des Kitesurfens in Sri Lanka\"}]},{\"@type\":\"WebSite\",\"@id\":\"https:\\\/\\\/surfschool-srilanka.com\\\/de\\\/#website\",\"url\":\"https:\\\/\\\/surfschool-srilanka.com\\\/de\\\/\",\"name\":\"De Silva Windresort Kalpitiya\",\"description\":\"Kitesurfing, we\u00b4ll make you ride!\",\"publisher\":{\"@id\":\"https:\\\/\\\/surfschool-srilanka.com\\\/de\\\/#organization\"},\"alternateName\":\"https:\\\/\\\/surfschool-srilanka.com\",\"potentialAction\":[{\"@type\":\"SearchAction\",\"target\":{\"@type\":\"EntryPoint\",\"urlTemplate\":\"https:\\\/\\\/surfschool-srilanka.com\\\/de\\\/?s={search_term_string}\"},\"query-input\":{\"@type\":\"PropertyValueSpecification\",\"valueRequired\":true,\"valueName\":\"search_term_string\"}}],\"inLanguage\":\"de\"},{\"@type\":\"Organization\",\"@id\":\"https:\\\/\\\/surfschool-srilanka.com\\\/de\\\/#organization\",\"name\":\"De Silva Wind Resort Kalpitiya (Pvt.) Ltd\",\"url\":\"https:\\\/\\\/surfschool-srilanka.com\\\/de\\\/\",\"logo\":{\"@type\":\"ImageObject\",\"inLanguage\":\"de\",\"@id\":\"https:\\\/\\\/surfschool-srilanka.com\\\/de\\\/#\\\/schema\\\/logo\\\/image\\\/\",\"url\":\"https:\\\/\\\/surfschool-srilanka.com\\\/wp-content\\\/uploads\\\/2020\\\/03\\\/logo-rechnungen.png\",\"contentUrl\":\"https:\\\/\\\/surfschool-srilanka.com\\\/wp-content\\\/uploads\\\/2020\\\/03\\\/logo-rechnungen.png\",\"width\":3216,\"height\":912,\"caption\":\"De Silva Wind Resort Kalpitiya (Pvt.) Ltd\"},\"image\":{\"@id\":\"https:\\\/\\\/surfschool-srilanka.com\\\/de\\\/#\\\/schema\\\/logo\\\/image\\\/\"},\"sameAs\":[\"https:\\\/\\\/www.facebook.com\\\/windresort.kalpitiya\\\/\",\"https:\\\/\\\/www.instagram.com\\\/desilva.windresort\\\/\",\"https:\\\/\\\/www.youtube.com\\\/c\\\/KitesurfingSrilankaDESILVAWindresortKalpitiya\\\/videos\",\"https:\\\/\\\/www.tiktok.com\\\/@desilvawindresort\"]}]}<\/script>\n<!-- \/ Yoast SEO Premium plugin. -->","yoast_head_json":{"title":"Kitesurfing Sri Lanka | De Silva Windresort Kalpitiya","robots":{"index":"index","follow":"follow","max-snippet":"max-snippet:-1","max-image-preview":"max-image-preview:large","max-video-preview":"max-video-preview:-1"},"canonical":"https:\/\/surfschool-srilanka.com\/de\/geniesse-die-aufregung-des-kitesurfens-in-sri-lanka\/","og_locale":"de_DE","og_type":"article","og_title":"Genie\u00dfe die Aufregung des Kitesurfens in Sri Lanka","og_description":"Viele Seefahrer bezeichnen den Inselstaat Sri Lanka, der fr\u00fcher als Ceylon bekannt war, seit jeher als das Paradies schlechthin. Genie\u00dfe auch du, was diese herrliche Insel zu bieten hat, wenn du dich f\u00fcr das Kite Resort Sri Lanka entscheidest, um dem Sport zu fr\u00f6nen, der dir am meisten am Herzen liegt. Das mit den renommiertesten [&hellip;]","og_url":"https:\/\/surfschool-srilanka.com\/de\/geniesse-die-aufregung-des-kitesurfens-in-sri-lanka\/","og_site_name":"De Silva Windresort Kalpitiya","article_publisher":"https:\/\/www.facebook.com\/windresort.kalpitiya\/","article_modified_time":"2023-03-16T20:29:19+00:00","og_image":[{"width":1280,"height":854,"url":"https:\/\/surfschool-srilanka.com\/wp-content\/uploads\/2021\/01\/kite-school-sri-lanka.jpg","type":"image\/jpeg"}],"twitter_card":"summary_large_image","twitter_misc":{"Gesch\u00e4tzte Lesezeit":"2\u00a0Minuten"},"schema":{"@context":"https:\/\/schema.org","@graph":[{"@type":"WebPage","@id":"https:\/\/surfschool-srilanka.com\/de\/geniesse-die-aufregung-des-kitesurfens-in-sri-lanka\/","url":"https:\/\/surfschool-srilanka.com\/de\/geniesse-die-aufregung-des-kitesurfens-in-sri-lanka\/","name":"Kitesurfing Sri Lanka | De Silva Windresort Kalpitiya","isPartOf":{"@id":"https:\/\/surfschool-srilanka.com\/de\/#website"},"primaryImageOfPage":{"@id":"https:\/\/surfschool-srilanka.com\/de\/geniesse-die-aufregung-des-kitesurfens-in-sri-lanka\/#primaryimage"},"image":{"@id":"https:\/\/surfschool-srilanka.com\/de\/geniesse-die-aufregung-des-kitesurfens-in-sri-lanka\/#primaryimage"},"thumbnailUrl":"https:\/\/surfschool-srilanka.com\/wp-content\/uploads\/2021\/01\/kite-school-sri-lanka.jpg","datePublished":"2022-10-19T20:44:02+00:00","dateModified":"2023-03-16T20:29:19+00:00","breadcrumb":{"@id":"https:\/\/surfschool-srilanka.com\/de\/geniesse-die-aufregung-des-kitesurfens-in-sri-lanka\/#breadcrumb"},"inLanguage":"de","potentialAction":[{"@type":"ReadAction","target":["https:\/\/surfschool-srilanka.com\/de\/geniesse-die-aufregung-des-kitesurfens-in-sri-lanka\/"]}]},{"@type":"ImageObject","inLanguage":"de","@id":"https:\/\/surfschool-srilanka.com\/de\/geniesse-die-aufregung-des-kitesurfens-in-sri-lanka\/#primaryimage","url":"https:\/\/surfschool-srilanka.com\/wp-content\/uploads\/2021\/01\/kite-school-sri-lanka.jpg","contentUrl":"https:\/\/surfschool-srilanka.com\/wp-content\/uploads\/2021\/01\/kite-school-sri-lanka.jpg","width":1280,"height":854,"caption":"kite school sri lanka"},{"@type":"BreadcrumbList","@id":"https:\/\/surfschool-srilanka.com\/de\/geniesse-die-aufregung-des-kitesurfens-in-sri-lanka\/#breadcrumb","itemListElement":[{"@type":"ListItem","position":1,"name":"Startseite","item":"https:\/\/surfschool-srilanka.com\/de\/homepage\/"},{"@type":"ListItem","position":2,"name":"Genie\u00dfe die Aufregung des Kitesurfens in Sri Lanka"}]},{"@type":"WebSite","@id":"https:\/\/surfschool-srilanka.com\/de\/#website","url":"https:\/\/surfschool-srilanka.com\/de\/","name":"De Silva Windresort Kalpitiya","description":"Kitesurfing, we\u00b4ll make you ride!","publisher":{"@id":"https:\/\/surfschool-srilanka.com\/de\/#organization"},"alternateName":"https:\/\/surfschool-srilanka.com","potentialAction":[{"@type":"SearchAction","target":{"@type":"EntryPoint","urlTemplate":"https:\/\/surfschool-srilanka.com\/de\/?s={search_term_string}"},"query-input":{"@type":"PropertyValueSpecification","valueRequired":true,"valueName":"search_term_string"}}],"inLanguage":"de"},{"@type":"Organization","@id":"https:\/\/surfschool-srilanka.com\/de\/#organization","name":"De Silva Wind Resort Kalpitiya (Pvt.) Ltd","url":"https:\/\/surfschool-srilanka.com\/de\/","logo":{"@type":"ImageObject","inLanguage":"de","@id":"https:\/\/surfschool-srilanka.com\/de\/#\/schema\/logo\/image\/","url":"https:\/\/surfschool-srilanka.com\/wp-content\/uploads\/2020\/03\/logo-rechnungen.png","contentUrl":"https:\/\/surfschool-srilanka.com\/wp-content\/uploads\/2020\/03\/logo-rechnungen.png","width":3216,"height":912,"caption":"De Silva Wind Resort Kalpitiya (Pvt.) Ltd"},"image":{"@id":"https:\/\/surfschool-srilanka.com\/de\/#\/schema\/logo\/image\/"},"sameAs":["https:\/\/www.facebook.com\/windresort.kalpitiya\/","https:\/\/www.instagram.com\/desilva.windresort\/","https:\/\/www.youtube.com\/c\/KitesurfingSrilankaDESILVAWindresortKalpitiya\/videos","https:\/\/www.tiktok.com\/@desilvawindresort"]}]}},"_links":{"self":[{"href":"https:\/\/surfschool-srilanka.com\/de\/wp-json\/wp\/v2\/pages\/7162","targetHints":{"allow":["GET"]}}],"collection":[{"href":"https:\/\/surfschool-srilanka.com\/de\/wp-json\/wp\/v2\/pages"}],"about":[{"href":"https:\/\/surfschool-srilanka.com\/de\/wp-json\/wp\/v2\/types\/page"}],"author":[{"embeddable":true,"href":"https:\/\/surfschool-srilanka.com\/de\/wp-json\/wp\/v2\/users\/6"}],"replies":[{"embeddable":true,"href":"https:\/\/surfschool-srilanka.com\/de\/wp-json\/wp\/v2\/comments?post=7162"}],"version-history":[{"count":1,"href":"https:\/\/surfschool-srilanka.com\/de\/wp-json\/wp\/v2\/pages\/7162\/revisions"}],"predecessor-version":[{"id":8354,"href":"https:\/\/surfschool-srilanka.com\/de\/wp-json\/wp\/v2\/pages\/7162\/revisions\/8354"}],"wp:featuredmedia":[{"embeddable":true,"href":"https:\/\/surfschool-srilanka.com\/de\/wp-json\/wp\/v2\/media\/5787"}],"wp:attachment":[{"href":"https:\/\/surfschool-srilanka.com\/de\/wp-json\/wp\/v2\/media?parent=7162"}],"curies":[{"name":"wp","href":"https:\/\/api.w.org\/{rel}","templated":true}]}}