{"id":743,"date":"2019-12-18T10:26:10","date_gmt":"2019-12-18T10:26:10","guid":{"rendered":"https:\/\/desilva.waas.works\/?page_id=743"},"modified":"2020-06-04T08:02:09","modified_gmt":"2020-06-04T08:02:09","slug":"datenschutz","status":"publish","type":"page","link":"https:\/\/surfschool-srilanka.com\/de\/datenschutz\/","title":{"rendered":"Datenschutz"},"content":{"rendered":"<p><strong>Datenschutzerkl\u00e4rung des De Silva Wind- und Palmresort<\/strong><\/p>\n<p>Wir m\u00f6chten, dass Sie wissen, wann wir welche Daten speichern und wie wir sie verwenden. Zu diesem Zweck gibt Ihnen diese Datenschutzerkl\u00e4rung Auskunft dar\u00fcber, wie De Silva Wind- und Palmresort mit Daten umgeht, die w\u00e4hrend Ihres Besuchs auf der Webseite erhoben werden.<\/p>\n<p><strong>Name und Anschrift des Verantwortlichen und Datenschutzbeauftragten<\/strong><\/p>\n<p>Der Verantwortliche im Sinne der Datenschutz-Grundverordnung und anderer nationaler Datenschutzgesetze sowie sonstiger datenschutzrechtlicher Bestimmungen ist das<\/p>\n<p>De Silva Wind- und Palmresort<\/p>\n<p>Pudukuduruedippu, Sethawadi<\/p>\n<p>61360 Kalpitiya<\/p>\n<p>Telefon: +94 77 704 7817<\/p>\n<p>E-Mail : office@surfschool-srilanka.com<\/p>\n<p>&nbsp;<\/p>\n<p><strong>Ansprechpartner und Datenschutzbeaufragter:<\/strong><\/p>\n<p>Upul Desilva<\/p>\n<p>Pudukuduruedippu, Sethawadi<\/p>\n<p>61360 Kalpitiya<\/p>\n<p>Telefon: +94 77 704 7817<\/p>\n<p>E-Mail : office@surfschool-srilanka.com<\/p>\n<p>&nbsp;<\/p>\n<p><strong>Umfang der Verarbeitung personenbezogener Daten auf unserer Webseite<\/strong><\/p>\n<p><strong>Allgemeines<\/strong><\/p>\n<p>Nach dem Grundsatz der Datensparsamkeit k\u00f6nnen Sie unser Online-Angebot weitestgehend ohne Offenlegung Ihrer Identit\u00e4t nutzen. Es unterliegt Ihrer freien Entscheidung, ob und welche Informationen Sie uns \u00fcbermitteln.<\/p>\n<p>In keinem Fall werden Ihre Daten ohne Ihre Zustimmung an Dritte weitergegeben. Ebenso findet an keiner Stelle eine automatisierte Entscheidungsfindung oder ein Profiling auf Basis Ihrer personenbezogenen Daten statt.<\/p>\n<p><strong>Bereitstellung der Webseite und Erfassen von Protokolldateien<\/strong><\/p>\n<p>Bei jedem Aufruf unserer Internetseite erfasst unser System automatisiert Daten und Informationen vom Computersystem des aufrufenden Rechners. Die Daten werden vorrangig zur statistischen Auswertung und zur technischen Optimierung des Webangebots erhoben. Bei konkreten Anhaltspunkten f\u00fcr eine rechtswidrige Nutzung behalten wir uns vor, diese Daten zu pr\u00fcfen.<\/p>\n<p>Folgende Daten werden hierbei erhoben:<\/p>\n<ul>\n<li>Angeforderte Webseite<\/li>\n<li>Browsertyp und Browserversion<\/li>\n<li>Verwendetes Betriebssystem<\/li>\n<li>Verwendeter Ger\u00e4tetyp<\/li>\n<li>Uhrzeit<\/li>\n<li>IP-Adresse<\/li>\n<\/ul>\n<p>Die angegebenen Daten werden ebenfalls in den Logfiles unseres Systems gespeichert. Eine Speicherung dieser Daten zusammen mit anderen personenbezogenen Daten des Nutzers oder eine Zusammenf\u00fchrung mit anderen Daten findet nicht statt.<\/p>\n<p>Rechtsgrundlage f\u00fcr die vor\u00fcbergehende Speicherung der Daten und der Logfiles ist Art. 6 Abs. 1 lit. f DSGVO. Unser berechtigtes Interesse an dieser Datenverarbeitung begr\u00fcndet sich auf die Notwendigkeit der tempor\u00e4ren Datenspeicherung, insbesondere der IP Adresse, um eine Auslieferung der Webseite zu erm\u00f6glichen und die Funktionsf\u00e4higkeit der Webseite sicherzustellen. Dar\u00fcber hinaus dienen die Daten zur Optimierung der Webseite und zur Sicherstellung der Sicherheit unserer informationstechnischen Systeme. Eine Auswertung der Daten zu Marketingzwecken findet in diesem Zusammenhang nicht statt.<\/p>\n<p>Die Daten werden gel\u00f6scht, sobald sie f\u00fcr die Erreichung des Zweckes ihrer Erhebung nicht mehr erforderlich sind. Im Falle der Erfassung der Daten zur Bereitstellung der Website ist dies der Fall, wenn die jeweilige Sitzung beendet ist. Im Falle der Speicherung der Daten in Logfiles ist dies nach sp\u00e4testens sieben Tagen der Fall. Eine dar\u00fcberhinausgehende Speicherung ist m\u00f6glich. In diesem Fall werden die IP-Adressen der Nutzer gel\u00f6scht oder verfremdet, sodass eine Zuordnung des aufrufenden Clients nicht mehr m\u00f6glich ist.<\/p>\n<p><strong>Cookies<\/strong><\/p>\n<p>Unsere Webseite verwendet keine Cookies.<\/p>\n<p><strong>Kontaktformular und E-Mail-Kontakt<\/strong><\/p>\n<p>Auf unserer Internetseite ist ein Kontaktformular vorhanden, welches f\u00fcr die elektronische Kontaktaufnahme genutzt werden kann. Nimmt ein Nutzer diese M\u00f6glichkeit wahr, so werden die in der Eingabemaske eingegeben Daten zwecks Bearbeitung der Anfrage an uns \u00fcbermittelt und gespeichert. Diese werden beim Absenden HTTPS-verschl\u00fcsselt an uns \u00fcbertragen. Zus\u00e4tzlich werden zum Zeitpunkt des Absendens der Nachricht ebenfalls folgende Daten gespeichert, die zu statistischen Zwecken genutzt werden:<\/p>\n<ul>\n<li>Die IP-Adresse des Absenders<\/li>\n<li>Datum und Uhrzeit<\/li>\n<\/ul>\n<p>Alternativ ist eine Kontaktaufnahme \u00fcber die bereitgestellte E-Mail-Adresse m\u00f6glich. In diesem Fall werden die mit der E-Mail \u00fcbermittelten personenbezogenen Daten des Nutzers gespeichert. Sie entscheiden dabei welche Daten Sie uns zur Verf\u00fcgung stellen.<\/p>\n<p>Rechtsgrundlage f\u00fcr die Verarbeitung der Daten, die im Zuge einer \u00dcbersendung einer E-Mail \u00fcbermittelt werden, ist Art. 6 Abs. 1 lit. f DSGVO. Zielt der E-Mail-Kontakt auf den Abschluss eines Vertrages ab, so ist zus\u00e4tzliche Rechtsgrundlage f\u00fcr die Verarbeitung Art. 6 Abs. 1 lit. b DSGVO.<\/p>\n<p>In beiden F\u00e4llen erfolgt keine Weitergabe der Daten an Dritte. Die Daten werden ausschlie\u00dflich f\u00fcr die Verarbeitung der Konversation verwendet.<\/p>\n<p>Die Daten werden gel\u00f6scht, sobald sie f\u00fcr die Erreichung des Zweckes ihrer Erhebung nicht mehr erforderlich sind. F\u00fcr die personenbezogenen Daten aus der Eingabemaske des Kontaktformulars und diejenigen, die per E-Mail \u00fcbersandt wurden, ist dies dann der Fall, wenn die jeweilige Konversation mit dem Nutzer beendet ist. Beendet ist die Konversation dann, wenn sich aus den Umst\u00e4nden entnehmen l\u00e4sst, dass der betroffene Sachverhalt abschlie\u00dfend gekl\u00e4rt ist.<\/p>\n<p><strong>Ihre Rechte<\/strong><\/p>\n<p>Sofern wir personenbezogene Daten von Ihnen verarbeiten sind Sie Betroffener i.S.d. DSGVO, und es stehen Ihnen nachfolgende Rechte zu. M\u00f6chte Sie diese Rechte in Anspruch nehmen, k\u00f6nnen Sie sich hierzu jederzeit an unseren Datenschutzbeauftragten wenden.<\/p>\n<p><strong>Auskunft<\/strong><\/p>\n<p>Gerne geben wir Ihnen unentgeltlich Auskunft dar\u00fcber, ob personenbezogene Daten von Ihnen bei uns verarbeitet werden und sofern dies der Fall ist, welche Daten dies sind, die Herkunft der Daten und Empf\u00e4nger sowie den konkreten Zweck der Datenverarbeitung.<\/p>\n<p>Wir behalten und das Recht vor, einen geringen Kostenbeitrag von Ihnen hierf\u00fcr zu verlangen, falls Sie dieses Recht unverh\u00e4ltnism\u00e4\u00dfig h\u00e4ufig in Anspruch nehmen.<\/p>\n<p><strong>Berichtigung<\/strong><\/p>\n<p>Sollten wir fehlerhafte oder unvollst\u00e4ndige personenbezogene Daten von Ihnen verarbeiten, haben Sie das Recht auf Berichtigung und\/oder Vervollst\u00e4ndigung dieser.<\/p>\n<p><strong>L\u00f6schung<\/strong><\/p>\n<p>Sie k\u00f6nnen vom De Silva Palm- und Windresort die L\u00f6schung Ihrer personenbezogenen Daten verlangen, sofern einer der folgenden Gr\u00fcnde zutrifft und eine Verarbeitung durch uns nicht erforderlich ist:<\/p>\n<ul>\n<li>Die Sie betreffenden personenbezogenen Daten sind f\u00fcr die Zwecke, f\u00fcr die sie erhoben oder auf sonstige Weise verarbeitet wurden, nicht mehr notwendig.<\/li>\n<li>Sie widerrufen Ihre erteilte Einwilligung gem. Art. 6 Abs. 1 lit. a und es gibt keine anderweitige Rechtsgrundlage f\u00fcr die Verarbeitung.<\/li>\n<li>Sie legen gem. Art. 21 Abs. 1 DSGVO Widerspruch gegen die Verarbeitung ein und es liegen keine vorrangigen berechtigten Gr\u00fcnde f\u00fcr die Verarbeitung vor, oder Sie legen gem. Art. 21 Abs. 2 DSGVO Widerspruch gegen die Verarbeitung ein.<\/li>\n<li>Die Sie betreffenden personenbezogenen Daten wurden unrechtm\u00e4\u00dfig verarbeitet.<\/li>\n<\/ul>\n<p>Haben wir die Sie betreffenden personenbezogenen Daten \u00f6ffentlich gemacht und sind gem. Art. 17 Abs. 1 DSGVO zu deren L\u00f6schung verpflichtet, so treffen wir unter Ber\u00fccksichtigung der verf\u00fcgbaren Technologie und der Implementierungskosten angemessene Ma\u00dfnahmen, auch technischer Art, um f\u00fcr die Datenverarbeitung Verantwortliche, die die personenbezogenen Daten verarbeiten, dar\u00fcber zu informieren, dass Sie als betroffene Person von ihnen die L\u00f6schung aller Links zu diesen personenbezogenen Daten oder von Kopien oder Replikationen dieser personenbezogenen Daten verlangt haben.<\/p>\n<p><strong>Recht auf Beschwerde bei einer Datenschutzaufsichtsbeh\u00f6rde<\/strong><\/p>\n<p>Wenn Sie der Ansicht sind, dass unsere Verarbeitung der Sie betreffenden personenbezogenen Daten gegen die gesetzlichen Bestimmungen bez\u00fcglich Datenschutz verst\u00f6\u00dft, k\u00f6nnen Sie sich mit einer Beschwerde an eine beliebige Datenschutzaufsichtsbeh\u00f6rde wenden.<\/p>\n<p><strong>Sicherheit<\/strong><\/p>\n<p>Als verantwortungsbewusstes Unternehmen treffen wir nat\u00fcrlich Vorkehrungen, um Ihre personenbezogenen Daten vor Verlust, Zerst\u00f6rung, Verf\u00e4lschung, Manipulation und unberechtigtem Zugriff zu sch\u00fctzen. Beispielsweise k\u00f6nnen Sie unseren gesamten Webauftritt HTTPS-verschl\u00fcsselt nutzen.<\/p>\n<p><strong>Benachrichtigung bei \u00c4nderungen<\/strong><\/p>\n<p>Diese Datenschutzerkl\u00e4rung wurde zuletzt am 02. Juni 2020 aktualisiert. Sollte diese Datenschutzerkl\u00e4rung ge\u00e4ndert werden, wird auf die \u00c4nderung an dieser Stelle hingewiesen.<\/p>\n<p>&nbsp;<\/p>\n<p>&nbsp;<\/p>\n","protected":false},"excerpt":{"rendered":"<p>Datenschutzerkl\u00e4rung des De Silva Wind- und Palmresort Wir m\u00f6chten, dass Sie wissen, wann wir welche Daten speichern und wie wir sie verwenden. Zu diesem Zweck gibt Ihnen diese Datenschutzerkl\u00e4rung Auskunft dar\u00fcber, wie De Silva Wind- und Palmresort mit Daten umgeht, die w\u00e4hrend Ihres Besuchs auf der Webseite erhoben werden. Name und Anschrift des Verantwortlichen und [&hellip;]<\/p>\n","protected":false},"author":1,"featured_media":0,"parent":0,"menu_order":0,"comment_status":"closed","ping_status":"closed","template":"","meta":{"_et_pb_use_builder":"off","_et_pb_old_content":"","_et_gb_content_width":"","footnotes":""},"class_list":["post-743","page","type-page","status-publish","hentry"],"yoast_head":"<!-- This site is optimized with the Yoast SEO Premium plugin v27.0 (Yoast SEO v27.0) - https:\/\/yoast.com\/product\/yoast-seo-premium-wordpress\/ -->\n<title>Datenschutz | De Silva Windresort Kalpitiya<\/title>\n<meta name=\"robots\" content=\"index, follow, max-snippet:-1, max-image-preview:large, max-video-preview:-1\" \/>\n<link rel=\"canonical\" href=\"https:\/\/surfschool-srilanka.com\/de\/datenschutz\/\" \/>\n<meta property=\"og:locale\" content=\"de_DE\" \/>\n<meta property=\"og:type\" content=\"article\" \/>\n<meta property=\"og:title\" content=\"Datenschutz\" \/>\n<meta property=\"og:description\" content=\"Datenschutzerkl\u00e4rung des De Silva Wind- und Palmresort Wir m\u00f6chten, dass Sie wissen, wann wir welche Daten speichern und wie wir sie verwenden. Zu diesem Zweck gibt Ihnen diese Datenschutzerkl\u00e4rung Auskunft dar\u00fcber, wie De Silva Wind- und Palmresort mit Daten umgeht, die w\u00e4hrend Ihres Besuchs auf der Webseite erhoben werden. Name und Anschrift des Verantwortlichen und [&hellip;]\" \/>\n<meta property=\"og:url\" content=\"https:\/\/surfschool-srilanka.com\/de\/datenschutz\/\" \/>\n<meta property=\"og:site_name\" content=\"De Silva Windresort Kalpitiya\" \/>\n<meta property=\"article:publisher\" content=\"https:\/\/www.facebook.com\/windresort.kalpitiya\/\" \/>\n<meta property=\"article:modified_time\" content=\"2020-06-04T08:02:09+00:00\" \/>\n<meta property=\"og:image\" content=\"https:\/\/surfschool-srilanka.com\/wp-content\/uploads\/2024\/11\/DeSilva_LogoNeu_Black.png\" \/>\n\t<meta property=\"og:image:width\" content=\"1072\" \/>\n\t<meta property=\"og:image:height\" content=\"992\" \/>\n\t<meta property=\"og:image:type\" content=\"image\/png\" \/>\n<meta name=\"twitter:card\" content=\"summary_large_image\" \/>\n<meta name=\"twitter:label1\" content=\"Gesch\u00e4tzte Lesezeit\" \/>\n\t<meta name=\"twitter:data1\" content=\"6\u00a0Minuten\" \/>\n<script type=\"application\/ld+json\" class=\"yoast-schema-graph\">{\"@context\":\"https:\/\/schema.org\",\"@graph\":[{\"@type\":\"WebPage\",\"@id\":\"https:\/\/surfschool-srilanka.com\/de\/datenschutz\/\",\"url\":\"https:\/\/surfschool-srilanka.com\/de\/datenschutz\/\",\"name\":\"Datenschutz | De Silva Windresort Kalpitiya\",\"isPartOf\":{\"@id\":\"https:\/\/surfschool-srilanka.com\/de\/#website\"},\"datePublished\":\"2019-12-18T10:26:10+00:00\",\"dateModified\":\"2020-06-04T08:02:09+00:00\",\"breadcrumb\":{\"@id\":\"https:\/\/surfschool-srilanka.com\/de\/datenschutz\/#breadcrumb\"},\"inLanguage\":\"de\",\"potentialAction\":[{\"@type\":\"ReadAction\",\"target\":[\"https:\/\/surfschool-srilanka.com\/de\/datenschutz\/\"]}]},{\"@type\":\"BreadcrumbList\",\"@id\":\"https:\/\/surfschool-srilanka.com\/de\/datenschutz\/#breadcrumb\",\"itemListElement\":[{\"@type\":\"ListItem\",\"position\":1,\"name\":\"Startseite\",\"item\":\"https:\/\/surfschool-srilanka.com\/de\/homepage\/\"},{\"@type\":\"ListItem\",\"position\":2,\"name\":\"Datenschutz\"}]},{\"@type\":\"WebSite\",\"@id\":\"https:\/\/surfschool-srilanka.com\/de\/#website\",\"url\":\"https:\/\/surfschool-srilanka.com\/de\/\",\"name\":\"De Silva Windresort Kalpitiya\",\"description\":\"Kitesurfing, we\u00b4ll make you ride!\",\"publisher\":{\"@id\":\"https:\/\/surfschool-srilanka.com\/de\/#organization\"},\"alternateName\":\"https:\/\/surfschool-srilanka.com\",\"potentialAction\":[{\"@type\":\"SearchAction\",\"target\":{\"@type\":\"EntryPoint\",\"urlTemplate\":\"https:\/\/surfschool-srilanka.com\/de\/?s={search_term_string}\"},\"query-input\":{\"@type\":\"PropertyValueSpecification\",\"valueRequired\":true,\"valueName\":\"search_term_string\"}}],\"inLanguage\":\"de\"},{\"@type\":\"Organization\",\"@id\":\"https:\/\/surfschool-srilanka.com\/de\/#organization\",\"name\":\"De Silva Wind Resort Kalpitiya (Pvt.) Ltd\",\"url\":\"https:\/\/surfschool-srilanka.com\/de\/\",\"logo\":{\"@type\":\"ImageObject\",\"inLanguage\":\"de\",\"@id\":\"https:\/\/surfschool-srilanka.com\/de\/#\/schema\/logo\/image\/\",\"url\":\"https:\/\/surfschool-srilanka.com\/wp-content\/uploads\/2020\/03\/logo-rechnungen.png\",\"contentUrl\":\"https:\/\/surfschool-srilanka.com\/wp-content\/uploads\/2020\/03\/logo-rechnungen.png\",\"width\":3216,\"height\":912,\"caption\":\"De Silva Wind Resort Kalpitiya (Pvt.) Ltd\"},\"image\":{\"@id\":\"https:\/\/surfschool-srilanka.com\/de\/#\/schema\/logo\/image\/\"},\"sameAs\":[\"https:\/\/www.facebook.com\/windresort.kalpitiya\/\",\"https:\/\/www.instagram.com\/desilva.windresort\/\",\"https:\/\/www.youtube.com\/c\/KitesurfingSrilankaDESILVAWindresortKalpitiya\/videos\",\"https:\/\/www.tiktok.com\/@desilvawindresort\"]}]}<\/script>\n<!-- \/ Yoast SEO Premium plugin. -->","yoast_head_json":{"title":"Datenschutz | De Silva Windresort Kalpitiya","robots":{"index":"index","follow":"follow","max-snippet":"max-snippet:-1","max-image-preview":"max-image-preview:large","max-video-preview":"max-video-preview:-1"},"canonical":"https:\/\/surfschool-srilanka.com\/de\/datenschutz\/","og_locale":"de_DE","og_type":"article","og_title":"Datenschutz","og_description":"Datenschutzerkl\u00e4rung des De Silva Wind- und Palmresort Wir m\u00f6chten, dass Sie wissen, wann wir welche Daten speichern und wie wir sie verwenden. Zu diesem Zweck gibt Ihnen diese Datenschutzerkl\u00e4rung Auskunft dar\u00fcber, wie De Silva Wind- und Palmresort mit Daten umgeht, die w\u00e4hrend Ihres Besuchs auf der Webseite erhoben werden. Name und Anschrift des Verantwortlichen und [&hellip;]","og_url":"https:\/\/surfschool-srilanka.com\/de\/datenschutz\/","og_site_name":"De Silva Windresort Kalpitiya","article_publisher":"https:\/\/www.facebook.com\/windresort.kalpitiya\/","article_modified_time":"2020-06-04T08:02:09+00:00","og_image":[{"width":1072,"height":992,"url":"https:\/\/surfschool-srilanka.com\/wp-content\/uploads\/2024\/11\/DeSilva_LogoNeu_Black.png","type":"image\/png"}],"twitter_card":"summary_large_image","twitter_misc":{"Gesch\u00e4tzte Lesezeit":"6\u00a0Minuten"},"schema":{"@context":"https:\/\/schema.org","@graph":[{"@type":"WebPage","@id":"https:\/\/surfschool-srilanka.com\/de\/datenschutz\/","url":"https:\/\/surfschool-srilanka.com\/de\/datenschutz\/","name":"Datenschutz | De Silva Windresort Kalpitiya","isPartOf":{"@id":"https:\/\/surfschool-srilanka.com\/de\/#website"},"datePublished":"2019-12-18T10:26:10+00:00","dateModified":"2020-06-04T08:02:09+00:00","breadcrumb":{"@id":"https:\/\/surfschool-srilanka.com\/de\/datenschutz\/#breadcrumb"},"inLanguage":"de","potentialAction":[{"@type":"ReadAction","target":["https:\/\/surfschool-srilanka.com\/de\/datenschutz\/"]}]},{"@type":"BreadcrumbList","@id":"https:\/\/surfschool-srilanka.com\/de\/datenschutz\/#breadcrumb","itemListElement":[{"@type":"ListItem","position":1,"name":"Startseite","item":"https:\/\/surfschool-srilanka.com\/de\/homepage\/"},{"@type":"ListItem","position":2,"name":"Datenschutz"}]},{"@type":"WebSite","@id":"https:\/\/surfschool-srilanka.com\/de\/#website","url":"https:\/\/surfschool-srilanka.com\/de\/","name":"De Silva Windresort Kalpitiya","description":"Kitesurfing, we\u00b4ll make you ride!","publisher":{"@id":"https:\/\/surfschool-srilanka.com\/de\/#organization"},"alternateName":"https:\/\/surfschool-srilanka.com","potentialAction":[{"@type":"SearchAction","target":{"@type":"EntryPoint","urlTemplate":"https:\/\/surfschool-srilanka.com\/de\/?s={search_term_string}"},"query-input":{"@type":"PropertyValueSpecification","valueRequired":true,"valueName":"search_term_string"}}],"inLanguage":"de"},{"@type":"Organization","@id":"https:\/\/surfschool-srilanka.com\/de\/#organization","name":"De Silva Wind Resort Kalpitiya (Pvt.) Ltd","url":"https:\/\/surfschool-srilanka.com\/de\/","logo":{"@type":"ImageObject","inLanguage":"de","@id":"https:\/\/surfschool-srilanka.com\/de\/#\/schema\/logo\/image\/","url":"https:\/\/surfschool-srilanka.com\/wp-content\/uploads\/2020\/03\/logo-rechnungen.png","contentUrl":"https:\/\/surfschool-srilanka.com\/wp-content\/uploads\/2020\/03\/logo-rechnungen.png","width":3216,"height":912,"caption":"De Silva Wind Resort Kalpitiya (Pvt.) Ltd"},"image":{"@id":"https:\/\/surfschool-srilanka.com\/de\/#\/schema\/logo\/image\/"},"sameAs":["https:\/\/www.facebook.com\/windresort.kalpitiya\/","https:\/\/www.instagram.com\/desilva.windresort\/","https:\/\/www.youtube.com\/c\/KitesurfingSrilankaDESILVAWindresortKalpitiya\/videos","https:\/\/www.tiktok.com\/@desilvawindresort"]}]}},"_links":{"self":[{"href":"https:\/\/surfschool-srilanka.com\/de\/wp-json\/wp\/v2\/pages\/743","targetHints":{"allow":["GET"]}}],"collection":[{"href":"https:\/\/surfschool-srilanka.com\/de\/wp-json\/wp\/v2\/pages"}],"about":[{"href":"https:\/\/surfschool-srilanka.com\/de\/wp-json\/wp\/v2\/types\/page"}],"author":[{"embeddable":true,"href":"https:\/\/surfschool-srilanka.com\/de\/wp-json\/wp\/v2\/users\/1"}],"replies":[{"embeddable":true,"href":"https:\/\/surfschool-srilanka.com\/de\/wp-json\/wp\/v2\/comments?post=743"}],"version-history":[{"count":0,"href":"https:\/\/surfschool-srilanka.com\/de\/wp-json\/wp\/v2\/pages\/743\/revisions"}],"wp:attachment":[{"href":"https:\/\/surfschool-srilanka.com\/de\/wp-json\/wp\/v2\/media?parent=743"}],"curies":[{"name":"wp","href":"https:\/\/api.w.org\/{rel}","templated":true}]}}