{"id":8387,"date":"2023-03-16T22:02:26","date_gmt":"2023-03-16T21:02:26","guid":{"rendered":"https:\/\/surfschool-srilanka.com\/empreinte\/"},"modified":"2023-03-16T22:02:30","modified_gmt":"2023-03-16T21:02:30","slug":"empreinte","status":"publish","type":"page","link":"https:\/\/surfschool-srilanka.com\/fr\/empreinte\/","title":{"rendered":"Empreinte"},"content":{"rendered":"<p>[et_pb_section fb_built=\u00a0\u00bb1&Prime; _builder_version=\u00a0\u00bb4.0.9&Prime;][et_pb_row _builder_version=\u00a0\u00bb4.0.9&Prime;][et_pb_column type=\u00a0\u00bb4_4&Prime; _builder_version=\u00a0\u00bb4.0.9&Prime;][et_pb_text _builder_version=\u00a0\u00bb4.0.9&Prime;]<\/p>\n<h1><span>Empreinte<\/span><\/h1>\n<h4><span>Fournisseur de services:  <\/span><\/h4>\n<p><span>De Silva Wind Resort Kalpitiya (Pvt.) Ltd Kalpitiya <\/span><span>Lagoon <\/span><span>Pudukudirippuwa, Sethawadiya. <\/span> <span>Kalpitiya, district de Puttalam, <\/span><span>Sri Lanka<\/span><\/p>\n<h4><span>Coordonn\u00e9es :<\/span><\/h4>\n<p><span>Adresse e-mail : office@surfschool-srilanka.com<\/span><\/p>\n<p><span>T\u00e9l\u00e9phone: 0094777047817<\/span><\/p>\n<p><span>Formulaire de contact: https:\/\/www.surfschool-srilanka.com\/contact-us\/<\/span><\/p>\n<h4><span>Mandataire:<\/span><\/h4>\n<p><span>Wedikkara Upul Priyantha De Silva, propri\u00e9taire<\/span><\/p>\n<h4><span>Offres journalistiques et \u00e9ditoriales :<\/span><\/h4>\n<p><span>Responsable du contenu : Adresse comme ci-dessus<\/span><\/p>\n<h4><span>Informations sur l\u2019entreprise:<\/span><\/h4>\n<p><span>Num\u00e9ro d\u2019identification \u00e9conomique (W-IdNr): TIN 174901910<\/span><\/p>\n<p><span>Secteur d\u2019activit\u00e9: Tourisme Kitesurf et Windsurf au Sri Lanka<\/span><\/p>\n<h4><span>Registre et num\u00e9ro de registre<\/span><\/h4>\n<p><span>Guid\u00e9 par: Gestion IR<\/span><\/p>\n<h4><span>Autorit\u00e9 de surveillance<\/span><\/h4>\n<p><span>Affaires r\u00e9glementaires :<\/span><\/p>\n<p><span>Autorit\u00e9s comp\u00e9tentes au Sri Lanka<\/span><\/p>\n<h4><span>Cr\u00e9dits photos<\/span><\/h4>\n<p><span>Sources des images et informations sur les droits d\u2019auteur :<\/span><\/p>\n<p><span>Alexandru Baranescu, Pete Winkelhofer, Pathum Thenkutti<\/span><\/p>\n<p>&nbsp;<\/p>\n<p>[\/et_pb_text][\/et_pb_column][\/et_pb_row][\/et_pb_section]<\/p>\n","protected":false},"excerpt":{"rendered":"<p>Empreinte Fournisseur de services: De Silva Wind Resort Kalpitiya (Pvt.) Ltd Kalpitiya Lagoon Pudukudirippuwa, Sethawadiya. Kalpitiya, district de Puttalam, Sri Lanka Coordonn\u00e9es : Adresse e-mail : office@surfschool-srilanka.com T\u00e9l\u00e9phone: 0094777047817 Formulaire de contact: https:\/\/www.surfschool-srilanka.com\/contact-us\/ Mandataire: Wedikkara Upul Priyantha De Silva, propri\u00e9taire Offres journalistiques et \u00e9ditoriales : Responsable du contenu : Adresse comme ci-dessus Informations sur l\u2019entreprise: [&hellip;]<\/p>\n","protected":false},"author":3,"featured_media":0,"parent":0,"menu_order":0,"comment_status":"closed","ping_status":"closed","template":"","meta":{"_et_pb_use_builder":"on","_et_pb_old_content":"","_et_gb_content_width":"","footnotes":""},"class_list":["post-8387","page","type-page","status-publish","hentry"],"yoast_head":"<!-- This site is optimized with the Yoast SEO Premium plugin v27.5 (Yoast SEO v27.5) - https:\/\/yoast.com\/product\/yoast-seo-premium-wordpress\/ -->\n<title>Empreinte | De Silva Windresort Kalpitiya<\/title>\n<meta name=\"robots\" content=\"index, follow, max-snippet:-1, max-image-preview:large, max-video-preview:-1\" \/>\n<link rel=\"canonical\" href=\"https:\/\/surfschool-srilanka.com\/fr\/empreinte\/\" \/>\n<meta property=\"og:locale\" content=\"fr_FR\" \/>\n<meta property=\"og:type\" content=\"article\" \/>\n<meta property=\"og:title\" content=\"Empreinte\" \/>\n<meta property=\"og:description\" content=\"Empreinte Fournisseur de services: De Silva Wind Resort Kalpitiya (Pvt.) Ltd Kalpitiya Lagoon Pudukudirippuwa, Sethawadiya. Kalpitiya, district de Puttalam, Sri Lanka Coordonn\u00e9es : Adresse e-mail : office@surfschool-srilanka.com T\u00e9l\u00e9phone: 0094777047817 Formulaire de contact: https:\/\/www.surfschool-srilanka.com\/contact-us\/ Mandataire: Wedikkara Upul Priyantha De Silva, propri\u00e9taire Offres journalistiques et \u00e9ditoriales : Responsable du contenu : Adresse comme ci-dessus Informations sur l\u2019entreprise: [&hellip;]\" \/>\n<meta property=\"og:url\" content=\"https:\/\/surfschool-srilanka.com\/fr\/empreinte\/\" \/>\n<meta property=\"og:site_name\" content=\"De Silva Windresort Kalpitiya\" \/>\n<meta property=\"article:publisher\" content=\"https:\/\/www.facebook.com\/windresort.kalpitiya\/\" \/>\n<meta property=\"article:modified_time\" content=\"2023-03-16T21:02:30+00:00\" \/>\n<meta property=\"og:image\" content=\"https:\/\/surfschool-srilanka.com\/wp-content\/uploads\/2024\/11\/DeSilva_LogoNeu_Black.png\" \/>\n\t<meta property=\"og:image:width\" content=\"1072\" \/>\n\t<meta property=\"og:image:height\" content=\"992\" \/>\n\t<meta property=\"og:image:type\" content=\"image\/png\" \/>\n<meta name=\"twitter:card\" content=\"summary_large_image\" \/>\n<meta name=\"twitter:label1\" content=\"Dur\u00e9e de lecture estim\u00e9e\" \/>\n\t<meta name=\"twitter:data1\" content=\"1 minute\" \/>\n<script type=\"application\/ld+json\" class=\"yoast-schema-graph\">{\"@context\":\"https:\\\/\\\/schema.org\",\"@graph\":[{\"@type\":\"WebPage\",\"@id\":\"https:\\\/\\\/surfschool-srilanka.com\\\/fr\\\/empreinte\\\/\",\"url\":\"https:\\\/\\\/surfschool-srilanka.com\\\/fr\\\/empreinte\\\/\",\"name\":\"Empreinte | De Silva Windresort Kalpitiya\",\"isPartOf\":{\"@id\":\"https:\\\/\\\/surfschool-srilanka.com\\\/fr\\\/#website\"},\"datePublished\":\"2023-03-16T21:02:26+00:00\",\"dateModified\":\"2023-03-16T21:02:30+00:00\",\"breadcrumb\":{\"@id\":\"https:\\\/\\\/surfschool-srilanka.com\\\/fr\\\/empreinte\\\/#breadcrumb\"},\"inLanguage\":\"fr-FR\",\"potentialAction\":[{\"@type\":\"ReadAction\",\"target\":[\"https:\\\/\\\/surfschool-srilanka.com\\\/fr\\\/empreinte\\\/\"]}]},{\"@type\":\"BreadcrumbList\",\"@id\":\"https:\\\/\\\/surfschool-srilanka.com\\\/fr\\\/empreinte\\\/#breadcrumb\",\"itemListElement\":[{\"@type\":\"ListItem\",\"position\":1,\"name\":\"Startseite\",\"item\":\"https:\\\/\\\/surfschool-srilanka.com\\\/fr\\\/ecole-de-kitesurf-au-sri-lanka\\\/\"},{\"@type\":\"ListItem\",\"position\":2,\"name\":\"Empreinte\"}]},{\"@type\":\"WebSite\",\"@id\":\"https:\\\/\\\/surfschool-srilanka.com\\\/fr\\\/#website\",\"url\":\"https:\\\/\\\/surfschool-srilanka.com\\\/fr\\\/\",\"name\":\"De Silva Windresort Kalpitiya\",\"description\":\"Kitesurfing, we\u00b4ll make you ride!\",\"publisher\":{\"@id\":\"https:\\\/\\\/surfschool-srilanka.com\\\/fr\\\/#organization\"},\"alternateName\":\"https:\\\/\\\/surfschool-srilanka.com\",\"potentialAction\":[{\"@type\":\"SearchAction\",\"target\":{\"@type\":\"EntryPoint\",\"urlTemplate\":\"https:\\\/\\\/surfschool-srilanka.com\\\/fr\\\/?s={search_term_string}\"},\"query-input\":{\"@type\":\"PropertyValueSpecification\",\"valueRequired\":true,\"valueName\":\"search_term_string\"}}],\"inLanguage\":\"fr-FR\"},{\"@type\":\"Organization\",\"@id\":\"https:\\\/\\\/surfschool-srilanka.com\\\/fr\\\/#organization\",\"name\":\"De Silva Wind Resort Kalpitiya (Pvt.) Ltd\",\"url\":\"https:\\\/\\\/surfschool-srilanka.com\\\/fr\\\/\",\"logo\":{\"@type\":\"ImageObject\",\"inLanguage\":\"fr-FR\",\"@id\":\"https:\\\/\\\/surfschool-srilanka.com\\\/fr\\\/#\\\/schema\\\/logo\\\/image\\\/\",\"url\":\"https:\\\/\\\/surfschool-srilanka.com\\\/wp-content\\\/uploads\\\/2020\\\/03\\\/logo-rechnungen.png\",\"contentUrl\":\"https:\\\/\\\/surfschool-srilanka.com\\\/wp-content\\\/uploads\\\/2020\\\/03\\\/logo-rechnungen.png\",\"width\":3216,\"height\":912,\"caption\":\"De Silva Wind Resort Kalpitiya (Pvt.) Ltd\"},\"image\":{\"@id\":\"https:\\\/\\\/surfschool-srilanka.com\\\/fr\\\/#\\\/schema\\\/logo\\\/image\\\/\"},\"sameAs\":[\"https:\\\/\\\/www.facebook.com\\\/windresort.kalpitiya\\\/\",\"https:\\\/\\\/www.instagram.com\\\/desilva.windresort\\\/\",\"https:\\\/\\\/www.youtube.com\\\/c\\\/KitesurfingSrilankaDESILVAWindresortKalpitiya\\\/videos\",\"https:\\\/\\\/www.tiktok.com\\\/@desilvawindresort\"]}]}<\/script>\n<!-- \/ Yoast SEO Premium plugin. -->","yoast_head_json":{"title":"Empreinte | De Silva Windresort Kalpitiya","robots":{"index":"index","follow":"follow","max-snippet":"max-snippet:-1","max-image-preview":"max-image-preview:large","max-video-preview":"max-video-preview:-1"},"canonical":"https:\/\/surfschool-srilanka.com\/fr\/empreinte\/","og_locale":"fr_FR","og_type":"article","og_title":"Empreinte","og_description":"Empreinte Fournisseur de services: De Silva Wind Resort Kalpitiya (Pvt.) Ltd Kalpitiya Lagoon Pudukudirippuwa, Sethawadiya. Kalpitiya, district de Puttalam, Sri Lanka Coordonn\u00e9es : Adresse e-mail : office@surfschool-srilanka.com T\u00e9l\u00e9phone: 0094777047817 Formulaire de contact: https:\/\/www.surfschool-srilanka.com\/contact-us\/ Mandataire: Wedikkara Upul Priyantha De Silva, propri\u00e9taire Offres journalistiques et \u00e9ditoriales : Responsable du contenu : Adresse comme ci-dessus Informations sur l\u2019entreprise: [&hellip;]","og_url":"https:\/\/surfschool-srilanka.com\/fr\/empreinte\/","og_site_name":"De Silva Windresort Kalpitiya","article_publisher":"https:\/\/www.facebook.com\/windresort.kalpitiya\/","article_modified_time":"2023-03-16T21:02:30+00:00","og_image":[{"width":1072,"height":992,"url":"https:\/\/surfschool-srilanka.com\/wp-content\/uploads\/2024\/11\/DeSilva_LogoNeu_Black.png","type":"image\/png"}],"twitter_card":"summary_large_image","twitter_misc":{"Dur\u00e9e de lecture estim\u00e9e":"1 minute"},"schema":{"@context":"https:\/\/schema.org","@graph":[{"@type":"WebPage","@id":"https:\/\/surfschool-srilanka.com\/fr\/empreinte\/","url":"https:\/\/surfschool-srilanka.com\/fr\/empreinte\/","name":"Empreinte | De Silva Windresort Kalpitiya","isPartOf":{"@id":"https:\/\/surfschool-srilanka.com\/fr\/#website"},"datePublished":"2023-03-16T21:02:26+00:00","dateModified":"2023-03-16T21:02:30+00:00","breadcrumb":{"@id":"https:\/\/surfschool-srilanka.com\/fr\/empreinte\/#breadcrumb"},"inLanguage":"fr-FR","potentialAction":[{"@type":"ReadAction","target":["https:\/\/surfschool-srilanka.com\/fr\/empreinte\/"]}]},{"@type":"BreadcrumbList","@id":"https:\/\/surfschool-srilanka.com\/fr\/empreinte\/#breadcrumb","itemListElement":[{"@type":"ListItem","position":1,"name":"Startseite","item":"https:\/\/surfschool-srilanka.com\/fr\/ecole-de-kitesurf-au-sri-lanka\/"},{"@type":"ListItem","position":2,"name":"Empreinte"}]},{"@type":"WebSite","@id":"https:\/\/surfschool-srilanka.com\/fr\/#website","url":"https:\/\/surfschool-srilanka.com\/fr\/","name":"De Silva Windresort Kalpitiya","description":"Kitesurfing, we\u00b4ll make you ride!","publisher":{"@id":"https:\/\/surfschool-srilanka.com\/fr\/#organization"},"alternateName":"https:\/\/surfschool-srilanka.com","potentialAction":[{"@type":"SearchAction","target":{"@type":"EntryPoint","urlTemplate":"https:\/\/surfschool-srilanka.com\/fr\/?s={search_term_string}"},"query-input":{"@type":"PropertyValueSpecification","valueRequired":true,"valueName":"search_term_string"}}],"inLanguage":"fr-FR"},{"@type":"Organization","@id":"https:\/\/surfschool-srilanka.com\/fr\/#organization","name":"De Silva Wind Resort Kalpitiya (Pvt.) Ltd","url":"https:\/\/surfschool-srilanka.com\/fr\/","logo":{"@type":"ImageObject","inLanguage":"fr-FR","@id":"https:\/\/surfschool-srilanka.com\/fr\/#\/schema\/logo\/image\/","url":"https:\/\/surfschool-srilanka.com\/wp-content\/uploads\/2020\/03\/logo-rechnungen.png","contentUrl":"https:\/\/surfschool-srilanka.com\/wp-content\/uploads\/2020\/03\/logo-rechnungen.png","width":3216,"height":912,"caption":"De Silva Wind Resort Kalpitiya (Pvt.) Ltd"},"image":{"@id":"https:\/\/surfschool-srilanka.com\/fr\/#\/schema\/logo\/image\/"},"sameAs":["https:\/\/www.facebook.com\/windresort.kalpitiya\/","https:\/\/www.instagram.com\/desilva.windresort\/","https:\/\/www.youtube.com\/c\/KitesurfingSrilankaDESILVAWindresortKalpitiya\/videos","https:\/\/www.tiktok.com\/@desilvawindresort"]}]}},"_links":{"self":[{"href":"https:\/\/surfschool-srilanka.com\/fr\/wp-json\/wp\/v2\/pages\/8387","targetHints":{"allow":["GET"]}}],"collection":[{"href":"https:\/\/surfschool-srilanka.com\/fr\/wp-json\/wp\/v2\/pages"}],"about":[{"href":"https:\/\/surfschool-srilanka.com\/fr\/wp-json\/wp\/v2\/types\/page"}],"author":[{"embeddable":true,"href":"https:\/\/surfschool-srilanka.com\/fr\/wp-json\/wp\/v2\/users\/3"}],"replies":[{"embeddable":true,"href":"https:\/\/surfschool-srilanka.com\/fr\/wp-json\/wp\/v2\/comments?post=8387"}],"version-history":[{"count":5,"href":"https:\/\/surfschool-srilanka.com\/fr\/wp-json\/wp\/v2\/pages\/8387\/revisions"}],"predecessor-version":[{"id":8392,"href":"https:\/\/surfschool-srilanka.com\/fr\/wp-json\/wp\/v2\/pages\/8387\/revisions\/8392"}],"wp:attachment":[{"href":"https:\/\/surfschool-srilanka.com\/fr\/wp-json\/wp\/v2\/media?parent=8387"}],"curies":[{"name":"wp","href":"https:\/\/api.w.org\/{rel}","templated":true}]}}