{"id":8397,"date":"2023-03-16T22:03:16","date_gmt":"2023-03-16T21:03:16","guid":{"rendered":"https:\/\/surfschool-srilanka.com\/charite-de-silva\/"},"modified":"2023-03-16T22:03:19","modified_gmt":"2023-03-16T21:03:19","slug":"charite-de-silva","status":"publish","type":"page","link":"https:\/\/surfschool-srilanka.com\/fr\/charite-de-silva\/","title":{"rendered":"Charit\u00e9 De Silva"},"content":{"rendered":"<p>[et_pb_section fb_built=\u00a0\u00bb1&Prime; admin_label=\u00a0\u00bbHeader\u00a0\u00bb _builder_version=\u00a0\u00bb4.0.9&Prime; use_background_color_gradient=\u00a0\u00bbon\u00a0\u00bb background_color_gradient_start=\u00a0\u00bb#242e42&Prime; background_color_gradient_end=\u00a0\u00bbrgba(36,46,66,0.09)\u00a0\u00bb background_color_gradient_direction=\u00a0\u00bb90deg\u00a0\u00bb background_color_gradient_end_position=\u00a0\u00bb61%\u00a0\u00bb background_color_gradient_overlays_image=\u00a0\u00bbon\u00a0\u00bb background_image=\u00a0\u00bbhttps:\/\/surfschool-srilanka.com\/wp-content\/uploads\/2020\/03\/1015463_1496054270618416_3467797472831272793_o.png\u00a0\u00bb custom_padding=\u00a0\u00bb||0px|||\u00a0\u00bb locked=\u00a0\u00bboff\u00a0\u00bb][et_pb_row column_structure=\u00a0\u00bb3_5,2_5&Prime; _builder_version=\u00a0\u00bb3.25&Prime; custom_margin=\u00a0\u00bb-6px|auto||auto||\u00a0\u00bb][et_pb_column type=\u00a0\u00bb3_5&Prime; _builder_version=\u00a0\u00bb3.25&Prime; custom_padding=\u00a0\u00bb|||\u00a0\u00bb custom_padding__hover=\u00a0\u00bb|||\u00a0\u00bb][et_pb_text _builder_version=\u00a0\u00bb4.4.3&Prime; text_font=\u00a0\u00bbLato||||||||\u00a0\u00bb text_font_size=\u00a0\u00bb22px\u00a0\u00bb text_line_height=\u00a0\u00bb1.8em\u00a0\u00bb header_font=\u00a0\u00bbPT Serif|700|||||||\u00a0\u00bb header_font_size=\u00a0\u00bb50px\u00a0\u00bb header_line_height=\u00a0\u00bb1.2em\u00a0\u00bb background_layout=\u00a0\u00bbdark\u00a0\u00bb min_height=\u00a0\u00bb550px\u00a0\u00bb min_height_tablet=\u00a0\u00bb\u00a0\u00bb min_height_phone=\u00a0\u00bb\u00a0\u00bb min_height_last_edited=\u00a0\u00bbon|desktop\u00a0\u00bb custom_margin=\u00a0\u00bb|||||false\u00a0\u00bb custom_padding=\u00a0\u00bb40px|40px|40px|40px|true|true\u00a0\u00bb text_font_size_tablet=\u00a0\u00bb\u00a0\u00bb text_font_size_phone=\u00a0\u00bb18px\u00a0\u00bb text_font_size_last_edited=\u00a0\u00bbon|phone\u00a0\u00bb header_font_size_tablet=\u00a0\u00bb60px\u00a0\u00bb header_font_size_phone=\u00a0\u00bb36px\u00a0\u00bb header_font_size_last_edited=\u00a0\u00bbon|phone\u00a0\u00bb border_width_all=\u00a0\u00bb40px\u00a0\u00bb border_color_all=\u00a0\u00bb#ffd400&Prime; border_width_all_tablet=\u00a0\u00bb\u00a0\u00bb border_width_all_phone=\u00a0\u00bb10px\u00a0\u00bb border_width_all_last_edited=\u00a0\u00bbon|desktop\u00a0\u00bb]<\/p>\n<h1>Charit\u00e9 DE SILVA<\/h1>\n<p>Pourquoi devrions-nous faire un don pour les pauvres de Kalpitiya?<\/p>\n<p>Pourquoi devrions-nous d\u00e9passer la responsabilit\u00e9 sociale?<\/p>\n<p>Pourquoi devrions-nous prendre soin de notre environnement naturel?<\/p>\n<p>PARCE QUE NOUS LE POUVONS!!! \ud83d\ude42<\/p>\n<p>[\/et_pb_text][\/et_pb_column][et_pb_column type=\u00a0\u00bb2_5&Prime; _builder_version=\u00a0\u00bb3.25&Prime; custom_padding=\u00a0\u00bb160px|||\u00a0\u00bb custom_padding_tablet=\u00a0\u00bb0px||\u00a0\u00bb custom_padding_phone=\u00a0\u00bb\u00a0\u00bb custom_padding_last_edited=\u00a0\u00bbon|desktop\u00a0\u00bb custom_padding__hover=\u00a0\u00bb|||\u00a0\u00bb][et_pb_image src=\u00a0\u00bbhttps:\/\/surfschool-srilanka.com\/wp-content\/uploads\/2020\/03\/desilvacharity-button-1.png\u00a0\u00bb align=\u00a0\u00bbcenter\u00a0\u00bb _builder_version=\u00a0\u00bb4.4.3&Prime; custom_margin=\u00a0\u00bb200px||||false|false\u00a0\u00bb custom_margin_tablet=\u00a0\u00bb0px||||false|false\u00a0\u00bb custom_margin_phone=\u00a0\u00bb\u00a0\u00bb custom_margin_last_edited=\u00a0\u00bbon|desktop\u00a0\u00bb][\/et_pb_image][\/et_pb_column][\/et_pb_row][et_pb_row _builder_version=\u00a0\u00bb3.25&Prime; width=\u00a0\u00bb100%\u00a0\u00bb max_width=\u00a0\u00bbnone\u00a0\u00bb custom_padding=\u00a0\u00bb0px||1px|||\u00a0\u00bb][et_pb_column type=\u00a0\u00bb4_4&Prime; _builder_version=\u00a0\u00bb3.25&Prime; custom_padding=\u00a0\u00bb|||\u00a0\u00bb custom_padding__hover=\u00a0\u00bb|||\u00a0\u00bb][et_pb_image src=\u00a0\u00bbhttps:\/\/surfschool-srilanka.com\/wp-content\/uploads\/2019\/12\/sight-seeing-52.png\u00a0\u00bb force_fullwidth=\u00a0\u00bbon\u00a0\u00bb _builder_version=\u00a0\u00bb3.24&Prime; custom_margin=\u00a0\u00bb-9vw||-1px||false|\u00a0\u00bb custom_margin_tablet=\u00a0\u00bb0vw|||\u00a0\u00bb custom_margin_phone=\u00a0\u00bb\u00a0\u00bb custom_margin_last_edited=\u00a0\u00bbon|desktop\u00a0\u00bb][\/et_pb_image][\/et_pb_column][\/et_pb_row][\/et_pb_section][et_pb_section fb_built=\u00a0\u00bb1&Prime; _builder_version=\u00a0\u00bb4.4.3&Prime; min_height=\u00a0\u00bb1034px\u00a0\u00bb custom_margin_tablet=\u00a0\u00bb\u00a0\u00bb custom_margin_phone=\u00a0\u00bb\u00a0\u00bb custom_margin_last_edited=\u00a0\u00bbon|desktop\u00a0\u00bb custom_padding=\u00a0\u00bb||||false|false\u00a0\u00bb][et_pb_row column_structure=\u00a0\u00bb1_3,1_3,1_3&Prime; _builder_version=\u00a0\u00bb4.0.9&Prime; custom_margin=\u00a0\u00bb-54px|auto||auto||\u00a0\u00bb][et_pb_column type=\u00a0\u00bb1_3&Prime; _builder_version=\u00a0\u00bb4.0.9&Prime;][et_pb_gallery gallery_ids=\u00a0\u00bb2265,2392,2394,2396,2398,2400,2402,2404,2409,2411,2413&Prime; fullwidth=\u00a0\u00bbon\u00a0\u00bb _builder_version=\u00a0\u00bb4.0.9&Prime;][\/et_pb_gallery][et_pb_text _builder_version=\u00a0\u00bb4.0.9&Prime;]<\/p>\n<p style=\"text-align: center;\">Ce que nous faisons pour notre environnement!<\/p>\n<p>[\/et_pb_text][\/et_pb_column][et_pb_column type=\u00a0\u00bb1_3&Prime; _builder_version=\u00a0\u00bb4.0.9&Prime;][et_pb_gallery gallery_ids=\u00a0\u00bb1929,2415,2417,2419,2421,2423,2425,2427,2429,2431,2433,2435,2437,2439&Prime; fullwidth=\u00a0\u00bbon\u00a0\u00bb _builder_version=\u00a0\u00bb4.0.9&Prime;][\/et_pb_gallery][et_pb_text _builder_version=\u00a0\u00bb4.0.9&Prime;]<\/p>\n<p style=\"text-align: center;\">Dons De Silva<\/p>\n<p>[\/et_pb_text][\/et_pb_column][et_pb_column type=\u00a0\u00bb1_3&Prime; _builder_version=\u00a0\u00bb4.0.9&Prime;][et_pb_gallery gallery_ids=\u00a0\u00bb1931,2443,2445,2447,2449,2451,2453,2455,2457,2459,2461,2463,2465,2467,2469,2471,2473,2475,2477,2479,2481&Prime; fullwidth=\u00a0\u00bbon\u00a0\u00bb _builder_version=\u00a0\u00bb4.0.9&Prime;][\/et_pb_gallery][et_pb_text _builder_version=\u00a0\u00bb4.0.9&Prime;]<\/p>\n<p style=\"text-align: center;\">Voyages annuels du personnel de De Silva<\/p>\n<p>[\/et_pb_text][\/et_pb_column][\/et_pb_row][et_pb_row _builder_version=\u00a0\u00bb4.0.9&Prime; custom_padding=\u00a0\u00bb||0px|||\u00a0\u00bb][et_pb_column type=\u00a0\u00bb4_4&Prime; _builder_version=\u00a0\u00bb4.0.9&Prime;][et_pb_text _builder_version=\u00a0\u00bb4.0.9&Prime; header_4_text_color=\u00a0\u00bb#93adcf\u00a0\u00bb background_color=\u00a0\u00bbrgba(0,0,0,0)\u00a0\u00bb custom_margin=\u00a0\u00bb||-1px|||\u00a0\u00bb]<\/p>\n<h4><span>De Silva d\u00e9passe la responsabilit\u00e9 de l\u2019environnement naturel!  <\/span><\/h4>\n<p><span><\/span><\/p>\n<p>[\/et_pb_text][et_pb_text _builder_version=\u00a0\u00bb4.0.9&Prime; custom_margin=\u00a0\u00bb||13px|||\u00a0\u00bb]<\/p>\n<h4><span style=\"font-size: 14px; color: #666666; font-family: Lato, Helvetica, Arial, Lucida, sans-serif; font-weight: 500;\">En tant qu\u2019entreprise h\u00f4teli\u00e8re, De Silva ne se retire pas de ce sujet et essaie de jouer un r\u00f4le de premier plan!  <\/span><span style=\"font-size: 14px; color: #666666; font-family: Lato, Helvetica, Arial, Lucida, sans-serif; font-weight: 500;\">Nous ne proposons plus de boissons en bouteilles en plastique \u00e0 la vente!  <\/span><span style=\"font-size: 14px; color: #666666; font-family: Lato, Helvetica, Arial, Lucida, sans-serif; font-weight: 500;\">Nous demandons \u00e9galement votre soutien: nous offrons des distributeurs d\u2019eau (2\u20ac \/ jour) pour remplir votre bottel!<\/span><\/h4>\n<p><span>Nous avons transform\u00e9 notre activit\u00e9 h\u00f4teli\u00e8re en sans plastique.  <\/span><span>Nous essayons autant que possible d\u2019\u00e9viter le gaspillage lors de l\u2019achat de nourriture pour l\u2019h\u00f4tel que nous achetons dans les magasins locaux!  <\/span><\/p>\n<p><span>Nous esp\u00e9rons cr\u00e9er une prise de conscience en nettoyant la plage et les rues de Kalpitiya!<\/span><\/p>\n<p>De Silva soutient \u00e9galement la plantation de mangroves qui sont l\u2019un des \u00e9cosyst\u00e8mes les plus productifs de notre plan\u00e8te:<\/p>\n<ul>\n<li>Les mangroves prot\u00e8gent les c\u00f4tes (\u00e9rosion)<\/li>\n<li>Les mangroves prot\u00e8gent du changement climatique gr\u00e2ce au CO2<\/li>\n<li>Les mangroves fournissent des habitats \u00e0 de nombreuses esp\u00e8ces (oiseaux, reptiles et petites cr\u00e9atures marines)<\/li>\n<\/ul>\n<p><span>De Silva s\u2019occupe \u00e9galement des chiens et chats des rues \u00e0 Kalpitiya et invite souvent le personnel m\u00e9dical \u00e0 prendre soin des chiens et \u00e0 les st\u00e9riliser.<\/span><\/p>\n<p><span><\/span><\/p>\n<p><span><\/span><\/p>\n<p>[\/et_pb_text][et_pb_text _builder_version=\u00a0\u00bb4.0.9&Prime; header_4_text_color=\u00a0\u00bb#ff3314&Prime; background_color=\u00a0\u00bbrgba(0,0,0,0)\u00a0\u00bb custom_margin=\u00a0\u00bb||3px|||\u00a0\u00bb]<\/p>\n<h4><span>De Silva s\u2019occupe de la soci\u00e9t\u00e9 de Kalpitiya!<\/span><\/h4>\n<p><span><\/span><\/p>\n<p>[\/et_pb_text][et_pb_text _builder_version=\u00a0\u00bb4.4.7&Prime; custom_margin=\u00a0\u00bb-2px|||||\u00a0\u00bb hover_enabled=\u00a0\u00bb0&Prime;]<\/p>\n<p><span>Nous soutenons \u00e9galement les \u00e9coliers de Kalpitiya avec des livres scolaires et des v\u00eatements.  <\/span><span>Pour emp\u00eacher les habitants de Dengu, nous avons soutenu tant de familles avec des moustiquaires pendant la p\u00e9riode de Dengu fiever en 2017.  <\/span><span>De Silva soutient de nombreuses institutions locales \u00e0 Kalpitiya telles que le temple bouddhiste, l\u2019\u00c9glise catholique, l\u2019association des p\u00eacheurs, ainsi que des familles dans le besoin&#8230;<\/span><\/p>\n<p>[\/et_pb_text][et_pb_text _builder_version=\u00a0\u00bb4.0.9&Prime; header_4_text_color=\u00a0\u00bb#e6c302&Prime; background_color=\u00a0\u00bbrgba(0,0,0,0)\u00a0\u00bb custom_margin=\u00a0\u00bb||-1px|||\u00a0\u00bb]<\/p>\n<h4><span>De Silva Team aura un avantage !<\/span><\/h4>\n<p><span><\/span><\/p>\n<p>[\/et_pb_text][et_pb_text _builder_version=\u00a0\u00bb4.0.9&Prime;]<\/p>\n<p><span style=\"font-size: 14px;\">De Silva essaie de soutenir les membres de son \u00e9quipe autant que possible et de verser des primes sp\u00e9ciales en plus du salaire, ou d\u2019aider aux mariages. Nous essayons d\u2019employer principalement des locaux et de ne faire aucune distinction de sexe, d\u2019origine, de religion ou autre.  <\/span><span style=\"font-size: 14px;\">L\u2019\u00e9quipe De Silva fait de grandes choses tous les jours! En guise de remerciement, De Silva fait un voyage du personnel chaque ann\u00e9e en octobre. Ensemble, nous voyageons toujours dans diff\u00e9rents endroits du Sri Lanka pendant quelques jours.  <\/span><span style=\"font-size: 14px;\">Cela favorise non seulement le team building, mais donne \u00e9galement aux membres de l\u2019\u00e9quipe De Silva l\u2019occasion d\u2019explorer leur propre pays.<\/span><\/p>\n<p>&nbsp;<\/p>\n<p>[\/et_pb_text][\/et_pb_column][\/et_pb_row][\/et_pb_section][et_pb_section fb_built=\u00a0\u00bb1&Prime; _builder_version=\u00a0\u00bb4.4.3&Prime; background_color=\u00a0\u00bb#ff3314&Prime;][et_pb_row column_structure=\u00a0\u00bb1_2,1_2&Prime; make_equal=\u00a0\u00bbon\u00a0\u00bb _builder_version=\u00a0\u00bb4.4.3&Prime; module_alignment=\u00a0\u00bbcenter\u00a0\u00bb module_alignment_tablet=\u00a0\u00bb\u00a0\u00bb module_alignment_phone=\u00a0\u00bb\u00a0\u00bb module_alignment_last_edited=\u00a0\u00bbon|desktop\u00a0\u00bb][et_pb_column type=\u00a0\u00bb1_2&Prime; _builder_version=\u00a0\u00bb4.4.3&Prime;][et_pb_video src=\u00a0\u00bbhttps:\/\/www.youtube.com\/watch?v=8khJ6_iF3ts\u00a0\u00bb _builder_version=\u00a0\u00bb4.4.3&Prime; db_limit_youtube_related_videos_to_same_channel=\u00a0\u00bbon\u00a0\u00bb src__hover_enabled=\u00a0\u00bbon|desktop\u00a0\u00bb][\/et_pb_video][\/et_pb_column][et_pb_column type=\u00a0\u00bb1_2&Prime; _builder_version=\u00a0\u00bb4.4.3&Prime; custom_padding=\u00a0\u00bb40px||||false|false\u00a0\u00bb custom_padding_tablet=\u00a0\u00bb0px||||false|false\u00a0\u00bb custom_padding_phone=\u00a0\u00bb\u00a0\u00bb custom_padding_last_edited=\u00a0\u00bbon|desktop\u00a0\u00bb][et_pb_text _builder_version=\u00a0\u00bb4.4.3&Prime; text_font=\u00a0\u00bbPT Serif Caption|700|||||||\u00a0\u00bb text_orientation=\u00a0\u00bbcenter\u00a0\u00bb background_layout=\u00a0\u00bbdark\u00a0\u00bb]Il n\u2019est jamais trop tard pour faire quelque chose!<\/p>\n<p>Si vous pouvez ressentir la souffrance de la pauvret\u00e9 comme nous le faisons et que vous voulez faire quelque chose \u00e0 ce sujet, alors soutenez-nous dans notre prochain projet:<\/p>\n<p>Nous recueillons de l\u2019argent pour construire une nouvelle classe scolaire \u00e0 Kalpitiya. L\u2019\u00e9tat des locaux actuels est tr\u00e8s pr\u00e9caire et nous allons nous y attaquer. Contribuez-y et faites votre don directement \u00e0 notre bureau de vill\u00e9giature![\/et_pb_text][\/et_pb_column][\/et_pb_row][\/et_pb_section]<\/p>\n","protected":false},"excerpt":{"rendered":"<p>Charit\u00e9 DE SILVA Pourquoi devrions-nous faire un don pour les pauvres de Kalpitiya? Pourquoi devrions-nous d\u00e9passer la responsabilit\u00e9 sociale? Pourquoi devrions-nous prendre soin de notre environnement naturel? PARCE QUE NOUS LE POUVONS!!! :-)Ce que nous faisons pour notre environnement!Dons De SilvaVoyages annuels du personnel de De SilvaDe Silva d\u00e9passe la responsabilit\u00e9 de l\u2019environnement naturel! En [&hellip;]<\/p>\n","protected":false},"author":3,"featured_media":0,"parent":0,"menu_order":0,"comment_status":"closed","ping_status":"closed","template":"","meta":{"_et_pb_use_builder":"on","_et_pb_old_content":"","_et_gb_content_width":"","footnotes":""},"class_list":["post-8397","page","type-page","status-publish","hentry"],"yoast_head":"<!-- This site is optimized with the Yoast SEO Premium plugin v27.0 (Yoast SEO v27.0) - https:\/\/yoast.com\/product\/yoast-seo-premium-wordpress\/ -->\n<title>Charit\u00e9 De Silva | De Silva Windresort Kalpitiya<\/title>\n<meta name=\"robots\" content=\"index, follow, max-snippet:-1, max-image-preview:large, max-video-preview:-1\" \/>\n<link rel=\"canonical\" href=\"https:\/\/surfschool-srilanka.com\/fr\/charite-de-silva\/\" \/>\n<meta property=\"og:locale\" content=\"fr_FR\" \/>\n<meta property=\"og:type\" content=\"article\" \/>\n<meta property=\"og:title\" content=\"Charit\u00e9 De Silva\" \/>\n<meta property=\"og:description\" content=\"Charit\u00e9 DE SILVA Pourquoi devrions-nous faire un don pour les pauvres de Kalpitiya? Pourquoi devrions-nous d\u00e9passer la responsabilit\u00e9 sociale? Pourquoi devrions-nous prendre soin de notre environnement naturel? PARCE QUE NOUS LE POUVONS!!! :-)Ce que nous faisons pour notre environnement!Dons De SilvaVoyages annuels du personnel de De SilvaDe Silva d\u00e9passe la responsabilit\u00e9 de l\u2019environnement naturel! En [&hellip;]\" \/>\n<meta property=\"og:url\" content=\"https:\/\/surfschool-srilanka.com\/fr\/charite-de-silva\/\" \/>\n<meta property=\"og:site_name\" content=\"De Silva Windresort Kalpitiya\" \/>\n<meta property=\"article:publisher\" content=\"https:\/\/www.facebook.com\/windresort.kalpitiya\/\" \/>\n<meta property=\"article:modified_time\" content=\"2023-03-16T21:03:19+00:00\" \/>\n<meta property=\"og:image\" content=\"https:\/\/surfschool-srilanka.com\/wp-content\/uploads\/2024\/11\/DeSilva_LogoNeu_Black.png\" \/>\n\t<meta property=\"og:image:width\" content=\"1072\" \/>\n\t<meta property=\"og:image:height\" content=\"992\" \/>\n\t<meta property=\"og:image:type\" content=\"image\/png\" \/>\n<meta name=\"twitter:card\" content=\"summary_large_image\" \/>\n<meta name=\"twitter:label1\" content=\"Dur\u00e9e de lecture estim\u00e9e\" \/>\n\t<meta name=\"twitter:data1\" content=\"6 minutes\" \/>\n<script type=\"application\/ld+json\" class=\"yoast-schema-graph\">{\"@context\":\"https:\/\/schema.org\",\"@graph\":[{\"@type\":\"WebPage\",\"@id\":\"https:\/\/surfschool-srilanka.com\/fr\/charite-de-silva\/\",\"url\":\"https:\/\/surfschool-srilanka.com\/fr\/charite-de-silva\/\",\"name\":\"Charit\u00e9 De Silva | De Silva Windresort Kalpitiya\",\"isPartOf\":{\"@id\":\"https:\/\/surfschool-srilanka.com\/fr\/#website\"},\"datePublished\":\"2023-03-16T21:03:16+00:00\",\"dateModified\":\"2023-03-16T21:03:19+00:00\",\"breadcrumb\":{\"@id\":\"https:\/\/surfschool-srilanka.com\/fr\/charite-de-silva\/#breadcrumb\"},\"inLanguage\":\"fr-FR\",\"potentialAction\":[{\"@type\":\"ReadAction\",\"target\":[\"https:\/\/surfschool-srilanka.com\/fr\/charite-de-silva\/\"]}]},{\"@type\":\"BreadcrumbList\",\"@id\":\"https:\/\/surfschool-srilanka.com\/fr\/charite-de-silva\/#breadcrumb\",\"itemListElement\":[{\"@type\":\"ListItem\",\"position\":1,\"name\":\"Startseite\",\"item\":\"https:\/\/surfschool-srilanka.com\/fr\/ecole-de-kitesurf-au-sri-lanka\/\"},{\"@type\":\"ListItem\",\"position\":2,\"name\":\"Charit\u00e9 De Silva\"}]},{\"@type\":\"WebSite\",\"@id\":\"https:\/\/surfschool-srilanka.com\/fr\/#website\",\"url\":\"https:\/\/surfschool-srilanka.com\/fr\/\",\"name\":\"De Silva Windresort Kalpitiya\",\"description\":\"Kitesurfing, we\u00b4ll make you ride!\",\"publisher\":{\"@id\":\"https:\/\/surfschool-srilanka.com\/fr\/#organization\"},\"alternateName\":\"https:\/\/surfschool-srilanka.com\",\"potentialAction\":[{\"@type\":\"SearchAction\",\"target\":{\"@type\":\"EntryPoint\",\"urlTemplate\":\"https:\/\/surfschool-srilanka.com\/fr\/?s={search_term_string}\"},\"query-input\":{\"@type\":\"PropertyValueSpecification\",\"valueRequired\":true,\"valueName\":\"search_term_string\"}}],\"inLanguage\":\"fr-FR\"},{\"@type\":\"Organization\",\"@id\":\"https:\/\/surfschool-srilanka.com\/fr\/#organization\",\"name\":\"De Silva Wind Resort Kalpitiya (Pvt.) Ltd\",\"url\":\"https:\/\/surfschool-srilanka.com\/fr\/\",\"logo\":{\"@type\":\"ImageObject\",\"inLanguage\":\"fr-FR\",\"@id\":\"https:\/\/surfschool-srilanka.com\/fr\/#\/schema\/logo\/image\/\",\"url\":\"https:\/\/surfschool-srilanka.com\/wp-content\/uploads\/2020\/03\/logo-rechnungen.png\",\"contentUrl\":\"https:\/\/surfschool-srilanka.com\/wp-content\/uploads\/2020\/03\/logo-rechnungen.png\",\"width\":3216,\"height\":912,\"caption\":\"De Silva Wind Resort Kalpitiya (Pvt.) Ltd\"},\"image\":{\"@id\":\"https:\/\/surfschool-srilanka.com\/fr\/#\/schema\/logo\/image\/\"},\"sameAs\":[\"https:\/\/www.facebook.com\/windresort.kalpitiya\/\",\"https:\/\/www.instagram.com\/desilva.windresort\/\",\"https:\/\/www.youtube.com\/c\/KitesurfingSrilankaDESILVAWindresortKalpitiya\/videos\",\"https:\/\/www.tiktok.com\/@desilvawindresort\"]}]}<\/script>\n<!-- \/ Yoast SEO Premium plugin. -->","yoast_head_json":{"title":"Charit\u00e9 De Silva | De Silva Windresort Kalpitiya","robots":{"index":"index","follow":"follow","max-snippet":"max-snippet:-1","max-image-preview":"max-image-preview:large","max-video-preview":"max-video-preview:-1"},"canonical":"https:\/\/surfschool-srilanka.com\/fr\/charite-de-silva\/","og_locale":"fr_FR","og_type":"article","og_title":"Charit\u00e9 De Silva","og_description":"Charit\u00e9 DE SILVA Pourquoi devrions-nous faire un don pour les pauvres de Kalpitiya? Pourquoi devrions-nous d\u00e9passer la responsabilit\u00e9 sociale? Pourquoi devrions-nous prendre soin de notre environnement naturel? PARCE QUE NOUS LE POUVONS!!! :-)Ce que nous faisons pour notre environnement!Dons De SilvaVoyages annuels du personnel de De SilvaDe Silva d\u00e9passe la responsabilit\u00e9 de l\u2019environnement naturel! En [&hellip;]","og_url":"https:\/\/surfschool-srilanka.com\/fr\/charite-de-silva\/","og_site_name":"De Silva Windresort Kalpitiya","article_publisher":"https:\/\/www.facebook.com\/windresort.kalpitiya\/","article_modified_time":"2023-03-16T21:03:19+00:00","og_image":[{"width":1072,"height":992,"url":"https:\/\/surfschool-srilanka.com\/wp-content\/uploads\/2024\/11\/DeSilva_LogoNeu_Black.png","type":"image\/png"}],"twitter_card":"summary_large_image","twitter_misc":{"Dur\u00e9e de lecture estim\u00e9e":"6 minutes"},"schema":{"@context":"https:\/\/schema.org","@graph":[{"@type":"WebPage","@id":"https:\/\/surfschool-srilanka.com\/fr\/charite-de-silva\/","url":"https:\/\/surfschool-srilanka.com\/fr\/charite-de-silva\/","name":"Charit\u00e9 De Silva | De Silva Windresort Kalpitiya","isPartOf":{"@id":"https:\/\/surfschool-srilanka.com\/fr\/#website"},"datePublished":"2023-03-16T21:03:16+00:00","dateModified":"2023-03-16T21:03:19+00:00","breadcrumb":{"@id":"https:\/\/surfschool-srilanka.com\/fr\/charite-de-silva\/#breadcrumb"},"inLanguage":"fr-FR","potentialAction":[{"@type":"ReadAction","target":["https:\/\/surfschool-srilanka.com\/fr\/charite-de-silva\/"]}]},{"@type":"BreadcrumbList","@id":"https:\/\/surfschool-srilanka.com\/fr\/charite-de-silva\/#breadcrumb","itemListElement":[{"@type":"ListItem","position":1,"name":"Startseite","item":"https:\/\/surfschool-srilanka.com\/fr\/ecole-de-kitesurf-au-sri-lanka\/"},{"@type":"ListItem","position":2,"name":"Charit\u00e9 De Silva"}]},{"@type":"WebSite","@id":"https:\/\/surfschool-srilanka.com\/fr\/#website","url":"https:\/\/surfschool-srilanka.com\/fr\/","name":"De Silva Windresort Kalpitiya","description":"Kitesurfing, we\u00b4ll make you ride!","publisher":{"@id":"https:\/\/surfschool-srilanka.com\/fr\/#organization"},"alternateName":"https:\/\/surfschool-srilanka.com","potentialAction":[{"@type":"SearchAction","target":{"@type":"EntryPoint","urlTemplate":"https:\/\/surfschool-srilanka.com\/fr\/?s={search_term_string}"},"query-input":{"@type":"PropertyValueSpecification","valueRequired":true,"valueName":"search_term_string"}}],"inLanguage":"fr-FR"},{"@type":"Organization","@id":"https:\/\/surfschool-srilanka.com\/fr\/#organization","name":"De Silva Wind Resort Kalpitiya (Pvt.) Ltd","url":"https:\/\/surfschool-srilanka.com\/fr\/","logo":{"@type":"ImageObject","inLanguage":"fr-FR","@id":"https:\/\/surfschool-srilanka.com\/fr\/#\/schema\/logo\/image\/","url":"https:\/\/surfschool-srilanka.com\/wp-content\/uploads\/2020\/03\/logo-rechnungen.png","contentUrl":"https:\/\/surfschool-srilanka.com\/wp-content\/uploads\/2020\/03\/logo-rechnungen.png","width":3216,"height":912,"caption":"De Silva Wind Resort Kalpitiya (Pvt.) Ltd"},"image":{"@id":"https:\/\/surfschool-srilanka.com\/fr\/#\/schema\/logo\/image\/"},"sameAs":["https:\/\/www.facebook.com\/windresort.kalpitiya\/","https:\/\/www.instagram.com\/desilva.windresort\/","https:\/\/www.youtube.com\/c\/KitesurfingSrilankaDESILVAWindresortKalpitiya\/videos","https:\/\/www.tiktok.com\/@desilvawindresort"]}]}},"_links":{"self":[{"href":"https:\/\/surfschool-srilanka.com\/fr\/wp-json\/wp\/v2\/pages\/8397","targetHints":{"allow":["GET"]}}],"collection":[{"href":"https:\/\/surfschool-srilanka.com\/fr\/wp-json\/wp\/v2\/pages"}],"about":[{"href":"https:\/\/surfschool-srilanka.com\/fr\/wp-json\/wp\/v2\/types\/page"}],"author":[{"embeddable":true,"href":"https:\/\/surfschool-srilanka.com\/fr\/wp-json\/wp\/v2\/users\/3"}],"replies":[{"embeddable":true,"href":"https:\/\/surfschool-srilanka.com\/fr\/wp-json\/wp\/v2\/comments?post=8397"}],"version-history":[{"count":5,"href":"https:\/\/surfschool-srilanka.com\/fr\/wp-json\/wp\/v2\/pages\/8397\/revisions"}],"predecessor-version":[{"id":8402,"href":"https:\/\/surfschool-srilanka.com\/fr\/wp-json\/wp\/v2\/pages\/8397\/revisions\/8402"}],"wp:attachment":[{"href":"https:\/\/surfschool-srilanka.com\/fr\/wp-json\/wp\/v2\/media?parent=8397"}],"curies":[{"name":"wp","href":"https:\/\/api.w.org\/{rel}","templated":true}]}}