{"id":8403,"date":"2023-03-16T22:03:50","date_gmt":"2023-03-16T21:03:50","guid":{"rendered":"https:\/\/surfschool-srilanka.com\/description-de-la-chambre-cabane-de-surf-familiale\/"},"modified":"2024-05-08T14:41:43","modified_gmt":"2024-05-08T13:41:43","slug":"description-de-la-chambre-cabane-de-surf-familiale","status":"publish","type":"page","link":"https:\/\/surfschool-srilanka.com\/fr\/gites-a-kalpitiya\/description-de-la-chambre-cabane-de-surf-familiale\/","title":{"rendered":"Description de la chambre cabane de surf familiale"},"content":{"rendered":"<p>[et_pb_section fb_built=\u00a0\u00bb1&Prime; _builder_version=\u00a0\u00bb4.16&Prime; custom_margin=\u00a0\u00bb||||false|false\u00a0\u00bb custom_padding=\u00a0\u00bb||||false|false\u00a0\u00bb global_colors_info=\u00a0\u00bb{}\u00a0\u00bb][et_pb_row column_structure=\u00a0\u00bb1_2,1_4,1_4&Prime; _builder_version=\u00a0\u00bb4.16&Prime; min_height=\u00a0\u00bb653px\u00a0\u00bb custom_margin=\u00a0\u00bb||||false|false\u00a0\u00bb global_colors_info=\u00a0\u00bb{}\u00a0\u00bb][et_pb_column type=\u00a0\u00bb1_2&Prime; _builder_version=\u00a0\u00bb4.16&Prime; global_colors_info=\u00a0\u00bb{}\u00a0\u00bb][et_pb_slider show_image_video_mobile=\u00a0\u00bbon\u00a0\u00bb _builder_version=\u00a0\u00bb4.16&Prime; body_text_align=\u00a0\u00bbleft\u00a0\u00bb body_text_color=\u00a0\u00bb#ffffff\u00a0\u00bb body_font_size=\u00a0\u00bb16px\u00a0\u00bb body_line_height=\u00a0\u00bb1em\u00a0\u00bb background_color=\u00a0\u00bb#e6c302&Prime; min_height=\u00a0\u00bb328px\u00a0\u00bb custom_margin=\u00a0\u00bb||||false|false\u00a0\u00bb custom_padding=\u00a0\u00bb||||false|false\u00a0\u00bb auto=\u00a0\u00bbon\u00a0\u00bb auto_ignore_hover=\u00a0\u00bbon\u00a0\u00bb border_radii=\u00a0\u00bboff||||\u00a0\u00bb border_style_all_image=\u00a0\u00bbgroove\u00a0\u00bb global_colors_info=\u00a0\u00bb{}\u00a0\u00bb][et_pb_slide heading=\u00a0\u00bbWindresort Family Surf Cabana\u00a0\u00bb image=\u00a0\u00bbhttps:\/\/surfschool-srilanka.com\/wp-content\/uploads\/2020\/03\/familysurfcabana6.png\u00a0\u00bb _builder_version=\u00a0\u00bb4.16&Prime; global_colors_info=\u00a0\u00bb{}\u00a0\u00bb sticky_transition=\u00a0\u00bbon\u00a0\u00bb]<\/p>\n<p style=\"text-align: center;\">S\u00e9journez dans l\u2019une de nos Surf Cabanas originales au DE SILVA Windresort!<\/p>\n<p>[\/et_pb_slide][et_pb_slide heading=\u00a0\u00bbWindresort Family Surf Cabana\u00a0\u00bb image=\u00a0\u00bbhttps:\/\/surfschool-srilanka.com\/wp-content\/uploads\/2020\/03\/familysurfcabana3.png\u00a0\u00bb _builder_version=\u00a0\u00bb4.16&Prime; global_colors_info=\u00a0\u00bb{}\u00a0\u00bb sticky_transition=\u00a0\u00bbon\u00a0\u00bb]<\/p>\n<p style=\"text-align: center;\">Vous trouverez un lit double confortable avec moustiquaire ainsi que deux lits suppl\u00e9mentaires pour qu\u2019une famille de 5 personnes maximum puisse \u00eatre log\u00e9e! Aussi un placard, et une table.<\/p>\n<p>[\/et_pb_slide][et_pb_slide heading=\u00a0\u00bbWindresort Family Surf Cabana\u00a0\u00bb image=\u00a0\u00bbhttps:\/\/surfschool-srilanka.com\/wp-content\/uploads\/2020\/03\/familysurfcabana4.png\u00a0\u00bb _builder_version=\u00a0\u00bb4.16&Prime; global_colors_info=\u00a0\u00bb{}\u00a0\u00bb sticky_transition=\u00a0\u00bbon\u00a0\u00bb]<\/p>\n<p style=\"text-align: center;\">La salle de bains privative est pourvue d\u2019une douche et de toilettes europ\u00e9ennes.<\/p>\n<p>[\/et_pb_slide][et_pb_slide heading=\u00a0\u00bbWindresort Family Surf Cabana\u00a0\u00bb image=\u00a0\u00bbhttps:\/\/surfschool-srilanka.com\/wp-content\/uploads\/2020\/03\/familysurfcabana1.png\u00a0\u00bb _builder_version=\u00a0\u00bb4.16&Prime; global_colors_info=\u00a0\u00bb{}\u00a0\u00bb sticky_transition=\u00a0\u00bbon\u00a0\u00bb]<\/p>\n<p style=\"text-align: center;\">L\u2019immense terrasse offre la possibilit\u00e9 de se d\u00e9tendre dans un hamac ou de jouer \u00e0 des jeux, assez d\u2019espace pour tous les membres de la famille!<\/p>\n<p>[\/et_pb_slide][et_pb_slide heading=\u00a0\u00bbWindresort Family Surf Cabana\u00a0\u00bb image=\u00a0\u00bbhttps:\/\/surfschool-srilanka.com\/wp-content\/uploads\/2020\/03\/swimminpoolrooms.png\u00a0\u00bb _builder_version=\u00a0\u00bb4.16&Prime; global_colors_info=\u00a0\u00bb{}\u00a0\u00bb sticky_transition=\u00a0\u00bbon\u00a0\u00bb]<\/p>\n<p style=\"text-align: center;\">Chaque fois, vous pouvez nager dans la piscine rafra\u00eechissante de De Silva Palmresort!<\/p>\n<p>[\/et_pb_slide][et_pb_slide heading=\u00a0\u00bbWindresort Family Surf Cabana\u00a0\u00bb image=\u00a0\u00bbhttps:\/\/surfschool-srilanka.com\/wp-content\/uploads\/2020\/03\/chilloutarea-kidsarea.png\u00a0\u00bb _builder_version=\u00a0\u00bb4.16&Prime; global_colors_info=\u00a0\u00bb{}\u00a0\u00bb sticky_transition=\u00a0\u00bbon\u00a0\u00bb]<\/p>\n<p style=\"text-align: center;\">Ou vous voudrez peut-\u00eatre utiliser notre espace chillout pour vous amuser avec vos amis et votre famille! Avec vue sur le lagon de kite surf!<\/p>\n<p>[\/et_pb_slide][et_pb_slide heading=\u00a0\u00bbWindresort Family Surf Cabana\u00a0\u00bb image=\u00a0\u00bbhttps:\/\/surfschool-srilanka.com\/wp-content\/uploads\/2020\/03\/palmresort-doublerelaxroom5.jpg\u00a0\u00bb _builder_version=\u00a0\u00bb4.16&Prime; global_colors_info=\u00a0\u00bb{}\u00a0\u00bb sticky_transition=\u00a0\u00bbon\u00a0\u00bb]<\/p>\n<p style=\"text-align: center;\">Vous pouvez jouer dans les deux stations Bodga, beach-volley, tennis de table, billard ou tout simplement profiter d\u2019une boisson fra\u00eeche au De Silva Surfbar!<\/p>\n<p>[\/et_pb_slide][et_pb_slide heading=\u00a0\u00bbWindresort Family Surf Cabana\u00a0\u00bb image=\u00a0\u00bbhttps:\/\/surfschool-srilanka.com\/wp-content\/uploads\/2020\/03\/kitesurfstationsrilanka.png\u00a0\u00bb _builder_version=\u00a0\u00bb4.16&Prime; global_colors_info=\u00a0\u00bb{}\u00a0\u00bb sticky_transition=\u00a0\u00bbon\u00a0\u00bb]<\/p>\n<p style=\"text-align: center;\">Vous pouvez r\u00e9server votre chambre ici avec nous ou nous envoyer une demande par e-mail \ud83d\ude42<\/p>\n<p>[\/et_pb_slide][\/et_pb_slider][et_pb_button button_url=\u00a0\u00bb@ET-DC@eyJkeW5hbWljIjp0cnVlLCJjb250ZW50IjoicG9zdF9saW5rX3VybF9wYWdlIiwic2V0dGluZ3MiOnsicG9zdF9pZCI6IjY1NSIsImVuYWJsZV9odG1sIjoib2ZmIn19@\u00a0\u00bb button_text=\u00a0\u00bbD\u2019autres questions? Envoyez-nous un e-mail\u00a0\u00bb button_alignment=\u00a0\u00bbcenter\u00a0\u00bb _builder_version=\u00a0\u00bb4.16&Prime; _dynamic_attributes=\u00a0\u00bbbutton_url\u00a0\u00bb button_text_color=\u00a0\u00bb#ffffff\u00a0\u00bb custom_margin=\u00a0\u00bb||||false|false\u00a0\u00bb global_colors_info=\u00a0\u00bb{}\u00a0\u00bb][\/et_pb_button][\/et_pb_column][et_pb_column type=\u00a0\u00bb1_4&Prime; _builder_version=\u00a0\u00bb4.16&Prime; global_colors_info=\u00a0\u00bb{}\u00a0\u00bb][et_pb_pricing_tables featured_table_bullet_color=\u00a0\u00bb#e6c302&Prime; bullet_color=\u00a0\u00bb#e6c302&Prime; _builder_version=\u00a0\u00bb4.16&Prime; custom_margin=\u00a0\u00bb||||false|false\u00a0\u00bb custom_padding=\u00a0\u00bb||||false|false\u00a0\u00bb hover_enabled=\u00a0\u00bb0&Prime; global_colors_info=\u00a0\u00bb{}\u00a0\u00bb sticky_enabled=\u00a0\u00bb0&Prime;][et_pb_pricing_table title=\u00a0\u00bb  Cabane de surf familiale\u00a0\u00bb subtitle=\u00a0\u00bbUtilisation de Tripple\u00a0\u00bb currency=\u00a0\u00bb\u20ac\u00a0\u00bb sum=\u00a0\u00bb125&Prime; _builder_version=\u00a0\u00bb4.24.2&Prime; hover_enabled=\u00a0\u00bb0&Prime; global_colors_info=\u00a0\u00bb{}\u00a0\u00bb sticky_transition=\u00a0\u00bbon\u00a0\u00bb sticky_enabled=\u00a0\u00bb0&Prime;]<\/p>\n<p>petit-d\u00e9jeuner et d\u00eener au restaurant De Silva pour d\u00e9j\u00e0 3p inclus !<\/p>\n<p>immense terrasse avec coin salon &amp; jardin tropical<\/p>\n<p>avec air conditionn\u00e9<\/p>\n<p>WiFi gratuit dans les lieux communs<\/p>\n<p>acc\u00e8s \u00e0 la piscine de De Silva Palmresort<\/p>\n<p>pont sup\u00e9rieur &#8211; Chillout Zone &#8211; avec vue sur le lagon de kite surf<\/p>\n<p>[\/et_pb_pricing_table][\/et_pb_pricing_tables][et_pb_button button_url=\u00a0\u00bbhttps:\/\/ibe.sabeeapp.com\/properties\/DE-SILVA-Windresort-&amp;-Palmresort-booking\/?p=bSpe76a205e5f2fd871&amp;checkin=24-03-2020&amp;checkout=25-03-2020&Prime; url_new_window=\u00a0\u00bbon\u00a0\u00bb button_text=\u00a0\u00bbR\u00e9servez maintenant!\u00a0\u00bb button_alignment=\u00a0\u00bbcenter\u00a0\u00bb _builder_version=\u00a0\u00bb4.14.4&Prime; button_text_color=\u00a0\u00bb#000000&Prime; button_bg_color=\u00a0\u00bb#FFFFFF\u00a0\u00bb button_border_width=\u00a0\u00bb16px\u00a0\u00bb button_border_color=\u00a0\u00bb#93ADCF\u00a0\u00bb custom_margin=\u00a0\u00bb40px|||||\u00a0\u00bb global_module=\u00a0\u00bb3584&Prime; saved_tabs=\u00a0\u00bball\u00a0\u00bb global_colors_info=\u00a0\u00bb{}\u00a0\u00bb][\/et_pb_button][\/et_pb_column][et_pb_column type=\u00a0\u00bb1_4&Prime; _builder_version=\u00a0\u00bb4.16&Prime; global_colors_info=\u00a0\u00bb{}\u00a0\u00bb][et_pb_pricing_tables featured_table_bullet_color=\u00a0\u00bb#e6c302&Prime; bullet_color=\u00a0\u00bb#e6c302&Prime; _builder_version=\u00a0\u00bb4.16&Prime; custom_margin=\u00a0\u00bb||||false|false\u00a0\u00bb custom_padding=\u00a0\u00bb||9px||false|false\u00a0\u00bb hover_enabled=\u00a0\u00bb0&Prime; global_colors_info=\u00a0\u00bb{}\u00a0\u00bb sticky_enabled=\u00a0\u00bb0&Prime;][et_pb_pricing_table featured=\u00a0\u00bbon\u00a0\u00bb title=\u00a0\u00bbCabane de surf familiale\u00a0\u00bb subtitle=\u00a0\u00bbUtilisation quadruple, max. 5&Prime; currency=\u00a0\u00bb\u20ac\u00a0\u00bb sum=\u00a0\u00bb140&Prime; _builder_version=\u00a0\u00bb4.24.2&Prime; background_enable_color=\u00a0\u00bboff\u00a0\u00bb hover_enabled=\u00a0\u00bb0&Prime; global_colors_info=\u00a0\u00bb{}\u00a0\u00bb sticky_transition=\u00a0\u00bbon\u00a0\u00bb sticky_enabled=\u00a0\u00bb0&Prime;]<\/p>\n<p>petit-d\u00e9jeuner et d\u00eener au restaurant De Silva pour une personne suppl\u00e9mentaire +15\u20ac\/j ! Enfants : 6-12 ans pour 7,5\u20ac\/j, moins de 6 ans : gratuit !<\/p>\n<p>immense terrasse avec coin salon &amp; jardin tropical<\/p>\n<p>avec air conditionn\u00e9<\/p>\n<p>WiFi gratuit dans les lieux communs<\/p>\n<p>acc\u00e8s \u00e0 la piscine de De Silva Palmresort<\/p>\n<p>pont sup\u00e9rieur &#8211; Chillout Zone &#8211; avec vue sur le lagon de kite surf<\/p>\n<p>[\/et_pb_pricing_table][\/et_pb_pricing_tables][et_pb_button button_url=\u00a0\u00bbhttps:\/\/ibe.sabeeapp.com\/properties\/DE-SILVA-Windresort-&amp;-Palmresort-booking\/?p=bSpe76a205e5f2fd871&amp;checkin=24-03-2020&amp;checkout=25-03-2020&Prime; url_new_window=\u00a0\u00bbon\u00a0\u00bb button_text=\u00a0\u00bbR\u00e9servez maintenant!\u00a0\u00bb button_alignment=\u00a0\u00bbcenter\u00a0\u00bb _builder_version=\u00a0\u00bb4.14.4&Prime; button_text_color=\u00a0\u00bb#000000&Prime; button_bg_color=\u00a0\u00bb#FFFFFF\u00a0\u00bb button_border_width=\u00a0\u00bb16px\u00a0\u00bb button_border_color=\u00a0\u00bb#93ADCF\u00a0\u00bb custom_margin=\u00a0\u00bb40px|||||\u00a0\u00bb global_module=\u00a0\u00bb3584&Prime; saved_tabs=\u00a0\u00bball\u00a0\u00bb global_colors_info=\u00a0\u00bb{}\u00a0\u00bb][\/et_pb_button][\/et_pb_column][\/et_pb_row][\/et_pb_section]<\/p>\n","protected":false},"excerpt":{"rendered":"<p>S\u00e9journez dans l\u2019une de nos Surf Cabanas originales au DE SILVA Windresort!Vous trouverez un lit double confortable avec moustiquaire ainsi que deux lits suppl\u00e9mentaires pour qu\u2019une famille de 5 personnes maximum puisse \u00eatre log\u00e9e! Aussi un placard, et une table.La salle de bains privative est pourvue d\u2019une douche et de toilettes europ\u00e9ennes.L\u2019immense terrasse offre la [&hellip;]<\/p>\n","protected":false},"author":3,"featured_media":0,"parent":8487,"menu_order":0,"comment_status":"closed","ping_status":"closed","template":"","meta":{"_et_pb_use_builder":"on","_et_pb_old_content":"","_et_gb_content_width":"","footnotes":""},"class_list":["post-8403","page","type-page","status-publish","hentry"],"yoast_head":"<!-- This site is optimized with the Yoast SEO Premium plugin v27.0 (Yoast SEO v27.0) - https:\/\/yoast.com\/product\/yoast-seo-premium-wordpress\/ -->\n<title>Description de la chambre cabane de surf familiale | De Silva Windresort Kalpitiya<\/title>\n<meta name=\"robots\" content=\"index, follow, max-snippet:-1, max-image-preview:large, max-video-preview:-1\" \/>\n<link rel=\"canonical\" href=\"https:\/\/surfschool-srilanka.com\/fr\/gites-a-kalpitiya\/description-de-la-chambre-cabane-de-surf-familiale\/\" \/>\n<meta property=\"og:locale\" content=\"fr_FR\" \/>\n<meta property=\"og:type\" content=\"article\" \/>\n<meta property=\"og:title\" content=\"Description de la chambre cabane de surf familiale\" \/>\n<meta property=\"og:description\" content=\"S\u00e9journez dans l\u2019une de nos Surf Cabanas originales au DE SILVA Windresort!Vous trouverez un lit double confortable avec moustiquaire ainsi que deux lits suppl\u00e9mentaires pour qu\u2019une famille de 5 personnes maximum puisse \u00eatre log\u00e9e! Aussi un placard, et une table.La salle de bains privative est pourvue d\u2019une douche et de toilettes europ\u00e9ennes.L\u2019immense terrasse offre la [&hellip;]\" \/>\n<meta property=\"og:url\" content=\"https:\/\/surfschool-srilanka.com\/fr\/gites-a-kalpitiya\/description-de-la-chambre-cabane-de-surf-familiale\/\" \/>\n<meta property=\"og:site_name\" content=\"De Silva Windresort Kalpitiya\" \/>\n<meta property=\"article:publisher\" content=\"https:\/\/www.facebook.com\/windresort.kalpitiya\/\" \/>\n<meta property=\"article:modified_time\" content=\"2024-05-08T13:41:43+00:00\" \/>\n<meta property=\"og:image\" content=\"https:\/\/surfschool-srilanka.com\/wp-content\/uploads\/2024\/11\/DeSilva_LogoNeu_Black.png\" \/>\n\t<meta property=\"og:image:width\" content=\"1072\" \/>\n\t<meta property=\"og:image:height\" content=\"992\" \/>\n\t<meta property=\"og:image:type\" content=\"image\/png\" \/>\n<meta name=\"twitter:card\" content=\"summary_large_image\" \/>\n<meta name=\"twitter:label1\" content=\"Dur\u00e9e de lecture estim\u00e9e\" \/>\n\t<meta name=\"twitter:data1\" content=\"5 minutes\" \/>\n<script type=\"application\/ld+json\" class=\"yoast-schema-graph\">{\"@context\":\"https:\/\/schema.org\",\"@graph\":[{\"@type\":\"WebPage\",\"@id\":\"https:\/\/surfschool-srilanka.com\/fr\/gites-a-kalpitiya\/description-de-la-chambre-cabane-de-surf-familiale\/\",\"url\":\"https:\/\/surfschool-srilanka.com\/fr\/gites-a-kalpitiya\/description-de-la-chambre-cabane-de-surf-familiale\/\",\"name\":\"Description de la chambre cabane de surf familiale | De Silva Windresort Kalpitiya\",\"isPartOf\":{\"@id\":\"https:\/\/surfschool-srilanka.com\/fr\/#website\"},\"datePublished\":\"2023-03-16T21:03:50+00:00\",\"dateModified\":\"2024-05-08T13:41:43+00:00\",\"breadcrumb\":{\"@id\":\"https:\/\/surfschool-srilanka.com\/fr\/gites-a-kalpitiya\/description-de-la-chambre-cabane-de-surf-familiale\/#breadcrumb\"},\"inLanguage\":\"fr-FR\",\"potentialAction\":[{\"@type\":\"ReadAction\",\"target\":[\"https:\/\/surfschool-srilanka.com\/fr\/gites-a-kalpitiya\/description-de-la-chambre-cabane-de-surf-familiale\/\"]}]},{\"@type\":\"BreadcrumbList\",\"@id\":\"https:\/\/surfschool-srilanka.com\/fr\/gites-a-kalpitiya\/description-de-la-chambre-cabane-de-surf-familiale\/#breadcrumb\",\"itemListElement\":[{\"@type\":\"ListItem\",\"position\":1,\"name\":\"Startseite\",\"item\":\"https:\/\/surfschool-srilanka.com\/fr\/ecole-de-kitesurf-au-sri-lanka\/\"},{\"@type\":\"ListItem\",\"position\":2,\"name\":\"G\u00eetes \u00e0 Kalpitiya\",\"item\":\"https:\/\/surfschool-srilanka.com\/fr\/gites-a-kalpitiya\/\"},{\"@type\":\"ListItem\",\"position\":3,\"name\":\"Description de la chambre cabane de surf familiale\"}]},{\"@type\":\"WebSite\",\"@id\":\"https:\/\/surfschool-srilanka.com\/fr\/#website\",\"url\":\"https:\/\/surfschool-srilanka.com\/fr\/\",\"name\":\"De Silva Windresort Kalpitiya\",\"description\":\"Kitesurfing, we\u00b4ll make you ride!\",\"publisher\":{\"@id\":\"https:\/\/surfschool-srilanka.com\/fr\/#organization\"},\"alternateName\":\"https:\/\/surfschool-srilanka.com\",\"potentialAction\":[{\"@type\":\"SearchAction\",\"target\":{\"@type\":\"EntryPoint\",\"urlTemplate\":\"https:\/\/surfschool-srilanka.com\/fr\/?s={search_term_string}\"},\"query-input\":{\"@type\":\"PropertyValueSpecification\",\"valueRequired\":true,\"valueName\":\"search_term_string\"}}],\"inLanguage\":\"fr-FR\"},{\"@type\":\"Organization\",\"@id\":\"https:\/\/surfschool-srilanka.com\/fr\/#organization\",\"name\":\"De Silva Wind Resort Kalpitiya (Pvt.) Ltd\",\"url\":\"https:\/\/surfschool-srilanka.com\/fr\/\",\"logo\":{\"@type\":\"ImageObject\",\"inLanguage\":\"fr-FR\",\"@id\":\"https:\/\/surfschool-srilanka.com\/fr\/#\/schema\/logo\/image\/\",\"url\":\"https:\/\/surfschool-srilanka.com\/wp-content\/uploads\/2020\/03\/logo-rechnungen.png\",\"contentUrl\":\"https:\/\/surfschool-srilanka.com\/wp-content\/uploads\/2020\/03\/logo-rechnungen.png\",\"width\":3216,\"height\":912,\"caption\":\"De Silva Wind Resort Kalpitiya (Pvt.) Ltd\"},\"image\":{\"@id\":\"https:\/\/surfschool-srilanka.com\/fr\/#\/schema\/logo\/image\/\"},\"sameAs\":[\"https:\/\/www.facebook.com\/windresort.kalpitiya\/\",\"https:\/\/www.instagram.com\/desilva.windresort\/\",\"https:\/\/www.youtube.com\/c\/KitesurfingSrilankaDESILVAWindresortKalpitiya\/videos\",\"https:\/\/www.tiktok.com\/@desilvawindresort\"]}]}<\/script>\n<!-- \/ Yoast SEO Premium plugin. -->","yoast_head_json":{"title":"Description de la chambre cabane de surf familiale | De Silva Windresort Kalpitiya","robots":{"index":"index","follow":"follow","max-snippet":"max-snippet:-1","max-image-preview":"max-image-preview:large","max-video-preview":"max-video-preview:-1"},"canonical":"https:\/\/surfschool-srilanka.com\/fr\/gites-a-kalpitiya\/description-de-la-chambre-cabane-de-surf-familiale\/","og_locale":"fr_FR","og_type":"article","og_title":"Description de la chambre cabane de surf familiale","og_description":"S\u00e9journez dans l\u2019une de nos Surf Cabanas originales au DE SILVA Windresort!Vous trouverez un lit double confortable avec moustiquaire ainsi que deux lits suppl\u00e9mentaires pour qu\u2019une famille de 5 personnes maximum puisse \u00eatre log\u00e9e! Aussi un placard, et une table.La salle de bains privative est pourvue d\u2019une douche et de toilettes europ\u00e9ennes.L\u2019immense terrasse offre la [&hellip;]","og_url":"https:\/\/surfschool-srilanka.com\/fr\/gites-a-kalpitiya\/description-de-la-chambre-cabane-de-surf-familiale\/","og_site_name":"De Silva Windresort Kalpitiya","article_publisher":"https:\/\/www.facebook.com\/windresort.kalpitiya\/","article_modified_time":"2024-05-08T13:41:43+00:00","og_image":[{"width":1072,"height":992,"url":"https:\/\/surfschool-srilanka.com\/wp-content\/uploads\/2024\/11\/DeSilva_LogoNeu_Black.png","type":"image\/png"}],"twitter_card":"summary_large_image","twitter_misc":{"Dur\u00e9e de lecture estim\u00e9e":"5 minutes"},"schema":{"@context":"https:\/\/schema.org","@graph":[{"@type":"WebPage","@id":"https:\/\/surfschool-srilanka.com\/fr\/gites-a-kalpitiya\/description-de-la-chambre-cabane-de-surf-familiale\/","url":"https:\/\/surfschool-srilanka.com\/fr\/gites-a-kalpitiya\/description-de-la-chambre-cabane-de-surf-familiale\/","name":"Description de la chambre cabane de surf familiale | De Silva Windresort Kalpitiya","isPartOf":{"@id":"https:\/\/surfschool-srilanka.com\/fr\/#website"},"datePublished":"2023-03-16T21:03:50+00:00","dateModified":"2024-05-08T13:41:43+00:00","breadcrumb":{"@id":"https:\/\/surfschool-srilanka.com\/fr\/gites-a-kalpitiya\/description-de-la-chambre-cabane-de-surf-familiale\/#breadcrumb"},"inLanguage":"fr-FR","potentialAction":[{"@type":"ReadAction","target":["https:\/\/surfschool-srilanka.com\/fr\/gites-a-kalpitiya\/description-de-la-chambre-cabane-de-surf-familiale\/"]}]},{"@type":"BreadcrumbList","@id":"https:\/\/surfschool-srilanka.com\/fr\/gites-a-kalpitiya\/description-de-la-chambre-cabane-de-surf-familiale\/#breadcrumb","itemListElement":[{"@type":"ListItem","position":1,"name":"Startseite","item":"https:\/\/surfschool-srilanka.com\/fr\/ecole-de-kitesurf-au-sri-lanka\/"},{"@type":"ListItem","position":2,"name":"G\u00eetes \u00e0 Kalpitiya","item":"https:\/\/surfschool-srilanka.com\/fr\/gites-a-kalpitiya\/"},{"@type":"ListItem","position":3,"name":"Description de la chambre cabane de surf familiale"}]},{"@type":"WebSite","@id":"https:\/\/surfschool-srilanka.com\/fr\/#website","url":"https:\/\/surfschool-srilanka.com\/fr\/","name":"De Silva Windresort Kalpitiya","description":"Kitesurfing, we\u00b4ll make you ride!","publisher":{"@id":"https:\/\/surfschool-srilanka.com\/fr\/#organization"},"alternateName":"https:\/\/surfschool-srilanka.com","potentialAction":[{"@type":"SearchAction","target":{"@type":"EntryPoint","urlTemplate":"https:\/\/surfschool-srilanka.com\/fr\/?s={search_term_string}"},"query-input":{"@type":"PropertyValueSpecification","valueRequired":true,"valueName":"search_term_string"}}],"inLanguage":"fr-FR"},{"@type":"Organization","@id":"https:\/\/surfschool-srilanka.com\/fr\/#organization","name":"De Silva Wind Resort Kalpitiya (Pvt.) Ltd","url":"https:\/\/surfschool-srilanka.com\/fr\/","logo":{"@type":"ImageObject","inLanguage":"fr-FR","@id":"https:\/\/surfschool-srilanka.com\/fr\/#\/schema\/logo\/image\/","url":"https:\/\/surfschool-srilanka.com\/wp-content\/uploads\/2020\/03\/logo-rechnungen.png","contentUrl":"https:\/\/surfschool-srilanka.com\/wp-content\/uploads\/2020\/03\/logo-rechnungen.png","width":3216,"height":912,"caption":"De Silva Wind Resort Kalpitiya (Pvt.) Ltd"},"image":{"@id":"https:\/\/surfschool-srilanka.com\/fr\/#\/schema\/logo\/image\/"},"sameAs":["https:\/\/www.facebook.com\/windresort.kalpitiya\/","https:\/\/www.instagram.com\/desilva.windresort\/","https:\/\/www.youtube.com\/c\/KitesurfingSrilankaDESILVAWindresortKalpitiya\/videos","https:\/\/www.tiktok.com\/@desilvawindresort"]}]}},"_links":{"self":[{"href":"https:\/\/surfschool-srilanka.com\/fr\/wp-json\/wp\/v2\/pages\/8403","targetHints":{"allow":["GET"]}}],"collection":[{"href":"https:\/\/surfschool-srilanka.com\/fr\/wp-json\/wp\/v2\/pages"}],"about":[{"href":"https:\/\/surfschool-srilanka.com\/fr\/wp-json\/wp\/v2\/types\/page"}],"author":[{"embeddable":true,"href":"https:\/\/surfschool-srilanka.com\/fr\/wp-json\/wp\/v2\/users\/3"}],"replies":[{"embeddable":true,"href":"https:\/\/surfschool-srilanka.com\/fr\/wp-json\/wp\/v2\/comments?post=8403"}],"version-history":[{"count":8,"href":"https:\/\/surfschool-srilanka.com\/fr\/wp-json\/wp\/v2\/pages\/8403\/revisions"}],"predecessor-version":[{"id":9659,"href":"https:\/\/surfschool-srilanka.com\/fr\/wp-json\/wp\/v2\/pages\/8403\/revisions\/9659"}],"up":[{"embeddable":true,"href":"https:\/\/surfschool-srilanka.com\/fr\/wp-json\/wp\/v2\/pages\/8487"}],"wp:attachment":[{"href":"https:\/\/surfschool-srilanka.com\/fr\/wp-json\/wp\/v2\/media?parent=8403"}],"curies":[{"name":"wp","href":"https:\/\/api.w.org\/{rel}","templated":true}]}}