{"id":8421,"date":"2023-03-16T22:04:54","date_gmt":"2023-03-16T21:04:54","guid":{"rendered":"https:\/\/surfschool-srilanka.com\/description-de-la-chambre-chambre-standard\/"},"modified":"2024-05-08T14:43:14","modified_gmt":"2024-05-08T13:43:14","slug":"description-de-la-chambre-chambre-standard","status":"publish","type":"page","link":"https:\/\/surfschool-srilanka.com\/fr\/gites-a-kalpitiya\/description-de-la-chambre-chambre-standard\/","title":{"rendered":"Description de la chambre chambre standard"},"content":{"rendered":"<p>[et_pb_section fb_built=\u00a0\u00bb1&Prime; _builder_version=\u00a0\u00bb4.16&Prime; custom_padding=\u00a0\u00bb||||false|false\u00a0\u00bb global_colors_info=\u00a0\u00bb{}\u00a0\u00bb][et_pb_row column_structure=\u00a0\u00bb1_2,1_4,1_4&Prime; _builder_version=\u00a0\u00bb4.16&Prime; custom_margin=\u00a0\u00bb||||false|false\u00a0\u00bb global_colors_info=\u00a0\u00bb{}\u00a0\u00bb][et_pb_column type=\u00a0\u00bb1_2&Prime; _builder_version=\u00a0\u00bb4.16&Prime; global_colors_info=\u00a0\u00bb{}\u00a0\u00bb][et_pb_slider show_image_video_mobile=\u00a0\u00bbon\u00a0\u00bb _builder_version=\u00a0\u00bb4.16&Prime; body_text_align=\u00a0\u00bbleft\u00a0\u00bb body_text_color=\u00a0\u00bb#ffffff\u00a0\u00bb body_font_size=\u00a0\u00bb16px\u00a0\u00bb body_line_height=\u00a0\u00bb1em\u00a0\u00bb background_color=\u00a0\u00bb#e6c302&Prime; min_height=\u00a0\u00bb328px\u00a0\u00bb custom_margin=\u00a0\u00bb||||false|false\u00a0\u00bb custom_padding=\u00a0\u00bb||||false|false\u00a0\u00bb auto=\u00a0\u00bbon\u00a0\u00bb auto_ignore_hover=\u00a0\u00bbon\u00a0\u00bb border_radii=\u00a0\u00bboff||||\u00a0\u00bb border_style_all_image=\u00a0\u00bbgroove\u00a0\u00bb global_colors_info=\u00a0\u00bb{}\u00a0\u00bb][et_pb_slide heading=\u00a0\u00bbChambre Standard Windresort\u00a0\u00bb image=\u00a0\u00bbhttps:\/\/surfschool-srilanka.com\/wp-content\/uploads\/2020\/03\/standardrooms-kalpitiya7.png\u00a0\u00bb _builder_version=\u00a0\u00bb4.16&Prime; global_colors_info=\u00a0\u00bb{}\u00a0\u00bb sticky_transition=\u00a0\u00bbon\u00a0\u00bb]<\/p>\n<p style=\"text-align: center;\">S\u00e9journez dans l\u2019une de nos confortables chambres Standard au DE SILVA Windresort !<\/p>\n<p>[\/et_pb_slide][et_pb_slide heading=\u00a0\u00bbChambre Standard Windresort\u00a0\u00bb image=\u00a0\u00bbhttps:\/\/surfschool-srilanka.com\/wp-content\/uploads\/2020\/03\/standardrooms-kalpitiya2.png\u00a0\u00bb _builder_version=\u00a0\u00bb4.16&Prime; global_colors_info=\u00a0\u00bb{}\u00a0\u00bb sticky_transition=\u00a0\u00bbon\u00a0\u00bb]<\/p>\n<p style=\"text-align: center;\">Vous trouverez un lit double confortable avec moustiquaire, un placard et une table.  <\/p>\n<p>[\/et_pb_slide][et_pb_slide heading=\u00a0\u00bbChambre Standard Windresort\u00a0\u00bb image=\u00a0\u00bbhttps:\/\/surfschool-srilanka.com\/wp-content\/uploads\/2020\/03\/standardrooms-bathroom.png\u00a0\u00bb _builder_version=\u00a0\u00bb4.16&Prime; global_colors_info=\u00a0\u00bb{}\u00a0\u00bb sticky_transition=\u00a0\u00bbon\u00a0\u00bb]<\/p>\n<p style=\"text-align: center;\">La salle de bains privative est pourvue d\u2019une douche et de toilettes europ\u00e9ennes.<\/p>\n<p>[\/et_pb_slide][et_pb_slide heading=\u00a0\u00bbChambre Standard Windresort\u00a0\u00bb image=\u00a0\u00bbhttps:\/\/surfschool-srilanka.com\/wp-content\/uploads\/2020\/03\/standardrooms-kalpitiya6.png\u00a0\u00bb _builder_version=\u00a0\u00bb4.16&Prime; global_colors_info=\u00a0\u00bb{}\u00a0\u00bb sticky_transition=\u00a0\u00bbon\u00a0\u00bb]<\/p>\n<p style=\"text-align: center;\">La terrasse offre la possibilit\u00e9 de se d\u00e9tendre devant votre chambre.<\/p>\n<p>[\/et_pb_slide][et_pb_slide heading=\u00a0\u00bbChambre Standard Windresort\u00a0\u00bb image=\u00a0\u00bbhttps:\/\/surfschool-srilanka.com\/wp-content\/uploads\/2020\/03\/standardrooms-kalpitiya5.png\u00a0\u00bb _builder_version=\u00a0\u00bb4.16&Prime; global_colors_info=\u00a0\u00bb{}\u00a0\u00bb sticky_transition=\u00a0\u00bbon\u00a0\u00bb]<\/p>\n<p style=\"text-align: center;\">Chaque fois, vous pouvez nager dans la piscine rafra\u00eechissante de De Silva Palmresort!<\/p>\n<p>[\/et_pb_slide][et_pb_slide heading=\u00a0\u00bbChambre Standard Windresort\u00a0\u00bb image=\u00a0\u00bbhttps:\/\/surfschool-srilanka.com\/wp-content\/uploads\/2020\/03\/chilloutarea-windresort.png\u00a0\u00bb _builder_version=\u00a0\u00bb4.16&Prime; global_colors_info=\u00a0\u00bb{}\u00a0\u00bb sticky_transition=\u00a0\u00bbon\u00a0\u00bb]<\/p>\n<p style=\"text-align: center;\">Ou vous voudrez peut-\u00eatre utiliser notre espace chillout pour vous amuser avec vos amis et votre famille! Avec vue sur le lagon de kite surf!<\/p>\n<p>[\/et_pb_slide][et_pb_slide heading=\u00a0\u00bbChambre Standard Windresort\u00a0\u00bb image=\u00a0\u00bbhttps:\/\/surfschool-srilanka.com\/wp-content\/uploads\/2020\/03\/desilvasurfbar.png\u00a0\u00bb _builder_version=\u00a0\u00bb4.16&Prime; global_colors_info=\u00a0\u00bb{}\u00a0\u00bb sticky_transition=\u00a0\u00bbon\u00a0\u00bb]<\/p>\n<p style=\"text-align: center;\">Prenez une boisson fra\u00eeche au De Silva Surfbar et d\u00e9tendez-vous devant votre chambre!<\/p>\n<p>[\/et_pb_slide][et_pb_slide heading=\u00a0\u00bbChambre Standard Windresort\u00a0\u00bb image=\u00a0\u00bbhttps:\/\/surfschool-srilanka.com\/wp-content\/uploads\/2020\/03\/standardrooms-view.png\u00a0\u00bb _builder_version=\u00a0\u00bb4.16&Prime; global_colors_info=\u00a0\u00bb{}\u00a0\u00bb sticky_transition=\u00a0\u00bbon\u00a0\u00bb]<\/p>\n<p style=\"text-align: center;\">Vous pouvez r\u00e9server votre chambre ici avec nous ou nous envoyer une demande par e-mail \ud83d\ude42<\/p>\n<p>[\/et_pb_slide][\/et_pb_slider][et_pb_button button_url=\u00a0\u00bb@ET-DC@eyJkeW5hbWljIjp0cnVlLCJjb250ZW50IjoicG9zdF9saW5rX3VybF9wYWdlIiwic2V0dGluZ3MiOnsicG9zdF9pZCI6IjY1NSIsImVuYWJsZV9odG1sIjoib2ZmIn19@\u00a0\u00bb button_text=\u00a0\u00bbD\u2019autres questions? Envoyez-nous un e-mail\u00a0\u00bb button_alignment=\u00a0\u00bbcenter\u00a0\u00bb _builder_version=\u00a0\u00bb4.16&Prime; _dynamic_attributes=\u00a0\u00bbbutton_url\u00a0\u00bb button_text_color=\u00a0\u00bb#ffffff\u00a0\u00bb custom_margin=\u00a0\u00bb||||false|false\u00a0\u00bb global_colors_info=\u00a0\u00bb{}\u00a0\u00bb][\/et_pb_button][\/et_pb_column][et_pb_column type=\u00a0\u00bb1_4&Prime; _builder_version=\u00a0\u00bb4.16&Prime; global_colors_info=\u00a0\u00bb{}\u00a0\u00bb][et_pb_pricing_tables featured_table_bullet_color=\u00a0\u00bb#e6c302&Prime; bullet_color=\u00a0\u00bb#e6c302&Prime; _builder_version=\u00a0\u00bb4.16&Prime; custom_margin=\u00a0\u00bb||||false|false\u00a0\u00bb custom_padding=\u00a0\u00bb||||false|false\u00a0\u00bb hover_enabled=\u00a0\u00bb0&Prime; global_colors_info=\u00a0\u00bb{}\u00a0\u00bb sticky_enabled=\u00a0\u00bb0&Prime;][et_pb_pricing_table title=\u00a0\u00bbChambre Standard\u00a0\u00bb subtitle=\u00a0\u00bbUsage unique\u00a0\u00bb currency=\u00a0\u00bb\u20ac\u00a0\u00bb sum=\u00a0\u00bb60&Prime; _builder_version=\u00a0\u00bb4.24.2&Prime; hover_enabled=\u00a0\u00bb0&Prime; global_colors_info=\u00a0\u00bb{}\u00a0\u00bb sticky_transition=\u00a0\u00bbon\u00a0\u00bb sticky_enabled=\u00a0\u00bb0&Prime;]<\/p>\n<p>petit-d\u00e9jeuner et d\u00eener au restaurant De Silva pour 1p<\/p>\n<p>terrasse avec coin salon<\/p>\n<p>WiFi gratuit dans les lieux communs<\/p>\n<p>acc\u00e8s \u00e0 la piscine de De Silva Palmresort<\/p>\n<p>pont sup\u00e9rieur &#8211; Chillout Zone &#8211; avec vue sur le lagon de kite surf<\/p>\n<p>[\/et_pb_pricing_table][\/et_pb_pricing_tables][et_pb_button button_url=\u00a0\u00bbhttps:\/\/ibe.sabeeapp.com\/properties\/DE-SILVA-Windresort-&amp;-Palmresort-booking\/?p=bSpe76a205e5f2fd871&amp;checkin=24-03-2020&amp;checkout=25-03-2020&Prime; url_new_window=\u00a0\u00bbon\u00a0\u00bb button_text=\u00a0\u00bbR\u00e9servez maintenant!\u00a0\u00bb button_alignment=\u00a0\u00bbcenter\u00a0\u00bb _builder_version=\u00a0\u00bb4.14.4&Prime; button_text_color=\u00a0\u00bb#000000&Prime; button_bg_color=\u00a0\u00bb#FFFFFF\u00a0\u00bb button_border_width=\u00a0\u00bb16px\u00a0\u00bb button_border_color=\u00a0\u00bb#93ADCF\u00a0\u00bb custom_margin=\u00a0\u00bb40px|||||\u00a0\u00bb global_module=\u00a0\u00bb3584&Prime; saved_tabs=\u00a0\u00bball\u00a0\u00bb global_colors_info=\u00a0\u00bb{}\u00a0\u00bb][\/et_pb_button][\/et_pb_column][et_pb_column type=\u00a0\u00bb1_4&Prime; _builder_version=\u00a0\u00bb4.16&Prime; global_colors_info=\u00a0\u00bb{}\u00a0\u00bb][et_pb_pricing_tables featured_table_bullet_color=\u00a0\u00bb#e6c302&Prime; bullet_color=\u00a0\u00bb#e6c302&Prime; _builder_version=\u00a0\u00bb4.24.2&Prime; min_height=\u00a0\u00bb548px\u00a0\u00bb custom_margin=\u00a0\u00bb||||false|false\u00a0\u00bb custom_padding=\u00a0\u00bb||26px||false|false\u00a0\u00bb hover_enabled=\u00a0\u00bb0&Prime; global_colors_info=\u00a0\u00bb{}\u00a0\u00bb sticky_enabled=\u00a0\u00bb0&Prime;][et_pb_pricing_table featured=\u00a0\u00bbon\u00a0\u00bb title=\u00a0\u00bbChambre Standard\u00a0\u00bb subtitle=\u00a0\u00bbDouble usage\u00a0\u00bb currency=\u00a0\u00bb\u20ac\u00a0\u00bb sum=\u00a0\u00bb90&Prime; _builder_version=\u00a0\u00bb4.24.2&Prime; background_enable_color=\u00a0\u00bboff\u00a0\u00bb hover_enabled=\u00a0\u00bb0&Prime; global_colors_info=\u00a0\u00bb{}\u00a0\u00bb sticky_transition=\u00a0\u00bbon\u00a0\u00bb sticky_enabled=\u00a0\u00bb0&Prime;]<\/p>\n<p>petit-d\u00e9jeuner et d\u00eener au restaurant De Silva pour 2 personnes<\/p>\n<p>terrasse avec coin salon<\/p>\n<p>WiFi gratuit dans les lieux communs<\/p>\n<p>acc\u00e8s \u00e0 la piscine de De Silva Palmresort<\/p>\n<p>pont sup\u00e9rieur &#8211; Chillout Zone &#8211; avec vue sur le lagon de kite surf<\/p>\n<p>[\/et_pb_pricing_table][\/et_pb_pricing_tables][et_pb_button button_url=\u00a0\u00bbhttps:\/\/ibe.sabeeapp.com\/properties\/DE-SILVA-Windresort-&amp;-Palmresort-booking\/?p=bSpe76a205e5f2fd871&amp;checkin=24-03-2020&amp;checkout=25-03-2020&Prime; url_new_window=\u00a0\u00bbon\u00a0\u00bb button_text=\u00a0\u00bbR\u00e9servez maintenant!\u00a0\u00bb button_alignment=\u00a0\u00bbcenter\u00a0\u00bb _builder_version=\u00a0\u00bb4.14.4&Prime; button_text_color=\u00a0\u00bb#000000&Prime; button_bg_color=\u00a0\u00bb#FFFFFF\u00a0\u00bb button_border_width=\u00a0\u00bb16px\u00a0\u00bb button_border_color=\u00a0\u00bb#93ADCF\u00a0\u00bb custom_margin=\u00a0\u00bb40px|||||\u00a0\u00bb global_module=\u00a0\u00bb3584&Prime; saved_tabs=\u00a0\u00bball\u00a0\u00bb global_colors_info=\u00a0\u00bb{}\u00a0\u00bb][\/et_pb_button][\/et_pb_column][\/et_pb_row][\/et_pb_section]<\/p>\n","protected":false},"excerpt":{"rendered":"<p>S\u00e9journez dans l\u2019une de nos confortables chambres Standard au DE SILVA Windresort !Vous trouverez un lit double confortable avec moustiquaire, un placard et une table. La salle de bains privative est pourvue d\u2019une douche et de toilettes europ\u00e9ennes.La terrasse offre la possibilit\u00e9 de se d\u00e9tendre devant votre chambre.Chaque fois, vous pouvez nager dans la piscine [&hellip;]<\/p>\n","protected":false},"author":3,"featured_media":0,"parent":8487,"menu_order":0,"comment_status":"closed","ping_status":"closed","template":"","meta":{"_et_pb_use_builder":"on","_et_pb_old_content":"","_et_gb_content_width":"","footnotes":""},"class_list":["post-8421","page","type-page","status-publish","hentry"],"yoast_head":"<!-- This site is optimized with the Yoast SEO Premium plugin v27.0 (Yoast SEO v27.0) - https:\/\/yoast.com\/product\/yoast-seo-premium-wordpress\/ -->\n<title>Description de la chambre chambre standard | De Silva Windresort Kalpitiya<\/title>\n<meta name=\"robots\" content=\"index, follow, max-snippet:-1, max-image-preview:large, max-video-preview:-1\" \/>\n<link rel=\"canonical\" href=\"https:\/\/surfschool-srilanka.com\/fr\/gites-a-kalpitiya\/description-de-la-chambre-chambre-standard\/\" \/>\n<meta property=\"og:locale\" content=\"fr_FR\" \/>\n<meta property=\"og:type\" content=\"article\" \/>\n<meta property=\"og:title\" content=\"Description de la chambre chambre standard\" \/>\n<meta property=\"og:description\" content=\"S\u00e9journez dans l\u2019une de nos confortables chambres Standard au DE SILVA Windresort !Vous trouverez un lit double confortable avec moustiquaire, un placard et une table. La salle de bains privative est pourvue d\u2019une douche et de toilettes europ\u00e9ennes.La terrasse offre la possibilit\u00e9 de se d\u00e9tendre devant votre chambre.Chaque fois, vous pouvez nager dans la piscine [&hellip;]\" \/>\n<meta property=\"og:url\" content=\"https:\/\/surfschool-srilanka.com\/fr\/gites-a-kalpitiya\/description-de-la-chambre-chambre-standard\/\" \/>\n<meta property=\"og:site_name\" content=\"De Silva Windresort Kalpitiya\" \/>\n<meta property=\"article:publisher\" content=\"https:\/\/www.facebook.com\/windresort.kalpitiya\/\" \/>\n<meta property=\"article:modified_time\" content=\"2024-05-08T13:43:14+00:00\" \/>\n<meta property=\"og:image\" content=\"https:\/\/surfschool-srilanka.com\/wp-content\/uploads\/2024\/11\/DeSilva_LogoNeu_Black.png\" \/>\n\t<meta property=\"og:image:width\" content=\"1072\" \/>\n\t<meta property=\"og:image:height\" content=\"992\" \/>\n\t<meta property=\"og:image:type\" content=\"image\/png\" \/>\n<meta name=\"twitter:card\" content=\"summary_large_image\" \/>\n<meta name=\"twitter:label1\" content=\"Dur\u00e9e de lecture estim\u00e9e\" \/>\n\t<meta name=\"twitter:data1\" content=\"4 minutes\" \/>\n<script type=\"application\/ld+json\" class=\"yoast-schema-graph\">{\"@context\":\"https:\/\/schema.org\",\"@graph\":[{\"@type\":\"WebPage\",\"@id\":\"https:\/\/surfschool-srilanka.com\/fr\/gites-a-kalpitiya\/description-de-la-chambre-chambre-standard\/\",\"url\":\"https:\/\/surfschool-srilanka.com\/fr\/gites-a-kalpitiya\/description-de-la-chambre-chambre-standard\/\",\"name\":\"Description de la chambre chambre standard | De Silva Windresort Kalpitiya\",\"isPartOf\":{\"@id\":\"https:\/\/surfschool-srilanka.com\/fr\/#website\"},\"datePublished\":\"2023-03-16T21:04:54+00:00\",\"dateModified\":\"2024-05-08T13:43:14+00:00\",\"breadcrumb\":{\"@id\":\"https:\/\/surfschool-srilanka.com\/fr\/gites-a-kalpitiya\/description-de-la-chambre-chambre-standard\/#breadcrumb\"},\"inLanguage\":\"fr-FR\",\"potentialAction\":[{\"@type\":\"ReadAction\",\"target\":[\"https:\/\/surfschool-srilanka.com\/fr\/gites-a-kalpitiya\/description-de-la-chambre-chambre-standard\/\"]}]},{\"@type\":\"BreadcrumbList\",\"@id\":\"https:\/\/surfschool-srilanka.com\/fr\/gites-a-kalpitiya\/description-de-la-chambre-chambre-standard\/#breadcrumb\",\"itemListElement\":[{\"@type\":\"ListItem\",\"position\":1,\"name\":\"Startseite\",\"item\":\"https:\/\/surfschool-srilanka.com\/fr\/ecole-de-kitesurf-au-sri-lanka\/\"},{\"@type\":\"ListItem\",\"position\":2,\"name\":\"G\u00eetes \u00e0 Kalpitiya\",\"item\":\"https:\/\/surfschool-srilanka.com\/fr\/gites-a-kalpitiya\/\"},{\"@type\":\"ListItem\",\"position\":3,\"name\":\"Description de la chambre chambre standard\"}]},{\"@type\":\"WebSite\",\"@id\":\"https:\/\/surfschool-srilanka.com\/fr\/#website\",\"url\":\"https:\/\/surfschool-srilanka.com\/fr\/\",\"name\":\"De Silva Windresort Kalpitiya\",\"description\":\"Kitesurfing, we\u00b4ll make you ride!\",\"publisher\":{\"@id\":\"https:\/\/surfschool-srilanka.com\/fr\/#organization\"},\"alternateName\":\"https:\/\/surfschool-srilanka.com\",\"potentialAction\":[{\"@type\":\"SearchAction\",\"target\":{\"@type\":\"EntryPoint\",\"urlTemplate\":\"https:\/\/surfschool-srilanka.com\/fr\/?s={search_term_string}\"},\"query-input\":{\"@type\":\"PropertyValueSpecification\",\"valueRequired\":true,\"valueName\":\"search_term_string\"}}],\"inLanguage\":\"fr-FR\"},{\"@type\":\"Organization\",\"@id\":\"https:\/\/surfschool-srilanka.com\/fr\/#organization\",\"name\":\"De Silva Wind Resort Kalpitiya (Pvt.) Ltd\",\"url\":\"https:\/\/surfschool-srilanka.com\/fr\/\",\"logo\":{\"@type\":\"ImageObject\",\"inLanguage\":\"fr-FR\",\"@id\":\"https:\/\/surfschool-srilanka.com\/fr\/#\/schema\/logo\/image\/\",\"url\":\"https:\/\/surfschool-srilanka.com\/wp-content\/uploads\/2020\/03\/logo-rechnungen.png\",\"contentUrl\":\"https:\/\/surfschool-srilanka.com\/wp-content\/uploads\/2020\/03\/logo-rechnungen.png\",\"width\":3216,\"height\":912,\"caption\":\"De Silva Wind Resort Kalpitiya (Pvt.) Ltd\"},\"image\":{\"@id\":\"https:\/\/surfschool-srilanka.com\/fr\/#\/schema\/logo\/image\/\"},\"sameAs\":[\"https:\/\/www.facebook.com\/windresort.kalpitiya\/\",\"https:\/\/www.instagram.com\/desilva.windresort\/\",\"https:\/\/www.youtube.com\/c\/KitesurfingSrilankaDESILVAWindresortKalpitiya\/videos\",\"https:\/\/www.tiktok.com\/@desilvawindresort\"]}]}<\/script>\n<!-- \/ Yoast SEO Premium plugin. -->","yoast_head_json":{"title":"Description de la chambre chambre standard | De Silva Windresort Kalpitiya","robots":{"index":"index","follow":"follow","max-snippet":"max-snippet:-1","max-image-preview":"max-image-preview:large","max-video-preview":"max-video-preview:-1"},"canonical":"https:\/\/surfschool-srilanka.com\/fr\/gites-a-kalpitiya\/description-de-la-chambre-chambre-standard\/","og_locale":"fr_FR","og_type":"article","og_title":"Description de la chambre chambre standard","og_description":"S\u00e9journez dans l\u2019une de nos confortables chambres Standard au DE SILVA Windresort !Vous trouverez un lit double confortable avec moustiquaire, un placard et une table. La salle de bains privative est pourvue d\u2019une douche et de toilettes europ\u00e9ennes.La terrasse offre la possibilit\u00e9 de se d\u00e9tendre devant votre chambre.Chaque fois, vous pouvez nager dans la piscine [&hellip;]","og_url":"https:\/\/surfschool-srilanka.com\/fr\/gites-a-kalpitiya\/description-de-la-chambre-chambre-standard\/","og_site_name":"De Silva Windresort Kalpitiya","article_publisher":"https:\/\/www.facebook.com\/windresort.kalpitiya\/","article_modified_time":"2024-05-08T13:43:14+00:00","og_image":[{"width":1072,"height":992,"url":"https:\/\/surfschool-srilanka.com\/wp-content\/uploads\/2024\/11\/DeSilva_LogoNeu_Black.png","type":"image\/png"}],"twitter_card":"summary_large_image","twitter_misc":{"Dur\u00e9e de lecture estim\u00e9e":"4 minutes"},"schema":{"@context":"https:\/\/schema.org","@graph":[{"@type":"WebPage","@id":"https:\/\/surfschool-srilanka.com\/fr\/gites-a-kalpitiya\/description-de-la-chambre-chambre-standard\/","url":"https:\/\/surfschool-srilanka.com\/fr\/gites-a-kalpitiya\/description-de-la-chambre-chambre-standard\/","name":"Description de la chambre chambre standard | De Silva Windresort Kalpitiya","isPartOf":{"@id":"https:\/\/surfschool-srilanka.com\/fr\/#website"},"datePublished":"2023-03-16T21:04:54+00:00","dateModified":"2024-05-08T13:43:14+00:00","breadcrumb":{"@id":"https:\/\/surfschool-srilanka.com\/fr\/gites-a-kalpitiya\/description-de-la-chambre-chambre-standard\/#breadcrumb"},"inLanguage":"fr-FR","potentialAction":[{"@type":"ReadAction","target":["https:\/\/surfschool-srilanka.com\/fr\/gites-a-kalpitiya\/description-de-la-chambre-chambre-standard\/"]}]},{"@type":"BreadcrumbList","@id":"https:\/\/surfschool-srilanka.com\/fr\/gites-a-kalpitiya\/description-de-la-chambre-chambre-standard\/#breadcrumb","itemListElement":[{"@type":"ListItem","position":1,"name":"Startseite","item":"https:\/\/surfschool-srilanka.com\/fr\/ecole-de-kitesurf-au-sri-lanka\/"},{"@type":"ListItem","position":2,"name":"G\u00eetes \u00e0 Kalpitiya","item":"https:\/\/surfschool-srilanka.com\/fr\/gites-a-kalpitiya\/"},{"@type":"ListItem","position":3,"name":"Description de la chambre chambre standard"}]},{"@type":"WebSite","@id":"https:\/\/surfschool-srilanka.com\/fr\/#website","url":"https:\/\/surfschool-srilanka.com\/fr\/","name":"De Silva Windresort Kalpitiya","description":"Kitesurfing, we\u00b4ll make you ride!","publisher":{"@id":"https:\/\/surfschool-srilanka.com\/fr\/#organization"},"alternateName":"https:\/\/surfschool-srilanka.com","potentialAction":[{"@type":"SearchAction","target":{"@type":"EntryPoint","urlTemplate":"https:\/\/surfschool-srilanka.com\/fr\/?s={search_term_string}"},"query-input":{"@type":"PropertyValueSpecification","valueRequired":true,"valueName":"search_term_string"}}],"inLanguage":"fr-FR"},{"@type":"Organization","@id":"https:\/\/surfschool-srilanka.com\/fr\/#organization","name":"De Silva Wind Resort Kalpitiya (Pvt.) Ltd","url":"https:\/\/surfschool-srilanka.com\/fr\/","logo":{"@type":"ImageObject","inLanguage":"fr-FR","@id":"https:\/\/surfschool-srilanka.com\/fr\/#\/schema\/logo\/image\/","url":"https:\/\/surfschool-srilanka.com\/wp-content\/uploads\/2020\/03\/logo-rechnungen.png","contentUrl":"https:\/\/surfschool-srilanka.com\/wp-content\/uploads\/2020\/03\/logo-rechnungen.png","width":3216,"height":912,"caption":"De Silva Wind Resort Kalpitiya (Pvt.) Ltd"},"image":{"@id":"https:\/\/surfschool-srilanka.com\/fr\/#\/schema\/logo\/image\/"},"sameAs":["https:\/\/www.facebook.com\/windresort.kalpitiya\/","https:\/\/www.instagram.com\/desilva.windresort\/","https:\/\/www.youtube.com\/c\/KitesurfingSrilankaDESILVAWindresortKalpitiya\/videos","https:\/\/www.tiktok.com\/@desilvawindresort"]}]}},"_links":{"self":[{"href":"https:\/\/surfschool-srilanka.com\/fr\/wp-json\/wp\/v2\/pages\/8421","targetHints":{"allow":["GET"]}}],"collection":[{"href":"https:\/\/surfschool-srilanka.com\/fr\/wp-json\/wp\/v2\/pages"}],"about":[{"href":"https:\/\/surfschool-srilanka.com\/fr\/wp-json\/wp\/v2\/types\/page"}],"author":[{"embeddable":true,"href":"https:\/\/surfschool-srilanka.com\/fr\/wp-json\/wp\/v2\/users\/3"}],"replies":[{"embeddable":true,"href":"https:\/\/surfschool-srilanka.com\/fr\/wp-json\/wp\/v2\/comments?post=8421"}],"version-history":[{"count":8,"href":"https:\/\/surfschool-srilanka.com\/fr\/wp-json\/wp\/v2\/pages\/8421\/revisions"}],"predecessor-version":[{"id":9671,"href":"https:\/\/surfschool-srilanka.com\/fr\/wp-json\/wp\/v2\/pages\/8421\/revisions\/9671"}],"up":[{"embeddable":true,"href":"https:\/\/surfschool-srilanka.com\/fr\/wp-json\/wp\/v2\/pages\/8487"}],"wp:attachment":[{"href":"https:\/\/surfschool-srilanka.com\/fr\/wp-json\/wp\/v2\/media?parent=8421"}],"curies":[{"name":"wp","href":"https:\/\/api.w.org\/{rel}","templated":true}]}}