{"id":8509,"date":"2023-03-16T22:15:43","date_gmt":"2023-03-16T21:15:43","guid":{"rendered":"https:\/\/surfschool-srilanka.com\/profitez-du-sport-passionnant-de-la-planche-a-voile-au-sri-lanka\/"},"modified":"2023-03-16T22:15:45","modified_gmt":"2023-03-16T21:15:45","slug":"profitez-du-sport-passionnant-de-la-planche-a-voile-au-sri-lanka","status":"publish","type":"page","link":"https:\/\/surfschool-srilanka.com\/fr\/profitez-du-sport-passionnant-de-la-planche-a-voile-au-sri-lanka\/","title":{"rendered":"Profitez du sport passionnant de la planche \u00e0 voile au Sri Lanka"},"content":{"rendered":"<p><img decoding=\"async\" class=\"alignnone wp-image-5806 size-full\" src=\"https:\/\/surfschool-srilanka.com\/wp-content\/uploads\/2021\/01\/windsurfing-in-Sri-Lanka.jpg\" alt=\"planche \u00e0 voile Sri Lanka\" width=\"1280\" height=\"853\" srcset=\"https:\/\/surfschool-srilanka.com\/wp-content\/uploads\/2021\/01\/windsurfing-in-Sri-Lanka.jpg 1280w, https:\/\/surfschool-srilanka.com\/wp-content\/uploads\/2021\/01\/windsurfing-in-Sri-Lanka-980x653.jpg 980w, https:\/\/surfschool-srilanka.com\/wp-content\/uploads\/2021\/01\/windsurfing-in-Sri-Lanka-480x320.jpg 480w\" sizes=\"(min-width: 0px) and (max-width: 480px) 480px, (min-width: 481px) and (max-width: 980px) 980px, (min-width: 981px) 1280px, 100vw\" \/><\/p>\n<p>Les vents amicaux qui soufflent sur la petite nation insulaire du Sri Lanka en font un paradis pour tous ceux qui rejoindraient <strong>l\u2019\u00e9cole de cerf-volant du Sri Lanka <\/strong>pour s\u2019essayer \u00e0 un sport tr\u00e8s excitant. o\u00f9 seuls quelques endroits dans le monde pourraient offrir. Le De Silva Windresort, \u00e0 Kalpitiya, nich\u00e9 sur la c\u00f4te nord-ouest du pays, a tout ce que vous voulez faire sur les mers. Vous auriez le puissant oc\u00e9an Indien \u00e0 vos pieds et ce qui est offert est par excellence et un r\u00e9gal qui ferait du <strong>kitesurf au Sri Lanka <\/strong>le meilleur endroit o\u00f9 \u00eatre.<\/p>\n<p>Lorsque vous vous r\u00e9f\u00e9rez \u00e0 Kalpitiya et avec cela le De Silva Windresort, c\u2019est un fait que c\u2019est le <strong>meilleur endroit pour le kitesurf pour les d\u00e9butants.<\/strong> Vous seriez entre de tr\u00e8s bonnes mains et les d\u00e9butants pourraient \u00eatre assur\u00e9s que leur s\u00e9curit\u00e9 est la principale pr\u00e9occupation de toutes les personnes impliqu\u00e9es dans la formation. Le quadruple champion national de planche \u00e0 voile du Sri Lanka, Upul De Silva est \u00e0 la t\u00eate de cette organisation tr\u00e8s excitante qui attend de r\u00e9pondre \u00e0 tous vos caprices et fantaisies. S\u2019il y a un <strong>kite resort sri lanka <\/strong>qui se distingue comme une sentinelle parmi d\u2019autres, ce serait De Silva Windresort, qui a fait sa marque comme le meilleur parmi les autres.<\/p>\n<p>Le sport passionnant de la planche \u00e0 voile au Sri Lanka a grandi \u00e0 pas de g\u00e9ant et l\u2019accent est mis sur Kalpitiya o\u00f9 l\u2019excitation est illimit\u00e9e et non dilu\u00e9e. Si vous \u00eates \u00e0 la recherche de plaisir dans le sable et d\u2019excitation dans les mers, alors kitesurf family hotel srilanka pourrait vous offrir des forfaits abordables. Les familles pourraient apporter toute une dimension \u00e0 leur vie en donnant litt\u00e9ralement un coup de pied dans les eaux sous leurs pieds et en profitant de chaque minute de leur s\u00e9jour. Ce n\u2019est pas un sport seulement pour quelques mecs intr\u00e9pides, mais c\u2019est un sport pour tout le monde.<\/p>\n<p>Les installations accord\u00e9es conviennent bien \u00e0 tout le monde et c\u2019est le meilleur camp de kitesurf pour les c\u00e9libataires et attire beaucoup pour obtenir leur adr\u00e9naline \u00e0 des niveaux optimaux. Sous la direction experte des professionnels qui vous prendraient sous leur garde, vous pourriez vivre le frisson du kite surf et de la planche \u00e0 voile au maximum. Il y a un endroit o\u00f9 vous devriez \u00eatre la prochaine fois que vous prenez l\u2019avion pour des vacances passionnantes, le De Silva Windresort.<\/p>\n<p>&nbsp;<\/p>\n","protected":false},"excerpt":{"rendered":"<p>Les vents amicaux qui soufflent sur la petite nation insulaire du Sri Lanka en font un paradis pour tous ceux qui rejoindraient l\u2019\u00e9cole de cerf-volant du Sri Lanka pour s\u2019essayer \u00e0 un sport tr\u00e8s excitant. o\u00f9 seuls quelques endroits dans le monde pourraient offrir. Le De Silva Windresort, \u00e0 Kalpitiya, nich\u00e9 sur la c\u00f4te nord-ouest [&hellip;]<\/p>\n","protected":false},"author":6,"featured_media":8159,"parent":0,"menu_order":0,"comment_status":"closed","ping_status":"closed","template":"","meta":{"_et_pb_use_builder":"","_et_pb_old_content":"","_et_gb_content_width":"","footnotes":""},"class_list":["post-8509","page","type-page","status-publish","has-post-thumbnail","hentry"],"yoast_head":"<!-- This site is optimized with the Yoast SEO Premium plugin v27.5 (Yoast SEO v27.5) - https:\/\/yoast.com\/product\/yoast-seo-premium-wordpress\/ -->\n<title>Planche \u00e0 voile au Sri Lanka | De Silva Windresort Kalpitiya<\/title>\n<meta name=\"robots\" content=\"index, follow, max-snippet:-1, max-image-preview:large, max-video-preview:-1\" \/>\n<link rel=\"canonical\" href=\"https:\/\/surfschool-srilanka.com\/fr\/profitez-du-sport-passionnant-de-la-planche-a-voile-au-sri-lanka\/\" \/>\n<meta property=\"og:locale\" content=\"fr_FR\" \/>\n<meta property=\"og:type\" content=\"article\" \/>\n<meta property=\"og:title\" content=\"Profitez du sport passionnant de la planche \u00e0 voile au Sri Lanka\" \/>\n<meta property=\"og:description\" content=\"Les vents amicaux qui soufflent sur la petite nation insulaire du Sri Lanka en font un paradis pour tous ceux qui rejoindraient l\u2019\u00e9cole de cerf-volant du Sri Lanka pour s\u2019essayer \u00e0 un sport tr\u00e8s excitant. o\u00f9 seuls quelques endroits dans le monde pourraient offrir. Le De Silva Windresort, \u00e0 Kalpitiya, nich\u00e9 sur la c\u00f4te nord-ouest [&hellip;]\" \/>\n<meta property=\"og:url\" content=\"https:\/\/surfschool-srilanka.com\/fr\/profitez-du-sport-passionnant-de-la-planche-a-voile-au-sri-lanka\/\" \/>\n<meta property=\"og:site_name\" content=\"De Silva Windresort Kalpitiya\" \/>\n<meta property=\"article:publisher\" content=\"https:\/\/www.facebook.com\/windresort.kalpitiya\/\" \/>\n<meta property=\"article:modified_time\" content=\"2023-03-16T21:15:45+00:00\" \/>\n<meta property=\"og:image\" content=\"https:\/\/surfschool-srilanka.com\/wp-content\/uploads\/2021\/01\/windsurfing-in-Sri-Lanka.jpg\" \/>\n\t<meta property=\"og:image:width\" content=\"1280\" \/>\n\t<meta property=\"og:image:height\" content=\"853\" \/>\n\t<meta property=\"og:image:type\" content=\"image\/jpeg\" \/>\n<meta name=\"twitter:card\" content=\"summary_large_image\" \/>\n<meta name=\"twitter:label1\" content=\"Dur\u00e9e de lecture estim\u00e9e\" \/>\n\t<meta name=\"twitter:data1\" content=\"2 minutes\" \/>\n<script type=\"application\/ld+json\" class=\"yoast-schema-graph\">{\"@context\":\"https:\\\/\\\/schema.org\",\"@graph\":[{\"@type\":\"WebPage\",\"@id\":\"https:\\\/\\\/surfschool-srilanka.com\\\/fr\\\/profitez-du-sport-passionnant-de-la-planche-a-voile-au-sri-lanka\\\/\",\"url\":\"https:\\\/\\\/surfschool-srilanka.com\\\/fr\\\/profitez-du-sport-passionnant-de-la-planche-a-voile-au-sri-lanka\\\/\",\"name\":\"Planche \u00e0 voile au Sri Lanka | De Silva Windresort Kalpitiya\",\"isPartOf\":{\"@id\":\"https:\\\/\\\/surfschool-srilanka.com\\\/fr\\\/#website\"},\"primaryImageOfPage\":{\"@id\":\"https:\\\/\\\/surfschool-srilanka.com\\\/fr\\\/profitez-du-sport-passionnant-de-la-planche-a-voile-au-sri-lanka\\\/#primaryimage\"},\"image\":{\"@id\":\"https:\\\/\\\/surfschool-srilanka.com\\\/fr\\\/profitez-du-sport-passionnant-de-la-planche-a-voile-au-sri-lanka\\\/#primaryimage\"},\"thumbnailUrl\":\"https:\\\/\\\/surfschool-srilanka.com\\\/wp-content\\\/uploads\\\/2021\\\/01\\\/windsurfing-in-Sri-Lanka.jpg\",\"datePublished\":\"2023-03-16T21:15:43+00:00\",\"dateModified\":\"2023-03-16T21:15:45+00:00\",\"breadcrumb\":{\"@id\":\"https:\\\/\\\/surfschool-srilanka.com\\\/fr\\\/profitez-du-sport-passionnant-de-la-planche-a-voile-au-sri-lanka\\\/#breadcrumb\"},\"inLanguage\":\"fr-FR\",\"potentialAction\":[{\"@type\":\"ReadAction\",\"target\":[\"https:\\\/\\\/surfschool-srilanka.com\\\/fr\\\/profitez-du-sport-passionnant-de-la-planche-a-voile-au-sri-lanka\\\/\"]}]},{\"@type\":\"ImageObject\",\"inLanguage\":\"fr-FR\",\"@id\":\"https:\\\/\\\/surfschool-srilanka.com\\\/fr\\\/profitez-du-sport-passionnant-de-la-planche-a-voile-au-sri-lanka\\\/#primaryimage\",\"url\":\"https:\\\/\\\/surfschool-srilanka.com\\\/wp-content\\\/uploads\\\/2021\\\/01\\\/windsurfing-in-Sri-Lanka.jpg\",\"contentUrl\":\"https:\\\/\\\/surfschool-srilanka.com\\\/wp-content\\\/uploads\\\/2021\\\/01\\\/windsurfing-in-Sri-Lanka.jpg\",\"width\":1280,\"height\":853},{\"@type\":\"BreadcrumbList\",\"@id\":\"https:\\\/\\\/surfschool-srilanka.com\\\/fr\\\/profitez-du-sport-passionnant-de-la-planche-a-voile-au-sri-lanka\\\/#breadcrumb\",\"itemListElement\":[{\"@type\":\"ListItem\",\"position\":1,\"name\":\"Startseite\",\"item\":\"https:\\\/\\\/surfschool-srilanka.com\\\/fr\\\/ecole-de-kitesurf-au-sri-lanka\\\/\"},{\"@type\":\"ListItem\",\"position\":2,\"name\":\"Profitez du sport passionnant de la planche \u00e0 voile au Sri Lanka\"}]},{\"@type\":\"WebSite\",\"@id\":\"https:\\\/\\\/surfschool-srilanka.com\\\/fr\\\/#website\",\"url\":\"https:\\\/\\\/surfschool-srilanka.com\\\/fr\\\/\",\"name\":\"De Silva Windresort Kalpitiya\",\"description\":\"Kitesurfing, we\u00b4ll make you ride!\",\"publisher\":{\"@id\":\"https:\\\/\\\/surfschool-srilanka.com\\\/fr\\\/#organization\"},\"alternateName\":\"https:\\\/\\\/surfschool-srilanka.com\",\"potentialAction\":[{\"@type\":\"SearchAction\",\"target\":{\"@type\":\"EntryPoint\",\"urlTemplate\":\"https:\\\/\\\/surfschool-srilanka.com\\\/fr\\\/?s={search_term_string}\"},\"query-input\":{\"@type\":\"PropertyValueSpecification\",\"valueRequired\":true,\"valueName\":\"search_term_string\"}}],\"inLanguage\":\"fr-FR\"},{\"@type\":\"Organization\",\"@id\":\"https:\\\/\\\/surfschool-srilanka.com\\\/fr\\\/#organization\",\"name\":\"De Silva Wind Resort Kalpitiya (Pvt.) Ltd\",\"url\":\"https:\\\/\\\/surfschool-srilanka.com\\\/fr\\\/\",\"logo\":{\"@type\":\"ImageObject\",\"inLanguage\":\"fr-FR\",\"@id\":\"https:\\\/\\\/surfschool-srilanka.com\\\/fr\\\/#\\\/schema\\\/logo\\\/image\\\/\",\"url\":\"https:\\\/\\\/surfschool-srilanka.com\\\/wp-content\\\/uploads\\\/2020\\\/03\\\/logo-rechnungen.png\",\"contentUrl\":\"https:\\\/\\\/surfschool-srilanka.com\\\/wp-content\\\/uploads\\\/2020\\\/03\\\/logo-rechnungen.png\",\"width\":3216,\"height\":912,\"caption\":\"De Silva Wind Resort Kalpitiya (Pvt.) Ltd\"},\"image\":{\"@id\":\"https:\\\/\\\/surfschool-srilanka.com\\\/fr\\\/#\\\/schema\\\/logo\\\/image\\\/\"},\"sameAs\":[\"https:\\\/\\\/www.facebook.com\\\/windresort.kalpitiya\\\/\",\"https:\\\/\\\/www.instagram.com\\\/desilva.windresort\\\/\",\"https:\\\/\\\/www.youtube.com\\\/c\\\/KitesurfingSrilankaDESILVAWindresortKalpitiya\\\/videos\",\"https:\\\/\\\/www.tiktok.com\\\/@desilvawindresort\"]}]}<\/script>\n<!-- \/ Yoast SEO Premium plugin. -->","yoast_head_json":{"title":"Planche \u00e0 voile au Sri Lanka | De Silva Windresort Kalpitiya","robots":{"index":"index","follow":"follow","max-snippet":"max-snippet:-1","max-image-preview":"max-image-preview:large","max-video-preview":"max-video-preview:-1"},"canonical":"https:\/\/surfschool-srilanka.com\/fr\/profitez-du-sport-passionnant-de-la-planche-a-voile-au-sri-lanka\/","og_locale":"fr_FR","og_type":"article","og_title":"Profitez du sport passionnant de la planche \u00e0 voile au Sri Lanka","og_description":"Les vents amicaux qui soufflent sur la petite nation insulaire du Sri Lanka en font un paradis pour tous ceux qui rejoindraient l\u2019\u00e9cole de cerf-volant du Sri Lanka pour s\u2019essayer \u00e0 un sport tr\u00e8s excitant. o\u00f9 seuls quelques endroits dans le monde pourraient offrir. Le De Silva Windresort, \u00e0 Kalpitiya, nich\u00e9 sur la c\u00f4te nord-ouest [&hellip;]","og_url":"https:\/\/surfschool-srilanka.com\/fr\/profitez-du-sport-passionnant-de-la-planche-a-voile-au-sri-lanka\/","og_site_name":"De Silva Windresort Kalpitiya","article_publisher":"https:\/\/www.facebook.com\/windresort.kalpitiya\/","article_modified_time":"2023-03-16T21:15:45+00:00","og_image":[{"width":1280,"height":853,"url":"https:\/\/surfschool-srilanka.com\/wp-content\/uploads\/2021\/01\/windsurfing-in-Sri-Lanka.jpg","type":"image\/jpeg"}],"twitter_card":"summary_large_image","twitter_misc":{"Dur\u00e9e de lecture estim\u00e9e":"2 minutes"},"schema":{"@context":"https:\/\/schema.org","@graph":[{"@type":"WebPage","@id":"https:\/\/surfschool-srilanka.com\/fr\/profitez-du-sport-passionnant-de-la-planche-a-voile-au-sri-lanka\/","url":"https:\/\/surfschool-srilanka.com\/fr\/profitez-du-sport-passionnant-de-la-planche-a-voile-au-sri-lanka\/","name":"Planche \u00e0 voile au Sri Lanka | De Silva Windresort Kalpitiya","isPartOf":{"@id":"https:\/\/surfschool-srilanka.com\/fr\/#website"},"primaryImageOfPage":{"@id":"https:\/\/surfschool-srilanka.com\/fr\/profitez-du-sport-passionnant-de-la-planche-a-voile-au-sri-lanka\/#primaryimage"},"image":{"@id":"https:\/\/surfschool-srilanka.com\/fr\/profitez-du-sport-passionnant-de-la-planche-a-voile-au-sri-lanka\/#primaryimage"},"thumbnailUrl":"https:\/\/surfschool-srilanka.com\/wp-content\/uploads\/2021\/01\/windsurfing-in-Sri-Lanka.jpg","datePublished":"2023-03-16T21:15:43+00:00","dateModified":"2023-03-16T21:15:45+00:00","breadcrumb":{"@id":"https:\/\/surfschool-srilanka.com\/fr\/profitez-du-sport-passionnant-de-la-planche-a-voile-au-sri-lanka\/#breadcrumb"},"inLanguage":"fr-FR","potentialAction":[{"@type":"ReadAction","target":["https:\/\/surfschool-srilanka.com\/fr\/profitez-du-sport-passionnant-de-la-planche-a-voile-au-sri-lanka\/"]}]},{"@type":"ImageObject","inLanguage":"fr-FR","@id":"https:\/\/surfschool-srilanka.com\/fr\/profitez-du-sport-passionnant-de-la-planche-a-voile-au-sri-lanka\/#primaryimage","url":"https:\/\/surfschool-srilanka.com\/wp-content\/uploads\/2021\/01\/windsurfing-in-Sri-Lanka.jpg","contentUrl":"https:\/\/surfschool-srilanka.com\/wp-content\/uploads\/2021\/01\/windsurfing-in-Sri-Lanka.jpg","width":1280,"height":853},{"@type":"BreadcrumbList","@id":"https:\/\/surfschool-srilanka.com\/fr\/profitez-du-sport-passionnant-de-la-planche-a-voile-au-sri-lanka\/#breadcrumb","itemListElement":[{"@type":"ListItem","position":1,"name":"Startseite","item":"https:\/\/surfschool-srilanka.com\/fr\/ecole-de-kitesurf-au-sri-lanka\/"},{"@type":"ListItem","position":2,"name":"Profitez du sport passionnant de la planche \u00e0 voile au Sri Lanka"}]},{"@type":"WebSite","@id":"https:\/\/surfschool-srilanka.com\/fr\/#website","url":"https:\/\/surfschool-srilanka.com\/fr\/","name":"De Silva Windresort Kalpitiya","description":"Kitesurfing, we\u00b4ll make you ride!","publisher":{"@id":"https:\/\/surfschool-srilanka.com\/fr\/#organization"},"alternateName":"https:\/\/surfschool-srilanka.com","potentialAction":[{"@type":"SearchAction","target":{"@type":"EntryPoint","urlTemplate":"https:\/\/surfschool-srilanka.com\/fr\/?s={search_term_string}"},"query-input":{"@type":"PropertyValueSpecification","valueRequired":true,"valueName":"search_term_string"}}],"inLanguage":"fr-FR"},{"@type":"Organization","@id":"https:\/\/surfschool-srilanka.com\/fr\/#organization","name":"De Silva Wind Resort Kalpitiya (Pvt.) Ltd","url":"https:\/\/surfschool-srilanka.com\/fr\/","logo":{"@type":"ImageObject","inLanguage":"fr-FR","@id":"https:\/\/surfschool-srilanka.com\/fr\/#\/schema\/logo\/image\/","url":"https:\/\/surfschool-srilanka.com\/wp-content\/uploads\/2020\/03\/logo-rechnungen.png","contentUrl":"https:\/\/surfschool-srilanka.com\/wp-content\/uploads\/2020\/03\/logo-rechnungen.png","width":3216,"height":912,"caption":"De Silva Wind Resort Kalpitiya (Pvt.) Ltd"},"image":{"@id":"https:\/\/surfschool-srilanka.com\/fr\/#\/schema\/logo\/image\/"},"sameAs":["https:\/\/www.facebook.com\/windresort.kalpitiya\/","https:\/\/www.instagram.com\/desilva.windresort\/","https:\/\/www.youtube.com\/c\/KitesurfingSrilankaDESILVAWindresortKalpitiya\/videos","https:\/\/www.tiktok.com\/@desilvawindresort"]}]}},"_links":{"self":[{"href":"https:\/\/surfschool-srilanka.com\/fr\/wp-json\/wp\/v2\/pages\/8509","targetHints":{"allow":["GET"]}}],"collection":[{"href":"https:\/\/surfschool-srilanka.com\/fr\/wp-json\/wp\/v2\/pages"}],"about":[{"href":"https:\/\/surfschool-srilanka.com\/fr\/wp-json\/wp\/v2\/types\/page"}],"author":[{"embeddable":true,"href":"https:\/\/surfschool-srilanka.com\/fr\/wp-json\/wp\/v2\/users\/6"}],"replies":[{"embeddable":true,"href":"https:\/\/surfschool-srilanka.com\/fr\/wp-json\/wp\/v2\/comments?post=8509"}],"version-history":[{"count":1,"href":"https:\/\/surfschool-srilanka.com\/fr\/wp-json\/wp\/v2\/pages\/8509\/revisions"}],"predecessor-version":[{"id":8510,"href":"https:\/\/surfschool-srilanka.com\/fr\/wp-json\/wp\/v2\/pages\/8509\/revisions\/8510"}],"wp:featuredmedia":[{"embeddable":true,"href":"https:\/\/surfschool-srilanka.com\/fr\/wp-json\/wp\/v2\/media\/8159"}],"wp:attachment":[{"href":"https:\/\/surfschool-srilanka.com\/fr\/wp-json\/wp\/v2\/media?parent=8509"}],"curies":[{"name":"wp","href":"https:\/\/api.w.org\/{rel}","templated":true}]}}