{"id":8513,"date":"2023-03-16T22:16:30","date_gmt":"2023-03-16T21:16:30","guid":{"rendered":"https:\/\/surfschool-srilanka.com\/de-silva-windresort-kalpitiya-est-le-meilleur-camp-de-kitesurf-pour-les-celibataires\/"},"modified":"2023-03-16T22:16:32","modified_gmt":"2023-03-16T21:16:32","slug":"de-silva-windresort-kalpitiya-est-le-meilleur-camp-de-kitesurf-pour-les-celibataires","status":"publish","type":"page","link":"https:\/\/surfschool-srilanka.com\/fr\/de-silva-windresort-kalpitiya-est-le-meilleur-camp-de-kitesurf-pour-les-celibataires\/","title":{"rendered":"De Silva Windresort Kalpitiya est le meilleur camp de kitesurf pour les c\u00e9libataires"},"content":{"rendered":"<p><img decoding=\"async\" class=\"wp-image-5798 size-full aligncenter\" src=\"https:\/\/surfschool-srilanka.com\/wp-content\/uploads\/2021\/01\/kitesurf-camp-for-singles.jpg\" alt=\"Camp de kitesurf pour c\u00e9libataires\" width=\"1024\" height=\"683\" srcset=\"https:\/\/surfschool-srilanka.com\/wp-content\/uploads\/2021\/01\/kitesurf-camp-for-singles.jpg 1024w, https:\/\/surfschool-srilanka.com\/wp-content\/uploads\/2021\/01\/kitesurf-camp-for-singles-980x654.jpg 980w, https:\/\/surfschool-srilanka.com\/wp-content\/uploads\/2021\/01\/kitesurf-camp-for-singles-480x320.jpg 480w\" sizes=\"(min-width: 0px) and (max-width: 480px) 480px, (min-width: 481px) and (max-width: 980px) 980px, (min-width: 981px) 1024px, 100vw\" \/><\/p>\n<p>Sri Lanka la nation insulaire en forme de larme suspendue \u00e0 la pointe inf\u00e9rieure du sous-continent indien est un pays pour toutes les saisons. Des plages dor\u00e9es aux cha\u00eenes de montagnes salubres situ\u00e9es dans des cadres parfaits et un endroit o\u00f9 le premier \u00eatre humain Adam a mis les pieds, comme les croyances folkloriques locales. L\u2019\u00eele resplendissante a plus que des cadres pittoresques, elle offre l\u2019un des endroits les plus populaires au monde pour le kite surf et  <strong>Planche \u00e0 voile au Sri Lanka.<\/strong>  Si vous \u00eates un passionn\u00e9 de plein air avec la mer comme m\u00e9dium pr\u00e9f\u00e9r\u00e9, alors  <strong>Kitesurf Sri Lanka<\/strong>  est le sport auquel vous devriez vous adonner.<\/p>\n<p>Pour vous donner le coup de pied d\u2019un s\u00e9jour plein d\u2019action, De Silva Windresort, dans la ville c\u00f4ti\u00e8re de Kalpitiya, dans le nord-ouest de la nation insulaire, a la meilleure \u00e9cole de cerf-volant du Sri Lanka pour vous donner un aper\u00e7u de ce sport passionnant. Vous pouvez reposer vos membres fatigu\u00e9s apr\u00e8s une journ\u00e9e intense mais agr\u00e9able et passionnante dans la mer en r\u00e9servant dans le meilleur centre de kite du Sri Lanka. Quelques heures de route vous m\u00e8neraient au meilleur camp de kitesurf pour c\u00e9libataires. Si vous \u00eates un groupe de copains \u00e0 la recherche d\u2019une v\u00e9ritable exp\u00e9rience amusante, c\u2019est le De Silva Windresort, \u00e0 Kalpitiya, qui devrait \u00eatre votre prochaine destination. Tous les kitesurfeurs et v\u00e9liplanchistes amateurs et professionnels qui ont appr\u00e9ci\u00e9 notre hospitalit\u00e9 reconnaissent le fait que nous sommes le meilleur endroit pour le kite surf pour les d\u00e9butants<strong>.<\/strong><\/p>\n<p>Tout en r\u00e9pondant aux besoins des c\u00e9libataires, nous sommes \u00e9galement un kite ax\u00e9 sur la famille au Sri Lanka avec un h\u00e9bergement confortable, confortable et propre fourni pour tout le monde. Nous sommes consid\u00e9r\u00e9s comme le meilleur <strong>h\u00f4tel familial de kitesurf srilanka <\/strong>et sommes fiers de nos normes de s\u00e9curit\u00e9 maintenues \u00e0 tout moment. Notre \u00e9quipe d\u2019entra\u00eeneurs d\u00e9vou\u00e9s dirig\u00e9e par nul autre que le quadruple champion national de planche \u00e0 voile du Sri Lanka, Upul De Silva, serait \u00e0 port\u00e9e de main pour vous assurer un s\u00e9jour passionnant et agr\u00e9able.<\/p>\n<p>Chez De Silva Windresort, nous utilisons le meilleur \u00e9quipement disponible dans l\u2019industrie que vous pouvez louer pour une somme modique ou acheter votre propre \u00e9quipement dans notre magasin voisin \u00e0 des prix raisonnables. Au contraire, vous pouvez \u00e9galement apporter votre propre \u00e9quipement que nous serions heureux de garder en stockage gratuitement. Pour vos prochaines vacances passionnantes, cliquez sur <a href=\"https:\/\/surfschool-srilanka.com\/\">https:\/\/surfschool-srilanka.com\/<\/a> et prenez un vol ici.<\/p>\n","protected":false},"excerpt":{"rendered":"<p>Sri Lanka la nation insulaire en forme de larme suspendue \u00e0 la pointe inf\u00e9rieure du sous-continent indien est un pays pour toutes les saisons. Des plages dor\u00e9es aux cha\u00eenes de montagnes salubres situ\u00e9es dans des cadres parfaits et un endroit o\u00f9 le premier \u00eatre humain Adam a mis les pieds, comme les croyances folkloriques locales. [&hellip;]<\/p>\n","protected":false},"author":6,"featured_media":8157,"parent":0,"menu_order":0,"comment_status":"closed","ping_status":"closed","template":"","meta":{"_et_pb_use_builder":"","_et_pb_old_content":"","_et_gb_content_width":"","footnotes":""},"class_list":["post-8513","page","type-page","status-publish","has-post-thumbnail","hentry"],"yoast_head":"<!-- This site is optimized with the Yoast SEO Premium plugin v27.0 (Yoast SEO v27.0) - https:\/\/yoast.com\/product\/yoast-seo-premium-wordpress\/ -->\n<title>Camp de kitesurf pour c\u00e9libataires au Sri Lanka | De Silva Windresort Kalpitiya<\/title>\n<meta name=\"robots\" content=\"index, follow, max-snippet:-1, max-image-preview:large, max-video-preview:-1\" \/>\n<link rel=\"canonical\" href=\"https:\/\/surfschool-srilanka.com\/fr\/de-silva-windresort-kalpitiya-est-le-meilleur-camp-de-kitesurf-pour-les-celibataires\/\" \/>\n<meta property=\"og:locale\" content=\"fr_FR\" \/>\n<meta property=\"og:type\" content=\"article\" \/>\n<meta property=\"og:title\" content=\"De Silva Windresort Kalpitiya est le meilleur camp de kitesurf pour les c\u00e9libataires\" \/>\n<meta property=\"og:description\" content=\"Sri Lanka la nation insulaire en forme de larme suspendue \u00e0 la pointe inf\u00e9rieure du sous-continent indien est un pays pour toutes les saisons. Des plages dor\u00e9es aux cha\u00eenes de montagnes salubres situ\u00e9es dans des cadres parfaits et un endroit o\u00f9 le premier \u00eatre humain Adam a mis les pieds, comme les croyances folkloriques locales. [&hellip;]\" \/>\n<meta property=\"og:url\" content=\"https:\/\/surfschool-srilanka.com\/fr\/de-silva-windresort-kalpitiya-est-le-meilleur-camp-de-kitesurf-pour-les-celibataires\/\" \/>\n<meta property=\"og:site_name\" content=\"De Silva Windresort Kalpitiya\" \/>\n<meta property=\"article:publisher\" content=\"https:\/\/www.facebook.com\/windresort.kalpitiya\/\" \/>\n<meta property=\"article:modified_time\" content=\"2023-03-16T21:16:32+00:00\" \/>\n<meta property=\"og:image\" content=\"https:\/\/surfschool-srilanka.com\/wp-content\/uploads\/2021\/01\/kitesurf-camp-for-singles.jpg\" \/>\n\t<meta property=\"og:image:width\" content=\"1024\" \/>\n\t<meta property=\"og:image:height\" content=\"683\" \/>\n\t<meta property=\"og:image:type\" content=\"image\/jpeg\" \/>\n<meta name=\"twitter:card\" content=\"summary_large_image\" \/>\n<meta name=\"twitter:label1\" content=\"Dur\u00e9e de lecture estim\u00e9e\" \/>\n\t<meta name=\"twitter:data1\" content=\"2 minutes\" \/>\n<script type=\"application\/ld+json\" class=\"yoast-schema-graph\">{\"@context\":\"https:\/\/schema.org\",\"@graph\":[{\"@type\":\"WebPage\",\"@id\":\"https:\/\/surfschool-srilanka.com\/fr\/de-silva-windresort-kalpitiya-est-le-meilleur-camp-de-kitesurf-pour-les-celibataires\/\",\"url\":\"https:\/\/surfschool-srilanka.com\/fr\/de-silva-windresort-kalpitiya-est-le-meilleur-camp-de-kitesurf-pour-les-celibataires\/\",\"name\":\"Camp de kitesurf pour c\u00e9libataires au Sri Lanka | De Silva Windresort Kalpitiya\",\"isPartOf\":{\"@id\":\"https:\/\/surfschool-srilanka.com\/fr\/#website\"},\"primaryImageOfPage\":{\"@id\":\"https:\/\/surfschool-srilanka.com\/fr\/de-silva-windresort-kalpitiya-est-le-meilleur-camp-de-kitesurf-pour-les-celibataires\/#primaryimage\"},\"image\":{\"@id\":\"https:\/\/surfschool-srilanka.com\/fr\/de-silva-windresort-kalpitiya-est-le-meilleur-camp-de-kitesurf-pour-les-celibataires\/#primaryimage\"},\"thumbnailUrl\":\"https:\/\/surfschool-srilanka.com\/wp-content\/uploads\/2021\/01\/kitesurf-camp-for-singles.jpg\",\"datePublished\":\"2023-03-16T21:16:30+00:00\",\"dateModified\":\"2023-03-16T21:16:32+00:00\",\"breadcrumb\":{\"@id\":\"https:\/\/surfschool-srilanka.com\/fr\/de-silva-windresort-kalpitiya-est-le-meilleur-camp-de-kitesurf-pour-les-celibataires\/#breadcrumb\"},\"inLanguage\":\"fr-FR\",\"potentialAction\":[{\"@type\":\"ReadAction\",\"target\":[\"https:\/\/surfschool-srilanka.com\/fr\/de-silva-windresort-kalpitiya-est-le-meilleur-camp-de-kitesurf-pour-les-celibataires\/\"]}]},{\"@type\":\"ImageObject\",\"inLanguage\":\"fr-FR\",\"@id\":\"https:\/\/surfschool-srilanka.com\/fr\/de-silva-windresort-kalpitiya-est-le-meilleur-camp-de-kitesurf-pour-les-celibataires\/#primaryimage\",\"url\":\"https:\/\/surfschool-srilanka.com\/wp-content\/uploads\/2021\/01\/kitesurf-camp-for-singles.jpg\",\"contentUrl\":\"https:\/\/surfschool-srilanka.com\/wp-content\/uploads\/2021\/01\/kitesurf-camp-for-singles.jpg\",\"width\":1024,\"height\":683},{\"@type\":\"BreadcrumbList\",\"@id\":\"https:\/\/surfschool-srilanka.com\/fr\/de-silva-windresort-kalpitiya-est-le-meilleur-camp-de-kitesurf-pour-les-celibataires\/#breadcrumb\",\"itemListElement\":[{\"@type\":\"ListItem\",\"position\":1,\"name\":\"Startseite\",\"item\":\"https:\/\/surfschool-srilanka.com\/fr\/ecole-de-kitesurf-au-sri-lanka\/\"},{\"@type\":\"ListItem\",\"position\":2,\"name\":\"De Silva Windresort Kalpitiya est le meilleur camp de kitesurf pour les c\u00e9libataires\"}]},{\"@type\":\"WebSite\",\"@id\":\"https:\/\/surfschool-srilanka.com\/fr\/#website\",\"url\":\"https:\/\/surfschool-srilanka.com\/fr\/\",\"name\":\"De Silva Windresort Kalpitiya\",\"description\":\"Kitesurfing, we\u00b4ll make you ride!\",\"publisher\":{\"@id\":\"https:\/\/surfschool-srilanka.com\/fr\/#organization\"},\"alternateName\":\"https:\/\/surfschool-srilanka.com\",\"potentialAction\":[{\"@type\":\"SearchAction\",\"target\":{\"@type\":\"EntryPoint\",\"urlTemplate\":\"https:\/\/surfschool-srilanka.com\/fr\/?s={search_term_string}\"},\"query-input\":{\"@type\":\"PropertyValueSpecification\",\"valueRequired\":true,\"valueName\":\"search_term_string\"}}],\"inLanguage\":\"fr-FR\"},{\"@type\":\"Organization\",\"@id\":\"https:\/\/surfschool-srilanka.com\/fr\/#organization\",\"name\":\"De Silva Wind Resort Kalpitiya (Pvt.) Ltd\",\"url\":\"https:\/\/surfschool-srilanka.com\/fr\/\",\"logo\":{\"@type\":\"ImageObject\",\"inLanguage\":\"fr-FR\",\"@id\":\"https:\/\/surfschool-srilanka.com\/fr\/#\/schema\/logo\/image\/\",\"url\":\"https:\/\/surfschool-srilanka.com\/wp-content\/uploads\/2020\/03\/logo-rechnungen.png\",\"contentUrl\":\"https:\/\/surfschool-srilanka.com\/wp-content\/uploads\/2020\/03\/logo-rechnungen.png\",\"width\":3216,\"height\":912,\"caption\":\"De Silva Wind Resort Kalpitiya (Pvt.) Ltd\"},\"image\":{\"@id\":\"https:\/\/surfschool-srilanka.com\/fr\/#\/schema\/logo\/image\/\"},\"sameAs\":[\"https:\/\/www.facebook.com\/windresort.kalpitiya\/\",\"https:\/\/www.instagram.com\/desilva.windresort\/\",\"https:\/\/www.youtube.com\/c\/KitesurfingSrilankaDESILVAWindresortKalpitiya\/videos\",\"https:\/\/www.tiktok.com\/@desilvawindresort\"]}]}<\/script>\n<!-- \/ Yoast SEO Premium plugin. -->","yoast_head_json":{"title":"Camp de kitesurf pour c\u00e9libataires au Sri Lanka | De Silva Windresort Kalpitiya","robots":{"index":"index","follow":"follow","max-snippet":"max-snippet:-1","max-image-preview":"max-image-preview:large","max-video-preview":"max-video-preview:-1"},"canonical":"https:\/\/surfschool-srilanka.com\/fr\/de-silva-windresort-kalpitiya-est-le-meilleur-camp-de-kitesurf-pour-les-celibataires\/","og_locale":"fr_FR","og_type":"article","og_title":"De Silva Windresort Kalpitiya est le meilleur camp de kitesurf pour les c\u00e9libataires","og_description":"Sri Lanka la nation insulaire en forme de larme suspendue \u00e0 la pointe inf\u00e9rieure du sous-continent indien est un pays pour toutes les saisons. Des plages dor\u00e9es aux cha\u00eenes de montagnes salubres situ\u00e9es dans des cadres parfaits et un endroit o\u00f9 le premier \u00eatre humain Adam a mis les pieds, comme les croyances folkloriques locales. [&hellip;]","og_url":"https:\/\/surfschool-srilanka.com\/fr\/de-silva-windresort-kalpitiya-est-le-meilleur-camp-de-kitesurf-pour-les-celibataires\/","og_site_name":"De Silva Windresort Kalpitiya","article_publisher":"https:\/\/www.facebook.com\/windresort.kalpitiya\/","article_modified_time":"2023-03-16T21:16:32+00:00","og_image":[{"width":1024,"height":683,"url":"https:\/\/surfschool-srilanka.com\/wp-content\/uploads\/2021\/01\/kitesurf-camp-for-singles.jpg","type":"image\/jpeg"}],"twitter_card":"summary_large_image","twitter_misc":{"Dur\u00e9e de lecture estim\u00e9e":"2 minutes"},"schema":{"@context":"https:\/\/schema.org","@graph":[{"@type":"WebPage","@id":"https:\/\/surfschool-srilanka.com\/fr\/de-silva-windresort-kalpitiya-est-le-meilleur-camp-de-kitesurf-pour-les-celibataires\/","url":"https:\/\/surfschool-srilanka.com\/fr\/de-silva-windresort-kalpitiya-est-le-meilleur-camp-de-kitesurf-pour-les-celibataires\/","name":"Camp de kitesurf pour c\u00e9libataires au Sri Lanka | De Silva Windresort Kalpitiya","isPartOf":{"@id":"https:\/\/surfschool-srilanka.com\/fr\/#website"},"primaryImageOfPage":{"@id":"https:\/\/surfschool-srilanka.com\/fr\/de-silva-windresort-kalpitiya-est-le-meilleur-camp-de-kitesurf-pour-les-celibataires\/#primaryimage"},"image":{"@id":"https:\/\/surfschool-srilanka.com\/fr\/de-silva-windresort-kalpitiya-est-le-meilleur-camp-de-kitesurf-pour-les-celibataires\/#primaryimage"},"thumbnailUrl":"https:\/\/surfschool-srilanka.com\/wp-content\/uploads\/2021\/01\/kitesurf-camp-for-singles.jpg","datePublished":"2023-03-16T21:16:30+00:00","dateModified":"2023-03-16T21:16:32+00:00","breadcrumb":{"@id":"https:\/\/surfschool-srilanka.com\/fr\/de-silva-windresort-kalpitiya-est-le-meilleur-camp-de-kitesurf-pour-les-celibataires\/#breadcrumb"},"inLanguage":"fr-FR","potentialAction":[{"@type":"ReadAction","target":["https:\/\/surfschool-srilanka.com\/fr\/de-silva-windresort-kalpitiya-est-le-meilleur-camp-de-kitesurf-pour-les-celibataires\/"]}]},{"@type":"ImageObject","inLanguage":"fr-FR","@id":"https:\/\/surfschool-srilanka.com\/fr\/de-silva-windresort-kalpitiya-est-le-meilleur-camp-de-kitesurf-pour-les-celibataires\/#primaryimage","url":"https:\/\/surfschool-srilanka.com\/wp-content\/uploads\/2021\/01\/kitesurf-camp-for-singles.jpg","contentUrl":"https:\/\/surfschool-srilanka.com\/wp-content\/uploads\/2021\/01\/kitesurf-camp-for-singles.jpg","width":1024,"height":683},{"@type":"BreadcrumbList","@id":"https:\/\/surfschool-srilanka.com\/fr\/de-silva-windresort-kalpitiya-est-le-meilleur-camp-de-kitesurf-pour-les-celibataires\/#breadcrumb","itemListElement":[{"@type":"ListItem","position":1,"name":"Startseite","item":"https:\/\/surfschool-srilanka.com\/fr\/ecole-de-kitesurf-au-sri-lanka\/"},{"@type":"ListItem","position":2,"name":"De Silva Windresort Kalpitiya est le meilleur camp de kitesurf pour les c\u00e9libataires"}]},{"@type":"WebSite","@id":"https:\/\/surfschool-srilanka.com\/fr\/#website","url":"https:\/\/surfschool-srilanka.com\/fr\/","name":"De Silva Windresort Kalpitiya","description":"Kitesurfing, we\u00b4ll make you ride!","publisher":{"@id":"https:\/\/surfschool-srilanka.com\/fr\/#organization"},"alternateName":"https:\/\/surfschool-srilanka.com","potentialAction":[{"@type":"SearchAction","target":{"@type":"EntryPoint","urlTemplate":"https:\/\/surfschool-srilanka.com\/fr\/?s={search_term_string}"},"query-input":{"@type":"PropertyValueSpecification","valueRequired":true,"valueName":"search_term_string"}}],"inLanguage":"fr-FR"},{"@type":"Organization","@id":"https:\/\/surfschool-srilanka.com\/fr\/#organization","name":"De Silva Wind Resort Kalpitiya (Pvt.) Ltd","url":"https:\/\/surfschool-srilanka.com\/fr\/","logo":{"@type":"ImageObject","inLanguage":"fr-FR","@id":"https:\/\/surfschool-srilanka.com\/fr\/#\/schema\/logo\/image\/","url":"https:\/\/surfschool-srilanka.com\/wp-content\/uploads\/2020\/03\/logo-rechnungen.png","contentUrl":"https:\/\/surfschool-srilanka.com\/wp-content\/uploads\/2020\/03\/logo-rechnungen.png","width":3216,"height":912,"caption":"De Silva Wind Resort Kalpitiya (Pvt.) Ltd"},"image":{"@id":"https:\/\/surfschool-srilanka.com\/fr\/#\/schema\/logo\/image\/"},"sameAs":["https:\/\/www.facebook.com\/windresort.kalpitiya\/","https:\/\/www.instagram.com\/desilva.windresort\/","https:\/\/www.youtube.com\/c\/KitesurfingSrilankaDESILVAWindresortKalpitiya\/videos","https:\/\/www.tiktok.com\/@desilvawindresort"]}]}},"_links":{"self":[{"href":"https:\/\/surfschool-srilanka.com\/fr\/wp-json\/wp\/v2\/pages\/8513","targetHints":{"allow":["GET"]}}],"collection":[{"href":"https:\/\/surfschool-srilanka.com\/fr\/wp-json\/wp\/v2\/pages"}],"about":[{"href":"https:\/\/surfschool-srilanka.com\/fr\/wp-json\/wp\/v2\/types\/page"}],"author":[{"embeddable":true,"href":"https:\/\/surfschool-srilanka.com\/fr\/wp-json\/wp\/v2\/users\/6"}],"replies":[{"embeddable":true,"href":"https:\/\/surfschool-srilanka.com\/fr\/wp-json\/wp\/v2\/comments?post=8513"}],"version-history":[{"count":1,"href":"https:\/\/surfschool-srilanka.com\/fr\/wp-json\/wp\/v2\/pages\/8513\/revisions"}],"predecessor-version":[{"id":8514,"href":"https:\/\/surfschool-srilanka.com\/fr\/wp-json\/wp\/v2\/pages\/8513\/revisions\/8514"}],"wp:featuredmedia":[{"embeddable":true,"href":"https:\/\/surfschool-srilanka.com\/fr\/wp-json\/wp\/v2\/media\/8157"}],"wp:attachment":[{"href":"https:\/\/surfschool-srilanka.com\/fr\/wp-json\/wp\/v2\/media?parent=8513"}],"curies":[{"name":"wp","href":"https:\/\/api.w.org\/{rel}","templated":true}]}}