{"id":8521,"date":"2023-03-16T22:17:58","date_gmt":"2023-03-16T21:17:58","guid":{"rendered":"https:\/\/surfschool-srilanka.com\/profitez-de-lexcitation-du-kitesurf-au-sri-lanka\/"},"modified":"2023-03-16T22:18:00","modified_gmt":"2023-03-16T21:18:00","slug":"profitez-de-lexcitation-du-kitesurf-au-sri-lanka","status":"publish","type":"page","link":"https:\/\/surfschool-srilanka.com\/fr\/profitez-de-lexcitation-du-kitesurf-au-sri-lanka\/","title":{"rendered":"Profitez de l\u2019excitation du kitesurf au Sri Lanka"},"content":{"rendered":"<p><img decoding=\"async\" class=\"alignnone wp-image-5791 size-full\" src=\"https:\/\/surfschool-srilanka.com\/wp-content\/uploads\/2021\/01\/kitesurfing-sri-lanka.jpg\" alt=\"Kitesurf Sri Lanka\" width=\"2232\" height=\"1454\" srcset=\"https:\/\/surfschool-srilanka.com\/wp-content\/uploads\/2021\/01\/kitesurfing-sri-lanka.jpg 2232w, https:\/\/surfschool-srilanka.com\/wp-content\/uploads\/2021\/01\/kitesurfing-sri-lanka-1280x834.jpg 1280w, https:\/\/surfschool-srilanka.com\/wp-content\/uploads\/2021\/01\/kitesurfing-sri-lanka-980x638.jpg 980w, https:\/\/surfschool-srilanka.com\/wp-content\/uploads\/2021\/01\/kitesurfing-sri-lanka-480x313.jpg 480w\" sizes=\"(min-width: 0px) and (max-width: 480px) 480px, (min-width: 481px) and (max-width: 980px) 980px, (min-width: 981px) and (max-width: 1280px) 1280px, (min-width: 1281px) 2232px, 100vw\" \/><\/p>\n<p>Depuis des temps imm\u00e9moriaux, de nombreux marins ont appel\u00e9 la nation insulaire du Sri Lanka, anciennement connue sous le nom de Ceylan, la plus proche de rien d\u2019autre que le paradis. Vous aussi, vous pourriez profiter de ce que cette \u00eele resplendissante a \u00e0 offrir si vous choisissez <strong>kite resort sri lanka<\/strong> pour vous adonner au sport qui vous tient le plus \u00e0 c\u0153ur. Enti\u00e8rement \u00e9quip\u00e9 avec les marques les plus r\u00e9put\u00e9es de l\u2019industrie et g\u00e9r\u00e9 professionnellement, le De Silva Wind Resort est unique en son genre nich\u00e9 sur la c\u00f4te nord-ouest de l\u2019\u00eele. La c\u00f4te au large de la lagune isol\u00e9e mais pittoresque de Kalpitiya est en effet une exp\u00e9rience in\u00e9gal\u00e9e, pour les amateurs ardents de <strong>planche \u00e0 voile au Sri Lanka.<\/strong><\/p>\n<p>L\u2019excitation est non-stop et vous seriez litt\u00e9ralement balay\u00e9 de vos pieds, hors de l\u2019oc\u00e9an Indien et ramen\u00e9 avec l\u2019adr\u00e9naline \u00e0 des niveaux optimaux. Si vous choisissez d\u2019attirer vos proches dans l\u2019excitation, le meilleur endroit pour partager l\u2019exp\u00e9rience est de r\u00e9server dans le meilleur h\u00f4tel familial de kitesurf au Sri Lanka. C\u2019est aussi simple que de cliquer sur le site <a href=\"https:\/\/surfschool-srilanka.com\/\">Web https:\/\/surfschool-srilanka.com\/<\/a> et de r\u00e9server votre vol pour profiter et vous exciter avec le meilleur camp de kitesurf pour c\u00e9libataires aussi.<\/p>\n<p>Beaucoup de ceux qui sont venus ici pour s\u2019adonner \u00e0 ce sport ont tenu les eaux au large des c\u00f4tes de Kalpitiya comme le  <strong>Meilleur endroit de kitesurf pour les d\u00e9butants.<\/strong>  Les conseils d\u2019experts avec tous les param\u00e8tres de s\u00e9curit\u00e9 rencontr\u00e9s et l\u2019id\u00e9e originale d\u2019un champion de l\u2019\u00e9cole de cerf-volant du Sri Lanka est l\u2019endroit ultime pour apprendre ce sport passionnant. Le champion Upul De Silva a \u00e9t\u00e9 le titre national de planche \u00e0 voile du Sri Lanka pendant quatre ann\u00e9es cons\u00e9cutives. Vous pourriez apprendre d\u2019un expert et \u00eatre un expert un jour.<\/p>\n<p>Les options sont larges et vari\u00e9es o\u00f9 vous pouvez soit louer notre \u00e9quipement de classe mondiale, les acheter si vous pr\u00e9f\u00e9rez ou apporter votre parce que, notre d\u00e9sir principal est de vous voir profiter et exciter vous-m\u00eame et les autres avec vous.<\/p>\n<p>L\u2019un des sports \u00e0 la croissance la plus rapide au monde, mais avec seulement une poign\u00e9e de super c\u00f4tes pour tirer la v\u00e9ritable excitation, le Sri Lanka est b\u00e9ni avec les vents \u00e0 Kalpitiya. Le littoral pr\u00e9serv\u00e9 de cet endroit pittoresque offre tellement de choses que vous pourriez vous occuper et vous exciter. Si vous voulez aller trop loin avec une excitation optimale, le <strong>kitesurf au Sri Lanka <\/strong>serait votre destination id\u00e9ale lorsque vous embarquerez sur votre vol.<\/p>\n","protected":false},"excerpt":{"rendered":"<p>Depuis des temps imm\u00e9moriaux, de nombreux marins ont appel\u00e9 la nation insulaire du Sri Lanka, anciennement connue sous le nom de Ceylan, la plus proche de rien d\u2019autre que le paradis. Vous aussi, vous pourriez profiter de ce que cette \u00eele resplendissante a \u00e0 offrir si vous choisissez kite resort sri lanka pour vous adonner [&hellip;]<\/p>\n","protected":false},"author":6,"featured_media":8155,"parent":0,"menu_order":0,"comment_status":"closed","ping_status":"closed","template":"","meta":{"_et_pb_use_builder":"","_et_pb_old_content":"","_et_gb_content_width":"","footnotes":""},"class_list":["post-8521","page","type-page","status-publish","has-post-thumbnail","hentry"],"yoast_head":"<!-- This site is optimized with the Yoast SEO Premium plugin v27.5 (Yoast SEO v27.5) - https:\/\/yoast.com\/product\/yoast-seo-premium-wordpress\/ -->\n<title>Kitesurf Sri Lanka | De Silva Windresort Kalpitiya<\/title>\n<meta name=\"robots\" content=\"index, follow, max-snippet:-1, max-image-preview:large, max-video-preview:-1\" \/>\n<link rel=\"canonical\" href=\"https:\/\/surfschool-srilanka.com\/fr\/profitez-de-lexcitation-du-kitesurf-au-sri-lanka\/\" \/>\n<meta property=\"og:locale\" content=\"fr_FR\" \/>\n<meta property=\"og:type\" content=\"article\" \/>\n<meta property=\"og:title\" content=\"Profitez de l\u2019excitation du kitesurf au Sri Lanka\" \/>\n<meta property=\"og:description\" content=\"Depuis des temps imm\u00e9moriaux, de nombreux marins ont appel\u00e9 la nation insulaire du Sri Lanka, anciennement connue sous le nom de Ceylan, la plus proche de rien d\u2019autre que le paradis. Vous aussi, vous pourriez profiter de ce que cette \u00eele resplendissante a \u00e0 offrir si vous choisissez kite resort sri lanka pour vous adonner [&hellip;]\" \/>\n<meta property=\"og:url\" content=\"https:\/\/surfschool-srilanka.com\/fr\/profitez-de-lexcitation-du-kitesurf-au-sri-lanka\/\" \/>\n<meta property=\"og:site_name\" content=\"De Silva Windresort Kalpitiya\" \/>\n<meta property=\"article:publisher\" content=\"https:\/\/www.facebook.com\/windresort.kalpitiya\/\" \/>\n<meta property=\"article:modified_time\" content=\"2023-03-16T21:18:00+00:00\" \/>\n<meta property=\"og:image\" content=\"https:\/\/surfschool-srilanka.com\/wp-content\/uploads\/2021\/01\/kite-school-sri-lanka.jpg\" \/>\n\t<meta property=\"og:image:width\" content=\"1280\" \/>\n\t<meta property=\"og:image:height\" content=\"854\" \/>\n\t<meta property=\"og:image:type\" content=\"image\/jpeg\" \/>\n<meta name=\"twitter:card\" content=\"summary_large_image\" \/>\n<meta name=\"twitter:label1\" content=\"Dur\u00e9e de lecture estim\u00e9e\" \/>\n\t<meta name=\"twitter:data1\" content=\"2 minutes\" \/>\n<script type=\"application\/ld+json\" class=\"yoast-schema-graph\">{\"@context\":\"https:\\\/\\\/schema.org\",\"@graph\":[{\"@type\":\"WebPage\",\"@id\":\"https:\\\/\\\/surfschool-srilanka.com\\\/fr\\\/profitez-de-lexcitation-du-kitesurf-au-sri-lanka\\\/\",\"url\":\"https:\\\/\\\/surfschool-srilanka.com\\\/fr\\\/profitez-de-lexcitation-du-kitesurf-au-sri-lanka\\\/\",\"name\":\"Kitesurf Sri Lanka | De Silva Windresort Kalpitiya\",\"isPartOf\":{\"@id\":\"https:\\\/\\\/surfschool-srilanka.com\\\/fr\\\/#website\"},\"primaryImageOfPage\":{\"@id\":\"https:\\\/\\\/surfschool-srilanka.com\\\/fr\\\/profitez-de-lexcitation-du-kitesurf-au-sri-lanka\\\/#primaryimage\"},\"image\":{\"@id\":\"https:\\\/\\\/surfschool-srilanka.com\\\/fr\\\/profitez-de-lexcitation-du-kitesurf-au-sri-lanka\\\/#primaryimage\"},\"thumbnailUrl\":\"https:\\\/\\\/surfschool-srilanka.com\\\/wp-content\\\/uploads\\\/2021\\\/01\\\/kite-school-sri-lanka.jpg\",\"datePublished\":\"2023-03-16T21:17:58+00:00\",\"dateModified\":\"2023-03-16T21:18:00+00:00\",\"breadcrumb\":{\"@id\":\"https:\\\/\\\/surfschool-srilanka.com\\\/fr\\\/profitez-de-lexcitation-du-kitesurf-au-sri-lanka\\\/#breadcrumb\"},\"inLanguage\":\"fr-FR\",\"potentialAction\":[{\"@type\":\"ReadAction\",\"target\":[\"https:\\\/\\\/surfschool-srilanka.com\\\/fr\\\/profitez-de-lexcitation-du-kitesurf-au-sri-lanka\\\/\"]}]},{\"@type\":\"ImageObject\",\"inLanguage\":\"fr-FR\",\"@id\":\"https:\\\/\\\/surfschool-srilanka.com\\\/fr\\\/profitez-de-lexcitation-du-kitesurf-au-sri-lanka\\\/#primaryimage\",\"url\":\"https:\\\/\\\/surfschool-srilanka.com\\\/wp-content\\\/uploads\\\/2021\\\/01\\\/kite-school-sri-lanka.jpg\",\"contentUrl\":\"https:\\\/\\\/surfschool-srilanka.com\\\/wp-content\\\/uploads\\\/2021\\\/01\\\/kite-school-sri-lanka.jpg\",\"width\":1280,\"height\":854},{\"@type\":\"BreadcrumbList\",\"@id\":\"https:\\\/\\\/surfschool-srilanka.com\\\/fr\\\/profitez-de-lexcitation-du-kitesurf-au-sri-lanka\\\/#breadcrumb\",\"itemListElement\":[{\"@type\":\"ListItem\",\"position\":1,\"name\":\"Startseite\",\"item\":\"https:\\\/\\\/surfschool-srilanka.com\\\/fr\\\/ecole-de-kitesurf-au-sri-lanka\\\/\"},{\"@type\":\"ListItem\",\"position\":2,\"name\":\"Profitez de l\u2019excitation du kitesurf au Sri Lanka\"}]},{\"@type\":\"WebSite\",\"@id\":\"https:\\\/\\\/surfschool-srilanka.com\\\/fr\\\/#website\",\"url\":\"https:\\\/\\\/surfschool-srilanka.com\\\/fr\\\/\",\"name\":\"De Silva Windresort Kalpitiya\",\"description\":\"Kitesurfing, we\u00b4ll make you ride!\",\"publisher\":{\"@id\":\"https:\\\/\\\/surfschool-srilanka.com\\\/fr\\\/#organization\"},\"alternateName\":\"https:\\\/\\\/surfschool-srilanka.com\",\"potentialAction\":[{\"@type\":\"SearchAction\",\"target\":{\"@type\":\"EntryPoint\",\"urlTemplate\":\"https:\\\/\\\/surfschool-srilanka.com\\\/fr\\\/?s={search_term_string}\"},\"query-input\":{\"@type\":\"PropertyValueSpecification\",\"valueRequired\":true,\"valueName\":\"search_term_string\"}}],\"inLanguage\":\"fr-FR\"},{\"@type\":\"Organization\",\"@id\":\"https:\\\/\\\/surfschool-srilanka.com\\\/fr\\\/#organization\",\"name\":\"De Silva Wind Resort Kalpitiya (Pvt.) Ltd\",\"url\":\"https:\\\/\\\/surfschool-srilanka.com\\\/fr\\\/\",\"logo\":{\"@type\":\"ImageObject\",\"inLanguage\":\"fr-FR\",\"@id\":\"https:\\\/\\\/surfschool-srilanka.com\\\/fr\\\/#\\\/schema\\\/logo\\\/image\\\/\",\"url\":\"https:\\\/\\\/surfschool-srilanka.com\\\/wp-content\\\/uploads\\\/2020\\\/03\\\/logo-rechnungen.png\",\"contentUrl\":\"https:\\\/\\\/surfschool-srilanka.com\\\/wp-content\\\/uploads\\\/2020\\\/03\\\/logo-rechnungen.png\",\"width\":3216,\"height\":912,\"caption\":\"De Silva Wind Resort Kalpitiya (Pvt.) Ltd\"},\"image\":{\"@id\":\"https:\\\/\\\/surfschool-srilanka.com\\\/fr\\\/#\\\/schema\\\/logo\\\/image\\\/\"},\"sameAs\":[\"https:\\\/\\\/www.facebook.com\\\/windresort.kalpitiya\\\/\",\"https:\\\/\\\/www.instagram.com\\\/desilva.windresort\\\/\",\"https:\\\/\\\/www.youtube.com\\\/c\\\/KitesurfingSrilankaDESILVAWindresortKalpitiya\\\/videos\",\"https:\\\/\\\/www.tiktok.com\\\/@desilvawindresort\"]}]}<\/script>\n<!-- \/ Yoast SEO Premium plugin. -->","yoast_head_json":{"title":"Kitesurf Sri Lanka | De Silva Windresort Kalpitiya","robots":{"index":"index","follow":"follow","max-snippet":"max-snippet:-1","max-image-preview":"max-image-preview:large","max-video-preview":"max-video-preview:-1"},"canonical":"https:\/\/surfschool-srilanka.com\/fr\/profitez-de-lexcitation-du-kitesurf-au-sri-lanka\/","og_locale":"fr_FR","og_type":"article","og_title":"Profitez de l\u2019excitation du kitesurf au Sri Lanka","og_description":"Depuis des temps imm\u00e9moriaux, de nombreux marins ont appel\u00e9 la nation insulaire du Sri Lanka, anciennement connue sous le nom de Ceylan, la plus proche de rien d\u2019autre que le paradis. Vous aussi, vous pourriez profiter de ce que cette \u00eele resplendissante a \u00e0 offrir si vous choisissez kite resort sri lanka pour vous adonner [&hellip;]","og_url":"https:\/\/surfschool-srilanka.com\/fr\/profitez-de-lexcitation-du-kitesurf-au-sri-lanka\/","og_site_name":"De Silva Windresort Kalpitiya","article_publisher":"https:\/\/www.facebook.com\/windresort.kalpitiya\/","article_modified_time":"2023-03-16T21:18:00+00:00","og_image":[{"width":1280,"height":854,"url":"https:\/\/surfschool-srilanka.com\/wp-content\/uploads\/2021\/01\/kite-school-sri-lanka.jpg","type":"image\/jpeg"}],"twitter_card":"summary_large_image","twitter_misc":{"Dur\u00e9e de lecture estim\u00e9e":"2 minutes"},"schema":{"@context":"https:\/\/schema.org","@graph":[{"@type":"WebPage","@id":"https:\/\/surfschool-srilanka.com\/fr\/profitez-de-lexcitation-du-kitesurf-au-sri-lanka\/","url":"https:\/\/surfschool-srilanka.com\/fr\/profitez-de-lexcitation-du-kitesurf-au-sri-lanka\/","name":"Kitesurf Sri Lanka | De Silva Windresort Kalpitiya","isPartOf":{"@id":"https:\/\/surfschool-srilanka.com\/fr\/#website"},"primaryImageOfPage":{"@id":"https:\/\/surfschool-srilanka.com\/fr\/profitez-de-lexcitation-du-kitesurf-au-sri-lanka\/#primaryimage"},"image":{"@id":"https:\/\/surfschool-srilanka.com\/fr\/profitez-de-lexcitation-du-kitesurf-au-sri-lanka\/#primaryimage"},"thumbnailUrl":"https:\/\/surfschool-srilanka.com\/wp-content\/uploads\/2021\/01\/kite-school-sri-lanka.jpg","datePublished":"2023-03-16T21:17:58+00:00","dateModified":"2023-03-16T21:18:00+00:00","breadcrumb":{"@id":"https:\/\/surfschool-srilanka.com\/fr\/profitez-de-lexcitation-du-kitesurf-au-sri-lanka\/#breadcrumb"},"inLanguage":"fr-FR","potentialAction":[{"@type":"ReadAction","target":["https:\/\/surfschool-srilanka.com\/fr\/profitez-de-lexcitation-du-kitesurf-au-sri-lanka\/"]}]},{"@type":"ImageObject","inLanguage":"fr-FR","@id":"https:\/\/surfschool-srilanka.com\/fr\/profitez-de-lexcitation-du-kitesurf-au-sri-lanka\/#primaryimage","url":"https:\/\/surfschool-srilanka.com\/wp-content\/uploads\/2021\/01\/kite-school-sri-lanka.jpg","contentUrl":"https:\/\/surfschool-srilanka.com\/wp-content\/uploads\/2021\/01\/kite-school-sri-lanka.jpg","width":1280,"height":854},{"@type":"BreadcrumbList","@id":"https:\/\/surfschool-srilanka.com\/fr\/profitez-de-lexcitation-du-kitesurf-au-sri-lanka\/#breadcrumb","itemListElement":[{"@type":"ListItem","position":1,"name":"Startseite","item":"https:\/\/surfschool-srilanka.com\/fr\/ecole-de-kitesurf-au-sri-lanka\/"},{"@type":"ListItem","position":2,"name":"Profitez de l\u2019excitation du kitesurf au Sri Lanka"}]},{"@type":"WebSite","@id":"https:\/\/surfschool-srilanka.com\/fr\/#website","url":"https:\/\/surfschool-srilanka.com\/fr\/","name":"De Silva Windresort Kalpitiya","description":"Kitesurfing, we\u00b4ll make you ride!","publisher":{"@id":"https:\/\/surfschool-srilanka.com\/fr\/#organization"},"alternateName":"https:\/\/surfschool-srilanka.com","potentialAction":[{"@type":"SearchAction","target":{"@type":"EntryPoint","urlTemplate":"https:\/\/surfschool-srilanka.com\/fr\/?s={search_term_string}"},"query-input":{"@type":"PropertyValueSpecification","valueRequired":true,"valueName":"search_term_string"}}],"inLanguage":"fr-FR"},{"@type":"Organization","@id":"https:\/\/surfschool-srilanka.com\/fr\/#organization","name":"De Silva Wind Resort Kalpitiya (Pvt.) Ltd","url":"https:\/\/surfschool-srilanka.com\/fr\/","logo":{"@type":"ImageObject","inLanguage":"fr-FR","@id":"https:\/\/surfschool-srilanka.com\/fr\/#\/schema\/logo\/image\/","url":"https:\/\/surfschool-srilanka.com\/wp-content\/uploads\/2020\/03\/logo-rechnungen.png","contentUrl":"https:\/\/surfschool-srilanka.com\/wp-content\/uploads\/2020\/03\/logo-rechnungen.png","width":3216,"height":912,"caption":"De Silva Wind Resort Kalpitiya (Pvt.) Ltd"},"image":{"@id":"https:\/\/surfschool-srilanka.com\/fr\/#\/schema\/logo\/image\/"},"sameAs":["https:\/\/www.facebook.com\/windresort.kalpitiya\/","https:\/\/www.instagram.com\/desilva.windresort\/","https:\/\/www.youtube.com\/c\/KitesurfingSrilankaDESILVAWindresortKalpitiya\/videos","https:\/\/www.tiktok.com\/@desilvawindresort"]}]}},"_links":{"self":[{"href":"https:\/\/surfschool-srilanka.com\/fr\/wp-json\/wp\/v2\/pages\/8521","targetHints":{"allow":["GET"]}}],"collection":[{"href":"https:\/\/surfschool-srilanka.com\/fr\/wp-json\/wp\/v2\/pages"}],"about":[{"href":"https:\/\/surfschool-srilanka.com\/fr\/wp-json\/wp\/v2\/types\/page"}],"author":[{"embeddable":true,"href":"https:\/\/surfschool-srilanka.com\/fr\/wp-json\/wp\/v2\/users\/6"}],"replies":[{"embeddable":true,"href":"https:\/\/surfschool-srilanka.com\/fr\/wp-json\/wp\/v2\/comments?post=8521"}],"version-history":[{"count":1,"href":"https:\/\/surfschool-srilanka.com\/fr\/wp-json\/wp\/v2\/pages\/8521\/revisions"}],"predecessor-version":[{"id":8522,"href":"https:\/\/surfschool-srilanka.com\/fr\/wp-json\/wp\/v2\/pages\/8521\/revisions\/8522"}],"wp:featuredmedia":[{"embeddable":true,"href":"https:\/\/surfschool-srilanka.com\/fr\/wp-json\/wp\/v2\/media\/8155"}],"wp:attachment":[{"href":"https:\/\/surfschool-srilanka.com\/fr\/wp-json\/wp\/v2\/media?parent=8521"}],"curies":[{"name":"wp","href":"https:\/\/api.w.org\/{rel}","templated":true}]}}