{"id":8530,"date":"2023-03-16T22:19:11","date_gmt":"2023-03-16T21:19:11","guid":{"rendered":"https:\/\/surfschool-srilanka.com\/north-kitesurf\/description-du-cerf-volant-north-kiteboarding-orbit\/"},"modified":"2023-03-16T22:19:14","modified_gmt":"2023-03-16T21:19:14","slug":"description-du-cerf-volant-north-kiteboarding-orbit","status":"publish","type":"page","link":"https:\/\/surfschool-srilanka.com\/fr\/north-kitesurf\/description-du-cerf-volant-north-kiteboarding-orbit\/","title":{"rendered":"Description du cerf-volant North Kiteboarding Orbit"},"content":{"rendered":"<p>[et_pb_section fb_built=\u00a0\u00bb1&Prime; _builder_version=\u00a0\u00bb4.4.3&Prime; background_color=\u00a0\u00bb#e8e6de\u00a0\u00bb][et_pb_row column_structure=\u00a0\u00bb1_2,1_2&Prime; _builder_version=\u00a0\u00bb4.4.3&Prime;][et_pb_column type=\u00a0\u00bb1_2&Prime; _builder_version=\u00a0\u00bb4.4.3&Prime; background_color=\u00a0\u00bb#d6c7c2&Prime;][et_pb_text _builder_version=\u00a0\u00bb4.4.3&Prime; text_text_color=\u00a0\u00bb#000000&Prime; header_text_color=\u00a0\u00bb#000000&Prime; text_orientation=\u00a0\u00bbcenter\u00a0\u00bb min_height=\u00a0\u00bb50px\u00a0\u00bb custom_margin=\u00a0\u00bb30px||20px||false|false\u00a0\u00bb hover_enabled=\u00a0\u00bb0&Prime;]<\/p>\n<h1 style=\"text-align: center;\"><span style=\"color: #000000;\">Cerf-volant orbital<\/span><\/h1>\n<p style=\"text-align: center;\"><span>FREERIDE \/ BIG AIR<\/span><\/p>\n<p>[\/et_pb_text][et_pb_text _builder_version=\u00a0\u00bb4.4.3&Prime; text_text_color=\u00a0\u00bb#333333&Prime; custom_margin=\u00a0\u00bb|30px||30px|false|false\u00a0\u00bb hover_enabled=\u00a0\u00bb0&Prime;]Gros sauts. Gros temps de suspension. Grande gamme de vent. Con\u00e7u \u00e0 partir de z\u00e9ro, ce cerf-volant vous propulsera rapidement au vent, avec des capacit\u00e9s de renforcement anti-gravit\u00e9. Optimis\u00e9 pour toutes les conditions, l\u2019orbite nord est un cerf-volant pr\u00e9visible qui peut \u00eatre pilot\u00e9 dans l\u2019impr\u00e9visible. La pression de barre l\u00e9g\u00e8re permet une direction sans effort et pr\u00e9cise avec un point id\u00e9al massif. Un cadre rigide fournit une plate-forme stable pour aider avec les airs surpuissants et les m\u00e9galoops dans des conditions de rafales. Test\u00e9 par la nature et \u00e9prouv\u00e9 par nos athl\u00e8tes. Jesse Richman a fait confiance \u00e0 l\u2019Orbit pour remporter la couronne, \u00e0 Nick Jacobsen de remporter le meilleur score et \u00e0 Marc Jacobs de remporter le meilleur saut au Red Bull King of the Air 2020.[\/et_pb_text][et_pb_button button_url=\u00a0\u00bbhttps:\/\/www.northkb.com\/en\/180-warranty\u00a0\u00bb url_new_window=\u00a0\u00bbon\u00a0\u00bb button_text=\u00a0\u00bb+365 jours de garantie\u00a0\u00bb button_alignment=\u00a0\u00bbcenter\u00a0\u00bb _builder_version=\u00a0\u00bb4.4.3&Prime; button_text_color=\u00a0\u00bb#ffffff\u00a0\u00bb button_bg_color=\u00a0\u00bb#e6c302&Prime; custom_margin=\u00a0\u00bb||||false|false\u00a0\u00bb][\/et_pb_button][et_pb_text _builder_version=\u00a0\u00bb4.4.3&Prime; background_color=\u00a0\u00bb#e6c302&Prime; custom_margin=\u00a0\u00bb-4px||-16px|||\u00a0\u00bb custom_padding=\u00a0\u00bb|0px||||\u00a0\u00bb hover_enabled=\u00a0\u00bb0&Prime;]<\/p>\n<table cellspacing=\"0\" cellpadding=\"0\">\n<tbody>\n<tr>\n<td valign=\"top\">\n<h1 style=\"padding-bottom: 0px;\"><span style=\"color: #ffffff;\">  Style Guide Orbit<\/span><\/h1>\n<\/td>\n<\/tr>\n<tr>\n<td valign=\"top\"><span face=\"Helvetica\" size=\"2\" color=\"#000000\" style=\"color: #000000; font-family: Helvetica; font-size: small;\">FREERIDE &#8211; BIG AIR \/ WINDRANGE \/ HANGTIME<\/span><\/td>\n<td valign=\"top\">\n<p align=\"right\"><span color=\"#000000\" face=\"Helvetica\" size=\"2\" style=\"color: #000000; font-family: Helvetica; font-size: small;\">10<\/span><\/p>\n<\/td>\n<\/tr>\n<tr>\n<td valign=\"top\"><span face=\"Helvetica\" size=\"2\" color=\"#000000\" style=\"color: #000000; font-family: Helvetica; font-size: small;\">FREESTYLE\/WAKESTYLE &#8211; SLACK \/ POP<\/span><\/td>\n<td valign=\"top\">\n<p align=\"right\"><span color=\"#000000\" face=\"Helvetica\" style=\"color: #000000; font-family: Helvetica;\">8<\/span><\/p>\n<\/td>\n<\/tr>\n<tr>\n<td valign=\"top\"><span face=\"Helvetica\" size=\"2\" color=\"#000000\" style=\"color: #000000; font-family: Helvetica; font-size: small;\">SURF &#8211; DRIFT \/ TURNING \/ ON-OFF POWER<\/span><\/td>\n<td valign=\"top\">\n<p align=\"right\"><span color=\"#000000\" face=\"Helvetica\" size=\"2\" style=\"color: #000000; font-family: Helvetica; font-size: small;\">8<\/span><\/p>\n<\/td>\n<\/tr>\n<tr>\n<td valign=\"top\"><span face=\"Helvetica\" size=\"2\" color=\"#000000\" style=\"color: #000000; font-family: Helvetica; font-size: small;\">VITESSE DE VIRAGE &#8211; BOUCLE \/ VIRAGE RAPIDE<\/span><\/td>\n<td valign=\"top\">\n<p align=\"right\"><span face=\"Helvetica\" size=\"2\" color=\"#000000\" style=\"color: #000000; font-family: Helvetica; font-size: small;\">9<\/span><\/p>\n<\/td>\n<\/tr>\n<tr>\n<td valign=\"top\"><span face=\"Helvetica\" size=\"2\" color=\"#000000\" style=\"color: #000000; font-family: Helvetica; font-size: small;\">PROGRESSION &#8211; RELANCE FACILE \/ STABILIT\u00c9<\/span><\/td>\n<td valign=\"top\">\n<p align=\"right\"><span face=\"Helvetica\" size=\"2\" color=\"#000000\" style=\"color: #000000; font-family: Helvetica; font-size: small;\">10<\/span><\/p>\n<\/td>\n<\/tr>\n<tr>\n<td valign=\"top\"><span face=\"Helvetica\" size=\"2\" color=\"#000000\" style=\"color: #000000; font-family: Helvetica; font-size: small;\">FOIL &#8211; CAPACIT\u00c9 DE VOL LIGHTWIND<\/span><\/td>\n<td valign=\"top\">\n<p align=\"right\"><span face=\"Helvetica\" size=\"2\" color=\"#000000\" style=\"color: #000000; font-family: Helvetica; font-size: small;\">7<\/span><\/p>\n<\/td>\n<\/tr>\n<\/tbody>\n<\/table>\n<p>[\/et_pb_text][\/et_pb_column][et_pb_column type=\u00a0\u00bb1_2&Prime; _builder_version=\u00a0\u00bb4.4.3&Prime;][et_pb_video src=\u00a0\u00bbhttps:\/\/www.youtube.com\/watch?v=lbjoBz8RiDg\u00a0\u00bb _builder_version=\u00a0\u00bb4.4.3&Prime; hover_enabled=\u00a0\u00bb0&Prime;][\/et_pb_video][et_pb_blurb title=\u00a0\u00bbAscenseur ph\u00e9nom\u00e9nal et temps d\u2019accrochage\u00a0\u00bb use_icon=\u00a0\u00bbon\u00a0\u00bb font_icon=\u00a0\u00bb%%202%%\u00a0\u00bb icon_color=\u00a0\u00bb#00ad99&Prime; icon_placement=\u00a0\u00bbleft\u00a0\u00bb use_icon_font_size=\u00a0\u00bbon\u00a0\u00bb icon_font_size=\u00a0\u00bb26px\u00a0\u00bb _builder_version=\u00a0\u00bb4.4.1&Prime; header_font=\u00a0\u00bbLato||||||||\u00a0\u00bb header_font_size=\u00a0\u00bb14px\u00a0\u00bb header_line_height=\u00a0\u00bb1.4em\u00a0\u00bb custom_margin=\u00a0\u00bb7px||8px|||\u00a0\u00bb animation=\u00a0\u00bboff\u00a0\u00bb]<\/p>\n<p>Conception efficace au centre pour plus de portance et d\u2019\u00e9normes grands airs<\/p>\n<p>[\/et_pb_blurb][et_pb_blurb title=\u00a0\u00bbPerformances puissantes \u00e0 5 jambes de force\u00a0\u00bb use_icon=\u00a0\u00bbon\u00a0\u00bb font_icon=\u00a0\u00bb%%202%%\u00a0\u00bb icon_color=\u00a0\u00bb#00ad99&Prime; icon_placement=\u00a0\u00bbleft\u00a0\u00bb use_icon_font_size=\u00a0\u00bbon\u00a0\u00bb icon_font_size=\u00a0\u00bb26px\u00a0\u00bb _builder_version=\u00a0\u00bb4.4.1&Prime; header_font=\u00a0\u00bbLato||||||||\u00a0\u00bb header_font_size=\u00a0\u00bb14px\u00a0\u00bb header_line_height=\u00a0\u00bb1.4em\u00a0\u00bb custom_margin=\u00a0\u00bb7px||8px|||\u00a0\u00bb animation=\u00a0\u00bboff\u00a0\u00bb]<\/p>\n<p>Haute performance 5 jambes de force pour plus de stabilit\u00e9 dans toutes les conditions<\/p>\n<p>[\/et_pb_blurb][et_pb_blurb title=\u00a0\u00bbPerformances au vent incroyables\u00a0\u00bb use_icon=\u00a0\u00bbon\u00a0\u00bb font_icon=\u00a0\u00bb%%202%%\u00a0\u00bb icon_color=\u00a0\u00bb#00ad99&Prime; icon_placement=\u00a0\u00bbleft\u00a0\u00bb use_icon_font_size=\u00a0\u00bbon\u00a0\u00bb icon_font_size=\u00a0\u00bb26px\u00a0\u00bb _builder_version=\u00a0\u00bb4.4.1&Prime; header_font=\u00a0\u00bbLato||||||||\u00a0\u00bb header_font_size=\u00a0\u00bb14px\u00a0\u00bb header_line_height=\u00a0\u00bb1.4em\u00a0\u00bb custom_margin=\u00a0\u00bb7px||8px|||\u00a0\u00bb animation=\u00a0\u00bboff\u00a0\u00bb]<\/p>\n<p>La \u00ab conception \u00e0 faible tra\u00een\u00e9e \u00bb laisse le cerf-volant plus en avant dans la fen\u00eatre du vent<\/p>\n<p>[\/et_pb_blurb][et_pb_blurb title=\u00a0\u00bbConception de balayage \u00e0 haut aspect\u00a0\u00bb use_icon=\u00a0\u00bbon\u00a0\u00bb font_icon=\u00a0\u00bb%%202%%\u00a0\u00bb icon_color=\u00a0\u00bb#00ad99&Prime; icon_placement=\u00a0\u00bbleft\u00a0\u00bb use_icon_font_size=\u00a0\u00bbon\u00a0\u00bb icon_font_size=\u00a0\u00bb26px\u00a0\u00bb _builder_version=\u00a0\u00bb4.4.1&Prime; header_font=\u00a0\u00bbLato||||||||\u00a0\u00bb header_font_size=\u00a0\u00bb14px\u00a0\u00bb header_line_height=\u00a0\u00bb1.4em\u00a0\u00bb custom_margin=\u00a0\u00bb7px||8px|||\u00a0\u00bb animation=\u00a0\u00bboff\u00a0\u00bb]<\/p>\n<p>Mieux relancer gr\u00e2ce \u00e0 une zone centrale plus grande<\/p>\n<p>[\/et_pb_blurb][et_pb_blurb title=\u00a0\u00bbR\u00e9ponse contr\u00f4l\u00e9e\u00a0\u00bb use_icon=\u00a0\u00bbon\u00a0\u00bb font_icon=\u00a0\u00bb%%202%%\u00a0\u00bb icon_color=\u00a0\u00bb#00ad99&Prime; icon_placement=\u00a0\u00bbleft\u00a0\u00bb use_icon_font_size=\u00a0\u00bbon\u00a0\u00bb icon_font_size=\u00a0\u00bb26px\u00a0\u00bb _builder_version=\u00a0\u00bb4.4.1&Prime; header_font=\u00a0\u00bbLato||||||||\u00a0\u00bb header_font_size=\u00a0\u00bb14px\u00a0\u00bb header_line_height=\u00a0\u00bb1.4em\u00a0\u00bb custom_margin=\u00a0\u00bb7px||8px|||\u00a0\u00bb animation=\u00a0\u00bboff\u00a0\u00bb]<\/p>\n<p>Pression en barre l\u00e9g\u00e8re pour faciliter la direction du cerf-volant<\/p>\n<p>[\/et_pb_blurb][\/et_pb_column][\/et_pb_row][\/et_pb_section][et_pb_section fb_built=\u00a0\u00bb1&Prime; _builder_version=\u00a0\u00bb4.4.3&Prime; background_image=\u00a0\u00bbhttps:\/\/surfschool-srilanka.com\/wp-content\/uploads\/2020\/03\/24_Surfboards_Comp_Jalou_3000x1500.png\u00a0\u00bb parallax=\u00a0\u00bbon\u00a0\u00bb custom_padding=\u00a0\u00bb||||false|false\u00a0\u00bb global_module=\u00a0\u00bb3229&Prime; saved_tabs=\u00a0\u00bball\u00a0\u00bb][et_pb_row _builder_version=\u00a0\u00bb4.4.1&Prime;][et_pb_column type=\u00a0\u00bb4_4&Prime; _builder_version=\u00a0\u00bb4.4.1&Prime;][et_pb_text _builder_version=\u00a0\u00bb4.4.3&Prime; custom_padding=\u00a0\u00bb||||false|false\u00a0\u00bb header_text_shadow_style=\u00a0\u00bbpreset3&Prime;]<\/p>\n<h1 style=\"text-align: right;\"><span style=\"color: #ffffff;\">Vous \u00eates pr\u00eat \u00e0 acheter votre nouvel \u00e9quipement North Kiteboarding ?<br \/><\/span><span style=\"color: #ffffff;\">Pourquoi pas ici au Sri Lanka ?<\/span><\/h1>\n<p>[\/et_pb_text][\/et_pb_column][\/et_pb_row][et_pb_row column_structure=\u00a0\u00bb1_3,1_3,1_3&Prime; _builder_version=\u00a0\u00bb4.4.1&Prime; custom_padding=\u00a0\u00bb23px|||||\u00a0\u00bb][et_pb_column type=\u00a0\u00bb1_3&Prime; _builder_version=\u00a0\u00bb4.4.1&Prime;][\/et_pb_column][et_pb_column type=\u00a0\u00bb1_3&Prime; _builder_version=\u00a0\u00bb4.4.1&Prime;][et_pb_button button_text=\u00a0\u00bbObtenez un bon d\u2019achat de -15% pour un produit Surfshop\u00a0\u00bb _builder_version=\u00a0\u00bb4.4.3&Prime; button_text_color=\u00a0\u00bb#000000&Prime; button_bg_color=\u00a0\u00bb#e8e6de\u00a0\u00bb background_layout=\u00a0\u00bblight\u00a0\u00bb custom_margin=\u00a0\u00bb||||false|false\u00a0\u00bb][\/et_pb_button][et_pb_text _builder_version=\u00a0\u00bb4.4.3&Prime; text_font_size=\u00a0\u00bb16px\u00a0\u00bb text_orientation=\u00a0\u00bbjustified\u00a0\u00bb background_layout=\u00a0\u00bbdark\u00a0\u00bb custom_margin=\u00a0\u00bb||||false|false\u00a0\u00bb text_text_shadow_style=\u00a0\u00bbpreset3&Prime;]<\/p>\n<p>Profitez du bon suppl\u00e9mentaire de 15% pour un produit de votre choix dans notre boutique de surf en r\u00e9servant votre chambre directement en ligne avec nous et obtenez un autre -5% de r\u00e9duction sur le prix de base de la chambre.<\/p>\n<p>[\/et_pb_text][et_pb_button button_text=\u00a0\u00bbR\u00e9servez votre chambre en ligne et obtenez -5% sur le prix de base de la chambre\u00a0\u00bb _builder_version=\u00a0\u00bb4.4.3&Prime; button_text_color=\u00a0\u00bb#ffffff\u00a0\u00bb button_bg_color=\u00a0\u00bb#666666&Prime; custom_margin=\u00a0\u00bb||||false|false\u00a0\u00bb][\/et_pb_button][\/et_pb_column][et_pb_column type=\u00a0\u00bb1_3&Prime; _builder_version=\u00a0\u00bb4.4.1&Prime;][et_pb_button button_text=\u00a0\u00bbAchetez votre nouveau cerf-volant et r\u00e9cup\u00e9rez les frais de location\u00a0\u00bb _builder_version=\u00a0\u00bb4.4.3&Prime; button_text_color=\u00a0\u00bb#ffffff\u00a0\u00bb custom_margin=\u00a0\u00bb||||false|false\u00a0\u00bb][\/et_pb_button][et_pb_text _builder_version=\u00a0\u00bb4.4.3&Prime; text_font_size=\u00a0\u00bb16px\u00a0\u00bb text_orientation=\u00a0\u00bbjustified\u00a0\u00bb background_layout=\u00a0\u00bbdark\u00a0\u00bb custom_margin=\u00a0\u00bb||||false|false\u00a0\u00bb text_text_shadow_style=\u00a0\u00bbpreset3&Prime;]<\/p>\n<h3 style=\"text-align: left;\"><strong>L\u2019agonie du choix &#8211; pour faciliter votre d\u00e9cision, nous vous offrons ce qui suit:<\/strong><\/h3>\n<p>Pendant votre s\u00e9jour, vous r\u00e9servez votre location de cerf-volant normale. Ici, vous avez la possibilit\u00e9 d\u2019essayer tous les cerfs-volants du Nord. Si vous avez trouv\u00e9 votre nouveau cerf-volant, vous pouvez prendre l\u2019Orbit, le Pulse, le Reach ou le Carve avec bar \u00e0 la maison, et le meilleur de tous, nous d\u00e9duirons les frais de location (max. 10 jours kite &amp; bar d\u2019une valeur de 245 \u20ac) de votre nouveau cerf-volant!<\/p>\n<p>[\/et_pb_text][et_pb_button button_url=\u00a0\u00bbhttps:\/\/www.northkb.com\/en\/180-warranty\u00a0\u00bb url_new_window=\u00a0\u00bbon\u00a0\u00bb button_text=\u00a0\u00bb+365 jours de garantie\u00a0\u00bb button_alignment=\u00a0\u00bbleft\u00a0\u00bb _builder_version=\u00a0\u00bb4.4.3&Prime; button_text_color=\u00a0\u00bb#ffffff\u00a0\u00bb button_bg_color=\u00a0\u00bb#e6c302&Prime; custom_margin=\u00a0\u00bb||||false|false\u00a0\u00bb][\/et_pb_button][et_pb_text _builder_version=\u00a0\u00bb4.4.3&Prime; text_font_size=\u00a0\u00bb16px\u00a0\u00bb text_orientation=\u00a0\u00bbjustified\u00a0\u00bb background_layout=\u00a0\u00bbdark\u00a0\u00bb custom_margin=\u00a0\u00bb||||false|false\u00a0\u00bb custom_padding=\u00a0\u00bb||||false|false\u00a0\u00bb text_text_shadow_style=\u00a0\u00bbpreset3&Prime;]<\/p>\n<p><span>Cette garantie couvre les nouveaux produits North achet\u00e9s UNIQUEMENT aupr\u00e8s d\u2019un centre de kitesurf Nord, d\u2019un d\u00e9taillant ou d\u2019un distributeur autoris\u00e9 ou sur le site Web de North Kiteboard.  <\/span><\/p>\n<p>[\/et_pb_text][\/et_pb_column][\/et_pb_row][\/et_pb_section]<\/p>\n","protected":false},"excerpt":{"rendered":"<p>Cerf-volant orbital FREERIDE \/ BIG AIRGros sauts. Gros temps de suspension. Grande gamme de vent. Con\u00e7u \u00e0 partir de z\u00e9ro, ce cerf-volant vous propulsera rapidement au vent, avec des capacit\u00e9s de renforcement anti-gravit\u00e9. Optimis\u00e9 pour toutes les conditions, l\u2019orbite nord est un cerf-volant pr\u00e9visible qui peut \u00eatre pilot\u00e9 dans l\u2019impr\u00e9visible. La pression de barre l\u00e9g\u00e8re [&hellip;]<\/p>\n","protected":false},"author":3,"featured_media":0,"parent":8515,"menu_order":0,"comment_status":"closed","ping_status":"closed","template":"","meta":{"_et_pb_use_builder":"on","_et_pb_old_content":"","_et_gb_content_width":"","footnotes":""},"class_list":["post-8530","page","type-page","status-publish","hentry"],"yoast_head":"<!-- This site is optimized with the Yoast SEO Premium plugin v27.0 (Yoast SEO v27.0) - https:\/\/yoast.com\/product\/yoast-seo-premium-wordpress\/ -->\n<title>Description du cerf-volant North Kiteboarding Orbit | De Silva Windresort Kalpitiya<\/title>\n<meta name=\"robots\" content=\"index, follow, max-snippet:-1, max-image-preview:large, max-video-preview:-1\" \/>\n<link rel=\"canonical\" href=\"https:\/\/surfschool-srilanka.com\/fr\/north-kitesurf\/description-du-cerf-volant-north-kiteboarding-orbit\/\" \/>\n<meta property=\"og:locale\" content=\"fr_FR\" \/>\n<meta property=\"og:type\" content=\"article\" \/>\n<meta property=\"og:title\" content=\"Description du cerf-volant North Kiteboarding Orbit\" \/>\n<meta property=\"og:description\" content=\"Cerf-volant orbital FREERIDE \/ BIG AIRGros sauts. Gros temps de suspension. Grande gamme de vent. Con\u00e7u \u00e0 partir de z\u00e9ro, ce cerf-volant vous propulsera rapidement au vent, avec des capacit\u00e9s de renforcement anti-gravit\u00e9. Optimis\u00e9 pour toutes les conditions, l\u2019orbite nord est un cerf-volant pr\u00e9visible qui peut \u00eatre pilot\u00e9 dans l\u2019impr\u00e9visible. La pression de barre l\u00e9g\u00e8re [&hellip;]\" \/>\n<meta property=\"og:url\" content=\"https:\/\/surfschool-srilanka.com\/fr\/north-kitesurf\/description-du-cerf-volant-north-kiteboarding-orbit\/\" \/>\n<meta property=\"og:site_name\" content=\"De Silva Windresort Kalpitiya\" \/>\n<meta property=\"article:publisher\" content=\"https:\/\/www.facebook.com\/windresort.kalpitiya\/\" \/>\n<meta property=\"article:modified_time\" content=\"2023-03-16T21:19:14+00:00\" \/>\n<meta property=\"og:image\" content=\"https:\/\/surfschool-srilanka.com\/wp-content\/uploads\/2024\/11\/DeSilva_LogoNeu_Black.png\" \/>\n\t<meta property=\"og:image:width\" content=\"1072\" \/>\n\t<meta property=\"og:image:height\" content=\"992\" \/>\n\t<meta property=\"og:image:type\" content=\"image\/png\" \/>\n<meta name=\"twitter:card\" content=\"summary_large_image\" \/>\n<meta name=\"twitter:label1\" content=\"Dur\u00e9e de lecture estim\u00e9e\" \/>\n\t<meta name=\"twitter:data1\" content=\"6 minutes\" \/>\n<script type=\"application\/ld+json\" class=\"yoast-schema-graph\">{\"@context\":\"https:\/\/schema.org\",\"@graph\":[{\"@type\":\"WebPage\",\"@id\":\"https:\/\/surfschool-srilanka.com\/fr\/north-kitesurf\/description-du-cerf-volant-north-kiteboarding-orbit\/\",\"url\":\"https:\/\/surfschool-srilanka.com\/fr\/north-kitesurf\/description-du-cerf-volant-north-kiteboarding-orbit\/\",\"name\":\"Description du cerf-volant North Kiteboarding Orbit | De Silva Windresort Kalpitiya\",\"isPartOf\":{\"@id\":\"https:\/\/surfschool-srilanka.com\/fr\/#website\"},\"datePublished\":\"2023-03-16T21:19:11+00:00\",\"dateModified\":\"2023-03-16T21:19:14+00:00\",\"breadcrumb\":{\"@id\":\"https:\/\/surfschool-srilanka.com\/fr\/north-kitesurf\/description-du-cerf-volant-north-kiteboarding-orbit\/#breadcrumb\"},\"inLanguage\":\"fr-FR\",\"potentialAction\":[{\"@type\":\"ReadAction\",\"target\":[\"https:\/\/surfschool-srilanka.com\/fr\/north-kitesurf\/description-du-cerf-volant-north-kiteboarding-orbit\/\"]}]},{\"@type\":\"BreadcrumbList\",\"@id\":\"https:\/\/surfschool-srilanka.com\/fr\/north-kitesurf\/description-du-cerf-volant-north-kiteboarding-orbit\/#breadcrumb\",\"itemListElement\":[{\"@type\":\"ListItem\",\"position\":1,\"name\":\"Startseite\",\"item\":\"https:\/\/surfschool-srilanka.com\/fr\/ecole-de-kitesurf-au-sri-lanka\/\"},{\"@type\":\"ListItem\",\"position\":2,\"name\":\"North Kitesurf\",\"item\":\"https:\/\/surfschool-srilanka.com\/fr\/north-kitesurf\/\"},{\"@type\":\"ListItem\",\"position\":3,\"name\":\"Description du cerf-volant North Kiteboarding Orbit\"}]},{\"@type\":\"WebSite\",\"@id\":\"https:\/\/surfschool-srilanka.com\/fr\/#website\",\"url\":\"https:\/\/surfschool-srilanka.com\/fr\/\",\"name\":\"De Silva Windresort Kalpitiya\",\"description\":\"Kitesurfing, we\u00b4ll make you ride!\",\"publisher\":{\"@id\":\"https:\/\/surfschool-srilanka.com\/fr\/#organization\"},\"alternateName\":\"https:\/\/surfschool-srilanka.com\",\"potentialAction\":[{\"@type\":\"SearchAction\",\"target\":{\"@type\":\"EntryPoint\",\"urlTemplate\":\"https:\/\/surfschool-srilanka.com\/fr\/?s={search_term_string}\"},\"query-input\":{\"@type\":\"PropertyValueSpecification\",\"valueRequired\":true,\"valueName\":\"search_term_string\"}}],\"inLanguage\":\"fr-FR\"},{\"@type\":\"Organization\",\"@id\":\"https:\/\/surfschool-srilanka.com\/fr\/#organization\",\"name\":\"De Silva Wind Resort Kalpitiya (Pvt.) Ltd\",\"url\":\"https:\/\/surfschool-srilanka.com\/fr\/\",\"logo\":{\"@type\":\"ImageObject\",\"inLanguage\":\"fr-FR\",\"@id\":\"https:\/\/surfschool-srilanka.com\/fr\/#\/schema\/logo\/image\/\",\"url\":\"https:\/\/surfschool-srilanka.com\/wp-content\/uploads\/2020\/03\/logo-rechnungen.png\",\"contentUrl\":\"https:\/\/surfschool-srilanka.com\/wp-content\/uploads\/2020\/03\/logo-rechnungen.png\",\"width\":3216,\"height\":912,\"caption\":\"De Silva Wind Resort Kalpitiya (Pvt.) Ltd\"},\"image\":{\"@id\":\"https:\/\/surfschool-srilanka.com\/fr\/#\/schema\/logo\/image\/\"},\"sameAs\":[\"https:\/\/www.facebook.com\/windresort.kalpitiya\/\",\"https:\/\/www.instagram.com\/desilva.windresort\/\",\"https:\/\/www.youtube.com\/c\/KitesurfingSrilankaDESILVAWindresortKalpitiya\/videos\",\"https:\/\/www.tiktok.com\/@desilvawindresort\"]}]}<\/script>\n<!-- \/ Yoast SEO Premium plugin. -->","yoast_head_json":{"title":"Description du cerf-volant North Kiteboarding Orbit | De Silva Windresort Kalpitiya","robots":{"index":"index","follow":"follow","max-snippet":"max-snippet:-1","max-image-preview":"max-image-preview:large","max-video-preview":"max-video-preview:-1"},"canonical":"https:\/\/surfschool-srilanka.com\/fr\/north-kitesurf\/description-du-cerf-volant-north-kiteboarding-orbit\/","og_locale":"fr_FR","og_type":"article","og_title":"Description du cerf-volant North Kiteboarding Orbit","og_description":"Cerf-volant orbital FREERIDE \/ BIG AIRGros sauts. Gros temps de suspension. Grande gamme de vent. Con\u00e7u \u00e0 partir de z\u00e9ro, ce cerf-volant vous propulsera rapidement au vent, avec des capacit\u00e9s de renforcement anti-gravit\u00e9. Optimis\u00e9 pour toutes les conditions, l\u2019orbite nord est un cerf-volant pr\u00e9visible qui peut \u00eatre pilot\u00e9 dans l\u2019impr\u00e9visible. La pression de barre l\u00e9g\u00e8re [&hellip;]","og_url":"https:\/\/surfschool-srilanka.com\/fr\/north-kitesurf\/description-du-cerf-volant-north-kiteboarding-orbit\/","og_site_name":"De Silva Windresort Kalpitiya","article_publisher":"https:\/\/www.facebook.com\/windresort.kalpitiya\/","article_modified_time":"2023-03-16T21:19:14+00:00","og_image":[{"width":1072,"height":992,"url":"https:\/\/surfschool-srilanka.com\/wp-content\/uploads\/2024\/11\/DeSilva_LogoNeu_Black.png","type":"image\/png"}],"twitter_card":"summary_large_image","twitter_misc":{"Dur\u00e9e de lecture estim\u00e9e":"6 minutes"},"schema":{"@context":"https:\/\/schema.org","@graph":[{"@type":"WebPage","@id":"https:\/\/surfschool-srilanka.com\/fr\/north-kitesurf\/description-du-cerf-volant-north-kiteboarding-orbit\/","url":"https:\/\/surfschool-srilanka.com\/fr\/north-kitesurf\/description-du-cerf-volant-north-kiteboarding-orbit\/","name":"Description du cerf-volant North Kiteboarding Orbit | De Silva Windresort Kalpitiya","isPartOf":{"@id":"https:\/\/surfschool-srilanka.com\/fr\/#website"},"datePublished":"2023-03-16T21:19:11+00:00","dateModified":"2023-03-16T21:19:14+00:00","breadcrumb":{"@id":"https:\/\/surfschool-srilanka.com\/fr\/north-kitesurf\/description-du-cerf-volant-north-kiteboarding-orbit\/#breadcrumb"},"inLanguage":"fr-FR","potentialAction":[{"@type":"ReadAction","target":["https:\/\/surfschool-srilanka.com\/fr\/north-kitesurf\/description-du-cerf-volant-north-kiteboarding-orbit\/"]}]},{"@type":"BreadcrumbList","@id":"https:\/\/surfschool-srilanka.com\/fr\/north-kitesurf\/description-du-cerf-volant-north-kiteboarding-orbit\/#breadcrumb","itemListElement":[{"@type":"ListItem","position":1,"name":"Startseite","item":"https:\/\/surfschool-srilanka.com\/fr\/ecole-de-kitesurf-au-sri-lanka\/"},{"@type":"ListItem","position":2,"name":"North Kitesurf","item":"https:\/\/surfschool-srilanka.com\/fr\/north-kitesurf\/"},{"@type":"ListItem","position":3,"name":"Description du cerf-volant North Kiteboarding Orbit"}]},{"@type":"WebSite","@id":"https:\/\/surfschool-srilanka.com\/fr\/#website","url":"https:\/\/surfschool-srilanka.com\/fr\/","name":"De Silva Windresort Kalpitiya","description":"Kitesurfing, we\u00b4ll make you ride!","publisher":{"@id":"https:\/\/surfschool-srilanka.com\/fr\/#organization"},"alternateName":"https:\/\/surfschool-srilanka.com","potentialAction":[{"@type":"SearchAction","target":{"@type":"EntryPoint","urlTemplate":"https:\/\/surfschool-srilanka.com\/fr\/?s={search_term_string}"},"query-input":{"@type":"PropertyValueSpecification","valueRequired":true,"valueName":"search_term_string"}}],"inLanguage":"fr-FR"},{"@type":"Organization","@id":"https:\/\/surfschool-srilanka.com\/fr\/#organization","name":"De Silva Wind Resort Kalpitiya (Pvt.) Ltd","url":"https:\/\/surfschool-srilanka.com\/fr\/","logo":{"@type":"ImageObject","inLanguage":"fr-FR","@id":"https:\/\/surfschool-srilanka.com\/fr\/#\/schema\/logo\/image\/","url":"https:\/\/surfschool-srilanka.com\/wp-content\/uploads\/2020\/03\/logo-rechnungen.png","contentUrl":"https:\/\/surfschool-srilanka.com\/wp-content\/uploads\/2020\/03\/logo-rechnungen.png","width":3216,"height":912,"caption":"De Silva Wind Resort Kalpitiya (Pvt.) Ltd"},"image":{"@id":"https:\/\/surfschool-srilanka.com\/fr\/#\/schema\/logo\/image\/"},"sameAs":["https:\/\/www.facebook.com\/windresort.kalpitiya\/","https:\/\/www.instagram.com\/desilva.windresort\/","https:\/\/www.youtube.com\/c\/KitesurfingSrilankaDESILVAWindresortKalpitiya\/videos","https:\/\/www.tiktok.com\/@desilvawindresort"]}]}},"_links":{"self":[{"href":"https:\/\/surfschool-srilanka.com\/fr\/wp-json\/wp\/v2\/pages\/8530","targetHints":{"allow":["GET"]}}],"collection":[{"href":"https:\/\/surfschool-srilanka.com\/fr\/wp-json\/wp\/v2\/pages"}],"about":[{"href":"https:\/\/surfschool-srilanka.com\/fr\/wp-json\/wp\/v2\/types\/page"}],"author":[{"embeddable":true,"href":"https:\/\/surfschool-srilanka.com\/fr\/wp-json\/wp\/v2\/users\/3"}],"replies":[{"embeddable":true,"href":"https:\/\/surfschool-srilanka.com\/fr\/wp-json\/wp\/v2\/comments?post=8530"}],"version-history":[{"count":5,"href":"https:\/\/surfschool-srilanka.com\/fr\/wp-json\/wp\/v2\/pages\/8530\/revisions"}],"predecessor-version":[{"id":8535,"href":"https:\/\/surfschool-srilanka.com\/fr\/wp-json\/wp\/v2\/pages\/8530\/revisions\/8535"}],"up":[{"embeddable":true,"href":"https:\/\/surfschool-srilanka.com\/fr\/wp-json\/wp\/v2\/pages\/8515"}],"wp:attachment":[{"href":"https:\/\/surfschool-srilanka.com\/fr\/wp-json\/wp\/v2\/media?parent=8530"}],"curies":[{"name":"wp","href":"https:\/\/api.w.org\/{rel}","templated":true}]}}